{"id":3720,"date":"2024-09-20T10:08:04","date_gmt":"2024-09-20T09:08:04","guid":{"rendered":"https:\/\/blogsaverroes.juntadeandalucia.es\/ceipjoaquinvisiedo\/?page_id=3720"},"modified":"2024-10-07T09:49:36","modified_gmt":"2024-10-07T08:49:36","slug":"legislacion-vigente","status":"publish","type":"page","link":"https:\/\/blogsaverroes.juntadeandalucia.es\/ceipjoaquinvisiedo\/legislacion-vigente\/","title":{"rendered":"LEGISLACI\u00d3N VIGENTE."},"content":{"rendered":"<p><a href=\"https:\/\/drive.google.com\/file\/d\/1ATdKU9nzlUl2F4hs6FkXG_iBy1rX8Pl8\/view?usp=sharing\">LOMLOE<\/a><\/p>\n<p style=\"text-align: justify\"><a href=\"https:\/\/drive.google.com\/file\/d\/1ATdKU9nzlUl2F4hs6FkXG_iBy1rX8Pl8\/view?usp=sharing\">REAL DECRETO 157\/2022 PRIMARIA.<\/a><\/p>\n<p style=\"text-align: justify\"><a href=\"https:\/\/drive.google.com\/file\/d\/1ARKpu-2XY8HuHVIJ_DvYKxN0uH51FgMF\/view?usp=sharing\">REAL DECRETO 95\/2022 INFANTIL.<\/a><\/p>\n<p style=\"text-align: justify\"><a href=\"https:\/\/drive.google.com\/file\/d\/1Rk5hbHjln336Odw2Cvlq7IfecNlirMYB\/view\">Decreto 101\/2023, de 9 de mayo, por el que se establece la ordenaci\u00f3n y el curr\u00edculo de la etapa de Educaci\u00f3n Primaria en la Comunidad Aut\u00f3noma de Andaluc\u00eda.<\/a><\/p>\n<p style=\"text-align: justify\"><a href=\"https:\/\/drive.google.com\/file\/d\/13fDdhyzlNR1i_t4R76WpB8LVDWbFj_PT\/view\">Decreto 100\/2023, de 9 de mayo, por el que se establece la ordenaci\u00f3n y el curr\u00edculo de la etapa de Educaci\u00f3n Infantil en la Comunidad Aut\u00f3noma de Andaluc\u00eda.<\/a><\/p>\n<p style=\"text-align: justify\"><a href=\"https:\/\/drive.google.com\/file\/d\/1YfZuTh9CZs2VE1GbOwUsVVXBlHETUdaR\/view\">Orden de 30 de mayo de 2023, por la que se desarrolla el curr\u00edculo correspondiente a la etapa de Educaci\u00f3n Primaria en la Comunidad Aut\u00f3noma de Andaluc\u00eda, se regulan determinados aspectos de la atenci\u00f3n a la diversidad y a las diferencias individuales, se establece la ordenaci\u00f3n de la evaluaci\u00f3n del proceso de aprendizaje del alumnado y se determina el proceso de tr\u00e1nsito entre las diferentes etapas educativas.<\/a><\/p>\n<p style=\"text-align: justify\"><a href=\"https:\/\/drive.google.com\/file\/d\/17KE0J_frAOeJ9ZSbwqQw_k6v56ZOL2et\/view\">Orden de 30 de mayo de 2023, por la que se desarrolla el curr\u00edculo correspondiente a la etapa de Educaci\u00f3n Infantil en la Comunidad Aut\u00f3noma de Andaluc\u00eda, se regulan determinados aspectos de la atenci\u00f3n a la diversidad y a las diferencias individuales, se establece la ordenaci\u00f3n de la evaluaci\u00f3n del proceso de aprendizaje del alumnado y se determinan los procesos de tr\u00e1nsito entre ciclos y con Educaci\u00f3n Primaria.<\/a><\/p>\n<p><a href=\"https:\/\/drive.google.com\/file\/d\/122683uyyl2rG4ViXcK7CHZsw9QfrRPZI\/view\">ORDEN de 3 de septiembre de 2010, por la que se establece el horario de dedicaci\u00f3n del profesorado responsable de la coordinaci\u00f3n de los planes y programas estrat\u00e9gicos que desarrolla la Consejer\u00eda competente en materia de educaci\u00f3n.<\/a><\/p>\n<p><a href=\"https:\/\/drive.google.com\/file\/d\/1tsAi0ReD7nbIizcoJsvIOuBoqIwErRq9\/view\">ORDEN de 28 de junio de 2011, por la que se regula la ense\u00f1anza biling\u00fce en los centros docentes de la Comunidad Aut\u00f3noma de Andaluc\u00eda.<\/a><\/p>\n<p><a href=\"https:\/\/drive.google.com\/file\/d\/13Y6pT03p3c0vq6Xd9ykKzN5lUY5yVsCU\/view\">INSTRUCCIONES DE 28 DE NOVIEMBRE DE 2023, DE LA DIRECCI\u00d3N GENERAL DE TECNOLOG\u00cdAS AVANZADAS Y TRANSFORMACI\u00d3N EDUCATIVA, SOBRE LA ORGANIZACI\u00d3N Y FUNCIONAMIENTO DE LA ENSE\u00d1ANZA BILING\u00dcE EN LOS CENTROS ANDALUCES.<\/a><\/p>\n<p style=\"text-align: justify\"><a href=\"https:\/\/drive.google.com\/file\/d\/1Rb-OSqaNff4ZKProzkQ_Vm-WARsSSpGR\/view\">Decreto n\u00fam. 328\/2010 de Consejer\u00eda de Educaci\u00f3n, de 13 julio. Aprueba el Reglamento Org\u00e1nico de las escuelas infantiles de segundo ciclo, de los colegios de educaci\u00f3n primaria, de los colegios de educaci\u00f3n infantil y primaria, y de los centros p\u00fablicos espec\u00edficos de educaci\u00f3n especial.<\/a><\/p>\n<p><a href=\"https:\/\/drive.google.com\/file\/d\/13jsgpNpNEGuZkDxUz0IHgbFk3RUQh90a\/view\">ORDEN de 20 de agosto de 2010, por la que se regula la organizaci\u00f3n y el funcionamiento de los institutos de educaci\u00f3n secundaria, as\u00ed como el horario de los centros, del alumnado y de profesorado.<\/a><\/p>\n<p style=\"text-align: justify\"><a href=\"https:\/\/drive.google.com\/file\/d\/1A6aJTHI7-WWSyDkHCcP_NSrkL5aFvy00\/view\">Orden de 29 de marzo de 2021, por la que se establecen los marcos de la Competencia Digital en el sistema educativo no universitario de la Comunidad Aut\u00f3noma de Andaluc\u00eda.<\/a><\/p>\n<p style=\"text-align: justify\"><a href=\"https:\/\/drive.google.com\/file\/d\/1fcQaBfCuumza2pFBuWDFtcoX-UqffHIj\/view\">RESOLUCI\u00d3N DE 11 DE SEPTIEMBRE DE 2024, DE LA DIRECCI\u00d3N GENERAL DE INNOVACI\u00d3N Y FORMACI\u00d3N DEL PROFESORADO, SOBRE MEDIDAS PARA EL IMPULSO DE LA COMPETENCIA DIGITAL EN LOS CENTROS DOCENTES SOSTENIDOS CON FONDOS P\u00daBLICOS EN EL MARCO DEL PROGRAMA DE COOPERACI\u00d3N TERRITORIAL #CompDigEdu PAR EL CURSO ESCOLAR 2024-2025.<\/a><\/p>\n<p style=\"text-align: justify\"><a href=\"https:\/\/drive.google.com\/file\/d\/1H12YZ-GKBygrEDAk3YX1W1h0YPIOgkf_\/view\">El proceso de Transformaci\u00f3n Digital Educativa (TDE) en nuestros Centros y el desarrollo de la Competencia Digital Docente siguen en vigor y se siguen rigiendo por la Resoluci\u00f3n de 20 de septiembre de 2022, de la Direcci\u00f3n General de Tecnolog\u00edas Avanzadas y Transformaci\u00f3n Educativa, sobre medidas para el impulso de la competencia digital en los Centros Docentes sostenidos con fondos p\u00fablicos en el marco del programa de Cooperaci\u00f3n Territorial #CompDigEdu.<\/a><\/p>\n<p style=\"text-align: justify\"><a href=\"https:\/\/drive.google.com\/file\/d\/1zB5TegLKukVMu7sEhtWSc6GwPyMeWDvJ\/view\">INSTRUCCI\u00d3N 3\/2019, DE LA DIRECCI\u00d3N GENERAL DE RECURSOS HUMANOS Y FUNCI\u00d3N P\u00daBLICA, EN MATERIA DE JORNADA LABORAL, VACACIONES Y PERMISOS EN EL \u00c1MBITO DE LA ADMINISTRACI\u00d3N GENERAL DE LA JUNTA DE ANDALUC\u00cdA, DE SUS INSTITUCIONES, AGENCIAS ADMINISTRATIVAS Y AGENCIAS DE R\u00c9GIMEN ESPECIAL.<\/a><\/p>\n<p style=\"text-align: justify\"><a href=\"https:\/\/drive.google.com\/file\/d\/1biAAxy8t58xMVAxjgX3QLmEvudlKSFTI\/view\">INSTRUCCI\u00d3N 1\/2024 DE LA DIRECCI\u00d3N GENERAL DE RECURSOS HUMANOS Y FUNCI\u00d3N P\u00daBLICA, POR LA QUE SE MODIFICAN LOS APARTADOS 6.1, 6.3, 8.1, 8.3, 8.4, 8.5, 8.6, 8.8 y 8.14 DE LA INSTRUCCI\u00d3N 3\/2019, DE 4 DE DICIEMBRE, EN MATERIA DE JORNADA LABORAL, VACACIONES Y PERMISOS EN EL \u00c1MBITO DE LA ADMINISTRACI\u00d3N GENERAL DE LA JUNTA DE ANDALUC\u00cdA, DE SUS INSTITUCIONES, AGENCIAS ADMINISTRATIVAS Y AGENCIAS DE R\u00c9GIMEN ESPECIAL, Y SE INTRODUCEN NUEVOS APARTADOS 8.6.bis, 8.17 y 8.18.<\/a><\/p>\n<p style=\"text-align: justify\"><a href=\"https:\/\/drive.google.com\/file\/d\/1Gf_H9Cg0jxf7I8FYV-Xyxf0by5ab30Mu\/view\">INSTRUCCIONES DE 2 DE SEPTIEMBRE DE 2021 DE LA VICECONSEJER\u00cdA DE EDUCACI\u00d3N Y DEPORTE POR LAS QUE SE ESTABLECEN CRITERIOS HOMOLOGADOS DE ACTUACI\u00d3N PARA LOS CENTROS DOCENTES EN RELACI\u00d3N AL HORARIO, LAS FUNCIONES Y LAS TAREAS DEL PROFESORADO QUE IMPARTE LA ASIGNATURA DE RELIGI\u00d3N.<\/a><\/p>\n<p><a href=\"https:\/\/drive.google.com\/file\/d\/15j2RId2XJBzU23bS0xIWwTy4wmrmrgtB\/view?usp=sharing\">Orden de Consejer\u00eda de Igualdad, Pol\u00edticas Sociales y Conciliaci\u00f3n, de 30 julio 2019. Aprueba y publica el instrumento para la valoraci\u00f3n de la gravedad de las situaciones de riesgo, desprotecci\u00f3n y desamparo de la infancia y adolescencia en Andaluc\u00eda (VAL\u00d3RAME).<\/a><\/p>\n<p><a href=\"https:\/\/drive.google.com\/file\/d\/11ZlKel9P3O_k5_jgrXrG0oxMSICTBsQQ\/view?usp=sharing\">Resoluci\u00f3n de 30 de septiembre de 2024, de la Direcci\u00f3n General del Profesorado y Gesti\u00f3n de Recursos Humanos, por la que se aprueba el Manual para la gesti\u00f3n del cumplimiento de jornada y horarios en los centros docentes p\u00fablicos y servicios de apoyo a la educaci\u00f3n dependientes de la Consejer\u00eda con competencias en materia de educaci\u00f3n de la Junta de Andaluc\u00eda.<\/a><\/p>\n","protected":false},"excerpt":{"rendered":"<p>LOMLOE REAL DECRETO 157\/2022 PRIMARIA. REAL DECRETO 95\/2022 INFANTIL. Decreto 101\/2023, de 9 de mayo, por el que se establece la ordenaci\u00f3n y el curr\u00edculo de la etapa de Educaci\u00f3n Primaria en la Comunidad&#46;&#46;&#46;<\/p>\n","protected":false},"author":2356,"featured_media":0,"parent":0,"menu_order":0,"comment_status":"closed","ping_status":"closed","template":"","meta":{"ngg_post_thumbnail":0,"footnotes":"","_mc_calendar":[]},"aioseo_notices":[],"_links":{"self":[{"href":"https:\/\/blogsaverroes.juntadeandalucia.es\/ceipjoaquinvisiedo\/wp-json\/wp\/v2\/pages\/3720"}],"collection":[{"href":"https:\/\/blogsaverroes.juntadeandalucia.es\/ceipjoaquinvisiedo\/wp-json\/wp\/v2\/pages"}],"about":[{"href":"https:\/\/blogsaverroes.juntadeandalucia.es\/ceipjoaquinvisiedo\/wp-json\/wp\/v2\/types\/page"}],"author":[{"embeddable":true,"href":"https:\/\/blogsaverroes.juntadeandalucia.es\/ceipjoaquinvisiedo\/wp-json\/wp\/v2\/users\/2356"}],"replies":[{"embeddable":true,"href":"https:\/\/blogsaverroes.juntadeandalucia.es\/ceipjoaquinvisiedo\/wp-json\/wp\/v2\/comments?post=3720"}],"version-history":[{"count":10,"href":"https:\/\/blogsaverroes.juntadeandalucia.es\/ceipjoaquinvisiedo\/wp-json\/wp\/v2\/pages\/3720\/revisions"}],"predecessor-version":[{"id":3739,"href":"https:\/\/blogsaverroes.juntadeandalucia.es\/ceipjoaquinvisiedo\/wp-json\/wp\/v2\/pages\/3720\/revisions\/3739"}],"wp:attachment":[{"href":"https:\/\/blogsaverroes.juntadeandalucia.es\/ceipjoaquinvisiedo\/wp-json\/wp\/v2\/media?parent=3720"}],"curies":[{"name":"wp","href":"https:\/\/api.w.org\/{rel}","templated":true}]}}