{"id":3909,"date":"2026-02-03T13:13:30","date_gmt":"2026-02-03T12:13:30","guid":{"rendered":"https:\/\/blogsaverroes.juntadeandalucia.es\/ceipjoaquinvisiedo\/?page_id=3909"},"modified":"2026-03-19T13:41:25","modified_gmt":"2026-03-19T12:41:25","slug":"competencia-matematica","status":"publish","type":"page","link":"https:\/\/blogsaverroes.juntadeandalucia.es\/ceipjoaquinvisiedo\/competencia-matematica\/","title":{"rendered":"COMPETENCIA MATEM\u00c1TICA"},"content":{"rendered":"<p><a href=\"https:\/\/polypad.amplify.com\/\" target=\"_blank\" rel=\"noopener\">PLATAFORMA DE RECURSOS MATEM\u00c1TICOS POLYPAD.<\/a><\/p>\n<p><a href=\"https:\/\/www.cokitos.com\/\" target=\"_blank\" rel=\"noopener\">COKITOS JUEGOS MATEM\u00c1TICOS.<\/a><\/p>\n<p><a href=\"https:\/\/www.cristic.com\/\" target=\"_blank\" rel=\"noopener\">CRISTIC RECURSOS MATEM\u00c1TICOS.<\/a><\/p>\n<p><a href=\"https:\/\/www.vedoque.com\/\" target=\"_blank\" rel=\"noopener\">VEDOQUE JUEGOS MATEM\u00c1TICOS.<\/a><\/p>\n<p><a href=\"https:\/\/www.khanacademy.org\/\" target=\"_blank\" rel=\"noopener\">KHAN ACADEMY MATEM\u00c1TICAS.<\/a><\/p>\n<p><a title=\"TOCAMATES.\" href=\"https:\/\/www.tocamates.com\/\" target=\"_blank\" rel=\"noopener\">TOCAMATES.<\/a><\/p>\n<p><a title=\"NRICH MATHS.\" href=\"https:\/\/nrich.maths.org\/\" target=\"_blank\" rel=\"noopener\">NRICH MATHS.<\/a><\/p>\n<p><a href=\"https:\/\/view.genially.com\/6981e8268fba4ba10146de59\/presentation-presentacion-practica\" target=\"_blank\" rel=\"noopener\">COMPETENCIA MATEM\u00c1TICA.<\/a><\/p>\n<p><a href=\"https:\/\/app.genmagic.net\/aplicaciones\/mates\" target=\"_blank\" rel=\"noopener\">ACTIVIDADES MATEM\u00c1TICAS ONLINE PARA TODAS LAS EDADES.<\/a><\/p>\n<p><a href=\"https:\/\/math-kids-one.vercel.app\/\" target=\"_blank\" rel=\"noopener\">MATHKIDS<\/a><\/p>\n","protected":false},"excerpt":{"rendered":"<p>PLATAFORMA DE RECURSOS MATEM\u00c1TICOS POLYPAD. COKITOS JUEGOS MATEM\u00c1TICOS. CRISTIC RECURSOS MATEM\u00c1TICOS. VEDOQUE JUEGOS MATEM\u00c1TICOS. KHAN ACADEMY MATEM\u00c1TICAS. TOCAMATES. NRICH MATHS. COMPETENCIA MATEM\u00c1TICA. ACTIVIDADES MATEM\u00c1TICAS ONLINE PARA TODAS LAS EDADES. MATHKIDS<\/p>\n","protected":false},"author":2356,"featured_media":0,"parent":0,"menu_order":0,"comment_status":"closed","ping_status":"closed","template":"","meta":{"ngg_post_thumbnail":0,"footnotes":"","_mc_calendar":[]},"aioseo_notices":[],"_links":{"self":[{"href":"https:\/\/blogsaverroes.juntadeandalucia.es\/ceipjoaquinvisiedo\/wp-json\/wp\/v2\/pages\/3909"}],"collection":[{"href":"https:\/\/blogsaverroes.juntadeandalucia.es\/ceipjoaquinvisiedo\/wp-json\/wp\/v2\/pages"}],"about":[{"href":"https:\/\/blogsaverroes.juntadeandalucia.es\/ceipjoaquinvisiedo\/wp-json\/wp\/v2\/types\/page"}],"author":[{"embeddable":true,"href":"https:\/\/blogsaverroes.juntadeandalucia.es\/ceipjoaquinvisiedo\/wp-json\/wp\/v2\/users\/2356"}],"replies":[{"embeddable":true,"href":"https:\/\/blogsaverroes.juntadeandalucia.es\/ceipjoaquinvisiedo\/wp-json\/wp\/v2\/comments?post=3909"}],"version-history":[{"count":6,"href":"https:\/\/blogsaverroes.juntadeandalucia.es\/ceipjoaquinvisiedo\/wp-json\/wp\/v2\/pages\/3909\/revisions"}],"predecessor-version":[{"id":3954,"href":"https:\/\/blogsaverroes.juntadeandalucia.es\/ceipjoaquinvisiedo\/wp-json\/wp\/v2\/pages\/3909\/revisions\/3954"}],"wp:attachment":[{"href":"https:\/\/blogsaverroes.juntadeandalucia.es\/ceipjoaquinvisiedo\/wp-json\/wp\/v2\/media?parent=3909"}],"curies":[{"name":"wp","href":"https:\/\/api.w.org\/{rel}","templated":true}]}}