{"id":42,"date":"2015-03-13T08:40:47","date_gmt":"2015-03-13T08:40:47","guid":{"rendered":"http:\/\/blogsaverroes.juntadeandalucia.es\/pre\/ceip\/?page_id=42"},"modified":"2025-10-08T12:24:20","modified_gmt":"2025-10-08T11:24:20","slug":"equipo-directivo","status":"publish","type":"page","link":"https:\/\/blogsaverroes.juntadeandalucia.es\/ceipjoaquinvisiedo\/equipo-directivo\/","title":{"rendered":"EQUIPO DIRECTIVO."},"content":{"rendered":"<p><strong>&nbsp; &nbsp; &nbsp; &nbsp; &nbsp; &nbsp; &nbsp;<\/strong><strong><a href=\"http:\/\/blogsaverroes.juntadeandalucia.es\/ceipjoaquinvisiedo\/files\/2015\/11\/EQUI_DIREC.jpg\"><br \/>\n<\/a><img loading=\"lazy\" decoding=\"async\" class=\"wp-image-3185 size-full alignleft\" src=\"https:\/\/blogsaverroes.juntadeandalucia.es\/ceipjoaquinvisiedo\/files\/2015\/03\/eq_direc.jpeg\" alt=\"\" width=\"271\" height=\"186\" srcset=\"https:\/\/blogsaverroes.juntadeandalucia.es\/ceipjoaquinvisiedo\/files\/2015\/03\/eq_direc.jpeg 271w, https:\/\/blogsaverroes.juntadeandalucia.es\/ceipjoaquinvisiedo\/files\/2015\/03\/eq_direc-24x16.jpeg 24w, https:\/\/blogsaverroes.juntadeandalucia.es\/ceipjoaquinvisiedo\/files\/2015\/03\/eq_direc-36x25.jpeg 36w, https:\/\/blogsaverroes.juntadeandalucia.es\/ceipjoaquinvisiedo\/files\/2015\/03\/eq_direc-48x33.jpeg 48w\" sizes=\"(max-width: 271px) 100vw, 271px\" \/><\/strong><\/p>\n<p><strong>Direcci\u00f3n: <\/strong>Don Carlos V. M.<\/p>\n<p><strong>Jefatura de estudios: <\/strong>Do\u00f1a Victoria P. B.<\/p>\n<p><strong>&nbsp;Secretar\u00eda: <\/strong>Do\u00f1a Isabel Mar\u00eda M. Z.<\/p>\n<p style=\"text-align: left\">&nbsp;<\/p>\n","protected":false},"excerpt":{"rendered":"<p>&nbsp; &nbsp; &nbsp; &nbsp; &nbsp; &nbsp; &nbsp; Direcci\u00f3n: Don Carlos V. M. Jefatura de estudios: Do\u00f1a Victoria P. B. &nbsp;Secretar\u00eda: Do\u00f1a Isabel Mar\u00eda M. Z. &nbsp;<\/p>\n","protected":false},"author":1,"featured_media":0,"parent":0,"menu_order":0,"comment_status":"closed","ping_status":"open","template":"","meta":{"ngg_post_thumbnail":0,"footnotes":"","_mc_calendar":[]},"aioseo_notices":[],"_links":{"self":[{"href":"https:\/\/blogsaverroes.juntadeandalucia.es\/ceipjoaquinvisiedo\/wp-json\/wp\/v2\/pages\/42"}],"collection":[{"href":"https:\/\/blogsaverroes.juntadeandalucia.es\/ceipjoaquinvisiedo\/wp-json\/wp\/v2\/pages"}],"about":[{"href":"https:\/\/blogsaverroes.juntadeandalucia.es\/ceipjoaquinvisiedo\/wp-json\/wp\/v2\/types\/page"}],"author":[{"embeddable":true,"href":"https:\/\/blogsaverroes.juntadeandalucia.es\/ceipjoaquinvisiedo\/wp-json\/wp\/v2\/users\/1"}],"replies":[{"embeddable":true,"href":"https:\/\/blogsaverroes.juntadeandalucia.es\/ceipjoaquinvisiedo\/wp-json\/wp\/v2\/comments?post=42"}],"version-history":[{"count":27,"href":"https:\/\/blogsaverroes.juntadeandalucia.es\/ceipjoaquinvisiedo\/wp-json\/wp\/v2\/pages\/42\/revisions"}],"predecessor-version":[{"id":3868,"href":"https:\/\/blogsaverroes.juntadeandalucia.es\/ceipjoaquinvisiedo\/wp-json\/wp\/v2\/pages\/42\/revisions\/3868"}],"wp:attachment":[{"href":"https:\/\/blogsaverroes.juntadeandalucia.es\/ceipjoaquinvisiedo\/wp-json\/wp\/v2\/media?parent=42"}],"curies":[{"name":"wp","href":"https:\/\/api.w.org\/{rel}","templated":true}]}}