{"id":44,"date":"2015-03-13T08:42:15","date_gmt":"2015-03-13T07:42:15","guid":{"rendered":"http:\/\/blogsaverroes.juntadeandalucia.es\/pre\/ceip\/?page_id=44"},"modified":"2025-10-08T12:25:36","modified_gmt":"2025-10-08T11:25:36","slug":"planes-y-proyectos","status":"publish","type":"page","link":"https:\/\/blogsaverroes.juntadeandalucia.es\/ceipjoaquinvisiedo\/planes-y-proyectos\/","title":{"rendered":"PLANES Y PROGRAMAS EDUCATIVOS."},"content":{"rendered":"<p><img loading=\"lazy\" decoding=\"async\" class=\" wp-image-1667 alignleft\" src=\"http:\/\/blogsaverroes.juntadeandalucia.es\/ceipjoaquinvisiedo\/files\/2015\/03\/planes-300x150.png\" alt=\"planes\" width=\"276\" height=\"138\" srcset=\"https:\/\/blogsaverroes.juntadeandalucia.es\/ceipjoaquinvisiedo\/files\/2015\/03\/planes-300x150.png 300w, https:\/\/blogsaverroes.juntadeandalucia.es\/ceipjoaquinvisiedo\/files\/2015\/03\/planes-332x166.png 332w, https:\/\/blogsaverroes.juntadeandalucia.es\/ceipjoaquinvisiedo\/files\/2015\/03\/planes.png 640w\" sizes=\"(max-width: 276px) 100vw, 276px\" \/><\/p>\n<p>Cada centro personaliza y adapta su Proyecto Educativo adhiri\u00e9ndose a diferentes <strong>Planes y Programas<\/strong> promovidos desde la Consejer\u00eda de Educaci\u00f3n, Cultura y Deporte.<\/p>\n<p>Este apartado recoger\u00eda la descripci\u00f3n, finalidades, actividades, coordinador\/a, etc. de estos Planes y Programas desarrollados por el centro. A continuaci\u00f3n se muestran algunos de ellos.<\/p>\n<ul>\n<li><strong>Plan de igualdad.<\/strong><\/li>\n<li><strong>Plan de apertura.<\/strong><\/li>\n<li><strong>Proyecto biling\u00fce.<\/strong><\/li>\n<li><strong>Programa Escuelas Deportivas.<\/strong><\/li>\n<li><strong>Escuela espacio de paz.<\/strong><\/li>\n<li>&#8230;&#8230;&#8230;&#8230;.<\/li>\n<\/ul>\n<p>&nbsp;<\/p>\n","protected":false},"excerpt":{"rendered":"<p>Cada centro personaliza y adapta su Proyecto Educativo adhiri\u00e9ndose a diferentes Planes y Programas promovidos desde la Consejer\u00eda de Educaci\u00f3n, Cultura y Deporte. Este apartado recoger\u00eda la descripci\u00f3n, finalidades, actividades, coordinador\/a, etc. de estos&#46;&#46;&#46;<\/p>\n","protected":false},"author":1,"featured_media":0,"parent":0,"menu_order":0,"comment_status":"closed","ping_status":"closed","template":"","meta":{"ngg_post_thumbnail":0,"footnotes":"","_mc_calendar":[]},"aioseo_notices":[],"_links":{"self":[{"href":"https:\/\/blogsaverroes.juntadeandalucia.es\/ceipjoaquinvisiedo\/wp-json\/wp\/v2\/pages\/44"}],"collection":[{"href":"https:\/\/blogsaverroes.juntadeandalucia.es\/ceipjoaquinvisiedo\/wp-json\/wp\/v2\/pages"}],"about":[{"href":"https:\/\/blogsaverroes.juntadeandalucia.es\/ceipjoaquinvisiedo\/wp-json\/wp\/v2\/types\/page"}],"author":[{"embeddable":true,"href":"https:\/\/blogsaverroes.juntadeandalucia.es\/ceipjoaquinvisiedo\/wp-json\/wp\/v2\/users\/1"}],"replies":[{"embeddable":true,"href":"https:\/\/blogsaverroes.juntadeandalucia.es\/ceipjoaquinvisiedo\/wp-json\/wp\/v2\/comments?post=44"}],"version-history":[{"count":5,"href":"https:\/\/blogsaverroes.juntadeandalucia.es\/ceipjoaquinvisiedo\/wp-json\/wp\/v2\/pages\/44\/revisions"}],"predecessor-version":[{"id":3870,"href":"https:\/\/blogsaverroes.juntadeandalucia.es\/ceipjoaquinvisiedo\/wp-json\/wp\/v2\/pages\/44\/revisions\/3870"}],"wp:attachment":[{"href":"https:\/\/blogsaverroes.juntadeandalucia.es\/ceipjoaquinvisiedo\/wp-json\/wp\/v2\/media?parent=44"}],"curies":[{"name":"wp","href":"https:\/\/api.w.org\/{rel}","templated":true}]}}