{"id":49,"date":"2015-03-13T08:47:05","date_gmt":"2015-03-13T08:47:05","guid":{"rendered":"http:\/\/blogsaverroes.juntadeandalucia.es\/pre\/ceip\/?page_id=49"},"modified":"2025-11-12T10:01:57","modified_gmt":"2025-11-12T09:01:57","slug":"proyecto-educativo","status":"publish","type":"page","link":"https:\/\/blogsaverroes.juntadeandalucia.es\/ceipjoaquinvisiedo\/proyecto-educativo\/","title":{"rendered":"DOCUMENTOS DEL CENTRO. PLAN DE CENTRO."},"content":{"rendered":"<p style=\"text-align: center\"><strong>PROYECTO EDUCATIVO.<\/strong><\/p>\n<div style=\"text-align: center\">\n<div>\n<div style=\"text-align: center\">\n<div style=\"text-align: center\">\n<p><iframe loading=\"lazy\" src=\"\/\/v.calameo.com\/?bkcode=006309846e7163314f9ba\" width=\"300\" height=\"194\" frameborder=\"0\" scrolling=\"no\"><\/iframe><\/p>\n<div style=\"margin: 4px 0px 8px\"><b>ROYECTO DE GESTI\u00d3N<\/b><\/div>\n<\/div>\n<\/div>\n<\/div>\n<\/div>\n<div style=\"text-align: center\">\n<p><iframe loading=\"lazy\" src=\"\/\/v.calameo.com\/?bkcode=0072307831bda52997beb\" width=\"300\" height=\"194\" frameborder=\"0\" scrolling=\"no\"><\/iframe><\/p>\n<div>\n<div style=\"text-align: center\">\n<div style=\"text-align: center\">\n<div style=\"text-align: center\">\n<div style=\"margin: 8px 0px 4px\"><a href=\"https:\/\/www.calameo.com\/books\/00630984621ebdf4d0eb5\" target=\"_blank\" rel=\"noopener\">ROF CEIP Joaqu\u00edn Visiedo<\/a><\/div>\n<p><iframe loading=\"lazy\" src=\"\/\/v.calameo.com\/?bkcode=00630984621ebdf4d0eb5\" width=\"300\" height=\"194\" frameborder=\"0\" scrolling=\"no\"><\/iframe><\/p>\n<\/div>\n<div style=\"margin: 4px 0px 8px\"><a href=\"https:\/\/www.calameo.com\/books\/0063098463d4dbb420fd6\" target=\"_blank\" rel=\"noopener\">Plan De Centro Joaqu\u00edn Visiedo 25\/26<\/a><\/div>\n<div>\n<div style=\"text-align: center\">\n<div style=\"text-align: center\">\n<p><iframe loading=\"lazy\" src=\"\/\/v.calameo.com\/?bkcode=0063098463d4dbb420fd6\" width=\"300\" height=\"194\" frameborder=\"0\" scrolling=\"no\"><\/iframe><\/p>\n<\/div>\n<div style=\"text-align: center\">\n<div style=\"margin: 8px 0px 4px\"><a href=\"https:\/\/www.calameo.com\/books\/006309846608bc9f83bab\" target=\"_blank\" rel=\"noopener\">Proyecto Biling\u00fce<\/a><\/div>\n<p><iframe loading=\"lazy\" src=\"\/\/v.calameo.com\/?bkcode=006309846608bc9f83bab\" width=\"300\" height=\"194\" frameborder=\"0\" scrolling=\"no\"><\/iframe><\/p>\n<\/div>\n<p>&nbsp;<\/p>\n<\/div>\n<p>&nbsp;<\/p>\n<\/div>\n<\/div>\n<\/div>\n<p>&nbsp;<\/p>\n<\/div>\n<div>&nbsp;<\/div>\n<\/div>\n<p>&nbsp;<\/p>\n","protected":false},"excerpt":{"rendered":"<p>PROYECTO EDUCATIVO. ROYECTO DE GESTI\u00d3N ROF CEIP Joaqu\u00edn Visiedo Plan De Centro Joaqu\u00edn Visiedo 25\/26 Proyecto Biling\u00fce &nbsp; &nbsp; &nbsp; &nbsp; &nbsp;<\/p>\n","protected":false},"author":1,"featured_media":0,"parent":0,"menu_order":0,"comment_status":"closed","ping_status":"open","template":"","meta":{"ngg_post_thumbnail":0,"footnotes":"","_mc_calendar":[]},"aioseo_notices":[],"_links":{"self":[{"href":"https:\/\/blogsaverroes.juntadeandalucia.es\/ceipjoaquinvisiedo\/wp-json\/wp\/v2\/pages\/49"}],"collection":[{"href":"https:\/\/blogsaverroes.juntadeandalucia.es\/ceipjoaquinvisiedo\/wp-json\/wp\/v2\/pages"}],"about":[{"href":"https:\/\/blogsaverroes.juntadeandalucia.es\/ceipjoaquinvisiedo\/wp-json\/wp\/v2\/types\/page"}],"author":[{"embeddable":true,"href":"https:\/\/blogsaverroes.juntadeandalucia.es\/ceipjoaquinvisiedo\/wp-json\/wp\/v2\/users\/1"}],"replies":[{"embeddable":true,"href":"https:\/\/blogsaverroes.juntadeandalucia.es\/ceipjoaquinvisiedo\/wp-json\/wp\/v2\/comments?post=49"}],"version-history":[{"count":36,"href":"https:\/\/blogsaverroes.juntadeandalucia.es\/ceipjoaquinvisiedo\/wp-json\/wp\/v2\/pages\/49\/revisions"}],"predecessor-version":[{"id":3883,"href":"https:\/\/blogsaverroes.juntadeandalucia.es\/ceipjoaquinvisiedo\/wp-json\/wp\/v2\/pages\/49\/revisions\/3883"}],"wp:attachment":[{"href":"https:\/\/blogsaverroes.juntadeandalucia.es\/ceipjoaquinvisiedo\/wp-json\/wp\/v2\/media?parent=49"}],"curies":[{"name":"wp","href":"https:\/\/api.w.org\/{rel}","templated":true}]}}