{"id":82,"date":"2015-03-16T06:59:55","date_gmt":"2015-03-16T06:59:55","guid":{"rendered":"http:\/\/blogsaverroes.juntadeandalucia.es\/pre\/ceip\/?page_id=82"},"modified":"2025-10-08T12:26:28","modified_gmt":"2025-10-08T11:26:28","slug":"horarios","status":"publish","type":"page","link":"https:\/\/blogsaverroes.juntadeandalucia.es\/ceipjoaquinvisiedo\/horarios\/","title":{"rendered":"HORARIOS DEL CENTRO."},"content":{"rendered":"<ul>\n<li style=\"list-style-type: none\">\n<ul>\n<li><strong>Entradas al centro: Las puertas tanto en Infantil como Primaria se abren a las 8:55 y se cerrar\u00e1n a las 09:05. Los ni\u00f1os y ni\u00f1as ir\u00e1n directamente a sus clases. ROGAMOS PUNTUALIDAD.<\/strong><\/li>\n<li><strong>Salidas del centro: Las salidas en Infantil y Primaria ser\u00e1n a las 14:00 horas.<\/strong><\/li>\n<li><strong>Actividades lectivas. La hora de comienzo de las clases es a las 9:00 de la ma\u00f1ana y finalizan a las 14:00 horas. De lunes a viernes.&nbsp;El recreo es de 12:00 a 12:30 horas. Las tutor\u00edas con padres y madres son los lunes de 16:00 a 17:00 horas. Las tutor\u00edas se pueden solicitar por Ipasen, pudiendo ser presenciales o de manera online.<\/strong><\/li>\n<li><strong>Actividades Extraescolares. Las actividades extraescolares se imparten desde las 16:00 hasta las 17:00 horas; de lunes y mi\u00e9rcoles en los meses de octubre a mayo.<\/strong><\/li>\n<li><strong>Comedor.&nbsp;El comedor escolar funciona desde las 14:00 hasta las 16:00 horas. Se pueden recoger a los ni\u00f1os y ni\u00f1as a las 15:00, 15:30 y 16:00 Horas.<\/strong><\/li>\n<li><strong>Aula Matinal.&nbsp;El horario del Aula Matinal es de 7:30-8:50 horas.<\/strong><\/li>\n<\/ul>\n<\/li>\n<\/ul>\n<p class=\"texto\">&nbsp;<\/p>\n","protected":false},"excerpt":{"rendered":"<p>Entradas al centro: Las puertas tanto en Infantil como Primaria se abren a las 8:55 y se cerrar\u00e1n a las 09:05. Los ni\u00f1os y ni\u00f1as ir\u00e1n directamente a sus clases. ROGAMOS PUNTUALIDAD. Salidas del&#46;&#46;&#46;<\/p>\n","protected":false},"author":1,"featured_media":0,"parent":0,"menu_order":0,"comment_status":"closed","ping_status":"open","template":"","meta":{"ngg_post_thumbnail":0,"footnotes":"","_mc_calendar":[]},"aioseo_notices":[],"_links":{"self":[{"href":"https:\/\/blogsaverroes.juntadeandalucia.es\/ceipjoaquinvisiedo\/wp-json\/wp\/v2\/pages\/82"}],"collection":[{"href":"https:\/\/blogsaverroes.juntadeandalucia.es\/ceipjoaquinvisiedo\/wp-json\/wp\/v2\/pages"}],"about":[{"href":"https:\/\/blogsaverroes.juntadeandalucia.es\/ceipjoaquinvisiedo\/wp-json\/wp\/v2\/types\/page"}],"author":[{"embeddable":true,"href":"https:\/\/blogsaverroes.juntadeandalucia.es\/ceipjoaquinvisiedo\/wp-json\/wp\/v2\/users\/1"}],"replies":[{"embeddable":true,"href":"https:\/\/blogsaverroes.juntadeandalucia.es\/ceipjoaquinvisiedo\/wp-json\/wp\/v2\/comments?post=82"}],"version-history":[{"count":15,"href":"https:\/\/blogsaverroes.juntadeandalucia.es\/ceipjoaquinvisiedo\/wp-json\/wp\/v2\/pages\/82\/revisions"}],"predecessor-version":[{"id":3871,"href":"https:\/\/blogsaverroes.juntadeandalucia.es\/ceipjoaquinvisiedo\/wp-json\/wp\/v2\/pages\/82\/revisions\/3871"}],"wp:attachment":[{"href":"https:\/\/blogsaverroes.juntadeandalucia.es\/ceipjoaquinvisiedo\/wp-json\/wp\/v2\/media?parent=82"}],"curies":[{"name":"wp","href":"https:\/\/api.w.org\/{rel}","templated":true}]}}