{"id":141,"date":"2015-03-17T07:13:24","date_gmt":"2015-03-17T07:13:24","guid":{"rendered":"http:\/\/blogsaverroes.juntadeandalucia.es\/pre\/ceip\/?page_id=141"},"modified":"2026-03-03T12:39:37","modified_gmt":"2026-03-03T12:39:37","slug":"escolarizacion","status":"publish","type":"page","link":"https:\/\/blogsaverroes.juntadeandalucia.es\/ceipjosebanus\/escolarizacion\/","title":{"rendered":"Escolarizaci\u00f3n"},"content":{"rendered":"<h1 style=\"text-align: center\">SOLICITUDES DE ADMISI\u00d3N<br \/>\nCURSO 2026\/2027<\/h1>\n<p>Pincha <a href=\"https:\/\/secretariavirtual.juntadeandalucia.es\/secretariavirtual\/accesoTramite\/543\/\">aqu\u00ed<\/a> para entrar en la Secretar\u00eda Virtual&nbsp;<\/p>\n<p><img loading=\"lazy\" decoding=\"async\" class=\"size-full wp-image-5535 aligncenter\" src=\"https:\/\/blogsaverroes.juntadeandalucia.es\/ceipjosebanus\/files\/2026\/03\/admision-ig.jpg\" alt=\"\" width=\"680\" height=\"479\" srcset=\"https:\/\/blogsaverroes.juntadeandalucia.es\/ceipjosebanus\/files\/2026\/03\/admision-ig.jpg 680w, https:\/\/blogsaverroes.juntadeandalucia.es\/ceipjosebanus\/files\/2026\/03\/admision-ig-300x211.jpg 300w\" sizes=\"(max-width: 680px) 100vw, 680px\" \/><\/p>\n<p>&nbsp;<\/p>\n<p>&nbsp;<\/p>\n<p>&nbsp;<\/p>\n<p>&nbsp;<\/p>\n<p>&nbsp;<\/p>\n<p>&nbsp;<\/p>\n<p>&nbsp;<\/p>\n<p>&nbsp;<\/p>\n<p>&nbsp;<\/p>\n<p>&nbsp;<\/p>\n<p>&nbsp;<\/p>\n<p>&nbsp;<\/p>\n<p>&nbsp;<\/p>\n<p>&nbsp;<\/p>\n<p>&nbsp;<\/p>\n<p>&nbsp;<\/p>\n<p>&nbsp;<\/p>\n<p>&nbsp;<\/p>\n<p>&nbsp;<\/p>\n<p>&nbsp;<\/p>\n<p>&nbsp;<\/p>\n<p>&nbsp;<\/p>\n<p>&nbsp;<\/p>\n<p>&nbsp;<\/p>\n<p>&nbsp;<\/p>\n<p>&nbsp;<\/p>\n<p>&nbsp;<\/p>\n<p>Enlace: <a href=\"https:\/\/www.juntadeandalucia.es\/educacion\/secretariavirtual\/accesoTramite\/365\/\">https:\/\/www.juntadeandalucia.es\/educacion\/secretariavirtual\/accesoTramite\/365\/<\/a><\/p>\n<p>EN EL DOCUMENTO ADJUNTO SE FACILITA LA INFORMACI\u00d3N SOBRE EL PROCESO DE ADMISI\u00d3N Y ESCOLARIZACI\u00d3N PARA EL CURSO 2025\/2026<\/p>\n<p>ANTE CUALQUIER DUDA, PUEDEN PONERSE EN CONTACTO CON EL CENTRO<\/p>\n<p>951270530<\/p>\n<p>29006866.edu@juntadeandaluc\u00eda.es<\/p>\n<p>&nbsp;<br \/>\n<iframe loading=\"lazy\" src=\"https:\/\/drive.google.com\/file\/d\/1MOjZo1hZv8gPbzFmQOXAqIYM8XPnWHiX\/preview\" width=\"640\" height=\"480\"><\/iframe><\/p>\n<h1 style=\"text-align: center\">ESCOLARIZACI\u00d3N CURSO 2024-25<\/h1>\n<h2 style=\"text-align: center\">(Proceso de Admisi\u00f3n)<\/h2>\n<ul>\n<li>PERIODO DE&nbsp;<strong>PRESENTACI\u00d3N DE SOLICITUDES DE ADMISI\u00d3N DEL 1 AL 31 DE MARZO. <em>(S\u00f3lo para alumnado de 3 a\u00f1os que comienza nuevo el pr\u00f3ximo curso, as\u00ed como para alumnado de otros centro que soliciten plaza en el nuestro)<\/em><\/strong><\/li>\n<li><strong>PERIODO DE MATRICULACI\u00d3N, DEL 1 AL 8 DE JUNIO (imprescindible)<\/strong><\/li>\n<li><strong>\u00bfD\u00d3NDE Y C\u00d3MO PRESENTAR LAS SOLICITUDES?<\/strong>\n<ul>\n<li>Preferentemente en la&nbsp;<a href=\"https:\/\/www.juntadeandalucia.es\/educacion\/secretariavirtual\/\">SECRETAR\u00cdA VIRTUAL DE LA CONSEJER\u00cdA DE EDUCACI\u00d3N.<\/a><\/li>\n<li>En la secretar\u00eda del CEIP JOS\u00c9 BAN\u00daS s\u00f3lo se atender\u00e1 por tel\u00e9fono para dudas: 951270530.<\/li>\n<\/ul>\n<\/li>\n<\/ul>\n<h3>En la p\u00e1gina<a href=\"https:\/\/www.juntadeandalucia.es\/educacion\/portals\/web\/escolarizacion\/infantil-a-bachillerato\">&nbsp;web \u201cPorta de Escolarizaci\u00f3n y Matr\u00edcula: Primaria y ESO<\/a>\u201d podr\u00e1n ver las \u00e1reas de influencia, autobaremo, informaci\u00f3n sobre criterios de admisi\u00f3n, impresos\u2026 (<a href=\"https:\/\/www.juntadeandalucia.es\/educacion\/portals\/web\/escolarizacion\/infantil-a-bachillerato\">https:\/\/www.juntadeandalucia.es\/educacion\/portals\/web\/escolarizacion\/infantil-a-bachillerato<\/a><\/h3>\n<p>&nbsp;<\/p>\n<ul>\n<li>\n<h4><a title=\"Portal escolarizaci\u00f3n\" href=\"http:\/\/www.juntadeandalucia.es\/educacion\/portals\/web\/escolarizacion\/infantil-a-bachillerato\" target=\"_blank\" rel=\"noopener noreferrer\">Enlace al portal de escolarizaci\u00f3n (\u00e1reas de influencia, calendario, preguntas frecuentes\u2026)<\/a><\/h4>\n<\/li>\n<li>\n<h3><a href=\"https:\/\/drive.google.com\/file\/d\/1GMb63whkagjt-DB-pckMM7hFsfsX2iGj\/view?usp=sharing\">Impresos para la admisi\u00f3n. Anexo III<\/a><\/h3>\n<\/li>\n<\/ul>\n<p>&nbsp;<\/p>\n<p><strong>DOCUMENTACI\u00d3N A PRESENTAR EN EL PERIODO DE ADMISI\u00d3N:<\/strong><\/p>\n<ul>\n<li>Impreso de admisi\u00f3n (ANEXO III).<\/li>\n<li><strong>Si acredita que hay necesidades espec\u00edficas de apoyo educativo deben leer detenidamente las instrucciones del ANEXO III.<\/strong><\/li>\n<\/ul>\n<p>&nbsp;<\/p>\n<table width=\"662\">\n<tbody>\n<tr>\n<td colspan=\"2\" width=\"662\"><strong>CALENDARIO DE ACTUACIONES DEL PROCEDIMIENTO<\/strong><\/p>\n<p><strong>DE ADMISI\u00d3N DEL ALUMNADO<\/strong><\/td>\n<\/tr>\n<tr class=\"alt\">\n<td width=\"161\">Del 1 al 31 de marzo<\/td>\n<td width=\"501\"><strong>PRESENTACI\u00d3N DE SOLICITUDES DE ADMISI\u00d3N<\/strong><\/td>\n<\/tr>\n<tr>\n<td width=\"161\">Hasta el 14 de abril<\/td>\n<td width=\"501\">Publicaci\u00f3n de la relaci\u00f3n de solicitantes baremada.<\/td>\n<\/tr>\n<tr class=\"alt\">\n<td width=\"161\">15 de abril<\/td>\n<td width=\"501\">Tr\u00e1mite de audiencia y alegaciones (10 d\u00edas lectivos)<\/td>\n<\/tr>\n<tr>\n<td width=\"161\">10 de mayo<\/td>\n<td width=\"501\">Sorteo p\u00fablico para dirimir situaciones de empate.<\/td>\n<\/tr>\n<tr class=\"alt\">\n<td width=\"161\">11 de mayo<\/td>\n<td width=\"501\">Publicaci\u00f3n de la relaci\u00f3n de admitidos en los centros prioritarios<\/td>\n<\/tr>\n<tr>\n<td width=\"161\">21 de mayo<\/td>\n<td width=\"501\">Publicaci\u00f3n de adjudicaci\u00f3n del alumnado no admitido en el centro prioritario<\/td>\n<\/tr>\n<tr class=\"alt\">\n<td width=\"161\">24 de mayo<\/td>\n<td width=\"501\">Recursos y reclamaciones (1 mes)<\/td>\n<\/tr>\n<tr>\n<td width=\"161\"><strong>1 al 8 de junio<\/strong><\/td>\n<td width=\"501\"><strong>MATRICULACI\u00d3N 2\u00baCICLO ED. INFANTIL, ED. PRIMARIA Y ED.ESPECIAL<\/strong><\/td>\n<\/tr>\n<tr class=\"alt\">\n<td width=\"161\"><strong>1 al 10 de julio<\/strong><\/td>\n<td width=\"501\"><strong>MATRICULACI\u00d3N ESO-BACHILLERATO.<\/strong><\/td>\n<\/tr>\n<tr>\n<td width=\"161\"><strong>HASTA COMIENZO DE CURSO (SEPTIEMBRE)<\/strong><\/td>\n<td width=\"501\">GESTI\u00d3N DE LA&nbsp;<strong>LISTA DE ESPERA EN INFANTIL, PRIMARIA, SECUNDARIA Y BACHILLERATO.<\/strong><\/td>\n<\/tr>\n<\/tbody>\n<\/table>\n<p>&nbsp;<\/p>\n<h1 style=\"text-align: center\">curso 2024-25<\/h1>\n<h2>&nbsp;<\/h2>\n<h2><a title=\"Portal escolarizaci\u00f3n\" href=\"http:\/\/www.juntadeandalucia.es\/educacion\/webportal\/web\/portal-escolarizacion\/infantil-primaria-eso-bachillerato\" target=\"_blank\" rel=\"noopener noreferrer\">Enlace al portal de escolarizaci\u00f3n.<\/a><\/h2>\n<h2>&nbsp;<\/h2>\n<h2><a title=\"Procedimiento\" href=\"http:\/\/portal.ced.junta-andalucia.es\/educacion\/webportal\/abaco-portlet\/content\/f2f9bdb4-4717-409f-8dbc-da5b8ed61e38\" target=\"_blank\" rel=\"noopener noreferrer\">Normativa<\/a>&nbsp;sobre el proceso de escolarizaci\u00f3n.<\/h2>\n<h2>&nbsp;<\/h2>\n<h2><a href=\"https:\/\/blogsaverroes.juntadeandalucia.es\/ceipjosebanus\/files\/2020\/11\/Impreso-escolarizaci\u00f3n.pdf\">Impreso escolarizaci\u00f3n<\/a><\/h2>\n<h2>&nbsp;<\/h2>\n<h2>PROCESO DE ADMISI\u00d3N PARA EL CURSO 2024\/25:<\/h2>\n<h3>Todas las familias que tengan que solicitar matr\u00edcula pueden hacerlo telem\u00e1ticamente a trav\u00e9s del siguiente enlace de la secretar\u00eda virtual:<\/h3>\n<h4><a href=\"https:\/\/www.juntadeandalucia.es\/educacion\/secretariavirtual\/accesoTramite\/439\/\">https:\/\/www.juntadeandalucia.es\/educacion\/secretariavirtual\/accesoTramite\/439\/<\/a><\/h4>\n<h2>&nbsp;<\/h2>\n<h2>NO ES NECESARIO EL CERTIFICADO DIGITAL DURANTE ESTE PERIODO DE CONFINAMIENTO SIN ACTIVIDAD LECTIVA.<\/h2>\n<h3><a href=\"https:\/\/blogsaverroes.juntadeandalucia.es\/ceipjosebanus\/files\/2020\/11\/Tutorial_para_la_Solicitud_de_admisi\u00f3n_en_centros_docentes_p\u00fablicos.pdf.pdf.pdf\">Tutorial_para_la_Solicitud_de_admisi\u00f3n_en_centros_docentes_p\u00fablicos.pdf.pdf<\/a> sin certificado digital.<\/h3>\n<h4>&nbsp;<\/h4>\n<h4>&nbsp;<\/h4>\n<h4>Tutorial sobre el funcionamiento del procedimiento de admisi\u00f3n en centros andaluces:<\/h4>\n<p><iframe loading=\"lazy\" title=\"Procedimiento Admisi\u00f3n en Centros Andaluces (con certificado digital o CL@VE)\" width=\"500\" height=\"281\" src=\"https:\/\/www.youtube.com\/embed\/ksm-g4kbVnQ?feature=oembed&#038;wmode=opaque\" frameborder=\"0\" allow=\"accelerometer; autoplay; clipboard-write; encrypted-media; gyroscope; picture-in-picture; web-share\" referrerpolicy=\"strict-origin-when-cross-origin\" allowfullscreen><\/iframe><\/p>\n<p><strong>CALENDARIO DEL PROCESO DE ESCOLARIZACI\u00d3N CURSO 2024\/25<\/strong><\/p>\n<p>&nbsp;<br \/>\n<iframe loading=\"lazy\" src=\"https:\/\/drive.google.com\/file\/d\/1Xig0QfQqBWCurW-aNfJjAw3XkE4RASYe\/preview\" width=\"640\" height=\"480\"><\/iframe><\/p>\n","protected":false},"excerpt":{"rendered":"<p>SOLICITUDES DE ADMISI\u00d3N CURSO 2026\/2027 Pincha aqu\u00ed para entrar en la Secretar\u00eda Virtual&nbsp; &nbsp; &nbsp; &nbsp; &nbsp; &nbsp; &nbsp; &nbsp; &nbsp; &nbsp; &nbsp; &nbsp; &nbsp; &nbsp; &nbsp; &nbsp; &nbsp; &nbsp; &nbsp; &nbsp; &nbsp; &nbsp;&#46;&#46;&#46;<\/p>\n","protected":false},"author":1,"featured_media":0,"parent":0,"menu_order":0,"comment_status":"closed","ping_status":"open","template":"","meta":{"ngg_post_thumbnail":0,"footnotes":"","_mc_calendar":[]},"aioseo_notices":[],"_links":{"self":[{"href":"https:\/\/blogsaverroes.juntadeandalucia.es\/ceipjosebanus\/wp-json\/wp\/v2\/pages\/141"}],"collection":[{"href":"https:\/\/blogsaverroes.juntadeandalucia.es\/ceipjosebanus\/wp-json\/wp\/v2\/pages"}],"about":[{"href":"https:\/\/blogsaverroes.juntadeandalucia.es\/ceipjosebanus\/wp-json\/wp\/v2\/types\/page"}],"author":[{"embeddable":true,"href":"https:\/\/blogsaverroes.juntadeandalucia.es\/ceipjosebanus\/wp-json\/wp\/v2\/users\/1"}],"replies":[{"embeddable":true,"href":"https:\/\/blogsaverroes.juntadeandalucia.es\/ceipjosebanus\/wp-json\/wp\/v2\/comments?post=141"}],"version-history":[{"count":16,"href":"https:\/\/blogsaverroes.juntadeandalucia.es\/ceipjosebanus\/wp-json\/wp\/v2\/pages\/141\/revisions"}],"predecessor-version":[{"id":5536,"href":"https:\/\/blogsaverroes.juntadeandalucia.es\/ceipjosebanus\/wp-json\/wp\/v2\/pages\/141\/revisions\/5536"}],"wp:attachment":[{"href":"https:\/\/blogsaverroes.juntadeandalucia.es\/ceipjosebanus\/wp-json\/wp\/v2\/media?parent=141"}],"curies":[{"name":"wp","href":"https:\/\/api.w.org\/{rel}","templated":true}]}}