{"id":3314,"date":"2021-01-25T10:30:58","date_gmt":"2021-01-25T10:30:58","guid":{"rendered":"https:\/\/blogsaverroes.juntadeandalucia.es\/ceipjosebanus\/?page_id=3314"},"modified":"2021-01-25T10:45:32","modified_gmt":"2021-01-25T10:45:32","slug":"ipasen","status":"publish","type":"page","link":"https:\/\/blogsaverroes.juntadeandalucia.es\/ceipjosebanus\/ipasen\/","title":{"rendered":"IPASEN"},"content":{"rendered":"<h1 style=\"text-align: center\"><strong>\u00bfQu\u00e9 es PASEN?<\/strong><\/h1>\n<p><iframe loading=\"lazy\" title=\"PASEN\" width=\"500\" height=\"281\" src=\"https:\/\/www.youtube.com\/embed\/7ShGT1uK_Wg?feature=oembed&#038;wmode=opaque\" frameborder=\"0\" allow=\"accelerometer; autoplay; clipboard-write; encrypted-media; gyroscope; picture-in-picture; web-share\" referrerpolicy=\"strict-origin-when-cross-origin\" allowfullscreen><\/iframe><\/p>\n<h1 style=\"text-align: center\"><strong>Descarga e instalaci\u00f3n de iPasen.<\/strong><\/h1>\n<p><iframe loading=\"lazy\" title=\"iPasen. Instalaci\u00f3n: Descargar e instalar la aplicaci\u00f3n\" width=\"500\" height=\"281\" src=\"https:\/\/www.youtube.com\/embed\/GPbSrGRnhqY?feature=oembed&#038;wmode=opaque\" frameborder=\"0\" allow=\"accelerometer; autoplay; clipboard-write; encrypted-media; gyroscope; picture-in-picture; web-share\" referrerpolicy=\"strict-origin-when-cross-origin\" allowfullscreen><\/iframe><\/p>\n<p>&nbsp;<\/p>\n<h1 style=\"text-align: center\"><strong>Autologin o autorregistro en iPasen.<\/strong><\/h1>\n<p><iframe loading=\"lazy\" title=\"Autologin o autorregistro en iPasen\" width=\"500\" height=\"375\" src=\"https:\/\/www.youtube.com\/embed\/cHLova48ULE?feature=oembed&#038;wmode=opaque\" frameborder=\"0\" allow=\"accelerometer; autoplay; clipboard-write; encrypted-media; gyroscope; picture-in-picture; web-share\" referrerpolicy=\"strict-origin-when-cross-origin\" allowfullscreen><\/iframe><\/p>\n<h1 style=\"text-align: center\"><strong>Recuperar contrase\u00f1a iPasen.<\/strong><\/h1>\n<p><iframe loading=\"lazy\" title=\"\u00bfC\u00f3mo recuperar la contrase\u00f1a en iPasen?\" width=\"500\" height=\"281\" src=\"https:\/\/www.youtube.com\/embed\/wL8DKGU8xL4?feature=oembed&#038;wmode=opaque\" frameborder=\"0\" allow=\"accelerometer; autoplay; clipboard-write; encrypted-media; gyroscope; picture-in-picture; web-share\" referrerpolicy=\"strict-origin-when-cross-origin\" allowfullscreen><\/iframe><\/p>\n<h1>&nbsp;<\/h1>\n<h1 style=\"text-align: center\"><strong>Calificaciones y las notas en iPasen.<\/strong><\/h1>\n<p><iframe loading=\"lazy\" title=\"C\u00f3mo ver y consultar las calificaciones y las notas en iPasen\" width=\"500\" height=\"281\" src=\"https:\/\/www.youtube.com\/embed\/7Go7245oB_E?feature=oembed&#038;wmode=opaque\" frameborder=\"0\" allow=\"accelerometer; autoplay; clipboard-write; encrypted-media; gyroscope; picture-in-picture; web-share\" referrerpolicy=\"strict-origin-when-cross-origin\" allowfullscreen><\/iframe><\/p>\n<h1 style=\"text-align: center\"><strong>Env\u00edo de comunicaciones de las familias al profesorado con iPasen.<\/strong><\/h1>\n<p>&nbsp;<\/p>\n<p><iframe loading=\"lazy\" title=\"Env\u00edo de comunicaciones de las familias al profesorado con iPasen\" width=\"500\" height=\"281\" src=\"https:\/\/www.youtube.com\/embed\/AHGxV7vPYc4?feature=oembed&#038;wmode=opaque\" frameborder=\"0\" allow=\"accelerometer; autoplay; clipboard-write; encrypted-media; gyroscope; picture-in-picture; web-share\" referrerpolicy=\"strict-origin-when-cross-origin\" allowfullscreen><\/iframe><\/p>\n<p>&nbsp;<\/p>\n<h1 style=\"text-align: center\"><strong>Justificar faltas de asistencia en iPasen.<\/strong><\/h1>\n<p><iframe loading=\"lazy\" title=\"C\u00f3mo justificar faltas de asistencia en iPasen\" width=\"500\" height=\"281\" src=\"https:\/\/www.youtube.com\/embed\/W3a7pt1hqr8?feature=oembed&#038;wmode=opaque\" frameborder=\"0\" allow=\"accelerometer; autoplay; clipboard-write; encrypted-media; gyroscope; picture-in-picture; web-share\" referrerpolicy=\"strict-origin-when-cross-origin\" allowfullscreen><\/iframe><\/p>\n<p>&nbsp;<\/p>\n<h1 style=\"text-align: center\"><strong>Obtener clave iANDe.<\/strong><\/h1>\n<p><iframe loading=\"lazy\" title=\"Obtener el iANDe\" width=\"500\" height=\"281\" src=\"https:\/\/www.youtube.com\/embed\/Br6XrUuD6fM?feature=oembed&#038;wmode=opaque\" frameborder=\"0\" allow=\"accelerometer; autoplay; clipboard-write; encrypted-media; gyroscope; picture-in-picture; web-share\" referrerpolicy=\"strict-origin-when-cross-origin\" allowfullscreen><\/iframe><\/p>\n<p>&nbsp;<\/p>\n<h1 style=\"text-align: center\"><strong>Punto de Recogida de Documentos \u2013 iPasen.<\/strong><\/h1>\n<p>&nbsp;<\/p>\n<p><iframe loading=\"lazy\" title=\"(DESACTUALIZADO) IPASEN 4: Punto de Recogida de Documentos\" width=\"500\" height=\"281\" src=\"https:\/\/www.youtube.com\/embed\/ewK-h2s6Snc?feature=oembed&#038;wmode=opaque\" frameborder=\"0\" allow=\"accelerometer; autoplay; clipboard-write; encrypted-media; gyroscope; picture-in-picture; web-share\" referrerpolicy=\"strict-origin-when-cross-origin\" allowfullscreen><\/iframe><\/p>\n","protected":false},"excerpt":{"rendered":"<p>\u00bfQu\u00e9 es PASEN? Descarga e instalaci\u00f3n de iPasen. &nbsp; Autologin o autorregistro en iPasen. Recuperar contrase\u00f1a iPasen. &nbsp; Calificaciones y las notas en iPasen. Env\u00edo de comunicaciones de las familias al profesorado con iPasen.&#46;&#46;&#46;<\/p>\n","protected":false},"author":2132,"featured_media":0,"parent":0,"menu_order":0,"comment_status":"closed","ping_status":"closed","template":"","meta":{"ngg_post_thumbnail":0,"footnotes":"","_mc_calendar":[]},"aioseo_notices":[],"_links":{"self":[{"href":"https:\/\/blogsaverroes.juntadeandalucia.es\/ceipjosebanus\/wp-json\/wp\/v2\/pages\/3314"}],"collection":[{"href":"https:\/\/blogsaverroes.juntadeandalucia.es\/ceipjosebanus\/wp-json\/wp\/v2\/pages"}],"about":[{"href":"https:\/\/blogsaverroes.juntadeandalucia.es\/ceipjosebanus\/wp-json\/wp\/v2\/types\/page"}],"author":[{"embeddable":true,"href":"https:\/\/blogsaverroes.juntadeandalucia.es\/ceipjosebanus\/wp-json\/wp\/v2\/users\/2132"}],"replies":[{"embeddable":true,"href":"https:\/\/blogsaverroes.juntadeandalucia.es\/ceipjosebanus\/wp-json\/wp\/v2\/comments?post=3314"}],"version-history":[{"count":7,"href":"https:\/\/blogsaverroes.juntadeandalucia.es\/ceipjosebanus\/wp-json\/wp\/v2\/pages\/3314\/revisions"}],"predecessor-version":[{"id":3323,"href":"https:\/\/blogsaverroes.juntadeandalucia.es\/ceipjosebanus\/wp-json\/wp\/v2\/pages\/3314\/revisions\/3323"}],"wp:attachment":[{"href":"https:\/\/blogsaverroes.juntadeandalucia.es\/ceipjosebanus\/wp-json\/wp\/v2\/media?parent=3314"}],"curies":[{"name":"wp","href":"https:\/\/api.w.org\/{rel}","templated":true}]}}