{"id":35,"date":"2015-03-13T08:21:43","date_gmt":"2015-03-13T08:21:43","guid":{"rendered":"http:\/\/blogsaverroes.juntadeandalucia.es\/pre\/ceip\/?page_id=35"},"modified":"2025-01-13T12:48:33","modified_gmt":"2025-01-13T12:48:33","slug":"el-centro-2","status":"publish","type":"page","link":"https:\/\/blogsaverroes.juntadeandalucia.es\/ceipjosebanus\/el-centro-2\/","title":{"rendered":"Datos del centro"},"content":{"rendered":"<p><iframe loading=\"lazy\" src=\"https:\/\/www.google.com\/maps\/embed?pb=!1m18!1m12!1m3!1d6414.369779825138!2d-4.97642152325008!3d36.50139878053521!2m3!1f0!2f0!3f0!3m2!1i1024!2i768!4f13.1!3m3!1m2!1s0xd7329ff41b48993%3A0xeb961250ba683acb!2zQ29sZWdpbyBQw7pibGljbyBKb3PDqSBCYW7DunM!5e0!3m2!1ses!2ses!4v1604405716701!5m2!1ses!2ses\" width=\"600\" height=\"450\" frameborder=\"0\"><\/iframe><\/p>\n<h4>Datos de contacto<\/h4>\n<p>CEIP JOS\u00c9 BAN\u00daS (29006866)<\/p>\n<p><strong>Direcci\u00f3n:<\/strong>&nbsp; Calle Gustavo Adolfo B\u00e9cquer, 34-36 Nueva Andaluc\u00eda (Marbella) C.P.: 29660<\/p>\n<p><strong>Tel\u00e9fono : 951270530 &#8211; 671534028<\/strong><\/p>\n<p>Fax: 951270532<\/p>\n<p><strong>Email:<\/strong><\/p>\n<p>29006866.edu@juntadeandalucia.es<\/p>\n<p>&nbsp;<\/p>\n<h4><strong>Horarios<\/strong><\/h4>\n<p><strong>Secretar\u00eda:&nbsp;<\/strong><\/p>\n<p>Lunes, Mi\u00e9rcoles y Viernes con cita previa de 10 a 11 horas.<\/p>\n<h4><strong>Oferta educativa<\/strong><\/h4>\n<ul>\n<li>Educaci\u00f3n Infantil 3 a 6 a\u00f1os. Cuatro l\u00edneas<\/li>\n<li>Educaci\u00f3n Primaria 1\u00ba a 6\u00ba. Cuatro l\u00edneas.<\/li>\n<li>Actividades Extraescolares<\/li>\n<li>Comedor<\/li>\n<li>Transporte Escolar<\/li>\n<li>Aula Matinal<\/li>\n<\/ul>\n<h4 style=\"text-align: center\">FOTOS DEL CENTRO<\/h4>\n<div id=\"attachment_2303\" style=\"width: 850px\" class=\"wp-caption alignnone\"><img loading=\"lazy\" decoding=\"async\" aria-describedby=\"caption-attachment-2303\" class=\"wp-image-2303 size-full\" src=\"https:\/\/blogsaverroes.juntadeandalucia.es\/ceipjosebanus\/files\/2020\/11\/Foto_Entrada_Grande.jpg\" alt=\"\" width=\"840\" height=\"631\" srcset=\"https:\/\/blogsaverroes.juntadeandalucia.es\/ceipjosebanus\/files\/2020\/11\/Foto_Entrada_Grande.jpg 840w, https:\/\/blogsaverroes.juntadeandalucia.es\/ceipjosebanus\/files\/2020\/11\/Foto_Entrada_Grande-300x225.jpg 300w, https:\/\/blogsaverroes.juntadeandalucia.es\/ceipjosebanus\/files\/2020\/11\/Foto_Entrada_Grande-768x577.jpg 768w, https:\/\/blogsaverroes.juntadeandalucia.es\/ceipjosebanus\/files\/2020\/11\/Foto_Entrada_Grande-24x18.jpg 24w, https:\/\/blogsaverroes.juntadeandalucia.es\/ceipjosebanus\/files\/2020\/11\/Foto_Entrada_Grande-36x27.jpg 36w, https:\/\/blogsaverroes.juntadeandalucia.es\/ceipjosebanus\/files\/2020\/11\/Foto_Entrada_Grande-48x36.jpg 48w\" sizes=\"(max-width: 840px) 100vw, 840px\" \/><p id=\"caption-attachment-2303\" class=\"wp-caption-text\">EDIFICIO PRIMARIA<\/p><\/div>\n<div id=\"attachment_2304\" style=\"width: 910px\" class=\"wp-caption alignnone\"><img loading=\"lazy\" decoding=\"async\" aria-describedby=\"caption-attachment-2304\" class=\"wp-image-2304 size-full\" src=\"https:\/\/blogsaverroes.juntadeandalucia.es\/ceipjosebanus\/files\/2020\/11\/Foto_Patio_Inf_grande.jpg\" alt=\"\" width=\"900\" height=\"675\" srcset=\"https:\/\/blogsaverroes.juntadeandalucia.es\/ceipjosebanus\/files\/2020\/11\/Foto_Patio_Inf_grande.jpg 900w, https:\/\/blogsaverroes.juntadeandalucia.es\/ceipjosebanus\/files\/2020\/11\/Foto_Patio_Inf_grande-300x225.jpg 300w, https:\/\/blogsaverroes.juntadeandalucia.es\/ceipjosebanus\/files\/2020\/11\/Foto_Patio_Inf_grande-768x576.jpg 768w, https:\/\/blogsaverroes.juntadeandalucia.es\/ceipjosebanus\/files\/2020\/11\/Foto_Patio_Inf_grande-24x18.jpg 24w, https:\/\/blogsaverroes.juntadeandalucia.es\/ceipjosebanus\/files\/2020\/11\/Foto_Patio_Inf_grande-36x27.jpg 36w, https:\/\/blogsaverroes.juntadeandalucia.es\/ceipjosebanus\/files\/2020\/11\/Foto_Patio_Inf_grande-48x36.jpg 48w\" sizes=\"(max-width: 900px) 100vw, 900px\" \/><p id=\"caption-attachment-2304\" class=\"wp-caption-text\">PATIO DE INFANTIL<\/p><\/div>\n<div id=\"attachment_2305\" style=\"width: 910px\" class=\"wp-caption alignnone\"><img loading=\"lazy\" decoding=\"async\" aria-describedby=\"caption-attachment-2305\" class=\"wp-image-2305 size-full\" src=\"https:\/\/blogsaverroes.juntadeandalucia.es\/ceipjosebanus\/files\/2020\/11\/Foto_Polideportivo_Grande.jpg\" alt=\"\" width=\"900\" height=\"675\" srcset=\"https:\/\/blogsaverroes.juntadeandalucia.es\/ceipjosebanus\/files\/2020\/11\/Foto_Polideportivo_Grande.jpg 900w, https:\/\/blogsaverroes.juntadeandalucia.es\/ceipjosebanus\/files\/2020\/11\/Foto_Polideportivo_Grande-300x225.jpg 300w, https:\/\/blogsaverroes.juntadeandalucia.es\/ceipjosebanus\/files\/2020\/11\/Foto_Polideportivo_Grande-768x576.jpg 768w, https:\/\/blogsaverroes.juntadeandalucia.es\/ceipjosebanus\/files\/2020\/11\/Foto_Polideportivo_Grande-24x18.jpg 24w, https:\/\/blogsaverroes.juntadeandalucia.es\/ceipjosebanus\/files\/2020\/11\/Foto_Polideportivo_Grande-36x27.jpg 36w, https:\/\/blogsaverroes.juntadeandalucia.es\/ceipjosebanus\/files\/2020\/11\/Foto_Polideportivo_Grande-48x36.jpg 48w\" sizes=\"(max-width: 900px) 100vw, 900px\" \/><p id=\"caption-attachment-2305\" class=\"wp-caption-text\">PISTA POLIDEPORTIVA<\/p><\/div>\n<p>&nbsp;<\/p>\n","protected":false},"excerpt":{"rendered":"<p>Datos de contacto CEIP JOS\u00c9 BAN\u00daS (29006866) Direcci\u00f3n:&nbsp; Calle Gustavo Adolfo B\u00e9cquer, 34-36 Nueva Andaluc\u00eda (Marbella) C.P.: 29660 Tel\u00e9fono : 951270530 &#8211; 671534028 Fax: 951270532 Email: 29006866.edu@juntadeandalucia.es &nbsp; Horarios Secretar\u00eda:&nbsp; Lunes, Mi\u00e9rcoles y Viernes&#46;&#46;&#46;<\/p>\n","protected":false},"author":1,"featured_media":0,"parent":0,"menu_order":0,"comment_status":"closed","ping_status":"open","template":"page-cs.php","meta":{"ngg_post_thumbnail":0,"footnotes":"","_mc_calendar":[]},"aioseo_notices":[],"_links":{"self":[{"href":"https:\/\/blogsaverroes.juntadeandalucia.es\/ceipjosebanus\/wp-json\/wp\/v2\/pages\/35"}],"collection":[{"href":"https:\/\/blogsaverroes.juntadeandalucia.es\/ceipjosebanus\/wp-json\/wp\/v2\/pages"}],"about":[{"href":"https:\/\/blogsaverroes.juntadeandalucia.es\/ceipjosebanus\/wp-json\/wp\/v2\/types\/page"}],"author":[{"embeddable":true,"href":"https:\/\/blogsaverroes.juntadeandalucia.es\/ceipjosebanus\/wp-json\/wp\/v2\/users\/1"}],"replies":[{"embeddable":true,"href":"https:\/\/blogsaverroes.juntadeandalucia.es\/ceipjosebanus\/wp-json\/wp\/v2\/comments?post=35"}],"version-history":[{"count":27,"href":"https:\/\/blogsaverroes.juntadeandalucia.es\/ceipjosebanus\/wp-json\/wp\/v2\/pages\/35\/revisions"}],"predecessor-version":[{"id":5402,"href":"https:\/\/blogsaverroes.juntadeandalucia.es\/ceipjosebanus\/wp-json\/wp\/v2\/pages\/35\/revisions\/5402"}],"wp:attachment":[{"href":"https:\/\/blogsaverroes.juntadeandalucia.es\/ceipjosebanus\/wp-json\/wp\/v2\/media?parent=35"}],"curies":[{"name":"wp","href":"https:\/\/api.w.org\/{rel}","templated":true}]}}