{"id":4211,"date":"2022-07-04T11:10:31","date_gmt":"2022-07-04T11:10:31","guid":{"rendered":"https:\/\/blogsaverroes.juntadeandalucia.es\/ceipjosebanus\/?page_id=4211"},"modified":"2024-03-14T09:47:50","modified_gmt":"2024-03-14T09:47:50","slug":"villa-banus","status":"publish","type":"page","link":"https:\/\/blogsaverroes.juntadeandalucia.es\/ceipjosebanus\/villa-banus\/","title":{"rendered":"VILLA BAN\u00daS"},"content":{"rendered":"<p>Estimadas familias, este curso escolar 2023-24 continuamos con nuestro proyecto de Villa Ban\u00fas, con el que pretendemos hacer las ma\u00f1anas divertidas y emocionantes a nuestro alumnado.&nbsp;<\/p>\n<p>\u00a1Que mejor manera de venir a aprender a nuestro centro que a trav\u00e9s del juego!&nbsp;<\/p>\n<p>Con este maravilloso proyecto, pretendemos que nuestro alumnado practique y mejore a trav\u00e9s del juego todas las competencias que luego le van a hacer falta para desenvolverse en la vida cotidiana y en su entorno inmediato.&nbsp;<\/p>\n<p>Para ello hemos a transformado todo nuestro centro en una Villa, donde nuestro alumnado vendr\u00e1 cada ma\u00f1ana a trabajar a su casa (clase) que estar\u00e1 situada en una calle (pasillo) y que formar\u00e1 parte de los diferentes barrios de nuestra villa (niveles).&nbsp;<\/p>\n<p>Como trabajadores que son, al finalizar su semana de trabajo van a recibir su sueldo seg\u00fan su rendimiento en el trabajo, este sueldo ser\u00e1 pagado en Banusitos que es la moneda de nuestra villa.&nbsp;<\/p>\n<p>\u00bfQu\u00e9 podr\u00e1n hacer con los Banusitos?&nbsp;<\/p>\n<p>Pues como vecinos de la villa podr\u00e1n alquilar materiales para jugar en los recreos, libros para leer en nuestra zona de bibliopatio, comprar entrada para los diferentes talleres o comprar cosas en las tiendas de aut\u00f3nomos en nuestro Mercado de Villa Ban\u00fas-<\/p>\n<p>Queremos darle vida mucha vida a la villa y para ello nuestro alumnado podr\u00e1 ejercer diferentes profesiones durante los recreos o en las horas destinadas en su horario de ma\u00f1ana al proyecto. Podr\u00e1n ser polic\u00eda local, nacional, agricultor, funcionario de correos, agente inmobiliario, trabajadores de igualdad, profesores\/as de ajedrez, guardia civiles de aduana, banqueros\/as, cascos azules de la paz, periodistas, aut\u00f3nomos, enfermeros\/as ,&nbsp; y hasta Alcalde o Alcaldesa de nuestra villa!!!<\/p>\n<p>Tendremos reporteros en todas las clases que editaran noticias de los acontecimientos de nuestra villa que ser\u00e1n publicados en nuestra p\u00e1gina web.&nbsp;<\/p>\n<p>\u00a1Estamos muy emocionados al respecto y nuestro alumnado muy motivado!&nbsp;<\/p>\n<p>VAMOS A NECESITAR MUCH\u00cdSIMA COLABORACI\u00d3N POR VUESTRA PARTE PARA QUE TODO VAYA GENIAL!!!<\/p>\n<p>Esperamos os guste mucho!&nbsp;&nbsp;<\/p>\n<p><strong>ENLACE PARA VER EL PROYECTO EN PDF:<\/strong><\/p>\n<p><strong><a href=\"https:\/\/blogsaverroes.juntadeandalucia.es\/ceipjosebanus\/files\/2024\/03\/Proyecto-de-Villa-Ban\u00fas-curso-23-24.pdf\">Proyecto de Villa Ban\u00fas curso 23-24<\/a><\/strong><\/p>\n<p><a href=\"https:\/\/blogsaverroes.juntadeandalucia.es\/ceipjosebanus\/files\/2024\/03\/CONSTITUCI\u00d3N-VILLA-BAN\u00daS-.pdf\">CONSTITUCI\u00d3N VILLA BAN\u00daS<\/a><\/p>\n<p><iframe loading=\"lazy\" title=\"HIMNO VILLA BAN\u00daS C.E.I.P. JOS\u00c9 BAN\u00daS\" width=\"500\" height=\"375\" src=\"https:\/\/www.youtube.com\/embed\/RlftP-b9Eno?feature=oembed&#038;wmode=opaque\" frameborder=\"0\" allow=\"accelerometer; autoplay; clipboard-write; encrypted-media; gyroscope; picture-in-picture; web-share\" referrerpolicy=\"strict-origin-when-cross-origin\" allowfullscreen><\/iframe><\/p>\n<p>&nbsp;<\/p>\n","protected":false},"excerpt":{"rendered":"<p>Estimadas familias, este curso escolar 2023-24 continuamos con nuestro proyecto de Villa Ban\u00fas, con el que pretendemos hacer las ma\u00f1anas divertidas y emocionantes a nuestro alumnado.&nbsp; \u00a1Que mejor manera de venir a aprender a&#46;&#46;&#46;<\/p>\n","protected":false},"author":2132,"featured_media":0,"parent":0,"menu_order":0,"comment_status":"closed","ping_status":"closed","template":"","meta":{"ngg_post_thumbnail":0,"footnotes":"","_mc_calendar":[]},"aioseo_notices":[],"_links":{"self":[{"href":"https:\/\/blogsaverroes.juntadeandalucia.es\/ceipjosebanus\/wp-json\/wp\/v2\/pages\/4211"}],"collection":[{"href":"https:\/\/blogsaverroes.juntadeandalucia.es\/ceipjosebanus\/wp-json\/wp\/v2\/pages"}],"about":[{"href":"https:\/\/blogsaverroes.juntadeandalucia.es\/ceipjosebanus\/wp-json\/wp\/v2\/types\/page"}],"author":[{"embeddable":true,"href":"https:\/\/blogsaverroes.juntadeandalucia.es\/ceipjosebanus\/wp-json\/wp\/v2\/users\/2132"}],"replies":[{"embeddable":true,"href":"https:\/\/blogsaverroes.juntadeandalucia.es\/ceipjosebanus\/wp-json\/wp\/v2\/comments?post=4211"}],"version-history":[{"count":6,"href":"https:\/\/blogsaverroes.juntadeandalucia.es\/ceipjosebanus\/wp-json\/wp\/v2\/pages\/4211\/revisions"}],"predecessor-version":[{"id":5199,"href":"https:\/\/blogsaverroes.juntadeandalucia.es\/ceipjosebanus\/wp-json\/wp\/v2\/pages\/4211\/revisions\/5199"}],"wp:attachment":[{"href":"https:\/\/blogsaverroes.juntadeandalucia.es\/ceipjosebanus\/wp-json\/wp\/v2\/media?parent=4211"}],"curies":[{"name":"wp","href":"https:\/\/api.w.org\/{rel}","templated":true}]}}