{"id":49,"date":"2015-03-13T08:47:05","date_gmt":"2015-03-13T08:47:05","guid":{"rendered":"http:\/\/blogsaverroes.juntadeandalucia.es\/pre\/ceip\/?page_id=49"},"modified":"2025-11-23T09:39:31","modified_gmt":"2025-11-23T09:39:31","slug":"proyecto-educativo","status":"publish","type":"page","link":"https:\/\/blogsaverroes.juntadeandalucia.es\/ceipjosebanus\/proyecto-educativo\/","title":{"rendered":"Proyecto Educativo"},"content":{"rendered":"<p>PROYECTO EDUCATIVO&nbsp;<\/p>\n<p><img loading=\"lazy\" decoding=\"async\" class=\"alignnone size-medium wp-image-1662\" src=\"https:\/\/blogsaverroes.juntadeandalucia.es\/ceipjosebanus\/files\/2015\/03\/proyecto-300x266.png\" alt=\"proyecto\" width=\"300\" height=\"266\" srcset=\"https:\/\/blogsaverroes.juntadeandalucia.es\/ceipjosebanus\/files\/2015\/03\/proyecto-300x266.png 300w, https:\/\/blogsaverroes.juntadeandalucia.es\/ceipjosebanus\/files\/2015\/03\/proyecto.png 640w\" sizes=\"(max-width: 300px) 100vw, 300px\" \/><\/p>\n<p data-start=\"609\" data-end=\"953\">El Proyecto Educativo de nuestro CEIP constituye el marco que orienta la vida y la organizaci\u00f3n del centro. En \u00e9l se recogen los principios, valores y objetivos que gu\u00edan nuestra acci\u00f3n educativa, as\u00ed como las l\u00edneas de actuaci\u00f3n que permiten ofrecer una ense\u00f1anza de calidad adaptada a las necesidades de nuestro alumnado y de nuestro entorno.<\/p>\n<p data-start=\"955\" data-end=\"1319\">Nuestro colegio apuesta por una educaci\u00f3n integral, inclusiva y participativa, que fomente el desarrollo personal, intelectual y emocional de todos los ni\u00f1os y ni\u00f1as. Trabajamos para crear un clima de convivencia basado en el respeto, la igualdad y la cooperaci\u00f3n, promoviendo una comunidad educativa comprometida con la mejora continua y la innovaci\u00f3n pedag\u00f3gica.<\/p>\n<p data-start=\"1321\" data-end=\"1642\">El Proyecto Educativo refleja, adem\u00e1s, el compromiso del centro con la formaci\u00f3n en valores, la sostenibilidad, el uso responsable de las tecnolog\u00edas y la apertura al entorno social y cultural. En definitiva, es el documento que da identidad al colegio y que define nuestro modo de entender y vivir la educaci\u00f3n cada d\u00eda.<\/p>\n<p>Un centro se define en gran medida por su <strong>Proyecto Educativo<\/strong>. En \u00e9l se plasma el modelo educativo y la concreci\u00f3n de la normativa que un centro realiza respecto a las ense\u00f1anzas que imparte. Aspectos tales como las finalidades educativas, objetivos, atenci\u00f3n a la diversidad, etc.<\/p>\n<p>Que la web de un centro informe de su Proyecto Educativo es una apuesta clara por la <strong>transparencia.<\/strong><\/p>\n<p><strong>PROYECTO EDUCATIVO 25-26<\/strong><\/p>\n<p>&nbsp;<iframe loading=\"lazy\" src=\"https:\/\/drive.google.com\/file\/d\/1HY2xyA-qdBlv4_gmbTWU-Jld2WvxsoXG\/preview\" width=\"640\" height=\"480\"><\/iframe><\/p>\n<p><strong>PROYECTO DE GESTI\u00d3N 25-26&nbsp;<\/strong><\/p>\n<p>&nbsp;<iframe loading=\"lazy\" src=\"https:\/\/drive.google.com\/file\/d\/1U8sV9PZR1hMwg9sA68c2XJtuzaWLjWYt\/preview\" width=\"640\" height=\"480\"><\/iframe><\/p>\n<p><strong>ROF 25-26&nbsp;<\/strong><\/p>\n<p>&nbsp;<iframe loading=\"lazy\" src=\"https:\/\/drive.google.com\/file\/d\/1rkA2mQ2QYamhOmFNhRKMRH4fXg8AbMPG\/preview\" width=\"640\" height=\"480\"><\/iframe><\/p>\n","protected":false},"excerpt":{"rendered":"<p>PROYECTO EDUCATIVO&nbsp; El Proyecto Educativo de nuestro CEIP constituye el marco que orienta la vida y la organizaci\u00f3n del centro. En \u00e9l se recogen los principios, valores y objetivos que gu\u00edan nuestra acci\u00f3n educativa,&#46;&#46;&#46;<\/p>\n","protected":false},"author":1,"featured_media":0,"parent":0,"menu_order":0,"comment_status":"closed","ping_status":"open","template":"","meta":{"ngg_post_thumbnail":0,"footnotes":"","_mc_calendar":[]},"aioseo_notices":[],"_links":{"self":[{"href":"https:\/\/blogsaverroes.juntadeandalucia.es\/ceipjosebanus\/wp-json\/wp\/v2\/pages\/49"}],"collection":[{"href":"https:\/\/blogsaverroes.juntadeandalucia.es\/ceipjosebanus\/wp-json\/wp\/v2\/pages"}],"about":[{"href":"https:\/\/blogsaverroes.juntadeandalucia.es\/ceipjosebanus\/wp-json\/wp\/v2\/types\/page"}],"author":[{"embeddable":true,"href":"https:\/\/blogsaverroes.juntadeandalucia.es\/ceipjosebanus\/wp-json\/wp\/v2\/users\/1"}],"replies":[{"embeddable":true,"href":"https:\/\/blogsaverroes.juntadeandalucia.es\/ceipjosebanus\/wp-json\/wp\/v2\/comments?post=49"}],"version-history":[{"count":16,"href":"https:\/\/blogsaverroes.juntadeandalucia.es\/ceipjosebanus\/wp-json\/wp\/v2\/pages\/49\/revisions"}],"predecessor-version":[{"id":5532,"href":"https:\/\/blogsaverroes.juntadeandalucia.es\/ceipjosebanus\/wp-json\/wp\/v2\/pages\/49\/revisions\/5532"}],"wp:attachment":[{"href":"https:\/\/blogsaverroes.juntadeandalucia.es\/ceipjosebanus\/wp-json\/wp\/v2\/media?parent=49"}],"curies":[{"name":"wp","href":"https:\/\/api.w.org\/{rel}","templated":true}]}}