{"id":5422,"date":"2025-03-24T11:53:05","date_gmt":"2025-03-24T11:53:05","guid":{"rendered":"https:\/\/blogsaverroes.juntadeandalucia.es\/ceipjosebanus\/?page_id=5422"},"modified":"2025-04-25T12:03:31","modified_gmt":"2025-04-25T12:03:31","slug":"biblioteca-24-25","status":"publish","type":"page","link":"https:\/\/blogsaverroes.juntadeandalucia.es\/ceipjosebanus\/biblioteca-24-25\/","title":{"rendered":"BIBLIOTECA 24-25"},"content":{"rendered":"<p>&nbsp;<\/p>\n<p><img loading=\"lazy\" decoding=\"async\" class=\"alignleft size-large wp-image-5439\" src=\"https:\/\/blogsaverroes.juntadeandalucia.es\/ceipjosebanus\/files\/2025\/04\/2-1024x1024.jpg\" alt=\"\" width=\"782\" height=\"782\" srcset=\"https:\/\/blogsaverroes.juntadeandalucia.es\/ceipjosebanus\/files\/2025\/04\/2-1024x1024.jpg 1024w, https:\/\/blogsaverroes.juntadeandalucia.es\/ceipjosebanus\/files\/2025\/04\/2-300x300.jpg 300w, https:\/\/blogsaverroes.juntadeandalucia.es\/ceipjosebanus\/files\/2025\/04\/2-150x150.jpg 150w, https:\/\/blogsaverroes.juntadeandalucia.es\/ceipjosebanus\/files\/2025\/04\/2-768x768.jpg 768w, https:\/\/blogsaverroes.juntadeandalucia.es\/ceipjosebanus\/files\/2025\/04\/2.jpg 1080w\" sizes=\"(max-width: 782px) 100vw, 782px\" \/><\/p>\n<p>&nbsp;<\/p>\n<p>&nbsp;<\/p>\n<p>&nbsp;<\/p>\n<p>&nbsp;<\/p>\n<p>&nbsp;<\/p>\n<p>&nbsp;<\/p>\n<p>&nbsp;<\/p>\n<p>&nbsp;<\/p>\n<p><img loading=\"lazy\" decoding=\"async\" class=\"alignleft size-large wp-image-5438\" src=\"https:\/\/blogsaverroes.juntadeandalucia.es\/ceipjosebanus\/files\/2025\/04\/1-1024x1024.jpg\" alt=\"\" width=\"782\" height=\"782\" srcset=\"https:\/\/blogsaverroes.juntadeandalucia.es\/ceipjosebanus\/files\/2025\/04\/1-1024x1024.jpg 1024w, https:\/\/blogsaverroes.juntadeandalucia.es\/ceipjosebanus\/files\/2025\/04\/1-300x300.jpg 300w, https:\/\/blogsaverroes.juntadeandalucia.es\/ceipjosebanus\/files\/2025\/04\/1-150x150.jpg 150w, https:\/\/blogsaverroes.juntadeandalucia.es\/ceipjosebanus\/files\/2025\/04\/1-768x768.jpg 768w, https:\/\/blogsaverroes.juntadeandalucia.es\/ceipjosebanus\/files\/2025\/04\/1.jpg 1080w\" sizes=\"(max-width: 782px) 100vw, 782px\" \/><img loading=\"lazy\" decoding=\"async\" class=\"alignleft size-large wp-image-5441\" src=\"https:\/\/blogsaverroes.juntadeandalucia.es\/ceipjosebanus\/files\/2025\/04\/Grey-Modern-Home-Before-After-Instagram-Post-1-1024x1024.jpg\" alt=\"\" width=\"782\" height=\"782\" srcset=\"https:\/\/blogsaverroes.juntadeandalucia.es\/ceipjosebanus\/files\/2025\/04\/Grey-Modern-Home-Before-After-Instagram-Post-1-1024x1024.jpg 1024w, https:\/\/blogsaverroes.juntadeandalucia.es\/ceipjosebanus\/files\/2025\/04\/Grey-Modern-Home-Before-After-Instagram-Post-1-300x300.jpg 300w, https:\/\/blogsaverroes.juntadeandalucia.es\/ceipjosebanus\/files\/2025\/04\/Grey-Modern-Home-Before-After-Instagram-Post-1-150x150.jpg 150w, https:\/\/blogsaverroes.juntadeandalucia.es\/ceipjosebanus\/files\/2025\/04\/Grey-Modern-Home-Before-After-Instagram-Post-1-768x768.jpg 768w, https:\/\/blogsaverroes.juntadeandalucia.es\/ceipjosebanus\/files\/2025\/04\/Grey-Modern-Home-Before-After-Instagram-Post-1.jpg 1080w\" sizes=\"(max-width: 782px) 100vw, 782px\" \/><img loading=\"lazy\" decoding=\"async\" class=\"alignleft size-large wp-image-5440\" src=\"https:\/\/blogsaverroes.juntadeandalucia.es\/ceipjosebanus\/files\/2025\/04\/4-1024x1024.jpg\" alt=\"\" width=\"782\" height=\"782\" srcset=\"https:\/\/blogsaverroes.juntadeandalucia.es\/ceipjosebanus\/files\/2025\/04\/4-1024x1024.jpg 1024w, https:\/\/blogsaverroes.juntadeandalucia.es\/ceipjosebanus\/files\/2025\/04\/4-300x300.jpg 300w, https:\/\/blogsaverroes.juntadeandalucia.es\/ceipjosebanus\/files\/2025\/04\/4-150x150.jpg 150w, https:\/\/blogsaverroes.juntadeandalucia.es\/ceipjosebanus\/files\/2025\/04\/4-768x768.jpg 768w, https:\/\/blogsaverroes.juntadeandalucia.es\/ceipjosebanus\/files\/2025\/04\/4.jpg 1080w\" sizes=\"(max-width: 782px) 100vw, 782px\" \/>RETOS LECTORES CURSO 2024-2025<\/p>\n<p>&nbsp; <iframe loading=\"lazy\" src=\"https:\/\/drive.google.com\/file\/d\/1DTlMcbyOI-Dj4ddYNqH3JjZg3gcsHcoh\/preview\" width=\"640\" height=\"480\"><\/iframe><\/p>\n<p>&nbsp;<iframe loading=\"lazy\" src=\"https:\/\/drive.google.com\/file\/d\/1eTMAXKtvANYmNbYZp8uCfxgLhDlotcjx\/preview\" width=\"640\" height=\"480\"><\/iframe><\/p>\n<p>&nbsp;<\/p>\n<p>PARTICIPACI\u00d3N EN MARPO\u00c9TICA<\/p>\n<p>&nbsp; <iframe loading=\"lazy\" src=\"https:\/\/drive.google.com\/file\/d\/1qatuQwIzXCjIj2iPrGrUeBpQpbOmUKC2\/preview\" width=\"640\" height=\"480\"><\/iframe><\/p>\n<p>CONCURSO TARJETA NAVIDE\u00d1A 2024<\/p>\n<p>&nbsp; <iframe loading=\"lazy\" src=\"https:\/\/drive.google.com\/file\/d\/17SGqe28QCbJKCqjT75RFQ-ewOUD9impl\/preview\" width=\"640\" height=\"480\"><\/iframe><\/p>\n<p>D\u00cdA DE LA LECTURA EN ANDALUC\u00cdA<\/p>\n<p>&nbsp;<iframe loading=\"lazy\" src=\"https:\/\/drive.google.com\/file\/d\/1w--msP_520HjPMGqwY4idIJGw-crTA04\/preview\" width=\"640\" height=\"480\"><\/iframe><\/p>\n<p>HALLOWEEN<\/p>\n<p>&nbsp; <iframe loading=\"lazy\" src=\"https:\/\/drive.google.com\/file\/d\/1_8Z9zepX8F2UiQLgLsJ-vw8PJ4cb7Wnk\/preview\" width=\"640\" height=\"480\"><\/iframe><\/p>\n","protected":false},"excerpt":{"rendered":"<p>&nbsp; &nbsp; &nbsp; &nbsp; &nbsp; &nbsp; &nbsp; &nbsp; &nbsp; RETOS LECTORES CURSO 2024-2025 &nbsp; &nbsp; &nbsp; PARTICIPACI\u00d3N EN MARPO\u00c9TICA &nbsp; CONCURSO TARJETA NAVIDE\u00d1A 2024 &nbsp; D\u00cdA DE LA LECTURA EN ANDALUC\u00cdA &nbsp; HALLOWEEN &nbsp;<\/p>\n","protected":false},"author":2132,"featured_media":0,"parent":0,"menu_order":0,"comment_status":"closed","ping_status":"closed","template":"","meta":{"ngg_post_thumbnail":0,"footnotes":"","_mc_calendar":[]},"aioseo_notices":[],"_links":{"self":[{"href":"https:\/\/blogsaverroes.juntadeandalucia.es\/ceipjosebanus\/wp-json\/wp\/v2\/pages\/5422"}],"collection":[{"href":"https:\/\/blogsaverroes.juntadeandalucia.es\/ceipjosebanus\/wp-json\/wp\/v2\/pages"}],"about":[{"href":"https:\/\/blogsaverroes.juntadeandalucia.es\/ceipjosebanus\/wp-json\/wp\/v2\/types\/page"}],"author":[{"embeddable":true,"href":"https:\/\/blogsaverroes.juntadeandalucia.es\/ceipjosebanus\/wp-json\/wp\/v2\/users\/2132"}],"replies":[{"embeddable":true,"href":"https:\/\/blogsaverroes.juntadeandalucia.es\/ceipjosebanus\/wp-json\/wp\/v2\/comments?post=5422"}],"version-history":[{"count":4,"href":"https:\/\/blogsaverroes.juntadeandalucia.es\/ceipjosebanus\/wp-json\/wp\/v2\/pages\/5422\/revisions"}],"predecessor-version":[{"id":5425,"href":"https:\/\/blogsaverroes.juntadeandalucia.es\/ceipjosebanus\/wp-json\/wp\/v2\/pages\/5422\/revisions\/5425"}],"wp:attachment":[{"href":"https:\/\/blogsaverroes.juntadeandalucia.es\/ceipjosebanus\/wp-json\/wp\/v2\/media?parent=5422"}],"curies":[{"name":"wp","href":"https:\/\/api.w.org\/{rel}","templated":true}]}}