{"id":77,"date":"2015-03-16T06:54:56","date_gmt":"2015-03-16T06:54:56","guid":{"rendered":"http:\/\/blogsaverroes.juntadeandalucia.es\/pre\/ceip\/?page_id=77"},"modified":"2023-02-09T11:47:40","modified_gmt":"2023-02-09T11:47:40","slug":"secretaria","status":"publish","type":"page","link":"https:\/\/blogsaverroes.juntadeandalucia.es\/ceipjosebanus\/secretaria\/","title":{"rendered":"Secretar\u00eda"},"content":{"rendered":"<h2><strong>D\u00cdAS DE ATENCI\u00d3N AL P\u00daBLICO:<\/strong><\/h2>\n<h4>LUNES, MI\u00c9RCOLES Y VIERNES<\/h4>\n<h2><strong>HORARIO:<\/strong><\/h2>\n<h4>09:30H A 11:00H<\/h4>\n<p>&nbsp;<\/p>\n<h2>IMPRESOS:<\/h2>\n<p><a href=\"https:\/\/blogsaverroes.juntadeandalucia.es\/ceipjosebanus\/files\/2020\/11\/Impreso_Solicitud_Admision_Anexo_III.pdf\">Impreso_Solicitud_Admision_Anexo_III<\/a><\/p>\n<p><a href=\"https:\/\/blogsaverroes.juntadeandalucia.es\/ceipjosebanus\/files\/2020\/11\/BONIFICACIONES.pdf\">BONIFICACIONES<\/a><\/p>\n<p><a href=\"https:\/\/blogsaverroes.juntadeandalucia.es\/ceipjosebanus\/files\/2020\/11\/IMPRESOSCOMEDORAULAACTIVIDAD.pdf\">IMPRESOSCOMEDOR,AULA,ACTIVIDAD<\/a><\/p>\n<p><a href=\"https:\/\/blogsaverroes.juntadeandalucia.es\/ceipjosebanus\/files\/2020\/11\/Matr\u00edcula-Primaria.pdf\">Matr\u00edcula Primaria<\/a><\/p>\n<p><a href=\"https:\/\/blogsaverroes.juntadeandalucia.es\/ceipjosebanus\/files\/2020\/11\/Matr\u00edcula-Infantil.pdf\">Matr\u00edcula Infantil<\/a><\/p>\n<p><a href=\"https:\/\/blogsaverroes.juntadeandalucia.es\/ceipjosebanus\/files\/2020\/11\/TransporteEscolar2012_13_ANEXO_III.pdf\">TransporteEscolar2012_13_ANEXO_III<\/a><\/p>\n<h2>BECAS NE<\/h2>\n<p>ENLACE DEL MINISTERIO DE EDUCACI\u00d3N<\/p>\n<p><a href=\"http:\/\/www.educacionyfp.gob.es\/servicios-al-ciudadano\/catalogo.html\">http:\/\/www.educacionyfp.gob.es\/servicios-al-ciudadano\/catalogo.html<\/a><\/p>\n<p>Documentaci\u00f3n<\/p>\n<ul>\n<li>Para el caso de presentar necesidad espec\u00edfica de apoyo educativo derivada de&nbsp;<strong>discapacidad<\/strong>o&nbsp;<strong>trastorno grave<\/strong>&nbsp;<strong>de<\/strong>&nbsp;<strong>conducta<\/strong>, se requerir\u00e1 acreditarlo por alguna de las siguientes v\u00edas:\n<ul>\n<li><strong>Certificado de un equipo de valoraci\u00f3n y orientaci\u00f3n <\/strong>de un centro base del Instituto de Mayores y de Servicios Sociales u \u00f3rgano correspondiente de la comunidad aut\u00f3noma.<\/li>\n<li><strong>Certificado de un equipo de orientaci\u00f3n educativa y psicopeg\u00f3gica <\/strong>o del departamento de orientaci\u00f3n dependientes de la administraci\u00f3n educativa correspondiente.<\/li>\n<li><strong>Certificado de discapacidad<\/strong>.<\/li>\n<\/ul>\n<\/li>\n<li>Si el solicitante requiere ayuda para&nbsp;<strong>reeducaci\u00f3n pedag\u00f3gica o del lenguaje<\/strong>, se requerir\u00e1, adem\u00e1s de la anterior, la siguiente documentaci\u00f3n:\n<ul>\n<li><strong>Certificaci\u00f3n expedida por el inspector de la zona <\/strong>en la que se acredite la necesidad de recibir estos tratamientos por la inexistencia o insuficiencia de la atenci\u00f3n pedag\u00f3gica proporcionada por el centro en el que est\u00e1 escolarizado el alumno solicitante y la inviabilidad de matriculaci\u00f3n del alumno solicitante en un centro que disponga del servicio de reeducaci\u00f3n requerido.<\/li>\n<li><strong>Informe espec\u00edfico del equipo de orientaci\u00f3n educativa y psicopedag\u00f3gica o del departamento de orientaci\u00f3n <\/strong>en el que se detalle la asistencia educativa y las horas semanales que se consideren necesarias para su correcci\u00f3n, as\u00ed como, en su caso, las prestadas por el centro, la duraci\u00f3n previsible de la misma y las condiciones que garanticen su prestaci\u00f3n.<\/li>\n<li><strong>Memoria expedida por el centro o reeducador <\/strong>que preste el servicio en la que conste informaci\u00f3n detallada de las caracter\u00edsticas del mismo, incluyendo n\u00famero de horas semanales y especialista que lo presta as\u00ed como del coste mensual.<\/li>\n<li><strong>Declaraci\u00f3n responsable <\/strong>de la persona que imparta la reeducaci\u00f3n pedag\u00f3gica o del lenguaje de que re\u00fane los requisitos de formaci\u00f3n establecidos en la convocatoria.<\/li>\n<\/ul>\n<\/li>\n<li>Si la unidad familiar superara los l\u00edmites econ\u00f3micos establecidos en la convocatoria para las ayudas directas, pero tuviera la condici\u00f3n de familia numerosa, la unidad de becas que tramite su solicitud podr\u00e1 proponer de oficio la concesi\u00f3n de subsidio; en ese caso, se requerir\u00e1 presentar la documentaci\u00f3n que demuestre dicha condici\u00f3n de familia numerosa a 31 de diciembre de 2019.<\/li>\n<li>Para el caso de presentar necesidad espec\u00edfica de apoyo educativo asociado a&nbsp;<strong>altas capacidades intelectuales<\/strong>:\n<ul>\n<li><strong>Certificado de un equipo de orientaci\u00f3n educativa y psicopedag\u00f3gica o del departamento de orientaci\u00f3n <\/strong>dependiente de la administraci\u00f3n educativa correspondiente.<\/li>\n<li><strong>Memoria expedida por el centro o el reeducador <\/strong>que preste el servicio en la que conste las caracter\u00edsticas de dicho servicio, as\u00ed como las horas semanales, el especialista que lo presta y el coste.<\/li>\n<\/ul>\n<\/li>\n<\/ul>\n<p>Presentaci\u00f3n de la solicitud<\/p>\n<ul>\n<li><strong>Solicitantes con certificado reconocido de firma electr\u00f3nica<\/strong>: se presentar\u00e1 a trav\u00e9s del registro telem\u00e1tico de este Ministerio, adjuntando un escaneado de los certificados correspondientes.<\/li>\n<li><strong>Solicitantes sin certificado reconocido de firma electr\u00f3nica<\/strong>: imprimir\u00e1n el modelo de solicitud y lo presentar\u00e1n, una vez firmado por todos los miembros de la unidad familiar que deban hacerlo, en el centro educativo en el que se vayan a realizar los estudios durante el curso 2020-2021.&nbsp;<strong>La solicitud no se podr\u00e1 tramitar si no se present\u00f3 en el centro de estudios dentro del plazo de presentaci\u00f3n de solicitudes<\/strong>. Dicho centro de estudios proporcionar\u00e1 un comprobante sellado al solicitante, que le servir\u00e1 de justificante de haber presentado la solicitud.<\/li>\n<\/ul>\n<p>T\u00e9ngase en cuenta que el solicitante debe limitarse a presentar la solicitud. Ser\u00e1 la unidad de becas que tramita dicha solicitud la que determinar\u00e1 qu\u00e9 ayudas o subsidios le puedan corresponder, en funci\u00f3n de la informaci\u00f3n y documentaci\u00f3n de que disponga.<\/p>\n<p>&nbsp;<\/p>\n","protected":false},"excerpt":{"rendered":"<p>D\u00cdAS DE ATENCI\u00d3N AL P\u00daBLICO: LUNES, MI\u00c9RCOLES Y VIERNES HORARIO: 09:30H A 11:00H &nbsp; IMPRESOS: Impreso_Solicitud_Admision_Anexo_III BONIFICACIONES IMPRESOSCOMEDOR,AULA,ACTIVIDAD Matr\u00edcula Primaria Matr\u00edcula Infantil TransporteEscolar2012_13_ANEXO_III BECAS NE ENLACE DEL MINISTERIO DE EDUCACI\u00d3N http:\/\/www.educacionyfp.gob.es\/servicios-al-ciudadano\/catalogo.html Documentaci\u00f3n Para el&#46;&#46;&#46;<\/p>\n","protected":false},"author":1,"featured_media":0,"parent":0,"menu_order":0,"comment_status":"closed","ping_status":"open","template":"page-cs.php","meta":{"ngg_post_thumbnail":0,"footnotes":"","_mc_calendar":[]},"aioseo_notices":[],"_links":{"self":[{"href":"https:\/\/blogsaverroes.juntadeandalucia.es\/ceipjosebanus\/wp-json\/wp\/v2\/pages\/77"}],"collection":[{"href":"https:\/\/blogsaverroes.juntadeandalucia.es\/ceipjosebanus\/wp-json\/wp\/v2\/pages"}],"about":[{"href":"https:\/\/blogsaverroes.juntadeandalucia.es\/ceipjosebanus\/wp-json\/wp\/v2\/types\/page"}],"author":[{"embeddable":true,"href":"https:\/\/blogsaverroes.juntadeandalucia.es\/ceipjosebanus\/wp-json\/wp\/v2\/users\/1"}],"replies":[{"embeddable":true,"href":"https:\/\/blogsaverroes.juntadeandalucia.es\/ceipjosebanus\/wp-json\/wp\/v2\/comments?post=77"}],"version-history":[{"count":8,"href":"https:\/\/blogsaverroes.juntadeandalucia.es\/ceipjosebanus\/wp-json\/wp\/v2\/pages\/77\/revisions"}],"predecessor-version":[{"id":4648,"href":"https:\/\/blogsaverroes.juntadeandalucia.es\/ceipjosebanus\/wp-json\/wp\/v2\/pages\/77\/revisions\/4648"}],"wp:attachment":[{"href":"https:\/\/blogsaverroes.juntadeandalucia.es\/ceipjosebanus\/wp-json\/wp\/v2\/media?parent=77"}],"curies":[{"name":"wp","href":"https:\/\/api.w.org\/{rel}","templated":true}]}}