{"id":871,"date":"2015-03-16T07:25:46","date_gmt":"2015-03-16T07:25:46","guid":{"rendered":"http:\/\/blogsaverroes.juntadeandalucia.es\/pre\/ceip\/?page_id=106"},"modified":"2023-02-09T12:11:59","modified_gmt":"2023-02-09T12:11:59","slug":"actividades-extraescolares","status":"publish","type":"page","link":"https:\/\/blogsaverroes.juntadeandalucia.es\/ceipjosebanus\/actividades-extraescolares\/","title":{"rendered":"Actividades extraescolares"},"content":{"rendered":"<p style=\"text-align: center\"><strong>LAS ACTIVIDADES EXTRAESCOLARES DAR\u00c1N COMIENZO EL D\u00cdA 1 DE OCTUBRE CON EL SIGUIENTE HORARIO:&nbsp;<\/strong><\/p>\n<p><strong>LUNES Y MI\u00c9RCOLES<\/strong><\/p>\n<p><em><strong>16:00 A 17:00 H&nbsp;<\/strong><\/em> &nbsp;<\/p>\n<p>MULTIDEPORTE (PRIMARIA)<\/p>\n<p>BAILE (INFANTIL)<\/p>\n<p>AJEDREZ (PRIMARIA)<\/p>\n<p><em><strong>17:00 A 18:00H<\/strong><\/em><\/p>\n<p>SCRAPBOOKING (INFANTIL Y PRIMARIA)<\/p>\n<p><strong>MARTES Y JUEVES<\/strong><\/p>\n<p><em><strong>16:00 A 17:00 H&nbsp; &nbsp;<\/strong><\/em><\/p>\n<p>ENGLISH GAMES (INFANTIL)<\/p>\n<p>TEATRO (PRIMARIA)<\/p>\n<p>CAMBRIDGE YLE STARTERS (1\u00ba,2\u00ba Y 3\u00ba PRIMARIA)<\/p>\n<p>CAMBRIDGE YLE MOVERS (3\u00ba, 4\u00ba Y 5\u00ba PRIMARIA)<\/p>\n<p><em><strong>17:00 A 18:00 H<\/strong><\/em><\/p>\n<p>YOGA (INFANTIL Y PRIMARIA)<\/p>\n<p>Listado de admitidos puede consultarse en el tabl\u00f3n de centro o en el tel\u00e9fono 951270530<\/p>\n<p>Les informamos que no nos ser\u00e1 posible respetar los grupos de convivencia en estas actividades. por este motivo y primando la salud del alumnado hemos modificado la oferta de actividades, diferenciando al menos entre infantil y primaria. asistir\u00e1n hasta un m\u00e1ximo de 25 alumnos\/as por grupo de distintas edades.&nbsp;<\/p>\n<p>Si han de realizar alg\u00fan cambio en su solicitud del mes de junio han de comunicarlo al colegio.&nbsp;<\/p>\n<p>Para solicitar bajas o cambios han de escribir un correo a:&nbsp;<\/p>\n<p><strong>administrativa@ceipjosebanus.com<\/strong><\/p>\n<p>Les pedimos hagan uso de este servicio, s\u00f3lo si es estrictamente necesario.<\/p>\n<p><strong>IMPORTANTE. S\u00d3LO SE RECIBE BONIFICACI\u00d3N EN UNA ACTIVIDAD.&nbsp;<\/strong><\/p>\n<p><a href=\"http:\/\/educajunior.com\/courses\/actividades-extraescolares\/\">ACTIVIDADES EXTRAESCOLARES &#8211; EDUCAJUNIOR &#8211; Servicios para la Comunidad Educativa<\/a><\/p>\n<p>info@educajunior.com<\/p>\n<p>Tel\u00e9fono de la responsable Rosa martes de 9:00 a 11.00 es el horario de atenci\u00f3n: 690256991<\/p>\n<p>educajuniorjosebanus@gmail.com<\/p>\n<p>&nbsp;<\/p>\n<p>tel\u00e9fono de la empresa: 952298471<\/p>\n","protected":false},"excerpt":{"rendered":"<p>LAS ACTIVIDADES EXTRAESCOLARES DAR\u00c1N COMIENZO EL D\u00cdA 1 DE OCTUBRE CON EL SIGUIENTE HORARIO:&nbsp; LUNES Y MI\u00c9RCOLES 16:00 A 17:00 H&nbsp; &nbsp; MULTIDEPORTE (PRIMARIA) BAILE (INFANTIL) AJEDREZ (PRIMARIA) 17:00 A 18:00H SCRAPBOOKING (INFANTIL Y&#46;&#46;&#46;<\/p>\n","protected":false},"author":1,"featured_media":0,"parent":0,"menu_order":0,"comment_status":"closed","ping_status":"open","template":"page-cs.php","meta":{"ngg_post_thumbnail":0,"footnotes":"","_mc_calendar":[]},"aioseo_notices":[],"_links":{"self":[{"href":"https:\/\/blogsaverroes.juntadeandalucia.es\/ceipjosebanus\/wp-json\/wp\/v2\/pages\/871"}],"collection":[{"href":"https:\/\/blogsaverroes.juntadeandalucia.es\/ceipjosebanus\/wp-json\/wp\/v2\/pages"}],"about":[{"href":"https:\/\/blogsaverroes.juntadeandalucia.es\/ceipjosebanus\/wp-json\/wp\/v2\/types\/page"}],"author":[{"embeddable":true,"href":"https:\/\/blogsaverroes.juntadeandalucia.es\/ceipjosebanus\/wp-json\/wp\/v2\/users\/1"}],"replies":[{"embeddable":true,"href":"https:\/\/blogsaverroes.juntadeandalucia.es\/ceipjosebanus\/wp-json\/wp\/v2\/comments?post=871"}],"version-history":[{"count":10,"href":"https:\/\/blogsaverroes.juntadeandalucia.es\/ceipjosebanus\/wp-json\/wp\/v2\/pages\/871\/revisions"}],"predecessor-version":[{"id":4655,"href":"https:\/\/blogsaverroes.juntadeandalucia.es\/ceipjosebanus\/wp-json\/wp\/v2\/pages\/871\/revisions\/4655"}],"wp:attachment":[{"href":"https:\/\/blogsaverroes.juntadeandalucia.es\/ceipjosebanus\/wp-json\/wp\/v2\/media?parent=871"}],"curies":[{"name":"wp","href":"https:\/\/api.w.org\/{rel}","templated":true}]}}