{"id":99,"date":"2015-03-16T07:22:54","date_gmt":"2015-03-16T07:22:54","guid":{"rendered":"http:\/\/blogsaverroes.juntadeandalucia.es\/pre\/ceip\/?page_id=99"},"modified":"2025-06-02T21:59:28","modified_gmt":"2025-06-02T21:59:28","slug":"comedor-escolar","status":"publish","type":"page","link":"https:\/\/blogsaverroes.juntadeandalucia.es\/ceipjosebanus\/comedor-escolar\/","title":{"rendered":"COMEDOR ESCOLAR"},"content":{"rendered":"<h2 style=\"text-align: center\">Comedor Escolar<\/h2>\n<p>Nuestro comedor escolar est\u00e1 adjudicado a la empresa de catering <strong>El C\u00e1ntaro<\/strong>.<\/p>\n<p>En la p\u00e1gina web:&nbsp;<a href=\"http:\/\/www.cateringelcantaro.com\/\">http:\/\/www.cateringelcantaro.com<\/a>&nbsp;pueden ver c\u00f3mo funciona esta empresa, consultar los men\u00fas, d\u00edas que han hecho uso del comedor escolar, contacto con la empresa\u2026.<\/p>\n<p>&nbsp;<\/p>\n<p>Los comedores escolares son un servicio complementario que resulta de gran utilidad a padres y madres para ayudarles a&nbsp;conciliar la vida laboral y familiar. Tienen una duraci\u00f3n de hasta dos horas desde que acaba la jornada escolar de la ma\u00f1ana (de 14.00 a 16.00 horas).<\/p>\n<p>&nbsp;<\/p>\n<p>Los comedores son adem\u00e1s una pieza importante&nbsp;en todas las medidas dirigidas a mejorar los h\u00e1bitos alimenticios de los ni\u00f1os y ni\u00f1as y prevenir problemas de salud como la obesidad.<\/p>\n<p>&nbsp;<\/p>\n<p>Los comedores escolares de los centros p\u00fablicos andaluces promueven una alimentaci\u00f3n saludable que est\u00e1 supervisada por nutricionistas y que, entre otros aspectos, se caracteriza por:<\/p>\n<p>Una mayor proporci\u00f3n de verdura en los men\u00fas<\/p>\n<p>Fruta fresca como postre al menos cuatro d\u00edas a la semana<\/p>\n<p>Uso de aceite de oliva virgen extra<\/p>\n<p>M\u00e1s pescado que carne, que debe ser magra<\/p>\n<p>Prohibici\u00f3n de los alimentos precocinados y limitaci\u00f3n de los fritos<\/p>\n<p>Apuesta por la dieta mediterr\u00e1nea y los productos ecol\u00f3gicos<\/p>\n<p>&nbsp;<\/p>\n<p>Esta secci\u00f3n servir\u00eda para informar&nbsp; acerca de cuestiones como:<\/p>\n<p><strong>Normativa:&nbsp;<\/strong><em><a href=\"https:\/\/www.juntadeandalucia.es\/boja\/2017\/78\/1\">https:\/\/www.juntadeandalucia.es\/boja\/2017\/78\/1<\/a><\/em><\/p>\n<p><strong>Empresa catering :&nbsp;<a href=\"http:\/\/www.cateringelcantaro.com\/\">Catering El C\u00e1ntaro<\/a><\/strong><\/p>\n<p><strong>Men\u00fas:&nbsp;<\/strong><em>Los pueden consultar en el tabl\u00f3n de anuncios del colegio.<\/em><\/p>\n<p>tel\u00e9fono: 951 10 27 48<\/p>\n<p><a href=\"mailto:recibos@cateringelcantaro.com\">recibos@cateringelcantaro.com<\/a>&nbsp;(Asistencia y recibos)<\/p>\n<p><a href=\"mailto:info@cateringelcantaro.com\">info@cateringelcantaro.com<\/a>&nbsp;(Otros temas)<\/p>\n<table>\n<tbody>\n<tr>\n<td><b>Horario de oficina:<\/b><\/td>\n<td>De lunes a viernes de 9:00 a 18:00<\/td>\n<\/tr>\n<\/tbody>\n<\/table>\n<p>&nbsp;<\/p>\n<p>&nbsp;<\/p>\n","protected":false},"excerpt":{"rendered":"<p>Comedor Escolar Nuestro comedor escolar est\u00e1 adjudicado a la empresa de catering El C\u00e1ntaro. En la p\u00e1gina web:&nbsp;http:\/\/www.cateringelcantaro.com&nbsp;pueden ver c\u00f3mo funciona esta empresa, consultar los men\u00fas, d\u00edas que han hecho uso del comedor escolar,&#46;&#46;&#46;<\/p>\n","protected":false},"author":1,"featured_media":0,"parent":0,"menu_order":0,"comment_status":"closed","ping_status":"open","template":"","meta":{"ngg_post_thumbnail":0,"footnotes":"","_mc_calendar":[]},"aioseo_notices":[],"_links":{"self":[{"href":"https:\/\/blogsaverroes.juntadeandalucia.es\/ceipjosebanus\/wp-json\/wp\/v2\/pages\/99"}],"collection":[{"href":"https:\/\/blogsaverroes.juntadeandalucia.es\/ceipjosebanus\/wp-json\/wp\/v2\/pages"}],"about":[{"href":"https:\/\/blogsaverroes.juntadeandalucia.es\/ceipjosebanus\/wp-json\/wp\/v2\/types\/page"}],"author":[{"embeddable":true,"href":"https:\/\/blogsaverroes.juntadeandalucia.es\/ceipjosebanus\/wp-json\/wp\/v2\/users\/1"}],"replies":[{"embeddable":true,"href":"https:\/\/blogsaverroes.juntadeandalucia.es\/ceipjosebanus\/wp-json\/wp\/v2\/comments?post=99"}],"version-history":[{"count":9,"href":"https:\/\/blogsaverroes.juntadeandalucia.es\/ceipjosebanus\/wp-json\/wp\/v2\/pages\/99\/revisions"}],"predecessor-version":[{"id":5506,"href":"https:\/\/blogsaverroes.juntadeandalucia.es\/ceipjosebanus\/wp-json\/wp\/v2\/pages\/99\/revisions\/5506"}],"wp:attachment":[{"href":"https:\/\/blogsaverroes.juntadeandalucia.es\/ceipjosebanus\/wp-json\/wp\/v2\/media?parent=99"}],"curies":[{"name":"wp","href":"https:\/\/api.w.org\/{rel}","templated":true}]}}