{"id":845,"date":"2020-12-18T08:40:01","date_gmt":"2020-12-18T07:40:01","guid":{"rendered":"https:\/\/blogsaverroes.juntadeandalucia.es\/pre\/plantilla-pencil\/?page_id=845"},"modified":"2023-01-09T12:29:32","modified_gmt":"2023-01-09T11:29:32","slug":"aula-matinal","status":"publish","type":"page","link":"https:\/\/blogsaverroes.juntadeandalucia.es\/ceipjosefafrias\/aula-matinal\/","title":{"rendered":"Aula matinal"},"content":{"rendered":"<p style=\"font-weight: 400\"><span style=\"color: #000000\"><em>Nuestro centro seguir\u00e1 las directrices marcadas por la Orden 3 de Agosto de 2010, por la que se regulan los servicios complementarios de la ense\u00f1anza de aula matinal, comedor escolar y actividades extraescolares en los centros docentes p\u00fablicos, as\u00ed como la ampliaci\u00f3n del horario.<\/em><\/span><\/p>\n<p style=\"font-weight: 400\"><span style=\"color: #000000\"><em>Una empresa externa es la encargada de la contrataci\u00f3n de monitores\/as. La atenci\u00f3n al alumnado en el aula matinal se realizar\u00e1 por el personal que, al menos, est\u00e9 en posesi\u00f3n de los t\u00edtulos que aparecen en el art\u00edculo 6 de la Orden 3 de agosto de 2010 (BOJA n\u00ba 158 12-08-2012).<\/em><\/span><\/p>\n<p style=\"font-weight: 400\"><span style=\"color: #000000\"><em>De conformidad con lo establecido en el art\u00edculo 13.1 del Decreto301\/2009, de 14 de julio, los centros docentes p\u00fablicos que impartan segundo ciclo de educaci\u00f3n infantil y educaci\u00f3n primaria podr\u00e1n abrir sus instalaciones a las 7:30 horas. <\/em><\/span><\/p>\n<p style=\"font-weight: 400\"><span style=\"color: #000000\"><em>El tiempo comprendido entre las 7:30 horas y la hora de comienzo del horario lectivo ser\u00e1 considerado como aula matinal, sin actividad reglada, debiendo el centro establecer las medidas de vigilancia y atenci\u00f3n educativa que necesiten en funci\u00f3n de su edad. <\/em><\/span><\/p>\n<p style=\"font-weight: 400\"><span style=\"color: #000000\"><em>El acceso a este servicio podr\u00e1 solicitarse para d\u00edas determinados o con car\u00e1cter continuado, ejerci\u00e9ndose la opci\u00f3n que se desee al presentar la solicitud del servicio. <\/em><\/span><\/p>\n<p style=\"font-weight: 400\"><span style=\"color: #000000\"><em>La solicitud de baja en el servicio del aula matinal se comunicar\u00e1 con antelaci\u00f3n de, al menos, una semana del inicio del mes en que se pretenda hacer efectiva la baja. Asimismo, la opci\u00f3n inicialmente elegida podr\u00e1 modificarse a lo largo del curso, lo que se comunicar\u00e1 en el plazo mencionado anteriormente. <\/em><\/span><\/p>\n","protected":false},"excerpt":{"rendered":"<p>Nuestro centro seguir\u00e1 las directrices marcadas por la Orden 3 de Agosto de 2010, por la que se regulan los servicios complementarios de la ense\u00f1anza de aula matinal, comedor escolar y actividades extraescolares en los centros docentes p\u00fablicos, as\u00ed como la ampliaci\u00f3n del horario. Una empresa externa es la encargada de la contrataci\u00f3n de monitores\/as. [&hellip;]<\/p>\n","protected":false},"author":7051,"featured_media":0,"parent":0,"menu_order":0,"comment_status":"closed","ping_status":"closed","template":"","meta":{"_et_pb_use_builder":"off","_et_pb_old_content":"","_et_gb_content_width":"","ngg_post_thumbnail":0,"footnotes":""},"aioseo_notices":[],"_links":{"self":[{"href":"https:\/\/blogsaverroes.juntadeandalucia.es\/ceipjosefafrias\/wp-json\/wp\/v2\/pages\/845"}],"collection":[{"href":"https:\/\/blogsaverroes.juntadeandalucia.es\/ceipjosefafrias\/wp-json\/wp\/v2\/pages"}],"about":[{"href":"https:\/\/blogsaverroes.juntadeandalucia.es\/ceipjosefafrias\/wp-json\/wp\/v2\/types\/page"}],"author":[{"embeddable":true,"href":"https:\/\/blogsaverroes.juntadeandalucia.es\/ceipjosefafrias\/wp-json\/wp\/v2\/users\/7051"}],"replies":[{"embeddable":true,"href":"https:\/\/blogsaverroes.juntadeandalucia.es\/ceipjosefafrias\/wp-json\/wp\/v2\/comments?post=845"}],"version-history":[{"count":3,"href":"https:\/\/blogsaverroes.juntadeandalucia.es\/ceipjosefafrias\/wp-json\/wp\/v2\/pages\/845\/revisions"}],"predecessor-version":[{"id":1187,"href":"https:\/\/blogsaverroes.juntadeandalucia.es\/ceipjosefafrias\/wp-json\/wp\/v2\/pages\/845\/revisions\/1187"}],"wp:attachment":[{"href":"https:\/\/blogsaverroes.juntadeandalucia.es\/ceipjosefafrias\/wp-json\/wp\/v2\/media?parent=845"}],"curies":[{"name":"wp","href":"https:\/\/api.w.org\/{rel}","templated":true}]}}