{"id":850,"date":"2020-12-18T08:41:27","date_gmt":"2020-12-18T07:41:27","guid":{"rendered":"https:\/\/blogsaverroes.juntadeandalucia.es\/pre\/plantilla-pencil\/?page_id=850"},"modified":"2023-01-12T10:18:12","modified_gmt":"2023-01-12T09:18:12","slug":"planes-y-proyectos","status":"publish","type":"page","link":"https:\/\/blogsaverroes.juntadeandalucia.es\/ceipjosefafrias\/planes-y-proyectos\/","title":{"rendered":"Planes y Proyectos"},"content":{"rendered":"<p style=\"font-weight: 400;text-align: center\">PLANES \/ PROGRAMAS \/PROYECTOS&nbsp;&nbsp;&nbsp;&nbsp;&nbsp;&nbsp;&nbsp;&nbsp;&nbsp;&nbsp;&nbsp;&nbsp;&nbsp;&nbsp;&nbsp;&nbsp;&nbsp;&nbsp;&nbsp;&nbsp;&nbsp;&nbsp;&nbsp;&nbsp;&nbsp;&nbsp;&nbsp;&nbsp;&nbsp;&nbsp; CURSO 22-23<\/p>\n<table style=\"font-weight: 400;width: 92.623282%\">\n<tbody>\n<tr>\n<td style=\"text-align: center;width: 67.182131%\" width=\"387\">\n<p style=\"text-align: center\">PLANES\/PROYECTOS\/PROGRAMAS<\/p>\n<\/td>\n<td style=\"text-align: center;width: 61.85567%\" width=\"179\">&nbsp;COORDINADOR\/A<\/td>\n<\/tr>\n<tr>\n<td style=\"text-align: center;width: 67.182131%\" width=\"387\">PLAN DE APERTURA<\/td>\n<td style=\"text-align: center;width: 61.85567%\" width=\"179\">AURORA BARRIOS<\/td>\n<\/tr>\n<tr>\n<td style=\"text-align: center;width: 67.182131%\" width=\"387\">TRANSFORMACI\u00d3N DIGITAL EDUCATIVA<\/td>\n<td style=\"text-align: center;width: 61.85567%\" width=\"179\">LUIS MIGUEL CASTA\u00d1O<\/td>\n<\/tr>\n<tr>\n<td style=\"text-align: center;width: 67.182131%\" width=\"387\">RED ANDALUZA ESCUELA: \u201cESPACIO DE PAZ\u201d<\/td>\n<td style=\"text-align: center;width: 61.85567%\" width=\"179\">AURORA BARRIOS<\/td>\n<\/tr>\n<tr>\n<td style=\"text-align: center;width: 67.182131%\" width=\"387\">PROGRAMA CENTRO BILING\u00dcE-INGL\u00c9S<\/td>\n<td style=\"text-align: center;width: 61.85567%\" width=\"179\">MERCEDES MURILLO<\/td>\n<\/tr>\n<tr>\n<td style=\"text-align: center;width: 67.182131%\" width=\"387\">CONVIVENCIA ESCOLAR\/BIENESTAR<\/td>\n<td style=\"text-align: center;width: 61.85567%\" width=\"179\">M\u00aa JOS\u00c9 COBACHO<\/td>\n<\/tr>\n<tr>\n<td style=\"text-align: center;width: 67.182131%\" width=\"387\">PLAN SALUD LABORAL Y P.R.L.<\/td>\n<td style=\"text-align: center;width: 61.85567%\" width=\"179\">M\u00aa JOS\u00c9 COBACHO<\/td>\n<\/tr>\n<tr>\n<td style=\"text-align: center;width: 67.182131%\" width=\"387\">PR\u00c1CTICUM GRADO MAESTRO<\/td>\n<td style=\"text-align: center;width: 61.85567%\" width=\"179\">AURORA BARRIOS<\/td>\n<\/tr>\n<tr>\n<td style=\"text-align: center;width: 67.182131%\" width=\"387\">ERASMUS + HACIA UNA EDUCACI\u00d3N M\u00c1S EUROPEA<\/td>\n<td style=\"text-align: center;width: 61.85567%\" width=\"179\">MERCEDES MURILLO<\/td>\n<\/tr>\n<tr>\n<td style=\"text-align: center;width: 67.182131%\" width=\"387\">PLAN DE IGUALDAD DE G\u00c9NERO EN EDUCACI\u00d3N<\/td>\n<td style=\"text-align: center;width: 61.85567%\" width=\"179\">RAQUEL GARC\u00cdA<\/td>\n<\/tr>\n<tr>\n<td style=\"text-align: center;width: 67.182131%\" width=\"387\">BIBLIOTECA ESCOLAR<\/td>\n<td style=\"text-align: center;width: 61.85567%\" width=\"179\">THUBAN RODR\u00cdGUEZ<\/td>\n<\/tr>\n<\/tbody>\n<\/table>\n<p style=\"font-weight: 400;text-align: left\">SOLICITADOS<\/p>\n<table style=\"font-weight: 400;width: 92.502167%;height: 214px\">\n<tbody>\n<tr style=\"height: 51px\">\n<td style=\"height: 51px;text-align: center;width: 65.576592%\" width=\"378\">PREVENCI\u00d3N DE VIOLENCIA DE G\u00c9NERO<\/td>\n<td style=\"height: 51px;text-align: center;width: 63.683305%\" width=\"189\">RAQUEL GARC\u00cdA<\/td>\n<\/tr>\n<tr style=\"height: 51px\">\n<td style=\"height: 51px;text-align: center;width: 65.576592%\" width=\"378\">CRECIENDO EN SALUD<\/td>\n<td style=\"height: 51px;text-align: center;width: 63.683305%\" width=\"189\">CARMEN ROMERO<\/td>\n<\/tr>\n<tr style=\"height: 51px\">\n<td style=\"height: 51px;text-align: center;width: 65.576592%\" width=\"378\">VIVIR Y SENTIR EL PATRIMONIO<\/td>\n<td style=\"height: 51px;text-align: center;width: 63.683305%\" width=\"189\">AURORA BARRIOS<\/td>\n<\/tr>\n<tr style=\"height: 51px\">\n<td style=\"height: 51px;text-align: center;width: 65.576592%\" width=\"378\">AULAS VERDES ABIERTAS<\/td>\n<td style=\"height: 51px;text-align: center;width: 63.683305%\" width=\"189\">CONCEPCI\u00d3N MOLINA<\/td>\n<\/tr>\n<\/tbody>\n<\/table>\n<p style=\"font-weight: 400\">OTROS<\/p>\n<table style=\"font-weight: 400;width: 92.341104%\">\n<tbody>\n<tr>\n<td style=\"text-align: center;width: 65.463918%\" width=\"378\">PROYECTO ANUAL curso 22-23<\/p>\n<p>&nbsp;(El agua, fuente de vida)<\/td>\n<td style=\"text-align: center;width: 63.773519%\" width=\"189\">ROC\u00cdO SU\u00c1REZ<\/td>\n<\/tr>\n<\/tbody>\n<\/table>\n<p style=\"font-weight: 400\">DOCUMENTOS DE CENTRO (PLAN DE CENTRO EDUCATIVO)<\/p>\n<p>&nbsp;<\/p>\n<table style=\"font-weight: 400;width: 92.502167%;height: 214px\">\n<tbody>\n<tr style=\"height: 51px\">\n<td style=\"height: 51px;text-align: center;width: 65.576592%\" width=\"378\">PROYECTO EDUCATIVO (actualizado)<\/td>\n<td style=\"height: 51px;text-align: center;width: 63.683305%\" width=\"189\"><a href=\"https:\/\/blogsaverroes.juntadeandalucia.es\/ceipjosefafrias\/files\/2023\/01\/PROYECTO-EDUCATIVO-actualizado.pdf\" target=\"_blank\" rel=\"noopener noreferrer\">ENLACE<\/a><\/td>\n<\/tr>\n<tr style=\"height: 51px\">\n<td style=\"height: 51px;text-align: center;width: 65.576592%\" width=\"378\">PROYECTO DE GESTI\u00d3N (actualizado)<\/td>\n<td style=\"height: 51px;text-align: center;width: 63.683305%\" width=\"189\"><a href=\"https:\/\/blogsaverroes.juntadeandalucia.es\/ceipjosefafrias\/files\/2023\/01\/PROYECTO-DE-GESTI\u00d3N.pdf\" target=\"_blank\" rel=\"noopener noreferrer\">ENLACE<\/a><\/td>\n<\/tr>\n<tr style=\"height: 51px\">\n<td style=\"height: 51px;text-align: center;width: 65.576592%\" width=\"378\">REGLAMENTO DE ORGANIZACI\u00d3N Y FUNCIONAMIENTO<\/td>\n<td style=\"height: 51px;text-align: center;width: 63.683305%\" width=\"189\"><a href=\"https:\/\/blogsaverroes.juntadeandalucia.es\/ceipjosefafrias\/files\/2023\/01\/PROYECTO-DE-GESTI\u00d3N.pdf\" target=\"_blank\" rel=\"noopener noreferrer\">ENLACE<\/a><\/td>\n<\/tr>\n<\/tbody>\n<\/table>\n","protected":false},"excerpt":{"rendered":"<p>PLANES \/ PROGRAMAS \/PROYECTOS&nbsp;&nbsp;&nbsp;&nbsp;&nbsp;&nbsp;&nbsp;&nbsp;&nbsp;&nbsp;&nbsp;&nbsp;&nbsp;&nbsp;&nbsp;&nbsp;&nbsp;&nbsp;&nbsp;&nbsp;&nbsp;&nbsp;&nbsp;&nbsp;&nbsp;&nbsp;&nbsp;&nbsp;&nbsp;&nbsp; CURSO 22-23 PLANES\/PROYECTOS\/PROGRAMAS &nbsp;COORDINADOR\/A PLAN DE APERTURA AURORA BARRIOS TRANSFORMACI\u00d3N DIGITAL EDUCATIVA LUIS MIGUEL CASTA\u00d1O RED ANDALUZA ESCUELA: \u201cESPACIO DE PAZ\u201d AURORA BARRIOS PROGRAMA CENTRO BILING\u00dcE-INGL\u00c9S MERCEDES MURILLO CONVIVENCIA ESCOLAR\/BIENESTAR M\u00aa JOS\u00c9 COBACHO PLAN SALUD LABORAL Y P.R.L. M\u00aa JOS\u00c9 COBACHO PR\u00c1CTICUM GRADO MAESTRO AURORA BARRIOS ERASMUS + HACIA UNA EDUCACI\u00d3N [&hellip;]<\/p>\n","protected":false},"author":7051,"featured_media":0,"parent":0,"menu_order":0,"comment_status":"closed","ping_status":"closed","template":"","meta":{"_et_pb_use_builder":"off","_et_pb_old_content":"","_et_gb_content_width":"","ngg_post_thumbnail":0,"footnotes":""},"aioseo_notices":[],"_links":{"self":[{"href":"https:\/\/blogsaverroes.juntadeandalucia.es\/ceipjosefafrias\/wp-json\/wp\/v2\/pages\/850"}],"collection":[{"href":"https:\/\/blogsaverroes.juntadeandalucia.es\/ceipjosefafrias\/wp-json\/wp\/v2\/pages"}],"about":[{"href":"https:\/\/blogsaverroes.juntadeandalucia.es\/ceipjosefafrias\/wp-json\/wp\/v2\/types\/page"}],"author":[{"embeddable":true,"href":"https:\/\/blogsaverroes.juntadeandalucia.es\/ceipjosefafrias\/wp-json\/wp\/v2\/users\/7051"}],"replies":[{"embeddable":true,"href":"https:\/\/blogsaverroes.juntadeandalucia.es\/ceipjosefafrias\/wp-json\/wp\/v2\/comments?post=850"}],"version-history":[{"count":7,"href":"https:\/\/blogsaverroes.juntadeandalucia.es\/ceipjosefafrias\/wp-json\/wp\/v2\/pages\/850\/revisions"}],"predecessor-version":[{"id":1207,"href":"https:\/\/blogsaverroes.juntadeandalucia.es\/ceipjosefafrias\/wp-json\/wp\/v2\/pages\/850\/revisions\/1207"}],"wp:attachment":[{"href":"https:\/\/blogsaverroes.juntadeandalucia.es\/ceipjosefafrias\/wp-json\/wp\/v2\/media?parent=850"}],"curies":[{"name":"wp","href":"https:\/\/api.w.org\/{rel}","templated":true}]}}