{"id":853,"date":"2020-12-18T08:50:47","date_gmt":"2020-12-18T07:50:47","guid":{"rendered":"https:\/\/blogsaverroes.juntadeandalucia.es\/pre\/plantilla-pencil\/?page_id=853"},"modified":"2023-01-12T09:36:18","modified_gmt":"2023-01-12T08:36:18","slug":"nuestra-historia","status":"publish","type":"page","link":"https:\/\/blogsaverroes.juntadeandalucia.es\/ceipjosefafrias\/nuestra-historia\/","title":{"rendered":"Nuestra Historia"},"content":{"rendered":"<p style=\"font-weight: 400\"><span style=\"font-size: 14pt;font-family: tahoma, arial, helvetica, sans-serif;color: #000000\">El primer edificio construido en Santiponce para uso escolar fue la \u201cAGRUPACI\u00d3N NUESTRA SE\u00d1ORA DEL ROSARIO\u201d, construido a finales de los a\u00f1os 50. Ocupaba el terreno de la actual \u201cGUARDER\u00cdA IT\u00c1LICA\u201d.<\/span><\/p>\n<p style=\"font-weight: 400\"><span style=\"font-family: tahoma, arial, helvetica, sans-serif;font-size: 14pt;color: #000000\">En el a\u00f1o 1977 se inaugura el edificio actual con el nombre de CENTRO DE E.G.B. \u201cSAN ISIDORO DEL CAMPO\u201d en honor al titular del Monasterio que se encuentra en nuestra localidad, colindante al colegio. Adem\u00e1s, el terreno donde se edifica perteneci\u00f3 a las tierras de labranza de los monjes que habitaban el Cenobio.&nbsp;<\/span><\/p>\n<p style=\"font-weight: 400\"><span style=\"font-family: tahoma, arial, helvetica, sans-serif;font-size: 14pt;color: #000000\">En el a\u00f1o 1979 el colegio cambi\u00f3 de nombre pasando a llamarse CEIP \u201cANTONIO MACHADO\u201d.<\/span><\/p>\n<p style=\"font-weight: 400\"><span style=\"font-family: tahoma, arial, helvetica, sans-serif;font-size: 14pt;color: #000000\">En el a\u00f1o 2004, tras aprobarse por el Consejo Escolar y el pleno municipal, se decide volver a cambiar el nombre al centro llam\u00e1ndose hasta ahora C.E.I.P. \u201cJOSEFA FR\u00cdAS\u201d en honor a la maestra del mismo nombre que ejerci\u00f3 la direcci\u00f3n del colegio durante m\u00e1s de treinta a\u00f1os; siendo un referente en la educaci\u00f3n de muchas generaciones y habiendo actuado en beneficio de la cultura de Santiponce.<\/span><\/p>\n<p style=\"font-weight: 400\"><span style=\"font-family: tahoma, arial, helvetica, sans-serif;font-size: 14pt;color: #000000\">Debido al crecimiento demogr\u00e1fico que experimenta nuestra localidad, en el a\u00f1o 2008, se ve necesaria la ampliaci\u00f3n del edificio cre\u00e1ndose nuevas instalaciones con m\u00e1s aulas e infraestructuras como el gimnasio, la biblioteca, la red inform\u00e1tica\u2026.<\/span><\/p>\n","protected":false},"excerpt":{"rendered":"<p>El primer edificio construido en Santiponce para uso escolar fue la \u201cAGRUPACI\u00d3N NUESTRA SE\u00d1ORA DEL ROSARIO\u201d, construido a finales de los a\u00f1os 50. Ocupaba el terreno de la actual \u201cGUARDER\u00cdA IT\u00c1LICA\u201d. En el a\u00f1o 1977 se inaugura el edificio actual con el nombre de CENTRO DE E.G.B. \u201cSAN ISIDORO DEL CAMPO\u201d en honor al titular [&hellip;]<\/p>\n","protected":false},"author":7051,"featured_media":0,"parent":0,"menu_order":0,"comment_status":"closed","ping_status":"closed","template":"","meta":{"_et_pb_use_builder":"off","_et_pb_old_content":"","_et_gb_content_width":"","ngg_post_thumbnail":0,"footnotes":""},"aioseo_notices":[],"_links":{"self":[{"href":"https:\/\/blogsaverroes.juntadeandalucia.es\/ceipjosefafrias\/wp-json\/wp\/v2\/pages\/853"}],"collection":[{"href":"https:\/\/blogsaverroes.juntadeandalucia.es\/ceipjosefafrias\/wp-json\/wp\/v2\/pages"}],"about":[{"href":"https:\/\/blogsaverroes.juntadeandalucia.es\/ceipjosefafrias\/wp-json\/wp\/v2\/types\/page"}],"author":[{"embeddable":true,"href":"https:\/\/blogsaverroes.juntadeandalucia.es\/ceipjosefafrias\/wp-json\/wp\/v2\/users\/7051"}],"replies":[{"embeddable":true,"href":"https:\/\/blogsaverroes.juntadeandalucia.es\/ceipjosefafrias\/wp-json\/wp\/v2\/comments?post=853"}],"version-history":[{"count":4,"href":"https:\/\/blogsaverroes.juntadeandalucia.es\/ceipjosefafrias\/wp-json\/wp\/v2\/pages\/853\/revisions"}],"predecessor-version":[{"id":1193,"href":"https:\/\/blogsaverroes.juntadeandalucia.es\/ceipjosefafrias\/wp-json\/wp\/v2\/pages\/853\/revisions\/1193"}],"wp:attachment":[{"href":"https:\/\/blogsaverroes.juntadeandalucia.es\/ceipjosefafrias\/wp-json\/wp\/v2\/media?parent=853"}],"curies":[{"name":"wp","href":"https:\/\/api.w.org\/{rel}","templated":true}]}}