{"id":871,"date":"2020-12-18T08:57:29","date_gmt":"2020-12-18T07:57:29","guid":{"rendered":"https:\/\/blogsaverroes.juntadeandalucia.es\/pre\/plantilla-pencil\/?page_id=871"},"modified":"2023-01-09T19:58:44","modified_gmt":"2023-01-09T18:58:44","slug":"comedor-escolar","status":"publish","type":"page","link":"https:\/\/blogsaverroes.juntadeandalucia.es\/ceipjosefafrias\/comedor-escolar\/","title":{"rendered":"Comedor escolar"},"content":{"rendered":"<p class=\"Default\"><span style=\"color: #000000\"><b>El comedor <\/b>est\u00e1 ubicado a la derecha del Ala Naranja. Se trata de un sal\u00f3n de 6m x 22m procedente de la uni\u00f3n de tres aulas.<\/span><\/p>\n<p class=\"Default\"><span style=\"color: #000000\">El APAE lo ha provisto de 13 mesas infantiles y 15 de primaria con sus correspondientes&nbsp;sillas (4 por mesa). Tambi\u00e9n dispone de 4 aparadores.&nbsp;El resto del equipamiento le corresponde a la empresa.<\/span><\/p>\n<p class=\"Default\"><span style=\"color: #000000\"><b>El office, <\/b>ubicado a la izquierda del Ala Naranja, es un espacio de 6m x 7,20m donde se&nbsp;encuentra el mobiliario y electrodom\u00e9sticos espec\u00edficos de cocina: horno, congelador,&nbsp;lavavajillas, frigor\u00edfico, termo, fregadero\u2026)<\/span><\/p>\n<p class=\"Default\"><span style=\"color: #000000\"><b>Aseos. <\/b>Se encuentran junto al office dos aseos diferenciados para ni\u00f1os y ni\u00f1as con un w.c.&nbsp;y dos lavabos, de diferentes alturas, en cada uno de ellos.<\/span><\/p>\n<p class=\"Default\"><span style=\"color: #000000\"><b><i>Organizaci\u00f3n y estructuraci\u00f3n de los espacios. <\/i><\/b><\/span><\/p>\n<p class=\"Default\"><span style=\"color: #000000\">Nuestra oferta educativa para el servicio de comedor es de 100 comensales. Dado que el&nbsp;n\u00famero de usuarios es superior esa cifra se solicitan dos turnos.&nbsp;La organizaci\u00f3n de los turnos se realizar\u00e1 de la forma siguiente:<\/span><\/p>\n<p class=\"Default\"><span style=\"color: #000000\">1\u00ba TURNO: alumnado de infantil, E.E, 1\u00ba y 2\u00ba de primaria.<\/span><\/p>\n<p class=\"Default\"><span style=\"color: #000000\">2\u00ba TURNO: alumnado de 3\u00ba, 4\u00ba, 5\u00ba y 6\u00ba de primaria.<\/span><\/p>\n<p class=\"Default\"><span style=\"color: #000000\">El alumnado acudir\u00e1 al ala donde se encuentra el comedor, acompa\u00f1ado de su monitor\/a&nbsp;y antes de sentarse a comer se aplicar\u00e1n las medidas higi\u00e9nicas establecidas (uso del aseo,&nbsp;lavado de manos).<\/span><\/p>\n<p class=\"Default\"><span style=\"color: #000000\">El horario del servicio es de 14:00h a 16:00h. El horario para recoger al alumnado se&nbsp;establece de 15:30 h a 16:00 h.<\/span><\/p>\n<p class=\"Default\"><span style=\"color: #000000\">Los ni\u00f1os\/as que asistan a actividades extraescolares a las 16:00h. permanecer\u00e1n en el&nbsp;centro hasta que llegue el monitor\/a de esa actividad.<\/span><\/p>\n<p class=\"Default\"><span style=\"color: #000000\">En el tiempo que el alumnado est\u00e9 esperando su turno de almuerzo o esperando la hora de&nbsp;recogida, se dispondr\u00e1 de espacios en el centro destinados a este menester.<\/span><\/p>\n<p class=\"Default\"><span style=\"color: #000000\">El comedor tambi\u00e9n es un lugar de aprendizaje y respeto, por eso todos los alumnos\/as&nbsp;tendr\u00e1n que cumplir las normas establecidas y seguir las indicaciones de los\/as&nbsp;monitores\/as. Si se producen conductas negativas se aplicar\u00e1n las medidas dispuestas en nuestro Plan de Convivencia.<\/span><\/p>\n<p class=\"Default\"><span style=\"color: #000000\"><i>El servicio de catering est\u00e1 a cargo de una empresa externa. <\/i><\/span><\/p>\n<p class=\"Default\"><span style=\"color: #000000\"><b>Monitores\/a.<\/b><\/span><\/p>\n<p class=\"Default\"><span style=\"color: #000000\">La empresa es la encargada de la contrataci\u00f3n y formaci\u00f3n de las personas que desarrollar\u00e1n la labor de monitor\/a de los alumnos\/as usuarios del servicio comedor.<\/span><\/p>\n<p class=\"Default\"><span style=\"color: #000000\">La ratio de alumnado por monitor\/a es la siguiente:<\/span><\/p>\n<p class=\"Default\"><span style=\"color: #000000\">INFANTIL: 1 monitor\/a por cada 15 alumnos\/as (+11)<\/span><\/p>\n<p class=\"Default\"><span style=\"color: #000000\">PRIMARIA: 1 monitor\/a por cada 25 alumnos\/as (+16)<\/span><\/p>\n","protected":false},"excerpt":{"rendered":"<p>El comedor est\u00e1 ubicado a la derecha del Ala Naranja. Se trata de un sal\u00f3n de 6m x 22m procedente de la uni\u00f3n de tres aulas. El APAE lo ha provisto de 13 mesas infantiles y 15 de primaria con sus correspondientes&nbsp;sillas (4 por mesa). Tambi\u00e9n dispone de 4 aparadores.&nbsp;El resto del equipamiento le corresponde [&hellip;]<\/p>\n","protected":false},"author":7051,"featured_media":0,"parent":0,"menu_order":0,"comment_status":"closed","ping_status":"closed","template":"","meta":{"_et_pb_use_builder":"off","_et_pb_old_content":"","_et_gb_content_width":"","ngg_post_thumbnail":0,"footnotes":""},"aioseo_notices":[],"_links":{"self":[{"href":"https:\/\/blogsaverroes.juntadeandalucia.es\/ceipjosefafrias\/wp-json\/wp\/v2\/pages\/871"}],"collection":[{"href":"https:\/\/blogsaverroes.juntadeandalucia.es\/ceipjosefafrias\/wp-json\/wp\/v2\/pages"}],"about":[{"href":"https:\/\/blogsaverroes.juntadeandalucia.es\/ceipjosefafrias\/wp-json\/wp\/v2\/types\/page"}],"author":[{"embeddable":true,"href":"https:\/\/blogsaverroes.juntadeandalucia.es\/ceipjosefafrias\/wp-json\/wp\/v2\/users\/7051"}],"replies":[{"embeddable":true,"href":"https:\/\/blogsaverroes.juntadeandalucia.es\/ceipjosefafrias\/wp-json\/wp\/v2\/comments?post=871"}],"version-history":[{"count":3,"href":"https:\/\/blogsaverroes.juntadeandalucia.es\/ceipjosefafrias\/wp-json\/wp\/v2\/pages\/871\/revisions"}],"predecessor-version":[{"id":1190,"href":"https:\/\/blogsaverroes.juntadeandalucia.es\/ceipjosefafrias\/wp-json\/wp\/v2\/pages\/871\/revisions\/1190"}],"wp:attachment":[{"href":"https:\/\/blogsaverroes.juntadeandalucia.es\/ceipjosefafrias\/wp-json\/wp\/v2\/media?parent=871"}],"curies":[{"name":"wp","href":"https:\/\/api.w.org\/{rel}","templated":true}]}}