{"id":11814,"date":"2019-01-02T18:14:57","date_gmt":"2019-01-02T18:14:57","guid":{"rendered":"https:\/\/blogsaverroes.juntadeandalucia.es\/ceipjosefinaaldecoa\/?page_id=11814"},"modified":"2022-03-08T19:02:49","modified_gmt":"2022-03-08T19:02:49","slug":"biblioteca-escolar","status":"publish","type":"page","link":"https:\/\/blogsaverroes.juntadeandalucia.es\/ceipjosefinaaldecoa\/biblioteca-escolar\/","title":{"rendered":"Biblioteca Escolar"},"content":{"rendered":"<p style=\"text-align: center\"><img loading=\"lazy\" decoding=\"async\" class=\"aligncenter wp-image-14346\" src=\"https:\/\/blogsaverroes.juntadeandalucia.es\/ceipjosefinaaldecoa\/files\/2021\/03\/bibliotecas_e.png\" alt=\"\" width=\"405\" height=\"190\" srcset=\"https:\/\/blogsaverroes.juntadeandalucia.es\/ceipjosefinaaldecoa\/files\/2021\/03\/bibliotecas_e.png 330w, https:\/\/blogsaverroes.juntadeandalucia.es\/ceipjosefinaaldecoa\/files\/2021\/03\/bibliotecas_e-300x141.png 300w\" sizes=\"(max-width: 405px) 100vw, 405px\" \/><\/p>\n<p style=\"text-align: justify\"><span style=\"color: #000000\"><span style=\"font-size: 14pt\">La biblioteca escolar debe jugar un papel fundamental en el <strong>aprendizaje de la lectura<\/strong>, en conseguir <strong>lectoras y lectores aut\u00f3nomas\/os<\/strong> y cr\u00edticas\/os. Lectoras y lectores que <strong>comprendan lo que <\/strong><\/span><span style=\"font-size: 14pt\"><strong>leen<\/strong> y que, adem\u00e1s, <strong>aprendan a disfrutar de la lectura por placer.<\/strong><\/span><\/span><\/p>\n<p style=\"text-align: justify\"><span style=\"font-size: 14pt;color: #000000\">Para conseguir esto, adem\u00e1s de los profesionales implicados y un gran trabajo en equipo, es necesario contar con una buena materia prima: <strong>La colecci\u00f3n.<\/strong><\/span><\/p>\n<p style=\"text-align: justify\"><span style=\"font-size: 14pt;color: #000000\">Nuestros fondos de la colecci\u00f3n de nuestra biblioteca, est\u00e1n adaptados, al curr\u00edculum y a la comunidad de estudiantes a la que presta servicio.<\/span><br \/>\n<span style=\"font-size: 14pt;color: #000000\">La biblioteca es <strong>de todos y para todos<\/strong>, estando muy presente la <strong>atenci\u00f3n a la diversidad<\/strong>, por ello durante este curso se dotar\u00e1 a la biblioteca de claves visuales, pictogramas y estructuraci\u00f3n de los espacios para que nuestro <strong>alumnado con TEA<\/strong> pueda hacer uso de ella, y puedan utilizarla como un espacio m\u00e1s de trabajo y disfrute.<\/span><\/p>\n<p style=\"text-align: justify\"><span style=\"font-size: 14pt;color: #000000\">Las bibliotecas escolares deben ser espacios f\u00edsicos y digitales abiertos a toda la comunidad educativa y espacios sociales abiertos para eventos culturales, profesionales y educativos. En este sentido la colaboraci\u00f3n con la familia y otras entidades del entorno cobrar\u00e1n especial relevancia.<\/span><\/p>\n<p style=\"text-align: right\"><span style=\"color: #000000\"><strong>EL COORDINADOR:<\/strong><\/span><br \/>\n<span style=\"color: #000000;font-size: 14pt\"><strong>Jos\u00e9 Antonio Campos<\/strong><\/span><\/p>\n<p style=\"text-align: center\"><span style=\"font-size: 18pt\"><a href=\"https:\/\/seneca.juntadeandalucia.es\/seneca\/biblioweb\/portal\/29009417\" target=\"_blank\" rel=\"noopener noreferrer\">ACCESO A BIBLIOWEB del CEIP Josefina Aldecoa<\/a><\/span><\/p>\n<p><img loading=\"lazy\" decoding=\"async\" class=\"aligncenter size-large wp-image-14383\" src=\"https:\/\/blogsaverroes.juntadeandalucia.es\/ceipjosefinaaldecoa\/files\/2021\/04\/20210304_113852-1024x768.jpg\" alt=\"\" width=\"1024\" height=\"768\" srcset=\"https:\/\/blogsaverroes.juntadeandalucia.es\/ceipjosefinaaldecoa\/files\/2021\/04\/20210304_113852-1024x768.jpg 1024w, https:\/\/blogsaverroes.juntadeandalucia.es\/ceipjosefinaaldecoa\/files\/2021\/04\/20210304_113852-300x225.jpg 300w, https:\/\/blogsaverroes.juntadeandalucia.es\/ceipjosefinaaldecoa\/files\/2021\/04\/20210304_113852-768x576.jpg 768w, https:\/\/blogsaverroes.juntadeandalucia.es\/ceipjosefinaaldecoa\/files\/2021\/04\/20210304_113852-1536x1152.jpg 1536w, https:\/\/blogsaverroes.juntadeandalucia.es\/ceipjosefinaaldecoa\/files\/2021\/04\/20210304_113852-2048x1536.jpg 2048w, https:\/\/blogsaverroes.juntadeandalucia.es\/ceipjosefinaaldecoa\/files\/2021\/04\/20210304_113852-scaled.jpg 1600w\" sizes=\"(max-width: 1024px) 100vw, 1024px\" \/><\/p>\n<p><img loading=\"lazy\" decoding=\"async\" class=\"aligncenter size-large wp-image-14389\" src=\"https:\/\/blogsaverroes.juntadeandalucia.es\/ceipjosefinaaldecoa\/files\/2021\/04\/biblioteca-1024x766.jpg\" alt=\"\" width=\"1024\" height=\"766\" srcset=\"https:\/\/blogsaverroes.juntadeandalucia.es\/ceipjosefinaaldecoa\/files\/2021\/04\/biblioteca-1024x766.jpg 1024w, https:\/\/blogsaverroes.juntadeandalucia.es\/ceipjosefinaaldecoa\/files\/2021\/04\/biblioteca-300x224.jpg 300w, https:\/\/blogsaverroes.juntadeandalucia.es\/ceipjosefinaaldecoa\/files\/2021\/04\/biblioteca-768x574.jpg 768w, https:\/\/blogsaverroes.juntadeandalucia.es\/ceipjosefinaaldecoa\/files\/2021\/04\/biblioteca-1536x1149.jpg 1536w, https:\/\/blogsaverroes.juntadeandalucia.es\/ceipjosefinaaldecoa\/files\/2021\/04\/biblioteca-2048x1532.jpg 2048w, https:\/\/blogsaverroes.juntadeandalucia.es\/ceipjosefinaaldecoa\/files\/2021\/04\/biblioteca-scaled.jpg 1600w\" sizes=\"(max-width: 1024px) 100vw, 1024px\" \/><\/p>\n","protected":false},"excerpt":{"rendered":"<p>La biblioteca escolar debe jugar un papel fundamental en el aprendizaje de la lectura, en conseguir lectoras y lectores aut\u00f3nomas\/os y cr\u00edticas\/os. Lectoras y lectores que comprendan lo que leen y que, adem\u00e1s, aprendan a disfrutar de la lectura por placer. Para&#46;&#46;&#46;<\/p>\n","protected":false},"author":2825,"featured_media":0,"parent":0,"menu_order":0,"comment_status":"closed","ping_status":"closed","template":"","meta":{"ngg_post_thumbnail":0,"footnotes":"","_mc_calendar":[]},"aioseo_notices":[],"_links":{"self":[{"href":"https:\/\/blogsaverroes.juntadeandalucia.es\/ceipjosefinaaldecoa\/wp-json\/wp\/v2\/pages\/11814"}],"collection":[{"href":"https:\/\/blogsaverroes.juntadeandalucia.es\/ceipjosefinaaldecoa\/wp-json\/wp\/v2\/pages"}],"about":[{"href":"https:\/\/blogsaverroes.juntadeandalucia.es\/ceipjosefinaaldecoa\/wp-json\/wp\/v2\/types\/page"}],"author":[{"embeddable":true,"href":"https:\/\/blogsaverroes.juntadeandalucia.es\/ceipjosefinaaldecoa\/wp-json\/wp\/v2\/users\/2825"}],"replies":[{"embeddable":true,"href":"https:\/\/blogsaverroes.juntadeandalucia.es\/ceipjosefinaaldecoa\/wp-json\/wp\/v2\/comments?post=11814"}],"version-history":[{"count":7,"href":"https:\/\/blogsaverroes.juntadeandalucia.es\/ceipjosefinaaldecoa\/wp-json\/wp\/v2\/pages\/11814\/revisions"}],"predecessor-version":[{"id":15164,"href":"https:\/\/blogsaverroes.juntadeandalucia.es\/ceipjosefinaaldecoa\/wp-json\/wp\/v2\/pages\/11814\/revisions\/15164"}],"wp:attachment":[{"href":"https:\/\/blogsaverroes.juntadeandalucia.es\/ceipjosefinaaldecoa\/wp-json\/wp\/v2\/media?parent=11814"}],"curies":[{"name":"wp","href":"https:\/\/api.w.org\/{rel}","templated":true}]}}