{"id":12825,"date":"2019-07-10T22:06:23","date_gmt":"2019-07-10T22:06:23","guid":{"rendered":"https:\/\/blogsaverroes.juntadeandalucia.es\/ceipjosefinaaldecoa\/?page_id=12825"},"modified":"2023-09-12T00:55:09","modified_gmt":"2023-09-12T00:55:09","slug":"pasen","status":"publish","type":"page","link":"https:\/\/blogsaverroes.juntadeandalucia.es\/ceipjosefinaaldecoa\/prodig\/pasen\/","title":{"rendered":"PASEN"},"content":{"rendered":"<p style=\"text-align: justify\"><span style=\"font-size: 14pt;color: #000000\"><a href=\"https:\/\/seneca.juntadeandalucia.es\/seneca\/jsp\/portalpasen\/\" target=\"_blank\" rel=\"noopener noreferrer\"><span style=\"color: #008000\"><strong>PASEN<\/strong><\/span><\/a>&nbsp;es servicio de la Consejer\u00eda de Educaci\u00f3n&nbsp;que permite la&nbsp;comunicaci\u00f3n entre los distintos miembros de la comunidad educativa&nbsp;(tutores\/as legales, alumnado, cargos directivos y profesorado).&nbsp;<\/span><\/p>\n<p><span style=\"color: #000000\">CORREO ELECTRONICO DE INCIDENCIAS <strong><span style=\"font-size: 14pt\">iPasen para las familias: <span style=\"color: #0000ff\">tde@ceipjosefinaaldecoa.com<\/span><\/span><\/strong><\/span><\/p>\n<p style=\"text-align: center\"><strong><span style=\"color: #008000\"><a style=\"color: #008000\" href=\"https:\/\/seneca.juntadeandalucia.es\/seneca\/jsp\/portalpasen\/\" target=\"_blank\" rel=\"noopener noreferrer\"><span style=\"font-size: 18pt\">WEB PASEN<\/span><\/a><\/span><\/strong><\/p>\n<p style=\"text-align: center\"><iframe loading=\"lazy\" src=\"https:\/\/www.youtube.com\/embed\/7ShGT1uK_Wg\" width=\"760\" height=\"515\" frameborder=\"0\"><span data-mce-type=\"bookmark\" style=\"width: 0px;overflow: hidden;line-height: 0\" class=\"mce_SELRES_start\">\ufeff<\/span><span data-mce-type=\"bookmark\" style=\"width: 0px;overflow: hidden;line-height: 0\" class=\"mce_SELRES_start\">\ufeff<\/span><\/iframe><\/p>\n<p style=\"text-align: center\"><span style=\"color: #000000;font-size: 18pt\"><strong>\u00bfC\u00f3mo \u00abautologuearse\u00bb en iPASEN, si a\u00fan no tengo usuario y contrase\u00f1a?<\/strong><\/span><\/p>\n<p><span style=\"text-decoration: underline;color: #000000\"><strong><span style=\"font-size: 16pt\">Existe la aplicaci\u00f3n iPasen que es la versi\u00f3n para m\u00f3viles y tabletas de PASEN.<\/span><\/strong><\/span><\/p>\n<p><span style=\"font-size: 14pt;color: #000000\">Ya pueden descargarse las versiones de iPasen para iOS y Android. Ambas est\u00e1n disponibles en sus respectivos repositorios de la&nbsp;<strong>AppStore&nbsp;<\/strong>y&nbsp;<strong>Google Play<\/strong><\/span><\/p>\n<p><span style=\"font-size: 14pt\"><a href=\"https:\/\/itunes.apple.com\/es\/app\/ipasen\/id511127024?l=en&amp;mt=8\" target=\"_blank\" rel=\"noopener noreferrer\"><strong>iPasen para iOS<\/strong><\/a><\/span><\/p>\n<p><span style=\"font-size: 14pt\"><a href=\"https:\/\/play.google.com\/store\/apps\/details?id=juntadeandalucia.ced.pasen\" target=\"_blank\" rel=\"noopener noreferrer\"><strong>iPasen para Android<\/strong><\/a><\/span><\/p>\n<p style=\"text-align: center\"><iframe loading=\"lazy\" src=\"https:\/\/www.youtube.com\/embed\/cHLova48ULE\" width=\"860\" height=\"515\" frameborder=\"0\"><span data-mce-type=\"bookmark\" style=\"width: 0px;overflow: hidden;line-height: 0\" class=\"mce_SELRES_start\">\ufeff<\/span><\/iframe><\/p>\n<p>&nbsp;<\/p>\n<p style=\"text-align: justify\"><span style=\"font-size: 14pt;color: #000000\">Para realizar el \u00abautologin\u00bb a trav\u00e9s de la aplicaci\u00f3n iPasen, las familias deber\u00e1n pinchar en el enlace &#8216;Registro&#8217; de la pantalla de login. Se requerir\u00e1n dos datos: El DNI y el n\u00famero de tel\u00e9fono m\u00f3vil donde recibir\u00e1 por SMS las credenciales. Este \u00faltimo deber\u00e1 coincidir con el que consta en S\u00e9neca para los tutores legales o para el alumnado.<\/span><\/p>\n<table style=\"border-collapse: collapse;width: 100%\">\n<tbody>\n<tr>\n<td style=\"width: 37.0195%\"><a href=\"https:\/\/blogsaverroes.juntadeandalucia.es\/ceipjosefinaaldecoa\/prodig\/pasen\/ini_ipasen\/\" rel=\"attachment wp-att-17194\"><img loading=\"lazy\" decoding=\"async\" class=\"wp-image-17194 alignleft\" src=\"https:\/\/blogsaverroes.juntadeandalucia.es\/ceipjosefinaaldecoa\/files\/2023\/09\/ini_iPasen.jpg\" alt=\"\" width=\"451\" height=\"867\" srcset=\"https:\/\/blogsaverroes.juntadeandalucia.es\/ceipjosefinaaldecoa\/files\/2023\/09\/ini_iPasen.jpg 832w, https:\/\/blogsaverroes.juntadeandalucia.es\/ceipjosefinaaldecoa\/files\/2023\/09\/ini_iPasen-156x300.jpg 156w, https:\/\/blogsaverroes.juntadeandalucia.es\/ceipjosefinaaldecoa\/files\/2023\/09\/ini_iPasen-532x1024.jpg 532w, https:\/\/blogsaverroes.juntadeandalucia.es\/ceipjosefinaaldecoa\/files\/2023\/09\/ini_iPasen-768x1478.jpg 768w, https:\/\/blogsaverroes.juntadeandalucia.es\/ceipjosefinaaldecoa\/files\/2023\/09\/ini_iPasen-798x1536.jpg 798w, https:\/\/blogsaverroes.juntadeandalucia.es\/ceipjosefinaaldecoa\/files\/2023\/09\/ini_iPasen-1064x2048.jpg 1064w\" sizes=\"(max-width: 451px) 100vw, 451px\" \/><\/a><\/td>\n<td style=\"width: 62.9805%;text-align: center\"><a href=\"https:\/\/blogsaverroes.juntadeandalucia.es\/ceipjosefinaaldecoa\/prodig\/pasen\/_ipasen\/\" rel=\"attachment wp-att-17193\"><img loading=\"lazy\" decoding=\"async\" class=\"wp-image-17193 alignleft\" src=\"https:\/\/blogsaverroes.juntadeandalucia.es\/ceipjosefinaaldecoa\/files\/2023\/09\/iPasen.jpg\" alt=\"\" width=\"425\" height=\"849\" srcset=\"https:\/\/blogsaverroes.juntadeandalucia.es\/ceipjosefinaaldecoa\/files\/2023\/09\/iPasen.jpg 801w, https:\/\/blogsaverroes.juntadeandalucia.es\/ceipjosefinaaldecoa\/files\/2023\/09\/iPasen-150x300.jpg 150w, https:\/\/blogsaverroes.juntadeandalucia.es\/ceipjosefinaaldecoa\/files\/2023\/09\/iPasen-513x1024.jpg 513w, https:\/\/blogsaverroes.juntadeandalucia.es\/ceipjosefinaaldecoa\/files\/2023\/09\/iPasen-768x1533.jpg 768w, https:\/\/blogsaverroes.juntadeandalucia.es\/ceipjosefinaaldecoa\/files\/2023\/09\/iPasen-769x1536.jpg 769w, https:\/\/blogsaverroes.juntadeandalucia.es\/ceipjosefinaaldecoa\/files\/2023\/09\/iPasen-1026x2048.jpg 1026w\" sizes=\"(max-width: 425px) 100vw, 425px\" \/><\/a><\/td>\n<\/tr>\n<\/tbody>\n<\/table>\n<p>&nbsp;<\/p>\n<p><iframe loading=\"lazy\" src=\"https:\/\/www.youtube.com\/embed\/OR7r9OcG8sE\" width=\"760\" height=\"515\" frameborder=\"0\"><span data-mce-type=\"bookmark\" style=\"width: 0px;overflow: hidden;line-height: 0\" class=\"mce_SELRES_start\">\ufeff<\/span><\/iframe><\/p>\n<p>&nbsp;<\/p>\n<p style=\"text-align: center\"><span style=\"font-size: 22pt\"><strong><span style=\"color: #008000\"><a style=\"color: #008000\" href=\"https:\/\/seneca.juntadeandalucia.es\/seneca\/jsp\/portalpasen\/\" target=\"_blank\" rel=\"noopener noreferrer\">WEB PASEN<\/a><\/span><\/strong><\/span><\/p>\n<p style=\"text-align: justify\"><span style=\"font-size: 14pt;color: #000000\">Las credenciales son las mismas en la versi\u00f3n web de PASEN que en la de dispositivos m\u00f3viles iPasen<\/span><\/p>\n<p style=\"text-align: justify\"><span style=\"font-size: 14pt;color: #000000\">Tambi\u00e9n est\u00e1 disponible el procedimiento de \u00abautologin\u00bb para usuarios con perfiles tutor\/a legal y alumnado (tanto emancipado como no), mediante el cual cualquier padre\/madre o alumno\/a podr\u00e1 realizar un proceso de \u00abautologin\u00bb para obtener las credenciales de acceso a PASEN.<\/span><\/p>\n<p style=\"text-align: justify\"><span style=\"font-size: 14pt;color: #000000\">Para realizar el \u00abautologin\u00bb a trav\u00e9s de la aplicaci\u00f3n web o de la app iPasen, las familias deber\u00e1n pinchar en el enlace &#8216;Registro&#8217; de la pantalla de login. Se requerir\u00e1n dos datos: El DNI y el n\u00famero de tel\u00e9fono m\u00f3vil donde recibir\u00e1 por SMS las credenciales. Este \u00faltimo deber\u00e1 coincidir con el que consta en S\u00e9neca para los tutores legales o para el alumnado.<\/span><\/p>\n<p><a href=\"https:\/\/seneca.juntadeandalucia.es\/seneca\/jsp\/portalpasen\/\" target=\"_blank\" rel=\"noopener noreferrer\"><img decoding=\"async\" class=\"aligncenter\" src=\"http:\/\/www.juntadeandalucia.es\/educacion\/portals\/delegate\/content\/25f75b7a-0bb6-4a14-ac53-1899f5380b0f\/PASEN%20-%20Consejer%C3%ADa%20de%20Educaci%C3%B3n.png\"><\/a><\/p>\n<p style=\"text-align: justify\">&nbsp;<\/p>\n<p style=\"text-align: center\">&nbsp;<\/p>\n","protected":false},"excerpt":{"rendered":"<p>PASEN&nbsp;es servicio de la Consejer\u00eda de Educaci\u00f3n&nbsp;que permite la&nbsp;comunicaci\u00f3n entre los distintos miembros de la comunidad educativa&nbsp;(tutores\/as legales, alumnado, cargos directivos y profesorado).&nbsp; CORREO ELECTRONICO DE INCIDENCIAS iPasen para las familias: tde@ceipjosefinaaldecoa.com WEB PASEN \ufeff\ufeff \u00bfC\u00f3mo \u00abautologuearse\u00bb en iPASEN, si a\u00fan no&#46;&#46;&#46;<\/p>\n","protected":false},"author":2825,"featured_media":0,"parent":12589,"menu_order":0,"comment_status":"closed","ping_status":"closed","template":"","meta":{"ngg_post_thumbnail":0,"footnotes":"","_mc_calendar":[]},"aioseo_notices":[],"_links":{"self":[{"href":"https:\/\/blogsaverroes.juntadeandalucia.es\/ceipjosefinaaldecoa\/wp-json\/wp\/v2\/pages\/12825"}],"collection":[{"href":"https:\/\/blogsaverroes.juntadeandalucia.es\/ceipjosefinaaldecoa\/wp-json\/wp\/v2\/pages"}],"about":[{"href":"https:\/\/blogsaverroes.juntadeandalucia.es\/ceipjosefinaaldecoa\/wp-json\/wp\/v2\/types\/page"}],"author":[{"embeddable":true,"href":"https:\/\/blogsaverroes.juntadeandalucia.es\/ceipjosefinaaldecoa\/wp-json\/wp\/v2\/users\/2825"}],"replies":[{"embeddable":true,"href":"https:\/\/blogsaverroes.juntadeandalucia.es\/ceipjosefinaaldecoa\/wp-json\/wp\/v2\/comments?post=12825"}],"version-history":[{"count":8,"href":"https:\/\/blogsaverroes.juntadeandalucia.es\/ceipjosefinaaldecoa\/wp-json\/wp\/v2\/pages\/12825\/revisions"}],"predecessor-version":[{"id":17197,"href":"https:\/\/blogsaverroes.juntadeandalucia.es\/ceipjosefinaaldecoa\/wp-json\/wp\/v2\/pages\/12825\/revisions\/17197"}],"up":[{"embeddable":true,"href":"https:\/\/blogsaverroes.juntadeandalucia.es\/ceipjosefinaaldecoa\/wp-json\/wp\/v2\/pages\/12589"}],"wp:attachment":[{"href":"https:\/\/blogsaverroes.juntadeandalucia.es\/ceipjosefinaaldecoa\/wp-json\/wp\/v2\/media?parent=12825"}],"curies":[{"name":"wp","href":"https:\/\/api.w.org\/{rel}","templated":true}]}}