{"id":13337,"date":"2018-02-13T00:03:31","date_gmt":"2018-02-13T00:03:31","guid":{"rendered":"https:\/\/blogsaverroes.juntadeandalucia.es\/ceipjosefinaaldecoa\/?page_id=13337"},"modified":"2020-03-23T03:23:48","modified_gmt":"2020-03-23T03:23:48","slug":"proyecto-stars","status":"publish","type":"page","link":"https:\/\/blogsaverroes.juntadeandalucia.es\/ceipjosefinaaldecoa\/proyecto-stars\/","title":{"rendered":"Proyecto Stars"},"content":{"rendered":"<div class=\"entry-image\"><a href=\"http:\/\/www.starsespa\u00f1a.com\/\" target=\"_blank\" rel=\"noopener noreferrer\"><img loading=\"lazy\" decoding=\"async\" class=\"aligncenter\" src=\"http:\/\/www.caminoescolarseguro.com\/images\/logostars.png?ver=1.0\" alt=\"Logo Stars\" width=\"559\" height=\"234\"><\/a><\/div>\n<div class=\"entry-content\">\n<div class=\"col_full\">\n<h4><span style=\"color: #000000;font-size: 14pt\">\u00bfQu\u00e9 es el proyecto STARS?<\/span><\/h4>\n<p><span style=\"color: #000000\">El proyecto europeo STARS (Acreditaci\u00f3n y Reconocimiento de Desplazamientos Sostenibles para Colegios), tiene como objeto animar y premiar a los centros educativos que fomentan entre su alumnado los desplazamientos sostenibles y seguros, tanto a pie como en bicicleta.<\/span><\/p>\n<p><span style=\"color: #000000\">Actualmente y desde 2016, otros municipios espa\u00f1oles participan en STARS bajo la coordinaci\u00f3n de la DGT.<\/span><\/p>\n<p style=\"text-align: justify\"><span style=\"color: #000000\">Nuestros comienzos se remontan al curso 14\/15, en el que m\u00e1s de 50 alumnos y alumnas ya participaban del original camino escolar en Bici, adem\u00e1s del profesorado del centro que participaba en las dos rutas o trayectos dentro del municipio, y tambi\u00e9n se contaba ya con el apoyo inestimables de las familias, madres y padres.<\/span><\/p>\n<p style=\"text-align: justify\"><span style=\"color: #000000;text-align: justify\">Desde aquel curso 14\/15 y hasta la actualidad el Proyecto \u00abCamino Escolar en Bici\u00bb sigue en marcha con su dos rutas. En cursos posteriores se le han ido sumando temporalmente el acompa\u00f1amiento de la patrulla en bici de la polic\u00eda local y el de Protecci\u00f3n Civil. Aunque actualmente ya no tenemos dichos acompa\u00f1amiento de estas patrullas en bici, si contamos con el apoyo en cruces de carretera de la Polic\u00eda Local del Municipio.<\/span><\/p>\n<\/div>\n<\/div>\n<div><span style=\"color: #000000\">En el curso 16\/17 el centro inicia su participaci\u00f3n oficial en el Proyecto Stars. Y en el curso 18\/19 iniciamos tambi\u00e9n el \u00abCamino Escolar Andando\u00bb con sus tres rutas dentro de la localidad de Torre de Benagalb\u00f3n.&nbsp;<\/span><\/div>\n<div>\n<table style=\"height: 62px\" width=\"940\">\n<tbody>\n<tr>\n<td style=\"width: 462.4px\">\n<p style=\"text-align: center\"><img loading=\"lazy\" decoding=\"async\" class=\"aligncenter\" src=\"https:\/\/blogsaverroes.juntadeandalucia.es\/ceipjosefinaaldecoa\/files\/2016\/09\/13239460_1750486048507571_3565316334616697611_n.jpg\" width=\"430\" height=\"207\"><\/p>\n<p style=\"text-align: center\"><a href=\"https:\/\/www.dropbox.com\/s\/putg0u8qhbmq5p8\/AUTORIZACI%C3%93N%20CAMINO%20ESCOLAR%20EN%20BICI.doc?dl=0\" target=\"_blank\" rel=\"noopener noreferrer\">AUTORIZACI\u00d3N CAMINO ESCOLAR EN BICI<\/a><\/p>\n<p style=\"text-align: center\">( Descargar e Imprimir)<\/p>\n<p style=\"text-align: center\"><a href=\"https:\/\/blogsaverroes.juntadeandalucia.es\/ceipjosefinaaldecoa\/planes-y-proyectos\/camino-escolar-en-bici\/\" target=\"_blank\" rel=\"noopener noreferrer\">M\u00e1s informaci\u00f3n AQU\u00cd<\/a><\/p>\n<\/td>\n<td style=\"width: 463.2px;text-align: center\"><a href=\"https:\/\/blogsaverroes.juntadeandalucia.es\/ceipjosefinaaldecoa\/camino-escolar\/camino-andando2\/\" rel=\"attachment wp-att-11324\"><img loading=\"lazy\" decoding=\"async\" class=\"aligncenter wp-image-11326 \" src=\"https:\/\/blogsaverroes.juntadeandalucia.es\/ceipjosefinaaldecoa\/files\/2019\/01\/camino-Andando2.jpg\" alt=\"\" width=\"400\" height=\"212\" srcset=\"https:\/\/blogsaverroes.juntadeandalucia.es\/ceipjosefinaaldecoa\/files\/2019\/01\/camino-Andando2.jpg 728w, https:\/\/blogsaverroes.juntadeandalucia.es\/ceipjosefinaaldecoa\/files\/2019\/01\/camino-Andando2-300x159.jpg 300w, https:\/\/blogsaverroes.juntadeandalucia.es\/ceipjosefinaaldecoa\/files\/2019\/01\/camino-Andando2-24x13.jpg 24w, https:\/\/blogsaverroes.juntadeandalucia.es\/ceipjosefinaaldecoa\/files\/2019\/01\/camino-Andando2-36x19.jpg 36w, https:\/\/blogsaverroes.juntadeandalucia.es\/ceipjosefinaaldecoa\/files\/2019\/01\/camino-Andando2-48x25.jpg 48w\" sizes=\"(max-width: 400px) 100vw, 400px\" \/><\/a><\/p>\n<p><a href=\"https:\/\/www.dropbox.com\/s\/8h8rfnnf2jwf9ez\/AUTORIZACI%C3%93N%20CAMINO%20ESCOLAR%20ANADANDO.doc?dl=0\" target=\"_blank\" rel=\"noopener noreferrer\">Autorizaci\u00f3n&nbsp;Camino Escolar Andando<\/a>&nbsp;<\/p>\n<p>( Descargar e Imprimir)<\/p>\n<p><a href=\"https:\/\/blogsaverroes.juntadeandalucia.es\/ceipjosefinaaldecoa\/camino-escolar-andando\/\" target=\"_blank\" rel=\"noopener noreferrer\">M\u00e1s informaci\u00f3n AQU\u00cd<\/a><\/td>\n<\/tr>\n<\/tbody>\n<\/table>\n<p style=\"text-align: center\"><span style=\"font-size: 14pt\"><strong><span style=\"color: #3366ff\">!! PONTE EN MARCHA !!<\/span><\/strong><\/span><\/p>\n<p style=\"text-align: center\"><iframe loading=\"lazy\" src=\"https:\/\/player.vimeo.com\/video\/323966070\" width=\"820\" height=\"460\" frameborder=\"0\"><\/iframe><\/p>\n<p style=\"text-align: center\"><span style=\"color: #000000;font-size: 16pt\"><strong>Cinco<\/strong><strong>&nbsp;rutas con un mismo destino\u2026 !! Nuestro Cole!!<\/strong><\/span><\/p>\n<\/div>\n<div class=\"entry-content\">\n<div class=\"col_full\">\n<h4><span style=\"color: #000000;font-size: 14pt\">\u00bfA qui\u00e9n est\u00e1 dirigido el programa STARS?<\/span><\/h4>\n<p><span style=\"color: #000000\">Al alumnado desde los 6 a los 19 a\u00f1os, aunque en nuestro cole ya empiezan con 3 a\u00f1itos. Pero el proyecto adem\u00e1s est\u00e1 destinado a toda la comunidad educativa: padres, profesores, equipos directivos y personal no docente.<\/span><\/p>\n<h4><span style=\"color: #000000;font-size: 14pt\">\u00bfQu\u00e9 objetivos tiene STARS?<\/span><\/h4>\n<ul>\n<li><span style=\"color: #000000\">Aumentar el n\u00famero de ni\u00f1os y adolescentes que realizan desplazamientos activos al colegio o al instituto, es decir que van en bici o andando a su centro de estudios.<\/span><\/li>\n<li><span style=\"color: #000000\">Fomentar la autonom\u00eda de la infancia en la ciudad.<\/span><\/li>\n<li><span style=\"color: #000000\">Promover el compromiso de los j\u00f3venes con el espacio p\u00fablico.<\/span><\/li>\n<li><span style=\"color: #000000\">Promover estilos de vida saludables.<\/span><\/li>\n<\/ul>\n<p><span style=\"color: #000000\">Enlaces Proyecto Stars<\/span><\/p>\n<p style=\"text-align: center\"><span style=\"color: #000000\">PROYECTO STARS ESPA\u00d1A<\/span><\/p>\n<\/div>\n<p><span style=\"color: #000000\"><a style=\"color: #000000\" href=\"http:\/\/www.starsespa\u00f1a.com\/\" target=\"_blank\" rel=\"noopener noreferrer\"><img loading=\"lazy\" decoding=\"async\" class=\"aligncenter\" src=\"https:\/\/blogsaverroes.juntadeandalucia.es\/ceipjosefinaaldecoa\/files\/2015\/05\/logostars.png\" alt=\"Proyecto Stars Espa\u00f1a\" width=\"274\" height=\"115\"><\/a><\/span><\/p>\n<p style=\"text-align: center\"><span style=\"color: #000000\">CAMINO ESCOLAR SEGURO<\/span><\/p>\n<p><a href=\"https:\/\/www.caminoescolarseguro.com\/\" target=\"_blank\" rel=\"noopener noreferrer\"><img loading=\"lazy\" decoding=\"async\" class=\"aligncenter\" src=\"http:\/\/www.caminoescolarseguro.com\/images\/logo.png?ver=1.0\" alt=\"Canvas Logo\" width=\"711\" height=\"120\"><\/a><\/p>\n<p>INFORMACI\u00d3N:<\/p>\n<p><a href=\"https:\/\/blogsaverroes.juntadeandalucia.es\/ceipjosefinaaldecoa\/files\/2020\/03\/BENEFICIOS-DE-LA-BICICLETA_RINC\u00d3N-1.pdf\" target=\"_blank\" rel=\"attachment noopener wp-att-13339 noreferrer\">BENEFICIOS_BICLICLETA_RINC\u00d3N<\/a><\/p>\n<p>&nbsp;<object data=\"https:\/\/blogsaverroes.juntadeandalucia.es\/ceipjosefinaaldecoa\/files\/2020\/03\/BENEFICIOS-DE-LA-BICICLETA_RINC\u00d3N-1.pdf?#zoom=85&amp;scrollbar=0&amp;toolbar=0&amp;navpanes=0\" type=\"application\/pdf\" width=\"876\" height=\"876\"><span data-mce-type=\"bookmark\" style=\"width: 0px;overflow: hidden;line-height: 0\" class=\"mce_SELRES_start\">\ufeff<\/span>    <span data-mce-type=\"bookmark\" style=\"width: 0px;overflow: hidden;line-height: 0\" class=\"mce_SELRES_start\">\ufeff<\/span><span data-mce-type=\"bookmark\" style=\"width: 0px;overflow: hidden;line-height: 0\" class=\"mce_SELRES_start\">\ufeff<\/span><span data-mce-type=\"bookmark\" style=\"width: 0px;overflow: hidden;line-height: 0\" class=\"mce_SELRES_start\">\ufeff<\/span><span data-mce-type=\"bookmark\" style=\"width: 0px;overflow: hidden;line-height: 0\" class=\"mce_SELRES_start\">\ufeff<\/span><embed src=\"https:\/\/blogsaverroes.juntadeandalucia.es\/ceipjosefinaaldecoa\/files\/2020\/03\/BENEFICIOS-DE-LA-BICICLETA_RINC\u00d3N-1.pdf?zoom=85&amp;scrollbar=0&amp;toolbar=0&amp;navpanes=0\" type=\"application\/pdf\" width=\"876\" height=\"876\"><span data-mce-type=\"bookmark\" style=\"width: 0px;overflow: hidden;line-height: 0\" class=\"mce_SELRES_end\">\ufeff<\/span><span data-mce-type=\"bookmark\" style=\"width: 0px;overflow: hidden;line-height: 0\" class=\"mce_SELRES_end\">\ufeff<\/span><span data-mce-type=\"bookmark\" style=\"width: 0px;overflow: hidden;line-height: 0\" class=\"mce_SELRES_end\">\ufeff<\/span><span data-mce-type=\"bookmark\" style=\"width: 0px;overflow: hidden;line-height: 0\" class=\"mce_SELRES_end\">\ufeff<\/span><\/object><\/p>\n<p><a href=\"https:\/\/blogsaverroes.juntadeandalucia.es\/ceipjosefinaaldecoa\/files\/2020\/03\/NORMAS-B\u00c1SICAS-DE-CIRCULACI\u00d3N-1.pdf\" target=\"_blank\" rel=\"attachment noopener wp-att-13339 noreferrer\">NORMAS_B\u00c1SICAS_CIRCULACI\u00d3N<\/a><\/p>\n<p>&nbsp;<object data=\"https:\/\/blogsaverroes.juntadeandalucia.es\/ceipjosefinaaldecoa\/files\/2020\/03\/NORMAS-B\u00c1SICAS-DE-CIRCULACI\u00d3N-1.pdf?#zoom=85&amp;scrollbar=0&amp;toolbar=0&amp;navpanes=0\" type=\"application\/pdf\" width=\"876\" height=\"876\"><span data-mce-type=\"bookmark\" style=\"width: 0px;overflow: hidden;line-height: 0\" class=\"mce_SELRES_start\">\ufeff<\/span>    <span data-mce-type=\"bookmark\" style=\"width: 0px;overflow: hidden;line-height: 0\" class=\"mce_SELRES_start\">\ufeff<\/span><span data-mce-type=\"bookmark\" style=\"width: 0px;overflow: hidden;line-height: 0\" class=\"mce_SELRES_start\">\ufeff<\/span><span data-mce-type=\"bookmark\" style=\"width: 0px;overflow: hidden;line-height: 0\" class=\"mce_SELRES_start\">\ufeff<\/span><span data-mce-type=\"bookmark\" style=\"width: 0px;overflow: hidden;line-height: 0\" class=\"mce_SELRES_start\">\ufeff<\/span><embed src=\"https:\/\/blogsaverroes.juntadeandalucia.es\/ceipjosefinaaldecoa\/files\/2020\/03\/NORMAS-B\u00c1SICAS-DE-CIRCULACI\u00d3N-1.pdf?zoom=85&amp;scrollbar=0&amp;toolbar=0&amp;navpanes=0\" type=\"application\/pdf\" width=\"876\" height=\"876\"><span data-mce-type=\"bookmark\" style=\"width: 0px;overflow: hidden;line-height: 0\" class=\"mce_SELRES_end\">\ufeff<\/span><span data-mce-type=\"bookmark\" style=\"width: 0px;overflow: hidden;line-height: 0\" class=\"mce_SELRES_end\">\ufeff<\/span><span data-mce-type=\"bookmark\" style=\"width: 0px;overflow: hidden;line-height: 0\" class=\"mce_SELRES_end\">\ufeff<\/span><span data-mce-type=\"bookmark\" style=\"width: 0px;overflow: hidden;line-height: 0\" class=\"mce_SELRES_end\">\ufeff<\/span><\/object><\/p>\n<p><a href=\"https:\/\/blogsaverroes.juntadeandalucia.es\/ceipjosefinaaldecoa\/files\/2020\/03\/SEGURIDAD-EN-BICI-1.pdf\" target=\"_blank\" rel=\"attachment noopener wp-att-13339 noreferrer\">SEGURIDAD_EN_BICI<\/a><\/p>\n<p>&nbsp;<object data=\"https:\/\/blogsaverroes.juntadeandalucia.es\/ceipjosefinaaldecoa\/files\/2020\/03\/SEGURIDAD-EN-BICI-1.pdf?#zoom=85&amp;scrollbar=0&amp;toolbar=0&amp;navpanes=0\" type=\"application\/pdf\" width=\"876\" height=\"876\"><span data-mce-type=\"bookmark\" style=\"width: 0px;overflow: hidden;line-height: 0\" class=\"mce_SELRES_start\">\ufeff<\/span>    <span data-mce-type=\"bookmark\" style=\"width: 0px;overflow: hidden;line-height: 0\" class=\"mce_SELRES_start\">\ufeff<\/span><span data-mce-type=\"bookmark\" style=\"width: 0px;overflow: hidden;line-height: 0\" class=\"mce_SELRES_start\">\ufeff<\/span><span data-mce-type=\"bookmark\" style=\"width: 0px;overflow: hidden;line-height: 0\" class=\"mce_SELRES_start\">\ufeff<\/span><span data-mce-type=\"bookmark\" style=\"width: 0px;overflow: hidden;line-height: 0\" class=\"mce_SELRES_start\">\ufeff<\/span><embed src=\"https:\/\/blogsaverroes.juntadeandalucia.es\/ceipjosefinaaldecoa\/files\/2020\/03\/SEGURIDAD-EN-BICI-1.pdf?zoom=85&amp;scrollbar=0&amp;toolbar=0&amp;navpanes=0\" type=\"application\/pdf\" width=\"876\" height=\"876\"><span data-mce-type=\"bookmark\" style=\"width: 0px;overflow: hidden;line-height: 0\" class=\"mce_SELRES_end\">\ufeff<\/span><span data-mce-type=\"bookmark\" style=\"width: 0px;overflow: hidden;line-height: 0\" class=\"mce_SELRES_end\">\ufeff<\/span><span data-mce-type=\"bookmark\" style=\"width: 0px;overflow: hidden;line-height: 0\" class=\"mce_SELRES_end\">\ufeff<\/span><span data-mce-type=\"bookmark\" style=\"width: 0px;overflow: hidden;line-height: 0\" class=\"mce_SELRES_end\">\ufeff<\/span><\/object><\/p>\n<p><a href=\"https:\/\/blogsaverroes.juntadeandalucia.es\/ceipjosefinaaldecoa\/files\/2020\/03\/CAMINOS-ESCOLARES-NI\u00d1OS.pdf\" target=\"_blank\" rel=\"attachment noopener wp-att-13339 noreferrer\">CAMINOS_ESCOLARES_NI\u00d1OS<\/a><\/p>\n<p><a href=\"https:\/\/blogsaverroes.juntadeandalucia.es\/ceipjosefinaaldecoa\/files\/2020\/03\/CAMINOS-ESCOLARES-GENERAL.pdf\" target=\"_blank\" rel=\"attachment noopener wp-att-13339 noreferrer\">CAMINOS_ESCOLARES_GENERAL<\/a><\/p>\n<p><a href=\"https:\/\/blogsaverroes.juntadeandalucia.es\/ceipjosefinaaldecoa\/files\/2020\/03\/2020_DIPTICO-DGT-STARS.pdf\" target=\"_blank\" rel=\"attachment noopener wp-att-13338 noreferrer\">2020_D\u00cdPTICO DGT STARS<\/a><\/p>\n<p>&nbsp;<br \/>\n<object data=\"https:\/\/blogsaverroes.juntadeandalucia.es\/ceipjosefinaaldecoa\/files\/2020\/03\/2020_DIPTICO-DGT-STARS.pdf?#zoom=85&amp;scrollbar=0&amp;toolbar=0&amp;navpanes=0\" type=\"application\/pdf\" width=\"876\" height=\"876\"><span data-mce-type=\"bookmark\" style=\"width: 0px;overflow: hidden;line-height: 0\" class=\"mce_SELRES_start\">\ufeff<\/span>    <span data-mce-type=\"bookmark\" style=\"width: 0px;overflow: hidden;line-height: 0\" class=\"mce_SELRES_start\">\ufeff<\/span><span data-mce-type=\"bookmark\" style=\"width: 0px;overflow: hidden;line-height: 0\" class=\"mce_SELRES_start\">\ufeff<\/span><span data-mce-type=\"bookmark\" style=\"width: 0px;overflow: hidden;line-height: 0\" class=\"mce_SELRES_start\">\ufeff<\/span><embed src=\"https:\/\/blogsaverroes.juntadeandalucia.es\/ceipjosefinaaldecoa\/files\/2020\/03\/2020_DIPTICO-DGT-STARS.pdf?zoom=85&amp;scrollbar=0&amp;toolbar=0&amp;navpanes=0\" type=\"application\/pdf\" width=\"876\" height=\"876\"><span data-mce-type=\"bookmark\" style=\"width: 0px;overflow: hidden;line-height: 0\" class=\"mce_SELRES_end\">\ufeff<\/span><span data-mce-type=\"bookmark\" style=\"width: 0px;overflow: hidden;line-height: 0\" class=\"mce_SELRES_end\">\ufeff<\/span><span data-mce-type=\"bookmark\" style=\"width: 0px;overflow: hidden;line-height: 0\" class=\"mce_SELRES_end\">\ufeff<\/span><\/object><\/p>\n<p>&nbsp;<\/p>\n<p><a href=\"https:\/\/blogsaverroes.juntadeandalucia.es\/ceipjosefinaaldecoa\/files\/2020\/03\/2020_GUIA-STARS-DGT.pdf\" target=\"_blank\" rel=\"attachment noopener wp-att-13339 noreferrer\">2020_GUIA STARS DGT<\/a><\/p>\n<p>&nbsp;<br \/>\n<object data=\"https:\/\/blogsaverroes.juntadeandalucia.es\/ceipjosefinaaldecoa\/files\/2020\/03\/2020_GUIA-STARS-DGT.pdf?#zoom=85&amp;scrollbar=0&amp;toolbar=0&amp;navpanes=0\" type=\"application\/pdf\" width=\"876\" height=\"876\"><span data-mce-type=\"bookmark\" style=\"width: 0px;overflow: hidden;line-height: 0\" class=\"mce_SELRES_start\">\ufeff<\/span>    <span data-mce-type=\"bookmark\" style=\"width: 0px;overflow: hidden;line-height: 0\" class=\"mce_SELRES_start\">\ufeff<\/span><span data-mce-type=\"bookmark\" style=\"width: 0px;overflow: hidden;line-height: 0\" class=\"mce_SELRES_start\">\ufeff<\/span><span data-mce-type=\"bookmark\" style=\"width: 0px;overflow: hidden;line-height: 0\" class=\"mce_SELRES_start\">\ufeff<\/span><embed src=\"https:\/\/blogsaverroes.juntadeandalucia.es\/ceipjosefinaaldecoa\/files\/2020\/03\/2020_GUIA-STARS-DGT.pdf?zoom=85&amp;scrollbar=0&amp;toolbar=0&amp;navpanes=0\" type=\"application\/pdf\" width=\"876\" height=\"876\"><span data-mce-type=\"bookmark\" style=\"width: 0px;overflow: hidden;line-height: 0\" class=\"mce_SELRES_end\">\ufeff<\/span><span data-mce-type=\"bookmark\" style=\"width: 0px;overflow: hidden;line-height: 0\" class=\"mce_SELRES_end\">\ufeff<\/span><span data-mce-type=\"bookmark\" style=\"width: 0px;overflow: hidden;line-height: 0\" class=\"mce_SELRES_end\">\ufeff<\/span><\/object><\/p>\n<p>&nbsp;<\/p>\n<\/div>\n","protected":false},"excerpt":{"rendered":"<p>\u00bfQu\u00e9 es el proyecto STARS? El proyecto europeo STARS (Acreditaci\u00f3n y Reconocimiento de Desplazamientos Sostenibles para Colegios), tiene como objeto animar y premiar a los centros educativos que fomentan entre su alumnado los desplazamientos sostenibles y seguros, tanto a pie como en&#46;&#46;&#46;<\/p>\n","protected":false},"author":2825,"featured_media":7884,"parent":0,"menu_order":0,"comment_status":"closed","ping_status":"closed","template":"","meta":{"ngg_post_thumbnail":0,"footnotes":"","_mc_calendar":[]},"aioseo_notices":[],"_links":{"self":[{"href":"https:\/\/blogsaverroes.juntadeandalucia.es\/ceipjosefinaaldecoa\/wp-json\/wp\/v2\/pages\/13337"}],"collection":[{"href":"https:\/\/blogsaverroes.juntadeandalucia.es\/ceipjosefinaaldecoa\/wp-json\/wp\/v2\/pages"}],"about":[{"href":"https:\/\/blogsaverroes.juntadeandalucia.es\/ceipjosefinaaldecoa\/wp-json\/wp\/v2\/types\/page"}],"author":[{"embeddable":true,"href":"https:\/\/blogsaverroes.juntadeandalucia.es\/ceipjosefinaaldecoa\/wp-json\/wp\/v2\/users\/2825"}],"replies":[{"embeddable":true,"href":"https:\/\/blogsaverroes.juntadeandalucia.es\/ceipjosefinaaldecoa\/wp-json\/wp\/v2\/comments?post=13337"}],"version-history":[{"count":5,"href":"https:\/\/blogsaverroes.juntadeandalucia.es\/ceipjosefinaaldecoa\/wp-json\/wp\/v2\/pages\/13337\/revisions"}],"predecessor-version":[{"id":13508,"href":"https:\/\/blogsaverroes.juntadeandalucia.es\/ceipjosefinaaldecoa\/wp-json\/wp\/v2\/pages\/13337\/revisions\/13508"}],"wp:featuredmedia":[{"embeddable":true,"href":"https:\/\/blogsaverroes.juntadeandalucia.es\/ceipjosefinaaldecoa\/wp-json\/wp\/v2\/media\/7884"}],"wp:attachment":[{"href":"https:\/\/blogsaverroes.juntadeandalucia.es\/ceipjosefinaaldecoa\/wp-json\/wp\/v2\/media?parent=13337"}],"curies":[{"name":"wp","href":"https:\/\/api.w.org\/{rel}","templated":true}]}}