{"id":141,"date":"2016-02-27T07:13:24","date_gmt":"2016-02-27T07:13:24","guid":{"rendered":"http:\/\/blogsaverroes.juntadeandalucia.es\/pre\/ceip\/?page_id=141"},"modified":"2024-03-04T03:53:07","modified_gmt":"2024-03-04T03:53:07","slug":"escolarizacion","status":"publish","type":"page","link":"https:\/\/blogsaverroes.juntadeandalucia.es\/ceipjosefinaaldecoa\/escolarizacion\/","title":{"rendered":"Escolarizaci\u00f3n"},"content":{"rendered":"<p>&nbsp;<\/p>\n<p style=\"text-align: center\"><span style=\"text-decoration: underline;color: #000000\"><strong><span style=\"font-size: 18pt\">ESCOLARIZACI\u00d3N<\/span><\/strong><\/span><\/p>\n<p><span style=\"font-size: 14pt;color: #000000\">Esta secci\u00f3n contiene cuanta informaci\u00f3n sea de utilidad para las familias a la hora de de iniciar el proceso de escolarizaci\u00f3n: plazos, documentos, normativa, enlaces, etc.<\/span><\/p>\n<div class=\"col col-lg-2 col-sm-2 col-12 col-md-2\">\n<div class=\" d-lg-block mb-lg-0 ml-lg-0 mr-lg-0 mt-lg-0 pb-lg-0 pl-lg-0 pr-lg-0 pt-lg-0 text-lg-left d-none d-sm-block d-md-block\">\n<div id=\"fragment-0-nzwl\">\n<div id=\"p_p_id_ABACO_DOCUMENTOS_WAR_abacoportlet_INSTANCE_ts1VgtPiLaI8_\" class=\"portlet-boundary portlet-boundary_ABACO_DOCUMENTOS_WAR_abacoportlet_ portlet-static portlet-static-end \">\n<section id=\"portlet_ABACO_DOCUMENTOS_WAR_abacoportlet_INSTANCE_ts1VgtPiLaI8\" class=\"portlet\">\n<ul>\n<li class=\"portlet-topper\"><span class=\"portlet-title-text\" style=\"font-size: 16pt\"><a href=\"https:\/\/www.juntadeandalucia.es\/educacion\/portales\/es\/web\/escolarizacion\/infantil-a-bachillerato\/impresos\" target=\"_blank\" rel=\"noopener noreferrer\">Impresos<\/a>&nbsp;<span style=\"color: #000000\">para el procedimiento de escolarizaci\u00f3n<span class=\"portlet-title-text\"> ( <strong>Admisi\u00f3n- en Marzo-<\/strong> y Matr\u00edcula -Junio y durante el curso-)<\/span><\/span><\/span><\/li>\n<li class=\"portlet-topper\"><span style=\"font-size: 16pt\"><a title=\"Procedimiento\" href=\"https:\/\/www.juntadeandalucia.es\/educacion\/portales\/es\/web\/escolarizacion\/infantil-a-bachillerato\/normativa\" target=\"_blank\" rel=\"noopener noreferrer\">Normativa<\/a>&nbsp;<span style=\"color: #000000\">sobre el proceso de escolarizaci\u00f3n.<\/span><\/span><\/li>\n<li class=\"portlet-topper\"><span style=\"font-size: 16pt\"><a href=\"https:\/\/www.juntadeandalucia.es\/educacion\/portales\/es\/web\/escolarizacion\/infantil-a-bachillerato\/calendario\" target=\"_blank\" rel=\"noopener noreferrer\">Calendario<\/a>&nbsp;<span style=\"color: #000000\">para el proceso de escolarizaci\u00f3n.<\/span><\/span><\/li>\n<li class=\"portlet-topper\"><span style=\"font-size: 16pt\"><a href=\"https:\/\/www.juntadeandalucia.es\/educacion\/portales\/es\/web\/escolarizacion\/infantil-a-bachillerato\/preguntas-frecuentes\" target=\"_blank\" rel=\"noopener noreferrer\">Preguntas frecuentes<\/a><\/span><\/li>\n<li class=\"portlet-topper\"><span style=\"font-size: 16pt\"><a href=\"https:\/\/www.juntadeandalucia.es\/educacion\/educasig\/escolarizacion\/\" target=\"_blank\" rel=\"noopener noreferrer\">Consulta de \u00e1reas de Influencia<\/a><a href=\"https:\/\/www.juntadeandalucia.es\/educacion\/secretariavirtual\/solicitudes\/\" target=\"_blank\" rel=\"noopener noreferrer\">&nbsp;<\/a><\/span><\/li>\n<li><span style=\"font-size: 16pt\"><a href=\"https:\/\/www.juntadeandalucia.es\/educacion\/portales\/es\/web\/escolarizacion\/infantil-a-bachillerato\/autobaremo\" target=\"_blank\" rel=\"noopener noreferrer\">Autobaremo<\/a><\/span><\/li>\n<\/ul>\n<\/section>\n<\/div>\n<\/div>\n<\/div>\n<\/div>\n<div class=\"col col-lg-10 col-sm-10 col-12 col-md-10\">\n<div class=\" d-lg-block mb-lg-0 ml-lg-0 mr-lg-0 mt-lg-0 pb-lg-0 pl-lg-0 pr-lg-0 pt-lg-0 text-lg-left\">\n<div id=\"fragment-502-toft\">\n<div class=\"fragment_401 pt-4 banner-video\">\n<h4 style=\"text-align: center\" data-lfr-editable-id=\"fragment-title\" data-lfr-editable-type=\"text\"><a href=\"https:\/\/www.juntadeandalucia.es\/educacion\/secretariavirtual\/accesoTramite\/543\/\" target=\"_blank\" rel=\"noopener noreferrer\"><img loading=\"lazy\" decoding=\"async\" class=\"tc-smart-loaded aligncenter\" src=\"https:\/\/www.juntadeandalucia.es\/educacion\/secretariavirtual\/images\/logo_secretaria_virtual.svg\" alt=\"Secretar\u00eda Virtual\" width=\"833\" height=\"189\"><\/a><\/h4>\n<h4 data-lfr-editable-id=\"fragment-title\" data-lfr-editable-type=\"text\"><span style=\"font-size: 16pt\"><a href=\"https:\/\/www.juntadeandalucia.es\/educacion\/secretariavirtual\/accesoTramite\/543\/\" target=\"_blank\" rel=\"noopener noreferrer\">Presentaci\u00f3n telem\u00e1tica de la solicitud de admisi\u00f3n<\/a><\/span><\/h4>\n<div style=\"text-align: justify\" data-lfr-editable-id=\"fragment-description\" data-lfr-editable-type=\"text\"><span style=\"color: #000000;font-size: 14pt\">En la <strong>Secretar\u00eda Virtual<\/strong> de los Centros Educativos se puede realizar <strong>Presentaci\u00f3n telem\u00e1tica<\/strong> de la admisi\u00f3n del alumnado en los centros docentes sostenidos con fondos p\u00fablicos de las ense\u00f1anzas de <strong>2\u00ba Ciclo de Educaci\u00f3n Infantil, Educaci\u00f3n Primaria<\/strong>, Educaci\u00f3n Especial, Educaci\u00f3n Secundaria Obligatoria y Bachillerato.<\/span><\/div>\n<div data-lfr-editable-id=\"fragment-description\" data-lfr-editable-type=\"text\">&nbsp;<\/div>\n<\/div>\n<div data-lfr-editable-id=\"fragment-description\" data-lfr-editable-type=\"text\"><a href=\"https:\/\/www.juntadeandalucia.es\/educacion\/portales\/es\/web\/escolarizacion\/infantil-a-bachillerato\" target=\"_blank\" rel=\"attachment noopener wp-att-13297 noreferrer\"><img loading=\"lazy\" decoding=\"async\" class=\"aligncenter wp-image-13297\" src=\"https:\/\/blogsaverroes.juntadeandalucia.es\/ceipjosefinaaldecoa\/files\/2020\/03\/COVER_YOUTUBE_ADMISION.jpg\" alt=\"\" width=\"838\" height=\"472\" srcset=\"https:\/\/blogsaverroes.juntadeandalucia.es\/ceipjosefinaaldecoa\/files\/2020\/03\/COVER_YOUTUBE_ADMISION.jpg 1600w, https:\/\/blogsaverroes.juntadeandalucia.es\/ceipjosefinaaldecoa\/files\/2020\/03\/COVER_YOUTUBE_ADMISION-300x169.jpg 300w, https:\/\/blogsaverroes.juntadeandalucia.es\/ceipjosefinaaldecoa\/files\/2020\/03\/COVER_YOUTUBE_ADMISION-768x432.jpg 768w, https:\/\/blogsaverroes.juntadeandalucia.es\/ceipjosefinaaldecoa\/files\/2020\/03\/COVER_YOUTUBE_ADMISION-1024x576.jpg 1024w, https:\/\/blogsaverroes.juntadeandalucia.es\/ceipjosefinaaldecoa\/files\/2020\/03\/COVER_YOUTUBE_ADMISION-24x14.jpg 24w, https:\/\/blogsaverroes.juntadeandalucia.es\/ceipjosefinaaldecoa\/files\/2020\/03\/COVER_YOUTUBE_ADMISION-36x20.jpg 36w, https:\/\/blogsaverroes.juntadeandalucia.es\/ceipjosefinaaldecoa\/files\/2020\/03\/COVER_YOUTUBE_ADMISION-48x27.jpg 48w\" sizes=\"(max-width: 838px) 100vw, 838px\" \/><\/a><\/div>\n<div data-lfr-editable-id=\"fragment-description\" data-lfr-editable-type=\"text\">&nbsp;<\/div>\n<div style=\"text-align: center\" data-lfr-editable-id=\"fragment-description\" data-lfr-editable-type=\"text\"><span style=\"font-size: 16pt\"><a href=\"https:\/\/www.juntadeandalucia.es\/educacion\/portales\/es\/web\/escolarizacion\/infantil-a-bachillerato\" target=\"_blank\" rel=\"noopener noreferrer\">M\u00e1s Informaci\u00f3n en el portal de Escolarizaci\u00f3n<\/a><\/span><\/div>\n<\/div>\n<\/div>\n<\/div>\n<p>&nbsp;<\/p>\n","protected":false},"excerpt":{"rendered":"<p>&nbsp; ESCOLARIZACI\u00d3N Esta secci\u00f3n contiene cuanta informaci\u00f3n sea de utilidad para las familias a la hora de de iniciar el proceso de escolarizaci\u00f3n: plazos, documentos, normativa, enlaces, etc. Impresos&nbsp;para el procedimiento de escolarizaci\u00f3n ( Admisi\u00f3n- en Marzo- y Matr\u00edcula -Junio y durante&#46;&#46;&#46;<\/p>\n","protected":false},"author":1,"featured_media":13298,"parent":0,"menu_order":0,"comment_status":"open","ping_status":"open","template":"page-templates\/child-menu.php","meta":{"ngg_post_thumbnail":0,"footnotes":"","_mc_calendar":[]},"aioseo_notices":[],"_links":{"self":[{"href":"https:\/\/blogsaverroes.juntadeandalucia.es\/ceipjosefinaaldecoa\/wp-json\/wp\/v2\/pages\/141"}],"collection":[{"href":"https:\/\/blogsaverroes.juntadeandalucia.es\/ceipjosefinaaldecoa\/wp-json\/wp\/v2\/pages"}],"about":[{"href":"https:\/\/blogsaverroes.juntadeandalucia.es\/ceipjosefinaaldecoa\/wp-json\/wp\/v2\/types\/page"}],"author":[{"embeddable":true,"href":"https:\/\/blogsaverroes.juntadeandalucia.es\/ceipjosefinaaldecoa\/wp-json\/wp\/v2\/users\/1"}],"replies":[{"embeddable":true,"href":"https:\/\/blogsaverroes.juntadeandalucia.es\/ceipjosefinaaldecoa\/wp-json\/wp\/v2\/comments?post=141"}],"version-history":[{"count":18,"href":"https:\/\/blogsaverroes.juntadeandalucia.es\/ceipjosefinaaldecoa\/wp-json\/wp\/v2\/pages\/141\/revisions"}],"predecessor-version":[{"id":17456,"href":"https:\/\/blogsaverroes.juntadeandalucia.es\/ceipjosefinaaldecoa\/wp-json\/wp\/v2\/pages\/141\/revisions\/17456"}],"wp:featuredmedia":[{"embeddable":true,"href":"https:\/\/blogsaverroes.juntadeandalucia.es\/ceipjosefinaaldecoa\/wp-json\/wp\/v2\/media\/13298"}],"wp:attachment":[{"href":"https:\/\/blogsaverroes.juntadeandalucia.es\/ceipjosefinaaldecoa\/wp-json\/wp\/v2\/media?parent=141"}],"curies":[{"name":"wp","href":"https:\/\/api.w.org\/{rel}","templated":true}]}}