{"id":14156,"date":"2020-09-01T21:50:37","date_gmt":"2020-09-01T21:50:37","guid":{"rendered":"https:\/\/blogsaverroes.juntadeandalucia.es\/ceipjosefinaaldecoa\/?page_id=14156"},"modified":"2020-11-05T23:49:25","modified_gmt":"2020-11-05T23:49:25","slug":"claustro-curso-20-21","status":"publish","type":"page","link":"https:\/\/blogsaverroes.juntadeandalucia.es\/ceipjosefinaaldecoa\/claustro-curso-20-21\/","title":{"rendered":"Claustro Curso 20\/21"},"content":{"rendered":"<h1 style=\"text-align: left\">&nbsp; &nbsp; &nbsp; &nbsp; &nbsp; &nbsp; &nbsp; &nbsp; &nbsp; &nbsp;&nbsp; <span style=\"text-decoration: underline\"><span style=\"color: #000080;text-decoration: underline\">CLAUSTRO DEL PROFESORADO<\/span><\/span><\/h1>\n<table style=\"text-align: left;width: 84.6859%;border: 1px solid #050000;height: 2372px\" border=\"1\" cellspacing=\"4\" cellpadding=\"0\">\n<tbody>\n<tr style=\"border-color: #030000;height: 56px\">\n<td style=\"border-color: #050000;width: 26.4484%;height: 56px;text-align: center\" valign=\"top\"><span style=\"color: #000080;font-size: 14pt;font-family: arial, helvetica, sans-serif\"><strong>Directora del CEIP<\/strong><\/span><\/td>\n<td style=\"border-color: #050000;width: 130.267%;height: 56px;text-align: center\" colspan=\"2\" valign=\"top\">\n<p style=\"text-align: center\"><span style=\"font-size: 14pt;font-family: arial, helvetica, sans-serif\"><strong><span style=\"color: #000000\">Carmen Garnica<\/span><\/strong><\/span><\/p>\n<\/td>\n<\/tr>\n<tr style=\"height: 35px\">\n<td style=\"border-color: #050000;width: 26.4484%;height: 35px;text-align: center\" valign=\"top\"><span style=\"color: #000080;font-size: 14pt;font-family: arial, helvetica, sans-serif\"><strong>Jefa de estudios<\/strong><\/span><\/td>\n<td style=\"border-color: #050000;width: 130.267%;height: 35px;text-align: center\" colspan=\"2\" valign=\"top\">\n<p style=\"text-align: center\"><span style=\"font-size: 14pt;font-family: arial, helvetica, sans-serif\"><strong><span style=\"color: #000000\"> Lorena G\u00e1mez<\/span><\/strong><\/span><\/p>\n<\/td>\n<\/tr>\n<tr style=\"height: 41px\">\n<td style=\"border-color: #050000;width: 26.4484%;height: 41px;text-align: center\" valign=\"top\"><span style=\"color: #000080;font-size: 14pt;font-family: arial, helvetica, sans-serif\"><strong>Secretaria<\/strong><\/span><\/td>\n<td style=\"border-color: #050000;width: 130.267%;height: 41px;text-align: center\" colspan=\"2\" valign=\"top\">\n<p style=\"text-align: center\"><span style=\"font-size: 14pt;font-family: arial, helvetica, sans-serif\"><strong><span style=\"color: #000000\">M\u00aa. Gracia C\u00f3rdoba<br \/>\n<\/span><\/strong><\/span><\/p>\n<\/td>\n<\/tr>\n<tr style=\"height: 37px\">\n<td style=\"border-color: #050000;width: 26.4484%;height: 384px;text-align: center\" rowspan=\"8\"><span style=\"color: #000080;font-size: 14pt;font-family: arial, helvetica, sans-serif\"><strong>Tutor\u00edas de Infantil<\/strong><\/span><\/td>\n<td style=\"border-color: #050000;width: 35.7677%;height: 37px;text-align: center\">\n<p style=\"text-align: center\"><span style=\"font-size: 14pt;font-family: arial, helvetica, sans-serif\"><strong><span style=\"color: #000000\">Inf- 3A<\/span><\/strong><\/span><\/p>\n<\/td>\n<td style=\"border-color: #050000;width: 94.4998%;height: 37px;text-align: center\" valign=\"top\"><span style=\"color: #000000;font-family: arial, helvetica, sans-serif;font-size: 14pt\"><strong><span style=\"font-family: arial, helvetica, sans-serif\"><span style=\"color: #000000\">Estefan\u00eda Lozano<\/span><\/span><\/strong><\/span><\/td>\n<\/tr>\n<tr style=\"height: 43px\">\n<td style=\"border-color: #050000;width: 35.7677%;height: 43px;text-align: center\">\n<p style=\"text-align: center\"><span style=\"font-size: 14pt;font-family: arial, helvetica, sans-serif\"><strong><span style=\"color: #000000\">Inf- 3B<\/span><\/strong><\/span><\/p>\n<\/td>\n<td style=\"border-color: #050000;width: 94.4998%;height: 43px;text-align: center\" valign=\"top\">\n<p style=\"text-align: center\"><span style=\"color: #000000;font-size: 14pt\"><strong>Mar S\u00e1nchez<\/strong><\/span><\/p>\n<\/td>\n<\/tr>\n<tr style=\"height: 56px\">\n<td style=\"border-color: #050000;width: 35.7677%;height: 56px;text-align: center\">\n<p style=\"text-align: center\"><span style=\"font-size: 14pt;font-family: arial, helvetica, sans-serif\"><strong><span style=\"color: #000000\">Inf- 4A<\/span><\/strong><\/span><\/p>\n<\/td>\n<td style=\"border-color: #050000;width: 94.4998%;height: 56px;text-align: center\" valign=\"top\">\n<p style=\"text-align: center\"><span style=\"color: #000000;font-family: arial, helvetica, sans-serif;font-size: 14pt\"><strong>Adriana del Moral<\/strong><\/span><\/p>\n<\/td>\n<\/tr>\n<tr style=\"height: 56px\">\n<td style=\"border-color: #050000;width: 35.7677%;height: 56px;text-align: center\">\n<p style=\"text-align: center\"><span style=\"font-size: 14pt;font-family: arial, helvetica, sans-serif\"><strong><span style=\"color: #000000\">Inf- 4B<\/span><\/strong><\/span><\/p>\n<\/td>\n<td style=\"border-color: #050000;width: 94.4998%;height: 56px;text-align: center\" valign=\"top\"><span style=\"font-size: 14pt;font-family: arial, helvetica, sans-serif\"><strong><span style=\"color: #000000\">Marisa Francisco<\/span><\/strong><\/span><\/td>\n<\/tr>\n<tr style=\"height: 56px\">\n<td style=\"border-color: #050000;width: 35.7677%;height: 56px;text-align: center\">\n<p style=\"text-align: center\"><span style=\"color: #000000;font-family: arial, helvetica, sans-serif;font-size: 14pt\"><strong>Inf- 5A<\/strong><\/span><\/p>\n<\/td>\n<td style=\"border-color: #050000;width: 94.4998%;height: 56px;text-align: center\" valign=\"top\">\n<p style=\"text-align: center\"><span style=\"font-size: 14pt;font-family: arial, helvetica, sans-serif\"><strong><span style=\"color: #000000\">Inmaculada Rodr\u00edguez<\/span><\/strong><\/span><\/p>\n<\/td>\n<\/tr>\n<tr style=\"height: 56px\">\n<td style=\"border-color: #050000;width: 35.7677%;height: 56px;text-align: center\">\n<p style=\"text-align: center\"><span style=\"color: #000000;font-family: arial, helvetica, sans-serif;font-size: 14pt\"><strong>Inf- 5B<\/strong><\/span><\/p>\n<\/td>\n<td style=\"border-color: #050000;width: 94.4998%;height: 56px;text-align: center\" valign=\"top\">\n<p style=\"text-align: center\"><span style=\"font-size: 14pt;font-family: arial, helvetica, sans-serif\"><strong><span style=\"color: #000000\">Ana Beatriz Cintas<\/span><\/strong><\/span><\/p>\n<\/td>\n<\/tr>\n<tr style=\"height: 56px\">\n<td style=\"border-color: #050000;width: 35.7677%;height: 56px;text-align: center\"><span style=\"font-size: 14pt;color: #000000\"><strong>Ingl\u00e9s\/Apoyo<\/strong><\/span><\/td>\n<td style=\"border-color: #050000;width: 94.4998%;height: 56px;text-align: center\" valign=\"top\">\n<p style=\"text-align: center\"><span style=\"color: #000000;font-size: 14pt\"><strong>Patricia Silva<\/strong><\/span><\/p>\n<\/td>\n<\/tr>\n<tr style=\"height: 24px\">\n<td style=\"border-color: #050000;width: 35.7677%;height: 24px;text-align: center\"><span style=\"color: #000080;font-family: arial, helvetica, sans-serif;font-size: 14pt\"><strong>EDUCACI\u00d3N&nbsp;<\/strong><\/span><\/td>\n<td style=\"border-color: #050000;width: 94.4998%;height: 24px;text-align: center\" valign=\"top\"><span style=\"color: #000080;font-family: arial, helvetica, sans-serif;font-size: 14pt\"><strong>PRIMARIA<\/strong><\/span><\/td>\n<\/tr>\n<tr style=\"height: 56px\">\n<td style=\"border-color: #050000;width: 26.4484%;height: 797px;text-align: center\" rowspan=\"18\"><span style=\"color: #000080;font-size: 14pt\"><strong>Tutor\u00edas de Primaria<\/strong><\/span><\/td>\n<td style=\"border-color: #050000;width: 35.7677%;height: 56px;text-align: center\" valign=\"top\">\n<p style=\"text-align: center\"><span style=\"color: #000000;font-family: arial, helvetica, sans-serif;font-size: 14pt\"><strong>1\u00ba-A<\/strong><\/span><\/p>\n<\/td>\n<td style=\"border-color: #050000;width: 94.4998%;height: 56px;text-align: center\" valign=\"top\">\n<p style=\"text-align: center\"><span style=\"color: #000000;font-size: 14pt\"><strong><span style=\"font-family: arial, helvetica, sans-serif\"><span style=\"color: #000000;font-family: arial, helvetica, sans-serif\">Inmaculada \u00c1lvarez&nbsp;<\/span><\/span><\/strong><\/span><\/p>\n<\/td>\n<\/tr>\n<tr style=\"height: 56px\">\n<td style=\"border-color: #050000;width: 35.7677%;height: 56px;text-align: center\" valign=\"top\">\n<p style=\"text-align: center\"><span style=\"color: #000000;font-family: arial, helvetica, sans-serif;font-size: 14pt\"><strong>1\u00ba-B<\/strong><\/span><\/p>\n<\/td>\n<td style=\"border-color: #050000;width: 94.4998%;height: 56px;text-align: center\" valign=\"top\">\n<p style=\"text-align: center\"><span style=\"color: #000000;font-size: 14pt\"><strong>Cristina Mart\u00edn<\/strong><\/span><\/p>\n<\/td>\n<\/tr>\n<tr style=\"height: 56px\">\n<td style=\"border-color: #050000;width: 35.7677%;height: 56px;text-align: center\" valign=\"top\">\n<p style=\"text-align: center\"><span style=\"color: #000000;font-family: arial, helvetica, sans-serif;font-size: 14pt\"><strong>1\u00ba-C<\/strong><\/span><\/p>\n<\/td>\n<td style=\"border-color: #050000;width: 94.4998%;height: 56px;text-align: center\" valign=\"top\">\n<p style=\"text-align: center\"><span style=\"font-size: 14pt\"><strong><span style=\"color: #000000;font-family: arial, helvetica, sans-serif\">Bel\u00e9n Ramallo<\/span><\/strong><\/span><\/p>\n<\/td>\n<\/tr>\n<tr style=\"height: 56px\">\n<td style=\"border-color: #050000;width: 35.7677%;height: 56px;text-align: center\" valign=\"top\">\n<p style=\"text-align: center\"><span style=\"color: #000000;font-family: arial, helvetica, sans-serif;font-size: 14pt\"><strong>2\u00ba-A<\/strong><\/span><\/p>\n<\/td>\n<td style=\"border-color: #050000;width: 94.4998%;height: 56px;text-align: center\" valign=\"top\">\n<p style=\"text-align: center\"><span style=\"color: #000000;font-size: 14pt\"><strong><span style=\"font-family: arial, helvetica, sans-serif\">M\u00aa Jos\u00e9 Palma<\/span><\/strong><\/span><\/p>\n<\/td>\n<\/tr>\n<tr style=\"height: 56px\">\n<td style=\"border-color: #050000;width: 35.7677%;height: 56px;text-align: center\" valign=\"top\">\n<p style=\"text-align: center\"><span style=\"color: #000000;font-family: arial, helvetica, sans-serif;font-size: 14pt\"><strong>2\u00ba-B<\/strong><\/span><\/p>\n<\/td>\n<td style=\"border-color: #050000;width: 94.4998%;height: 56px;text-align: center\" valign=\"top\">\n<p style=\"text-align: center\"><span style=\"color: #000000;font-size: 14pt\"><strong>M\u00aa Pilar Manzano<\/strong><\/span><\/p>\n<\/td>\n<\/tr>\n<tr style=\"height: 24px\">\n<td style=\"border-color: #050000;width: 35.7677%;height: 24px;text-align: center\" valign=\"top\"><span style=\"font-size: 14pt\"><strong><span style=\"color: #000080\">SEGUNDO<\/span><\/strong><\/span><\/td>\n<td style=\"border-color: #050000;width: 94.4998%;height: 24px;text-align: center\" valign=\"top\"><span style=\"font-size: 14pt\"><strong><span style=\"color: #000080\">CICLO<\/span><\/strong><\/span><\/td>\n<\/tr>\n<tr style=\"height: 56px\">\n<td style=\"border-color: #050000;width: 35.7677%;height: 56px;text-align: center\" valign=\"top\">\n<p style=\"text-align: center\"><span style=\"color: #000000;font-family: arial, helvetica, sans-serif;font-size: 14pt\"><strong>3\u00ba-A<\/strong><\/span><\/p>\n<\/td>\n<td style=\"border-color: #050000;width: 94.4998%;height: 56px;text-align: center\" valign=\"top\">\n<p style=\"text-align: center\"><span style=\"color: #000000;font-family: arial, helvetica, sans-serif;font-size: 14pt\"><strong>Ana M\u00aa Chicano&nbsp;<\/strong><\/span><\/p>\n<\/td>\n<\/tr>\n<tr style=\"height: 56px\">\n<td style=\"border-color: #050000;width: 35.7677%;height: 56px;text-align: center\" valign=\"top\">\n<p style=\"text-align: center\"><span style=\"color: #000000;font-family: arial, helvetica, sans-serif;font-size: 14pt\"><b>3<\/b><strong>\u00ba-B<\/strong><\/span><\/p>\n<\/td>\n<td style=\"border-color: #050000;width: 94.4998%;height: 56px;text-align: center\" valign=\"top\">\n<p style=\"text-align: center\"><span style=\"color: #000000;font-family: arial, helvetica, sans-serif;font-size: 14pt\"><strong>M\u00aa. Julia Gil<\/strong><\/span><\/p>\n<\/td>\n<\/tr>\n<tr style=\"height: 56px\">\n<td style=\"border-color: #050000;width: 35.7677%;height: 56px;text-align: center\" valign=\"top\">\n<p style=\"text-align: center\"><span style=\"color: #000000;font-family: arial, helvetica, sans-serif;font-size: 14pt\"><strong>4\u00ba-A<\/strong><\/span><\/p>\n<\/td>\n<td style=\"border-color: #050000;width: 94.4998%;height: 56px;text-align: center\" valign=\"top\"><span style=\"color: #000000;font-family: arial, helvetica, sans-serif;font-size: 14pt\"><strong>M\u00aa. Gracia C\u00f3rdoba<\/strong><\/span><\/td>\n<\/tr>\n<tr style=\"height: 32px\">\n<td style=\"border-color: #050000;width: 35.7677%;height: 32px;text-align: center\" valign=\"top\"><span style=\"color: #000000;font-family: arial, helvetica, sans-serif;font-size: 14pt\"><b>4<\/b><strong>\u00ba-B<\/strong><\/span><\/td>\n<td style=\"border-color: #050000;width: 94.4998%;height: 32px;text-align: center\" valign=\"top\"><span style=\"color: #000000;font-family: arial, helvetica, sans-serif;font-size: 14pt\"><strong>Carmen Garnica<\/strong><\/span><\/td>\n<\/tr>\n<tr style=\"height: 24px\">\n<td style=\"border-color: #050000;width: 35.7677%;height: 24px;text-align: center\" valign=\"top\"><span style=\"color: #333399;font-size: 14pt\"><strong>TERCER<\/strong><\/span><\/td>\n<td style=\"border-color: #050000;width: 94.4998%;height: 24px;text-align: center\" valign=\"top\"><span style=\"color: #333399;font-size: 14pt\"><strong>CICLO<\/strong><\/span><\/td>\n<\/tr>\n<tr style=\"height: 56px\">\n<td style=\"border-color: #050000;width: 35.7677%;height: 56px;text-align: center\" valign=\"top\">\n<p style=\"text-align: center\"><span style=\"color: #000000;font-family: arial, helvetica, sans-serif;font-size: 14pt\"><strong>5\u00ba-A<\/strong><\/span><\/p>\n<\/td>\n<td style=\"border-color: #050000;width: 94.4998%;height: 56px;text-align: center\" valign=\"top\">\n<p style=\"text-align: center\"><span style=\"color: #000000;font-family: arial, helvetica, sans-serif;font-size: 14pt\"><strong>Raquel Mu\u00f1oz<\/strong><\/span><\/p>\n<\/td>\n<\/tr>\n<tr style=\"height: 56px\">\n<td style=\"border-color: #050000;width: 35.7677%;height: 56px;text-align: center\" valign=\"top\">\n<p style=\"text-align: center\"><span style=\"color: #000000;font-family: arial, helvetica, sans-serif;font-size: 14pt\"><strong><strong>5\u00ba-B<\/strong><\/strong><\/span><\/p>\n<\/td>\n<td style=\"border-color: #050000;width: 94.4998%;height: 56px;text-align: center\" valign=\"top\">\n<p style=\"text-align: center\"><span style=\"color: #000000;font-family: arial, helvetica, sans-serif;font-size: 14pt\"><strong><span style=\"color: #000000;font-family: arial, helvetica, sans-serif\">Adela O\u00f1a<\/span><\/strong><\/span><\/p>\n<\/td>\n<\/tr>\n<tr style=\"height: 56px\">\n<td style=\"border-color: #050000;width: 35.7677%;height: 56px;text-align: center\" valign=\"top\">\n<p style=\"text-align: center\"><span style=\"color: #000000;font-family: arial, helvetica, sans-serif;font-size: 14pt\"><b>6<\/b><strong><strong>\u00ba-A<\/strong><\/strong><\/span><\/p>\n<\/td>\n<td style=\"border-color: #050000;width: 94.4998%;height: 56px;text-align: center\" valign=\"top\"><span style=\"color: #000000;font-family: arial, helvetica, sans-serif;font-size: 14pt\"><strong>Zita Galiana<\/strong><\/span><\/td>\n<\/tr>\n<tr style=\"height: 56px\">\n<td style=\"border-color: #050000;width: 35.7677%;height: 56px;text-align: center\" valign=\"top\">\n<p style=\"text-align: center\"><span style=\"color: #000000;font-family: arial, helvetica, sans-serif;font-size: 14pt\"><strong><strong>6\u00ba-B<\/strong><\/strong><\/span><\/p>\n<\/td>\n<td style=\"border-color: #050000;width: 94.4998%;height: 56px;text-align: center\" valign=\"top\">\n<p style=\"text-align: center\"><span style=\"color: #000000;font-family: arial, helvetica, sans-serif;font-size: 14pt\"><strong>M\u00aa Asunci\u00f3n Mart\u00ednez<\/strong><\/span><\/p>\n<\/td>\n<\/tr>\n<tr style=\"height: 10px\">\n<td style=\"border-color: #050000;width: 35.7677%;height: 10px;text-align: center\" valign=\"top\"><span style=\"color: #000000;font-size: 14pt\"><strong>Apoyo<\/strong><\/span><\/td>\n<td style=\"border-color: #050000;width: 94.4998%;height: 10px;text-align: center\" valign=\"top\"><span style=\"font-size: 14pt\"><strong><span style=\"color: #000000\">Pablo Madrid<\/span><\/strong><\/span><\/td>\n<\/tr>\n<tr style=\"height: 10px\">\n<td style=\"border-color: #050000;width: 35.7677%;height: 10px;text-align: center\" valign=\"top\"><span style=\"color: #000000;font-size: 14pt\"><strong>Apoyo<\/strong><\/span><\/td>\n<td style=\"border-color: #050000;width: 94.4998%;height: 10px;text-align: center\" valign=\"top\"><span style=\"font-size: 14pt\"><strong><span style=\"color: #000000\">Mar\u00eda Garrido<\/span><\/strong><\/span><\/td>\n<\/tr>\n<tr style=\"height: 12px\">\n<td style=\"border-color: #050000;width: 35.7677%;height: 12px;text-align: center\" valign=\"top\"><span style=\"color: #000000;font-size: 14pt\"><strong>Apoyo<\/strong><\/span><\/td>\n<td style=\"border-color: #050000;width: 94.4998%;height: 12px;text-align: center\" valign=\"top\"><span style=\"font-size: 14pt\"><strong>Alberto Galindo<\/strong><\/span><\/td>\n<\/tr>\n<tr style=\"height: 56px\">\n<td style=\"border-color: #050000;width: 26.4484%;height: 460.475px;text-align: center\" rowspan=\"11\"><span style=\"color: #000080;font-size: 14pt\"><strong>Especialidades<\/strong><\/span><\/td>\n<td style=\"border-color: #050000;width: 35.7677%;height: 112px;text-align: center\" rowspan=\"2\">\n<p style=\"text-align: center\"><span style=\"color: #000000;font-size: 14pt\"><strong>Ingl\u00e9s<\/strong><\/span><\/p>\n<\/td>\n<td style=\"border-color: #050000;width: 94.4998%;height: 56px;text-align: center\" valign=\"top\">\n<p style=\"text-align: center\"><span style=\"color: #000000;font-size: 14pt\"><strong>M\u00aa Pilar Manzano<\/strong><\/span><\/p>\n<p style=\"text-align: center\"><span style=\"font-size: 14pt\">(Primer ciclo)<\/span><\/p>\n<\/td>\n<\/tr>\n<tr style=\"height: 56px\">\n<td style=\"border-color: #050000;width: 94.4998%;height: 56px;text-align: center\" valign=\"top\">\n<p style=\"text-align: center\"><span style=\"color: #000000;font-size: 14pt\"><strong>Yolanda Palomo<\/strong><\/span><\/p>\n<p style=\"text-align: center\"><span style=\"font-size: 14pt\">(Segundo y Tercer Ciclo)<\/span><\/p>\n<\/td>\n<\/tr>\n<tr style=\"height: 56px\">\n<td style=\"border-color: #050000;width: 35.7677%;height: 56px;text-align: center\" valign=\"top\">\n<p style=\"text-align: center\"><span style=\"color: #000000;font-size: 14pt\"><b>Franc\u00e9s<\/b><\/span><\/p>\n<\/td>\n<td style=\"border-color: #050000;width: 94.4998%;height: 56px;text-align: center\" valign=\"top\">\n<p style=\"text-align: center\"><span style=\"font-size: 14pt\"><strong>Melina Hidalgo<\/strong><\/span><\/p>\n<\/td>\n<\/tr>\n<tr style=\"height: 56px\">\n<td style=\"border-color: #050000;width: 35.7677%;height: 112px;text-align: center\" rowspan=\"2\" valign=\"top\">&nbsp;<\/p>\n<p style=\"text-align: center\"><span style=\"color: #000000;font-size: 14pt\"><strong>Ed. F\u00edsica<br \/>\n<\/strong><\/span><\/p>\n<\/td>\n<td style=\"border-color: #050000;width: 94.4998%;height: 56px;text-align: center\" valign=\"top\">\n<p style=\"text-align: center\"><span style=\"color: #000000;font-size: 14pt\"><strong>Jos\u00e9 Antonio Campos<br \/>\n<\/strong><\/span><\/p>\n<\/td>\n<\/tr>\n<tr style=\"height: 56px\">\n<td style=\"border-color: #050000;width: 94.4998%;height: 56px;text-align: center\" valign=\"top\">\n<p style=\"text-align: center\"><span style=\"font-size: 14pt\"><strong><span style=\"color: #000000\">Juan J. Segura<\/span><\/strong><\/span><\/p>\n<\/td>\n<\/tr>\n<tr style=\"height: 56px\">\n<td style=\"border-color: #050000;width: 35.7677%;height: 56px;text-align: center\" valign=\"top\">\n<p style=\"text-align: center\"><span style=\"color: #000000;font-size: 14pt\"><strong>M\u00fasica<\/strong><\/span><\/p>\n<\/td>\n<td style=\"border-color: #050000;width: 94.4998%;height: 56px;text-align: center\" valign=\"top\">\n<p style=\"text-align: center\"><span style=\"font-size: 14pt\"><strong><span style=\"color: #000000;font-family: arial, helvetica, sans-serif\">Inmaculada \u00c1lvarez<\/span><\/strong><\/span><\/p>\n<\/td>\n<\/tr>\n<tr style=\"height: 56px\">\n<td style=\"border-color: #050000;width: 35.7677%;height: 56px;text-align: center\">\n<p style=\"text-align: center\"><span style=\"color: #000000;font-size: 14pt\"><strong>P. Terape\u00fatica<\/strong><\/span><\/p>\n<\/td>\n<td style=\"border-color: #050000;width: 94.4998%;height: 56px;text-align: center\">\n<p style=\"text-align: center\"><span style=\"font-size: 14pt\"><strong>Raquel Romero&nbsp;<\/strong><\/span><\/p>\n<\/td>\n<\/tr>\n<tr style=\"height: 56px\">\n<td style=\"border-color: #050000;width: 35.7677%;height: 56px;text-align: center\">\n<p style=\"text-align: center\"><span style=\"color: #000000;font-size: 14pt\"><strong>Audici\u00f3n y Lenguaje<\/strong><\/span><\/p>\n<\/td>\n<td style=\"border-color: #050000;width: 94.4998%;height: 56px;text-align: center\">\n<p style=\"text-align: center\"><span style=\"color: #000000;font-size: 14pt\"><strong>Lorena G\u00e1mez<\/strong><\/span><\/p>\n<p style=\"text-align: center\"><span style=\"font-size: 14pt\">&nbsp;<strong> &nbsp; <span style=\"color: #000000\">M\u00aa Pilar P\u00e9rez<\/span><\/strong><\/span><\/p>\n<\/td>\n<\/tr>\n<tr style=\"height: 56px\">\n<td style=\"border-color: #050000;width: 35.7677%;height: 122px;text-align: center\" rowspan=\"3\">\n<p style=\"text-align: center\"><span style=\"color: #000000;font-size: 14pt\"><strong>Religi\u00f3n Cat\u00f3lica&nbsp;<\/strong><\/span><\/p>\n<\/td>\n<td style=\"border-color: #050000;width: 94.4998%;height: 56px;text-align: center\" valign=\"top\">\n<p style=\"text-align: center\"><span style=\"color: #000000;font-size: 14pt\"><strong>Pedro J. Bonilla<\/strong><\/span><\/p>\n<\/td>\n<\/tr>\n<tr style=\"height: 56px\">\n<td style=\"border-color: #050000;width: 94.4998%;height: 56px;text-align: center\" valign=\"top\">\n<p style=\"text-align: center\"><span style=\"color: #000000;font-size: 14pt\"><strong>M\u00aa Victoria Pareja <\/strong><\/span><\/p>\n<\/td>\n<\/tr>\n<tr style=\"height: 10px\">\n<td style=\"border-color: #050000;width: 94.4998%;height: 10px;text-align: center\" valign=\"top\">&nbsp;<\/td>\n<\/tr>\n<\/tbody>\n<\/table>\n<div id=\"_mcePaste\" style=\"width: 1px;height: 1px;overflow: hidden\">&nbsp;<\/div>\n","protected":false},"excerpt":{"rendered":"<p>&nbsp; &nbsp; &nbsp; &nbsp; &nbsp; &nbsp; &nbsp; &nbsp; &nbsp; &nbsp;&nbsp; CLAUSTRO DEL PROFESORADO Directora del CEIP Carmen Garnica Jefa de estudios Lorena G\u00e1mez Secretaria M\u00aa. Gracia C\u00f3rdoba Tutor\u00edas de Infantil Inf- 3A Estefan\u00eda Lozano Inf- 3B Mar S\u00e1nchez Inf- 4A Adriana del&#46;&#46;&#46;<\/p>\n","protected":false},"author":2825,"featured_media":0,"parent":0,"menu_order":0,"comment_status":"closed","ping_status":"closed","template":"","meta":{"ngg_post_thumbnail":0,"footnotes":"","_mc_calendar":[]},"aioseo_notices":[],"_links":{"self":[{"href":"https:\/\/blogsaverroes.juntadeandalucia.es\/ceipjosefinaaldecoa\/wp-json\/wp\/v2\/pages\/14156"}],"collection":[{"href":"https:\/\/blogsaverroes.juntadeandalucia.es\/ceipjosefinaaldecoa\/wp-json\/wp\/v2\/pages"}],"about":[{"href":"https:\/\/blogsaverroes.juntadeandalucia.es\/ceipjosefinaaldecoa\/wp-json\/wp\/v2\/types\/page"}],"author":[{"embeddable":true,"href":"https:\/\/blogsaverroes.juntadeandalucia.es\/ceipjosefinaaldecoa\/wp-json\/wp\/v2\/users\/2825"}],"replies":[{"embeddable":true,"href":"https:\/\/blogsaverroes.juntadeandalucia.es\/ceipjosefinaaldecoa\/wp-json\/wp\/v2\/comments?post=14156"}],"version-history":[{"count":7,"href":"https:\/\/blogsaverroes.juntadeandalucia.es\/ceipjosefinaaldecoa\/wp-json\/wp\/v2\/pages\/14156\/revisions"}],"predecessor-version":[{"id":14205,"href":"https:\/\/blogsaverroes.juntadeandalucia.es\/ceipjosefinaaldecoa\/wp-json\/wp\/v2\/pages\/14156\/revisions\/14205"}],"wp:attachment":[{"href":"https:\/\/blogsaverroes.juntadeandalucia.es\/ceipjosefinaaldecoa\/wp-json\/wp\/v2\/media?parent=14156"}],"curies":[{"name":"wp","href":"https:\/\/api.w.org\/{rel}","templated":true}]}}