{"id":14760,"date":"2021-09-08T19:15:18","date_gmt":"2021-09-08T19:15:18","guid":{"rendered":"https:\/\/blogsaverroes.juntadeandalucia.es\/ceipjosefinaaldecoa\/?page_id=14760"},"modified":"2022-04-24T10:45:43","modified_gmt":"2022-04-24T10:45:43","slug":"protocolo-covid-centro-curso-2021-22","status":"publish","type":"page","link":"https:\/\/blogsaverroes.juntadeandalucia.es\/ceipjosefinaaldecoa\/protocolo-covid-centro-curso-2021-22\/","title":{"rendered":"PROTOCOLO COVID CENTRO-Curso 2021\/22"},"content":{"rendered":"<p style=\"text-align: center\"><img loading=\"lazy\" decoding=\"async\" class=\"aligncenter wp-image-14061\" src=\"https:\/\/blogsaverroes.juntadeandalucia.es\/ceipjosefinaaldecoa\/files\/2020\/08\/info-covid-19.png\" alt=\"\" width=\"324\" height=\"277\" srcset=\"https:\/\/blogsaverroes.juntadeandalucia.es\/ceipjosefinaaldecoa\/files\/2020\/08\/info-covid-19.png 718w, https:\/\/blogsaverroes.juntadeandalucia.es\/ceipjosefinaaldecoa\/files\/2020\/08\/info-covid-19-300x257.png 300w, https:\/\/blogsaverroes.juntadeandalucia.es\/ceipjosefinaaldecoa\/files\/2020\/08\/info-covid-19-24x21.png 24w, https:\/\/blogsaverroes.juntadeandalucia.es\/ceipjosefinaaldecoa\/files\/2020\/08\/info-covid-19-36x31.png 36w, https:\/\/blogsaverroes.juntadeandalucia.es\/ceipjosefinaaldecoa\/files\/2020\/08\/info-covid-19-48x41.png 48w\" sizes=\"(max-width: 324px) 100vw, 324px\" \/><\/p>\n<p style=\"text-align: justify\"><span style=\"font-size: 14pt;color: #000000\">Estimadas familias:<\/span><\/p>\n<p style=\"text-align: justify\"><span style=\"font-size: 14pt;color: #000000\">La Consejer\u00eda de Educaci\u00f3n y Deportes de la Junta de Andaluc\u00eda public\u00f3 unas Instrucciones para todos los centros docentes de la comunidad, relativas a la organizaci\u00f3n y funcionamiento del pr\u00f3ximo curso 2021\/22, motivada por la crisis sanitaria de la Covid-19. Esas Instrucciones van acompa\u00f1adas de unas \u00abMedidas de Prevenci\u00f3n, protecci\u00f3n, vigilancia y promoci\u00f3n de la Salud. Covid-19\u00bb.<\/span><\/p>\n<ul>\n<li class=\"titulo\"><a href=\"https:\/\/www.juntadeandalucia.es\/educacion\/portals\/delegate\/content\/802a1a53-d969-4875-905d-203b173cd5dc\/Instrucciones%20de%2013%20de%20julio%20de%202021%20de%20la%20Viceconsejer%C3%ADa%20de%20Educaci%C3%B3n%20y%20Deporte\" target=\"_blank\" rel=\"noopener noreferrer\"><span style=\"font-size: 14pt\"><strong>Instrucciones de 13 de julio de 2021, de la Viceconsejer\u00eda de Educaci\u00f3n y Deporte, relativas a la organizaci\u00f3n de los centros docentes y a la flexibilizaci\u00f3n curricular para el curso escolar 2021\/22. ANEXO (Medidas de prevenci\u00f3n centros docentes 2021-22).<\/strong><\/span><\/a><\/li>\n<\/ul>\n<p style=\"text-align: justify\"><span style=\"font-size: 14pt;color: #000000\">Todos los centros educativos hemos tenido que elaborar un PROTOCOLO DE ACTUACI\u00d3N COVID-19.&nbsp; Conlleva la constituci\u00f3n de una <strong>comisi\u00f3n espec\u00edfic<\/strong><strong>a<\/strong>&nbsp;que har\u00e1 un seguimiento en el centro de las medidas organizativas tomadas respecto a: entradas y salidas, acceso de las familias al centro, reajuste de actividades, desplazamientos del alumnado evitando en lo posible los contactos fuera del grupo de convivencia escolar, medidas de higiene, limpieza y desinfecci\u00f3n de instalaciones, etc;<\/span><\/p>\n<p style=\"text-align: justify\"><span style=\"color: #000000\"><span style=\"font-size: 18.6667px\">A continuaci\u00f3n presentamos el <span style=\"text-decoration: underline\"><strong>Protocolo COVID-19 de nuestro centro para el curso 2021\/2022<\/strong><\/span>, as\u00ed como otra informaci\u00f3n de inter\u00e9s.<\/span><\/span><\/p>\n<p><span style=\"font-size: 16pt\"> <a href=\"https:\/\/blogsaverroes.juntadeandalucia.es\/ceipjosefinaaldecoa\/files\/2021\/09\/Dudas-ERC-sobre-gesti\u00f3n-casos-Covid-19-en-las-aulas.pdf\" target=\"_blank\" rel=\"noopener noreferrer\">Dudas ERC sobre gesti\u00f3n casos Covid-19 en las aulas <\/a>(nueva informaci\u00f3n)<\/span><\/p>\n<p><span style=\"font-size: 16pt\"><span style=\"font-size: 18pt\"><a href=\"https:\/\/blogsaverroes.juntadeandalucia.es\/ceipjosefinaaldecoa\/files\/2021\/09\/PROTOCOLO-ACTUACI\u00d3N-CEIP-JOSEFINA-ALDECOA-COVID-19-WEB-CURSO-2021-22-COMPLETO.pdf\" target=\"_blank\" rel=\"noopener noreferrer\">PROTOCOLO ACTUACI\u00d3N CEIP JOSEFINA ALDECOA COVID-19 WEB CURSO 2021-22 <\/a>&nbsp;<\/span><span style=\"color: #ff0000\">(Actualizado 15\/09\/2020)<\/span><\/span><\/p>\n<p><strong><span style=\"font-size: 18pt;color: #ff0000\"><span style=\"text-decoration: underline\">Actualizaci\u00f3n Informaci\u00f3n COVID-19<\/span> (19\/12\/2021)<\/span><\/strong><\/p>\n<p style=\"text-align: justify\">Ante la subida del n\u00famero de contagios y positivo en COVID-19, queremos recordarles la actuaci\u00f3n a realizar seg\u00fan las Instrucciones sanitarias vigentes: &nbsp;<\/p>\n<p style=\"text-align: justify\"><strong>SI HAY <\/strong><strong>ALG\u00daN<\/strong><strong>&nbsp;CONVIVIENTE EN CASA CON&nbsp;<\/strong><strong>S\u00cdNTOMAS<\/strong><strong>&nbsp;O PENDIENTE&nbsp;DE PRUEBAS DE COVID, DEBEN ESPERAR A LOS RESULTADOS ANTES DE QUE EL ALUMNADO ASISTA A CLASES.<\/strong><\/p>\n<p style=\"text-align: justify\"><strong>&nbsp;<\/strong>Rogamos se tenga esta cautela para evitar m\u00e1s contagios.<\/p>\n<p style=\"text-align: justify\">&nbsp;Os adjuntamos informaci\u00f3n recibida este fin de semana de las autoridades sanitarias, indic\u00e1ndonos lo siguiente:<\/p>\n<p style=\"text-align: justify\">\u201cAntes las dudas planteadas y tras una consulta con nuestros SS.CC nos indican que nos ci\u00f1amos al protocolo vigente.&nbsp;Es decir, Los usuarios que acudan a nuestros centros con un test de farmacia positivo SOLO ser\u00e1n considerados casos tras CONFIRMACI\u00d3N con una PDIA realizada en nuestros centros.\u201d<\/p>\n<p style=\"text-align: justify\"><img data-imagetype=\"Empty\" data-imageerror=\"SrcNullOrEmpty\">Ante cualquier s\u00edntoma sospechoso de Covid contactar con vuestro centro de salud o con el colegio en el correo electr\u00f3nico:&nbsp;<a id=\"LPlnk368233\" href=\"mailto:29009417.edu@juntadeandalucia.es\" target=\"_blank\" rel=\"noopener noreferrer\" data-auth=\"NotApplicable\" data-linkindex=\"0\">29009417.edu@juntadeandalucia.es<\/a><\/p>\n<p style=\"text-align: justify\">Agradeceros la mayor difusi\u00f3n de esta informaci\u00f3n para que llegue a todas las familias del centro.<\/p>\n<p style=\"text-align: justify\">&nbsp;Un cordial saludo y muchas gracias por vuestra colaboraci\u00f3n.<\/p>\n<p>Instrucciones de VACUNACI\u00d3N COVID 19 en Andaluc\u00eda:<strong><span style=\"font-size: 14pt\"> <a href=\"https:\/\/blogsaverroes.juntadeandalucia.es\/ceipjosefinaaldecoa\/files\/2021\/12\/INSTRUCCION_VACUNACION_COVID_ANDALUCIA_Actualizacion_17-12-2021_resumen_ejecutivo_cambios_resaltados-1.pdf\" target=\"_blank\" rel=\"noopener noreferrer\">INSTRUCCION_VACUNACION_COVID_ANDALUCIA_Actualizacion_17-12-2021<\/a><\/span><\/strong><\/p>\n<p>Despu\u00e9s de los acuerdos adoptados por la Comisi\u00f3n de Salud P\u00fablica el d\u00eda 16 de diciembre de 2021, se emite esta nueva actualizaci\u00f3n de 17 de diciembre de 2021 la instrucci\u00f3n DGSPyOF-8\/2020 para Andaluc\u00eda, que sustituye a la del d\u00eda 10 de diciembre .<\/p>\n<p>&nbsp;<\/p>\n<h2 class=\"post-title entry-title fittexted_for_post_titles fittexted_for_featured_post_titles\">Infograf\u00eda e Informaci\u00f3n actualizada sobre el COVID <span style=\"color: #ff0000\">(Actualizaci\u00f3n 13\/01\/2022)<\/span><\/h2>\n<p><span style=\"font-size: 14pt;color: #000000\">Estimadas familias<\/span><br \/>\n<span style=\"font-size: 14pt;color: #000000\">Os dejamos informaci\u00f3n de importancia sobre el protocolo COVID en los centros educativos <strong>actualizada a 13 de enero de 2022<\/strong><\/span><\/p>\n<p><span style=\"font-size: 14pt;color: #000000\">Informaci\u00f3n <strong>Anexo Protocolo en Centros Docentes<\/strong> detallada (13\/01\/2022):&nbsp;<\/span><\/p>\n<ul>\n<li><a href=\"https:\/\/blogsaverroes.juntadeandalucia.es\/ceipjosefinaaldecoa\/files\/2022\/01\/20220113_DEF_ANEXO-PROTOCOLO-ACTUACIO\u0301N-ANTE-CASOS-EN-CENTRO-DOCENTES-NO-UNIVERSITARIOS_13-ENERO_def-1.pdf\" target=\"_blank\" rel=\"noopener noreferrer\">20220113_DEF_ANEXO PROTOCOLO ACTUACIO\u0301N ANTE CASOS EN CENTRO DOCENTES NO UNIVERSITARIOS_13 ENERO_def (PDF)<\/a><\/li>\n<li><a href=\"https:\/\/blogsaverroes.juntadeandalucia.es\/ceipjosefinaaldecoa\/files\/2022\/01\/INFOGRAFIA_COVID_2022.pdf\" target=\"_blank\" rel=\"noopener noreferrer\">INFOGRAFIA_COVID_2022<\/a> (PDF)<\/li>\n<\/ul>\n<table style=\"border-collapse: collapse;width: 100%\">\n<tbody>\n<tr>\n<td style=\"width: 33.3333%\"><a href=\"https:\/\/blogsaverroes.juntadeandalucia.es\/ceipjosefinaaldecoa\/2022\/01\/13\/infografia-e-informacion-actualizada-sobre-el-covid\/infografia_covid-2022_3\/\" target=\"_blank\" rel=\"noopener noreferrer\"><img loading=\"lazy\" decoding=\"async\" class=\"aligncenter wp-image-15055\" src=\"https:\/\/blogsaverroes.juntadeandalucia.es\/ceipjosefinaaldecoa\/files\/2022\/01\/INFOGRAFIA_COVID-2022_3-724x1024.jpg\" alt=\"\" width=\"259\" height=\"366\" srcset=\"https:\/\/blogsaverroes.juntadeandalucia.es\/ceipjosefinaaldecoa\/files\/2022\/01\/INFOGRAFIA_COVID-2022_3-724x1024.jpg 724w, https:\/\/blogsaverroes.juntadeandalucia.es\/ceipjosefinaaldecoa\/files\/2022\/01\/INFOGRAFIA_COVID-2022_3-212x300.jpg 212w, https:\/\/blogsaverroes.juntadeandalucia.es\/ceipjosefinaaldecoa\/files\/2022\/01\/INFOGRAFIA_COVID-2022_3-768x1086.jpg 768w, https:\/\/blogsaverroes.juntadeandalucia.es\/ceipjosefinaaldecoa\/files\/2022\/01\/INFOGRAFIA_COVID-2022_3-1086x1536.jpg 1086w, https:\/\/blogsaverroes.juntadeandalucia.es\/ceipjosefinaaldecoa\/files\/2022\/01\/INFOGRAFIA_COVID-2022_3.jpg 1131w\" sizes=\"(max-width: 259px) 100vw, 259px\" \/><\/a><\/td>\n<td style=\"width: 33.3333%\"><a href=\"https:\/\/blogsaverroes.juntadeandalucia.es\/ceipjosefinaaldecoa\/2022\/01\/13\/infografia-e-informacion-actualizada-sobre-el-covid\/infografia_covid-2022_2\/\" target=\"_blank\" rel=\"noopener noreferrer\"><img loading=\"lazy\" decoding=\"async\" class=\"aligncenter wp-image-15056\" src=\"https:\/\/blogsaverroes.juntadeandalucia.es\/ceipjosefinaaldecoa\/files\/2022\/01\/INFOGRAFIA_COVID-2022_2-724x1024.jpg\" alt=\"\" width=\"260\" height=\"368\" srcset=\"https:\/\/blogsaverroes.juntadeandalucia.es\/ceipjosefinaaldecoa\/files\/2022\/01\/INFOGRAFIA_COVID-2022_2-724x1024.jpg 724w, https:\/\/blogsaverroes.juntadeandalucia.es\/ceipjosefinaaldecoa\/files\/2022\/01\/INFOGRAFIA_COVID-2022_2-212x300.jpg 212w, https:\/\/blogsaverroes.juntadeandalucia.es\/ceipjosefinaaldecoa\/files\/2022\/01\/INFOGRAFIA_COVID-2022_2-768x1086.jpg 768w, https:\/\/blogsaverroes.juntadeandalucia.es\/ceipjosefinaaldecoa\/files\/2022\/01\/INFOGRAFIA_COVID-2022_2-1086x1536.jpg 1086w, https:\/\/blogsaverroes.juntadeandalucia.es\/ceipjosefinaaldecoa\/files\/2022\/01\/INFOGRAFIA_COVID-2022_2.jpg 1131w\" sizes=\"(max-width: 260px) 100vw, 260px\" \/><\/a><\/td>\n<td style=\"width: 33.3333%\"><a href=\"https:\/\/blogsaverroes.juntadeandalucia.es\/ceipjosefinaaldecoa\/2022\/01\/13\/infografia-e-informacion-actualizada-sobre-el-covid\/infografia_covid-2022_1\/\" target=\"_blank\" rel=\"noopener noreferrer\"><img loading=\"lazy\" decoding=\"async\" class=\"aligncenter wp-image-15057\" src=\"https:\/\/blogsaverroes.juntadeandalucia.es\/ceipjosefinaaldecoa\/files\/2022\/01\/INFOGRAFIA_COVID-2022_1-724x1024.jpg\" alt=\"\" width=\"259\" height=\"366\" srcset=\"https:\/\/blogsaverroes.juntadeandalucia.es\/ceipjosefinaaldecoa\/files\/2022\/01\/INFOGRAFIA_COVID-2022_1-724x1024.jpg 724w, https:\/\/blogsaverroes.juntadeandalucia.es\/ceipjosefinaaldecoa\/files\/2022\/01\/INFOGRAFIA_COVID-2022_1-212x300.jpg 212w, https:\/\/blogsaverroes.juntadeandalucia.es\/ceipjosefinaaldecoa\/files\/2022\/01\/INFOGRAFIA_COVID-2022_1-768x1086.jpg 768w, https:\/\/blogsaverroes.juntadeandalucia.es\/ceipjosefinaaldecoa\/files\/2022\/01\/INFOGRAFIA_COVID-2022_1-1086x1536.jpg 1086w, https:\/\/blogsaverroes.juntadeandalucia.es\/ceipjosefinaaldecoa\/files\/2022\/01\/INFOGRAFIA_COVID-2022_1.jpg 1131w\" sizes=\"(max-width: 259px) 100vw, 259px\" \/><\/a><\/td>\n<\/tr>\n<\/tbody>\n<\/table>\n<p>&nbsp;<\/p>\n<p><span style=\"font-size: 18pt;color: #ff0000\"><strong>Actualizaci\u00f3n Informaci\u00f3n COVID-19 (20\/04\/2022)<\/strong><\/span><\/p>\n<p><span style=\"color: #000000\">La Consejer\u00eda de Educaci\u00f3n, acaba de enviarnos a S\u00e9neca las nuevas instrucciones en relaci\u00f3n del uso de las mascarillas en los centros educativos.<\/span><\/p>\n<p><span style=\"color: #000000\">En el primer punto dice as\u00ed:<\/span><\/p>\n<p><span style=\"color: #000000\"><strong><em>\u201c5. No ser\u00e1 obligatorio el uso de la mascarilla en los centros o servicios educativos. Su uso ser\u00e1 obligatorio en el transporte escolar colectivo a partir de 6 a\u00f1os, y recomendable de 3 a 5 a\u00f1os.<\/em><\/strong><\/span><\/p>\n<p><span style=\"color: #000000\"><strong><em>Sin perjuicio de lo anterior, se ha de mantener el objetivo fundamental de ofrecer un entorno escolar seguro al alumnado y a los profesionales que trabajan en el sistema educativo, manteniendo las medidas de prevenci\u00f3n, protecci\u00f3n, vigilancia y promoci\u00f3n de la salud que se vienen llevando a cabo en los centros y servicios educativos.\u201d<\/em><\/strong><\/span><\/p>\n<p><span style=\"color: #000000\">Os dejamos el documento completo:<\/span> <a href=\"https:\/\/blogsaverroes.juntadeandalucia.es\/ceipjosefinaaldecoa\/files\/2022\/04\/220420_modif_org_y_flex_curricular-2021-20-DE-ABRIL-1.pdf\" target=\"_blank\" rel=\"noopener noreferrer\">220420_modif_org_y_flex_curricular 2021 20 DE ABRIL (1)<\/a><\/p>\n<p>&nbsp;<\/p>\n<p>&nbsp;<\/p>\n<p>Informaci\u00f3n de inter\u00e9s:<\/p>\n<p><img loading=\"lazy\" decoding=\"async\" class=\"wp-image-14119 alignnone\" src=\"https:\/\/blogsaverroes.juntadeandalucia.es\/ceipjosefinaaldecoa\/files\/2020\/09\/000-cartel-nos-cuidamos-coles-724x1024.jpg\" alt=\"\" width=\"552\" height=\"781\" srcset=\"https:\/\/blogsaverroes.juntadeandalucia.es\/ceipjosefinaaldecoa\/files\/2020\/09\/000-cartel-nos-cuidamos-coles-724x1024.jpg 724w, https:\/\/blogsaverroes.juntadeandalucia.es\/ceipjosefinaaldecoa\/files\/2020\/09\/000-cartel-nos-cuidamos-coles-212x300.jpg 212w, https:\/\/blogsaverroes.juntadeandalucia.es\/ceipjosefinaaldecoa\/files\/2020\/09\/000-cartel-nos-cuidamos-coles-768x1086.jpg 768w, https:\/\/blogsaverroes.juntadeandalucia.es\/ceipjosefinaaldecoa\/files\/2020\/09\/000-cartel-nos-cuidamos-coles-1086x1536.jpg 1086w, https:\/\/blogsaverroes.juntadeandalucia.es\/ceipjosefinaaldecoa\/files\/2020\/09\/000-cartel-nos-cuidamos-coles-1449x2048.jpg 1449w, https:\/\/blogsaverroes.juntadeandalucia.es\/ceipjosefinaaldecoa\/files\/2020\/09\/000-cartel-nos-cuidamos-coles-17x24.jpg 17w, https:\/\/blogsaverroes.juntadeandalucia.es\/ceipjosefinaaldecoa\/files\/2020\/09\/000-cartel-nos-cuidamos-coles-25x36.jpg 25w, https:\/\/blogsaverroes.juntadeandalucia.es\/ceipjosefinaaldecoa\/files\/2020\/09\/000-cartel-nos-cuidamos-coles-34x48.jpg 34w, https:\/\/blogsaverroes.juntadeandalucia.es\/ceipjosefinaaldecoa\/files\/2020\/09\/000-cartel-nos-cuidamos-coles-scaled.jpg 1132w\" sizes=\"(max-width: 552px) 100vw, 552px\" \/> &nbsp;<img loading=\"lazy\" decoding=\"async\" class=\"wp-image-14120 alignright\" src=\"https:\/\/blogsaverroes.juntadeandalucia.es\/ceipjosefinaaldecoa\/files\/2020\/09\/lavar-manos-en-cole-1-726x1024.jpg\" alt=\"\" width=\"543\" height=\"766\" srcset=\"https:\/\/blogsaverroes.juntadeandalucia.es\/ceipjosefinaaldecoa\/files\/2020\/09\/lavar-manos-en-cole-1-726x1024.jpg 726w, https:\/\/blogsaverroes.juntadeandalucia.es\/ceipjosefinaaldecoa\/files\/2020\/09\/lavar-manos-en-cole-1-213x300.jpg 213w, https:\/\/blogsaverroes.juntadeandalucia.es\/ceipjosefinaaldecoa\/files\/2020\/09\/lavar-manos-en-cole-1-768x1083.jpg 768w, https:\/\/blogsaverroes.juntadeandalucia.es\/ceipjosefinaaldecoa\/files\/2020\/09\/lavar-manos-en-cole-1-1089x1536.jpg 1089w, https:\/\/blogsaverroes.juntadeandalucia.es\/ceipjosefinaaldecoa\/files\/2020\/09\/lavar-manos-en-cole-1-1452x2048.jpg 1452w, https:\/\/blogsaverroes.juntadeandalucia.es\/ceipjosefinaaldecoa\/files\/2020\/09\/lavar-manos-en-cole-1-17x24.jpg 17w, https:\/\/blogsaverroes.juntadeandalucia.es\/ceipjosefinaaldecoa\/files\/2020\/09\/lavar-manos-en-cole-1-26x36.jpg 26w, https:\/\/blogsaverroes.juntadeandalucia.es\/ceipjosefinaaldecoa\/files\/2020\/09\/lavar-manos-en-cole-1-34x48.jpg 34w, https:\/\/blogsaverroes.juntadeandalucia.es\/ceipjosefinaaldecoa\/files\/2020\/09\/lavar-manos-en-cole-1-scaled.jpg 1134w\" sizes=\"(max-width: 543px) 100vw, 543px\" \/><\/p>\n<p>&nbsp;<\/p>\n<p><span style=\"font-size: 14pt;color: #000000\"><strong>Infograf\u00edas Ministerio Sanidad<\/strong>:<\/span><\/p>\n<p><a href=\"https:\/\/blogsaverroes.juntadeandalucia.es\/ceipjosefinaaldecoa\/files\/2020\/09\/01_-COVID19_que_es.pdf\" target=\"_blank\" rel=\"noopener noreferrer\">01_ COVID19_que_es<\/a><\/p>\n<p><a href=\"https:\/\/blogsaverroes.juntadeandalucia.es\/ceipjosefinaaldecoa\/files\/2020\/09\/02_-COVID19_sintomas.pdf\">02_ COVID19_sintomas<\/a><\/p>\n<p><a href=\"https:\/\/blogsaverroes.juntadeandalucia.es\/ceipjosefinaaldecoa\/files\/2020\/09\/03_-COVID19_como_se_transmite.pdf\">03_ COVID19_como_se_transmite<\/a><\/p>\n<p><a href=\"https:\/\/blogsaverroes.juntadeandalucia.es\/ceipjosefinaaldecoa\/files\/2020\/09\/04_-COVID19_como_protegerse.pdf\">04_ COVID19_como_protegerse<\/a><\/p>\n<p><a href=\"https:\/\/blogsaverroes.juntadeandalucia.es\/ceipjosefinaaldecoa\/files\/2020\/09\/05_-COVID19_que_hacer.pdf\">05_ COVID19_que_hacer<\/a><\/p>\n<p><a href=\"https:\/\/blogsaverroes.juntadeandalucia.es\/ceipjosefinaaldecoa\/files\/2020\/09\/07_-COVID19_cuarentena_contactos.pdf\">07_ COVID19_cuarentena_contactos<\/a><\/p>\n<p><a href=\"https:\/\/blogsaverroes.juntadeandalucia.es\/ceipjosefinaaldecoa\/files\/2020\/09\/08_-COVID19_Mascarillas_quirurgicas.pdf\">08_ COVID19_Mascarillas_quirurgicas<\/a><\/p>\n<p><a href=\"https:\/\/blogsaverroes.juntadeandalucia.es\/ceipjosefinaaldecoa\/files\/2020\/09\/10_-COVID19-Lavado_de_Manos.pdf\">10_ COVID19-Lavado_de_Manos<\/a><\/p>\n<p><a href=\"https:\/\/blogsaverroes.juntadeandalucia.es\/ceipjosefinaaldecoa\/files\/2020\/09\/12_-COVID19_tratamiento.pdf\">12_ COVID19_tratamiento<\/a><\/p>\n<p><a href=\"https:\/\/blogsaverroes.juntadeandalucia.es\/ceipjosefinaaldecoa\/files\/2020\/09\/13_-COVID19_SupervivenciaDelVirus_200410.pdf\">13_ COVID19_SupervivenciaDelVirus_200410<\/a><\/p>\n<p><a href=\"https:\/\/blogsaverroes.juntadeandalucia.es\/ceipjosefinaaldecoa\/files\/2020\/09\/15_-Preguntas_respuestas_2019-nCoV-2.pdf\">15_ Preguntas_respuestas_2019-nCoV-2<\/a><\/p>\n<p><a href=\"https:\/\/blogsaverroes.juntadeandalucia.es\/ceipjosefinaaldecoa\/files\/2020\/09\/16_-Estigma-Poblacion.pdf\">16_ Estigma Poblacion<\/a><\/p>\n<p>&nbsp;<\/p>\n","protected":false},"excerpt":{"rendered":"<p>Estimadas familias: La Consejer\u00eda de Educaci\u00f3n y Deportes de la Junta de Andaluc\u00eda public\u00f3 unas Instrucciones para todos los centros docentes de la comunidad, relativas a la organizaci\u00f3n y funcionamiento del pr\u00f3ximo curso 2021\/22, motivada por la crisis sanitaria de la Covid-19.&#46;&#46;&#46;<\/p>\n","protected":false},"author":2825,"featured_media":0,"parent":0,"menu_order":0,"comment_status":"closed","ping_status":"closed","template":"","meta":{"ngg_post_thumbnail":0,"footnotes":"","_mc_calendar":[]},"aioseo_notices":[],"_links":{"self":[{"href":"https:\/\/blogsaverroes.juntadeandalucia.es\/ceipjosefinaaldecoa\/wp-json\/wp\/v2\/pages\/14760"}],"collection":[{"href":"https:\/\/blogsaverroes.juntadeandalucia.es\/ceipjosefinaaldecoa\/wp-json\/wp\/v2\/pages"}],"about":[{"href":"https:\/\/blogsaverroes.juntadeandalucia.es\/ceipjosefinaaldecoa\/wp-json\/wp\/v2\/types\/page"}],"author":[{"embeddable":true,"href":"https:\/\/blogsaverroes.juntadeandalucia.es\/ceipjosefinaaldecoa\/wp-json\/wp\/v2\/users\/2825"}],"replies":[{"embeddable":true,"href":"https:\/\/blogsaverroes.juntadeandalucia.es\/ceipjosefinaaldecoa\/wp-json\/wp\/v2\/comments?post=14760"}],"version-history":[{"count":13,"href":"https:\/\/blogsaverroes.juntadeandalucia.es\/ceipjosefinaaldecoa\/wp-json\/wp\/v2\/pages\/14760\/revisions"}],"predecessor-version":[{"id":15262,"href":"https:\/\/blogsaverroes.juntadeandalucia.es\/ceipjosefinaaldecoa\/wp-json\/wp\/v2\/pages\/14760\/revisions\/15262"}],"wp:attachment":[{"href":"https:\/\/blogsaverroes.juntadeandalucia.es\/ceipjosefinaaldecoa\/wp-json\/wp\/v2\/media?parent=14760"}],"curies":[{"name":"wp","href":"https:\/\/api.w.org\/{rel}","templated":true}]}}