{"id":17089,"date":"2023-01-10T20:38:14","date_gmt":"2023-01-10T20:38:14","guid":{"rendered":"https:\/\/blogsaverroes.juntadeandalucia.es\/ceipjosefinaaldecoa\/?page_id=17089"},"modified":"2025-11-15T10:12:58","modified_gmt":"2025-11-15T10:12:58","slug":"plan-de-centro","status":"publish","type":"page","link":"https:\/\/blogsaverroes.juntadeandalucia.es\/ceipjosefinaaldecoa\/plan-de-centro\/","title":{"rendered":"Plan de Centro"},"content":{"rendered":"<p><a href=\"https:\/\/blogsaverroes.juntadeandalucia.es\/ceipjosefinaaldecoa\/plan-centro\/proyecto\/\" rel=\"attachment wp-att-1662\"><img loading=\"lazy\" decoding=\"async\" class=\"wp-image-1662 alignnone\" src=\"https:\/\/blogsaverroes.juntadeandalucia.es\/ceipjosefinaaldecoa\/files\/2015\/03\/proyecto.png\" alt=\"\" width=\"144\" height=\"128\" srcset=\"https:\/\/blogsaverroes.juntadeandalucia.es\/ceipjosefinaaldecoa\/files\/2015\/03\/proyecto.png 640w, https:\/\/blogsaverroes.juntadeandalucia.es\/ceipjosefinaaldecoa\/files\/2015\/03\/proyecto-300x266.png 300w\" sizes=\"(max-width: 144px) 100vw, 144px\" \/><\/a><\/p>\n<p style=\"text-align: justify\"><span style=\"font-size: 14pt;color: #000000\">Un centro se define en gran medida por su&nbsp;<strong>Proyecto Educativo<\/strong>. En \u00e9l se plasma el modelo educativo y la concreci\u00f3n de la normativa que un centro realiza respecto a las ense\u00f1anzas que imparte. Aspectos tales como las finalidades educativas, objetivos, atenci\u00f3n a la diversidad, etc.<\/span><\/p>\n<p style=\"text-align: justify\"><span style=\"font-size: 14pt;color: #000000\">Que la web de un centro informe de su Plan de Centro es una apuesta clara por la <strong>transparencia<\/strong>.<\/span><\/p>\n<ul>\n<li><span style=\"font-size: 20pt\"><a href=\"https:\/\/blogsaverroes.juntadeandalucia.es\/ceipjosefinaaldecoa\/plan-de-centro\/proyecto-de-centro-25_26\/\" target=\"_blank\" rel=\"noopener\">PROYECTO EDUCATIVO CEIP Josefina Aldecoa. Curso 2025-26<\/a><\/span><\/li>\n<li><span style=\"font-size: 20pt\"><a href=\"https:\/\/blogsaverroes.juntadeandalucia.es\/ceipjosefinaaldecoa\/plan-de-centro\/rof-2025-2026\/\" target=\"_blank\" rel=\"noopener\">REGLAMENTO DE ORGANIZACI\u00d3N (ROF). Curso 2025-26<\/a><\/span><\/li>\n<li><span style=\"font-size: 20pt\"><a href=\"https:\/\/blogsaverroes.juntadeandalucia.es\/ceipjosefinaaldecoa\/plan-de-centro\/proyecto-gestion-25-26\/\" target=\"_blank\" rel=\"noopener\">PROYECTO DE GESTI\u00d3N ECON\u00d3MICA. Curso 2025-26<\/a><\/span><\/li>\n<\/ul>\n<p><span style=\"color: #000000;font-size: 10pt\">\u00daltima actualizaci\u00f3n documentos <strong>noviembre 2025<\/strong><\/span><\/p>\n<p>&nbsp;<\/p>\n<ul>\n<li><span style=\"color: #000000;font-size: 18pt\"><strong><span style=\"text-decoration: underline\">PROYECTO EDUCATIVO<\/span>:<\/strong><\/span><\/li>\n<\/ul>\n<p><object data=\"https:\/\/blogsaverroes.juntadeandalucia.es\/ceipjosefinaaldecoa\/plan-de-centro\/proyecto-de-centro-25_26\/\" type=\"application\/pdf\" width=\"876\" height=\"876\"><span data-mce-type=\"bookmark\" style=\"width: 0px;overflow: hidden;line-height: 0\" class=\"mce_SELRES_start\">\ufeff<\/span><span data-mce-type=\"bookmark\" style=\"width: 0px;overflow: hidden;line-height: 0\" class=\"mce_SELRES_start\">\ufeff<\/span>    <span data-mce-type=\"bookmark\" style=\"width: 0px;overflow: hidden;line-height: 0\" class=\"mce_SELRES_start\">\ufeff<\/span><span data-mce-type=\"bookmark\" style=\"width: 0px;overflow: hidden;line-height: 0\" class=\"mce_SELRES_start\">\ufeff<\/span><span data-mce-type=\"bookmark\" style=\"width: 0px;overflow: hidden;line-height: 0\" class=\"mce_SELRES_start\">\ufeff<\/span><span data-mce-type=\"bookmark\" style=\"width: 0px;overflow: hidden;line-height: 0\" class=\"mce_SELRES_start\">\ufeff<\/span><span data-mce-type=\"bookmark\" style=\"width: 0px;overflow: hidden;line-height: 0\" class=\"mce_SELRES_start\">\ufeff<\/span><embed src=\"https:\/\/blogsaverroes.juntadeandalucia.es\/ceipjosefinaaldecoa\/plan-de-centro\/proyecto-de-centro-25_26\/\" type=\"application\/pdf\" width=\"876\" height=\"876\"><span data-mce-type=\"bookmark\" style=\"width: 0px;overflow: hidden;line-height: 0\" class=\"mce_SELRES_end\">\ufeff<\/span><span data-mce-type=\"bookmark\" style=\"width: 0px;overflow: hidden;line-height: 0\" class=\"mce_SELRES_end\">\ufeff<\/span><span data-mce-type=\"bookmark\" style=\"width: 0px;overflow: hidden;line-height: 0\" class=\"mce_SELRES_end\">\ufeff<\/span><span data-mce-type=\"bookmark\" style=\"width: 0px;overflow: hidden;line-height: 0\" class=\"mce_SELRES_end\">\ufeff<\/span><span data-mce-type=\"bookmark\" style=\"width: 0px;overflow: hidden;line-height: 0\" class=\"mce_SELRES_end\">\ufeff<\/span><\/object><\/p>\n<p>&nbsp;<\/p>\n<ul>\n<li><span style=\"color: #000000\"><strong><span style=\"font-size: 18pt\"><span style=\"text-decoration: underline\">REGLAMENTO DE ORGANIZACI\u00d3N<\/span> (ROF)<\/span><\/strong><\/span><\/li>\n<\/ul>\n<p><object data=\"https:\/\/blogsaverroes.juntadeandalucia.es\/ceipjosefinaaldecoa\/plan-de-centro\/rof-2025-2026\/\" type=\"application\/pdf\" width=\"876\" height=\"876\"><span data-mce-type=\"bookmark\" style=\"width: 0px;overflow: hidden;line-height: 0\" class=\"mce_SELRES_start\">\ufeff<\/span>    <span data-mce-type=\"bookmark\" style=\"width: 0px;overflow: hidden;line-height: 0\" class=\"mce_SELRES_start\">\ufeff<\/span><span data-mce-type=\"bookmark\" style=\"width: 0px;overflow: hidden;line-height: 0\" class=\"mce_SELRES_start\">\ufeff<\/span><span data-mce-type=\"bookmark\" style=\"width: 0px;overflow: hidden;line-height: 0\" class=\"mce_SELRES_start\">\ufeff<\/span><span data-mce-type=\"bookmark\" style=\"width: 0px;overflow: hidden;line-height: 0\" class=\"mce_SELRES_start\">\ufeff<\/span><embed src=\"https:\/\/blogsaverroes.juntadeandalucia.es\/ceipjosefinaaldecoa\/plan-de-centro\/rof-2025-2026\/\" type=\"application\/pdf\" width=\"876\" height=\"876\"><span data-mce-type=\"bookmark\" style=\"width: 0px;overflow: hidden;line-height: 0\" class=\"mce_SELRES_end\">\ufeff<\/span><span data-mce-type=\"bookmark\" style=\"width: 0px;overflow: hidden;line-height: 0\" class=\"mce_SELRES_end\">\ufeff<\/span><span data-mce-type=\"bookmark\" style=\"width: 0px;overflow: hidden;line-height: 0\" class=\"mce_SELRES_end\">\ufeff<\/span><span data-mce-type=\"bookmark\" style=\"width: 0px;overflow: hidden;line-height: 0\" class=\"mce_SELRES_end\">\ufeff<\/span><\/object><\/p>\n<p>&nbsp;<\/p>\n<ul>\n<li><strong><span style=\"text-decoration: underline;color: #000000\"><span style=\"font-size: 18pt\">PROYECTO DE GESTI\u00d3N ECON\u00d3MICA<\/span><\/span><\/strong><\/li>\n<\/ul>\n<p><object data=\"https:\/\/blogsaverroes.juntadeandalucia.es\/ceipjosefinaaldecoa\/plan-de-centro\/proyecto-gestion-25-26\/\" type=\"application\/pdf\" width=\"876\" height=\"876\"><span data-mce-type=\"bookmark\" style=\"width: 0px;overflow: hidden;line-height: 0\" class=\"mce_SELRES_start\">\ufeff<\/span>    <span data-mce-type=\"bookmark\" style=\"width: 0px;overflow: hidden;line-height: 0\" class=\"mce_SELRES_start\">\ufeff<\/span><span data-mce-type=\"bookmark\" style=\"width: 0px;overflow: hidden;line-height: 0\" class=\"mce_SELRES_start\">\ufeff<\/span><span data-mce-type=\"bookmark\" style=\"width: 0px;overflow: hidden;line-height: 0\" class=\"mce_SELRES_start\">\ufeff<\/span><span data-mce-type=\"bookmark\" style=\"width: 0px;overflow: hidden;line-height: 0\" class=\"mce_SELRES_start\">\ufeff<\/span><span data-mce-type=\"bookmark\" style=\"width: 0px;overflow: hidden;line-height: 0\" class=\"mce_SELRES_start\">\ufeff<\/span><span data-mce-type=\"bookmark\" style=\"width: 0px;overflow: hidden;line-height: 0\" class=\"mce_SELRES_start\">\ufeff<\/span><span data-mce-type=\"bookmark\" style=\"width: 0px;overflow: hidden;line-height: 0\" class=\"mce_SELRES_start\">\ufeff<\/span><embed src=\"https:\/\/blogsaverroes.juntadeandalucia.es\/ceipjosefinaaldecoa\/plan-de-centro\/proyecto-gestion-25-26\/\" type=\"application\/pdf\" width=\"876\" height=\"876\"><span data-mce-type=\"bookmark\" style=\"width: 0px;overflow: hidden;line-height: 0\" class=\"mce_SELRES_end\">\ufeff<\/span><span data-mce-type=\"bookmark\" style=\"width: 0px;overflow: hidden;line-height: 0\" class=\"mce_SELRES_end\">\ufeff<\/span><span data-mce-type=\"bookmark\" style=\"width: 0px;overflow: hidden;line-height: 0\" class=\"mce_SELRES_end\">\ufeff<\/span><span data-mce-type=\"bookmark\" style=\"width: 0px;overflow: hidden;line-height: 0\" class=\"mce_SELRES_end\">\ufeff<\/span><span data-mce-type=\"bookmark\" style=\"width: 0px;overflow: hidden;line-height: 0\" class=\"mce_SELRES_end\">\ufeff<\/span><span data-mce-type=\"bookmark\" style=\"width: 0px;overflow: hidden;line-height: 0\" class=\"mce_SELRES_end\">\ufeff<\/span><span data-mce-type=\"bookmark\" style=\"width: 0px;overflow: hidden;line-height: 0\" class=\"mce_SELRES_end\">\ufeff<\/span><\/object><\/p>\n","protected":false},"excerpt":{"rendered":"<p>Un centro se define en gran medida por su&nbsp;Proyecto Educativo. En \u00e9l se plasma el modelo educativo y la concreci\u00f3n de la normativa que un centro realiza respecto a las ense\u00f1anzas que imparte. Aspectos tales como las finalidades educativas, objetivos, atenci\u00f3n a&#46;&#46;&#46;<\/p>\n","protected":false},"author":2825,"featured_media":0,"parent":0,"menu_order":0,"comment_status":"closed","ping_status":"closed","template":"","meta":{"ngg_post_thumbnail":0,"footnotes":"","_mc_calendar":[]},"aioseo_notices":[],"_links":{"self":[{"href":"https:\/\/blogsaverroes.juntadeandalucia.es\/ceipjosefinaaldecoa\/wp-json\/wp\/v2\/pages\/17089"}],"collection":[{"href":"https:\/\/blogsaverroes.juntadeandalucia.es\/ceipjosefinaaldecoa\/wp-json\/wp\/v2\/pages"}],"about":[{"href":"https:\/\/blogsaverroes.juntadeandalucia.es\/ceipjosefinaaldecoa\/wp-json\/wp\/v2\/types\/page"}],"author":[{"embeddable":true,"href":"https:\/\/blogsaverroes.juntadeandalucia.es\/ceipjosefinaaldecoa\/wp-json\/wp\/v2\/users\/2825"}],"replies":[{"embeddable":true,"href":"https:\/\/blogsaverroes.juntadeandalucia.es\/ceipjosefinaaldecoa\/wp-json\/wp\/v2\/comments?post=17089"}],"version-history":[{"count":16,"href":"https:\/\/blogsaverroes.juntadeandalucia.es\/ceipjosefinaaldecoa\/wp-json\/wp\/v2\/pages\/17089\/revisions"}],"predecessor-version":[{"id":18899,"href":"https:\/\/blogsaverroes.juntadeandalucia.es\/ceipjosefinaaldecoa\/wp-json\/wp\/v2\/pages\/17089\/revisions\/18899"}],"wp:attachment":[{"href":"https:\/\/blogsaverroes.juntadeandalucia.es\/ceipjosefinaaldecoa\/wp-json\/wp\/v2\/media?parent=17089"}],"curies":[{"name":"wp","href":"https:\/\/api.w.org\/{rel}","templated":true}]}}