{"id":17713,"date":"2024-05-30T08:49:27","date_gmt":"2024-05-30T08:49:27","guid":{"rendered":"https:\/\/blogsaverroes.juntadeandalucia.es\/ceipjosefinaaldecoa\/?page_id=17713"},"modified":"2024-05-30T08:49:28","modified_gmt":"2024-05-30T08:49:28","slug":"actividades-extraescolares-curso-2024-25","status":"publish","type":"page","link":"https:\/\/blogsaverroes.juntadeandalucia.es\/ceipjosefinaaldecoa\/actividades-extraescolares-curso-2024-25\/","title":{"rendered":"ACTIVIDADES EXTRAESCOLARES-CURSO 2024\/25"},"content":{"rendered":"<h4><span style=\"font-family: 'book antiqua',palatino,serif;font-size: 14pt;color: #000000\"><strong><span style=\"color: #000000\">La empresa del Servicio de Actividades Extraescolares es<\/span> <span style=\"color: #ff6600\">ADEPAU GESTI\u00d3N EDUCATIVA 2005 S.L<\/span><\/strong><span style=\"color: #ff6600\">.<\/span><\/span><\/h4>\n<p><a href=\"https:\/\/blogsaverroes.juntadeandalucia.es\/ceipjosefinaaldecoa\/actividades-extraescolares-curso-2024-25\/actividades-extraescolares-24-25\/\" rel=\"attachment wp-att-17714\"><img loading=\"lazy\" decoding=\"async\" class=\"aligncenter size-full wp-image-17714\" src=\"https:\/\/blogsaverroes.juntadeandalucia.es\/ceipjosefinaaldecoa\/files\/2024\/05\/ACTIVIDADES-EXTRAESCOLARES-24-25.jpg\" alt=\"\" width=\"705\" height=\"866\" srcset=\"https:\/\/blogsaverroes.juntadeandalucia.es\/ceipjosefinaaldecoa\/files\/2024\/05\/ACTIVIDADES-EXTRAESCOLARES-24-25.jpg 705w, https:\/\/blogsaverroes.juntadeandalucia.es\/ceipjosefinaaldecoa\/files\/2024\/05\/ACTIVIDADES-EXTRAESCOLARES-24-25-244x300.jpg 244w\" sizes=\"(max-width: 705px) 100vw, 705px\" \/><\/a><\/p>\n<h4>&nbsp;<\/h4>\n<p><strong><span style=\"font-size: 14pt\"><a href=\"https:\/\/blogsaverroes.juntadeandalucia.es\/ceipjosefinaaldecoa\/?attachment_id=17715\" target=\"_blank\" rel=\"noopener\">Actividades Extraescolares Curso 2024-25 (PDF)<\/a><\/span><\/strong><\/p>\n<p style=\"text-align: center\"><span style=\"font-family: 'book antiqua', palatino, serif;font-size: 16pt;color: #000000\">Coordinadora&nbsp;del servicio en el centro: <strong>Adela<\/strong>.<\/span><\/p>\n<p style=\"text-align: center\"><span style=\"font-family: 'book antiqua', palatino, serif;font-size: 16pt;color: #000000\">Tel\u00e9fono de Contacto: <strong>616.138.899<\/strong><\/span><\/p>\n<p style=\"text-align: center\"><span style=\"font-family: 'book antiqua', palatino, serif;font-size: 16pt\"><span style=\"color: #000000\">E-mail:<\/span> <a href=\"mailto:dorrigapa@gmail.com\"><span style=\"color: #0000ff\"><strong>dorrigapa@gmail.com<\/strong><\/span><\/a>&nbsp;<\/span><\/p>\n<p style=\"text-align: justify\"><span style=\"color: #000000;font-size: 14pt\"><strong>Avisos de la empresa que desarrolla el servicio<\/strong>:<\/span><\/p>\n<ul>\n<li style=\"text-align: justify\"><span style=\"color: #000000;font-size: 14pt\">Las edades y cursos son orientativos, al formar grupos lo m\u00e1s homog\u00e9neos posibles.<\/span><\/li>\n<li style=\"text-align: justify\"><span style=\"color: #000000;font-size: 14pt\">El horario y grupos podr\u00e1n sufrir alguna modificaci\u00f3n en funci\u00f3n de los alumnos\/as inscritos en cada actividad. El m\u00ednimo de alumnado para que funcione una actividad es de 10.<\/span><\/li>\n<li style=\"text-align: justify\"><span style=\"color: #000000;font-size: 14pt\">Informar a las familias de Plan SYGA que este plan no cubre la gratuidad de las actividades extraescolares.<\/span><\/li>\n<li style=\"text-align: justify\"><span style=\"font-size: 14pt;color: #000000\"><strong>Se recomienda confirmar las actividades en septiembre antes del comienzo de las mismas mediante Whatsapp: 616138899<\/strong><\/span><\/li>\n<li style=\"text-align: justify\"><span style=\"color: #000000;font-size: 14pt\">Para cualquier informaci\u00f3n, consulta, aclaraci\u00f3n, etc&#8230;sobre las actividades extraescolares contactar con la empresa en el n\u00famero de tel\u00e9fono 616138899<\/span><\/li>\n<\/ul>\n<header class=\"portlet-topper\">\n<h1 class=\"portlet-title fittexted_for_content_h1\"><span style=\"color: #000000\"><span style=\"text-decoration: underline\"><span class=\"portlet-title-text\">Impresos&nbsp;<\/span>Servicios complementarios<\/span>:<\/span><\/h1>\n<\/header>\n<div class=\"portlet-content\">\n<div class=\" portlet-content-container\">\n<div class=\"portlet-body\">\n<div class=\"contenido_portlet \">\n<div class=\"portlet_documentos\">\n<div class=\"document-list\">\n<div class=\"documentos\">\n<ul class=\"listado\">\n<li class=\"item\">\n<p class=\"title icopdf\"><a title=\"Pulse para visualizar el documento:&nbsp;Anexo II.- Servicio de Aula Matinal, Comedor Escolar y actividades Extraescolares\" href=\"https:\/\/www.juntadeandalucia.es\/educacion\/portals\/delegate\/content\/6c4342f7-1581-4c26-bc7e-2e49b4b64cee\/Anexo%20II.-%20Servicio%20de%20Aula%20Matinal,%20Comedor%20Escolar%20y%20actividades%20Extraescolares\" target=\"_blank\" rel=\"noopener noreferrer\">Anexo II.- Servicio de Aula Matinal, Comedor Escolar y actividades Extraescolares.<\/a>&nbsp;<span style=\"color: #000000\">(En sobre de matr\u00edcula de junio y durante el curso)<\/span><\/p>\n<\/li>\n<li class=\"item\">\n<p class=\"title icopdf\"><a title=\"Pulse para visualizar el documento:&nbsp;Anexo V.- Gratuidad\/bonificaci\u00f3n del precio p\u00fablico por los servicios complementarios de Aula Matinal, Comedor Escolar y Actividades Extraescolares\" href=\"https:\/\/www.juntadeandalucia.es\/educacion\/portals\/delegate\/content\/fcc8b9c5-53ad-46ca-9098-80d7b3c81097\/Anexo%20V.-%20Gratuidad\/bonificaci%C3%B3n%20del%20precio%20p%C3%BAblico%20por%20los%20servicios%20complementarios%20de%20Aula%20Matinal,%20Comedor%20Escolar%20y%20Actividades%20Extraescolares\" target=\"_blank\" rel=\"noopener noreferrer\">Anexo V.- Gratuidad\/bonificaci\u00f3n del precio p\u00fablico por los servicios complementarios de Aula Matinal, Comedor Escolar y Actividades Extraescolares<\/a>&nbsp;<span style=\"color: #000000\">(Periodo solicitud&nbsp; del 1 al 7 de septiembre)<\/span><\/p>\n<\/li>\n<\/ul>\n<\/div>\n<\/div>\n<\/div>\n<\/div>\n<\/div>\n<\/div>\n<\/div>\n<ul>\n<li><a href=\"https:\/\/blogsaverroes.juntadeandalucia.es\/ceipjosefinaaldecoa\/files\/2021\/09\/solicitud_baja_paf.pdf\">SOLICITUD BAJA SERVICIOS COMPLEMENTARIOS<\/a><\/li>\n<\/ul>\n","protected":false},"excerpt":{"rendered":"<p>La empresa del Servicio de Actividades Extraescolares es ADEPAU GESTI\u00d3N EDUCATIVA 2005 S.L. &nbsp; Actividades Extraescolares Curso 2024-25 (PDF) Coordinadora&nbsp;del servicio en el centro: Adela. Tel\u00e9fono de Contacto: 616.138.899 E-mail: dorrigapa@gmail.com&nbsp; Avisos de la empresa que desarrolla el servicio: Las edades y&#46;&#46;&#46;<\/p>\n","protected":false},"author":2825,"featured_media":0,"parent":0,"menu_order":0,"comment_status":"closed","ping_status":"closed","template":"","meta":{"ngg_post_thumbnail":0,"footnotes":"","_mc_calendar":[]},"aioseo_notices":[],"_links":{"self":[{"href":"https:\/\/blogsaverroes.juntadeandalucia.es\/ceipjosefinaaldecoa\/wp-json\/wp\/v2\/pages\/17713"}],"collection":[{"href":"https:\/\/blogsaverroes.juntadeandalucia.es\/ceipjosefinaaldecoa\/wp-json\/wp\/v2\/pages"}],"about":[{"href":"https:\/\/blogsaverroes.juntadeandalucia.es\/ceipjosefinaaldecoa\/wp-json\/wp\/v2\/types\/page"}],"author":[{"embeddable":true,"href":"https:\/\/blogsaverroes.juntadeandalucia.es\/ceipjosefinaaldecoa\/wp-json\/wp\/v2\/users\/2825"}],"replies":[{"embeddable":true,"href":"https:\/\/blogsaverroes.juntadeandalucia.es\/ceipjosefinaaldecoa\/wp-json\/wp\/v2\/comments?post=17713"}],"version-history":[{"count":2,"href":"https:\/\/blogsaverroes.juntadeandalucia.es\/ceipjosefinaaldecoa\/wp-json\/wp\/v2\/pages\/17713\/revisions"}],"predecessor-version":[{"id":17718,"href":"https:\/\/blogsaverroes.juntadeandalucia.es\/ceipjosefinaaldecoa\/wp-json\/wp\/v2\/pages\/17713\/revisions\/17718"}],"wp:attachment":[{"href":"https:\/\/blogsaverroes.juntadeandalucia.es\/ceipjosefinaaldecoa\/wp-json\/wp\/v2\/media?parent=17713"}],"curies":[{"name":"wp","href":"https:\/\/api.w.org\/{rel}","templated":true}]}}