{"id":18304,"date":"2024-09-03T15:45:50","date_gmt":"2024-09-03T15:45:50","guid":{"rendered":"https:\/\/blogsaverroes.juntadeandalucia.es\/ceipjosefinaaldecoa\/?page_id=18304"},"modified":"2024-12-23T06:02:38","modified_gmt":"2024-12-23T06:02:38","slug":"claustro-curso-24-25","status":"publish","type":"page","link":"https:\/\/blogsaverroes.juntadeandalucia.es\/ceipjosefinaaldecoa\/claustro-curso-24-25\/","title":{"rendered":"Claustro Curso 24\/25"},"content":{"rendered":"<h1 style=\"text-align: center\"><span style=\"color: #333399\">&nbsp;<span style=\"color: #000000\"><strong> <span style=\"font-size: 20pt\"><span style=\"text-decoration: underline\">CLAUSTRO DEL PROFESORADO<\/span><\/span><\/strong><\/span><\/span><\/h1>\n<h1 style=\"text-align: center\"><span style=\"font-size: 20pt;color: #000000\">Curso 2024\/25<\/span><\/h1>\n<table style=\"height: 2372px;width: 84.6859%;text-align: left;border: 1px solid #050000;border-style: solid;border-color: #030202\" border=\"1\" cellspacing=\"4\" cellpadding=\"0\">\n<tbody>\n<tr style=\"border-color: #030000;height: 56px;border-style: solid\">\n<td style=\"border-color: #050000;width: 26.4484%;height: 56px;border-style: solid;text-align: center\" valign=\"top\"><span style=\"color: #000080;font-size: 14pt;font-family: arial, helvetica, sans-serif\"><strong>Directora del CEIP<\/strong><\/span><\/td>\n<td style=\"border-color: #050000;width: 130.267%;height: 56px;text-align: center\" colspan=\"2\" valign=\"top\">\n<p style=\"text-align: center\"><span style=\"font-size: 14pt;font-family: arial, helvetica, sans-serif\"><strong><span style=\"color: #000000\">M\u00aa. Gracia C\u00f3rdoba<\/span><\/strong><\/span><\/p>\n<\/td>\n<\/tr>\n<tr style=\"height: 35px\">\n<td style=\"border-color: #050000;width: 26.4484%;height: 35px;text-align: center\" valign=\"top\"><span style=\"color: #000080;font-size: 14pt;font-family: arial, helvetica, sans-serif\"><strong>Jefe de estudios<\/strong><\/span><\/td>\n<td style=\"border-color: #050000;width: 130.267%;height: 35px;text-align: center\" colspan=\"2\" valign=\"top\">\n<p style=\"text-align: center\"><strong><span style=\"font-size: 14pt;color: #000000\">Raquel Romero&nbsp;<\/span><\/strong><\/p>\n<\/td>\n<\/tr>\n<tr style=\"height: 41px\">\n<td style=\"border-color: #050000;width: 26.4484%;height: 41px;text-align: center\" valign=\"top\"><span style=\"color: #000080;font-size: 14pt;font-family: arial, helvetica, sans-serif\"><strong>Secretaria<\/strong><\/span><\/td>\n<td style=\"border-color: #050000;width: 130.267%;height: 41px;text-align: center\" colspan=\"2\" valign=\"top\">\n<p style=\"text-align: center\"><span style=\"font-size: 14pt;font-family: arial, helvetica, sans-serif\"><strong><span style=\"color: #000000\"><span style=\"color: #000000;font-size: 14pt\"><span style=\"font-family: arial, helvetica, sans-serif\">M\u00aa Jos\u00e9 Palma<\/span><\/span><\/span><\/strong><\/span><\/p>\n<\/td>\n<\/tr>\n<tr style=\"height: 37px\">\n<td style=\"border-color: #050000;width: 26.4484%;height: 384px;text-align: center\" rowspan=\"8\"><span style=\"color: #000080;font-size: 14pt;font-family: arial, helvetica, sans-serif\"><strong>Tutor\u00edas de Infantil<\/strong><\/span><\/td>\n<td style=\"border-color: #050000;width: 35.7677%;height: 37px;text-align: center\">\n<p style=\"text-align: center\"><span style=\"font-size: 14pt;font-family: arial, helvetica, sans-serif;color: #000000\"><strong>Inf- 3A<\/strong><\/span><\/p>\n<\/td>\n<td style=\"border-color: #050000;width: 94.4998%;height: 37px;text-align: center\" valign=\"top\"><span style=\"color: #000000;font-family: arial, helvetica, sans-serif;font-size: 14pt\"><strong>Adriana del Moral<\/strong><\/span><\/td>\n<\/tr>\n<tr style=\"height: 43px\">\n<td style=\"border-color: #050000;width: 35.7677%;height: 43px;text-align: center\">\n<p style=\"text-align: center\"><span style=\"font-size: 14pt;font-family: arial, helvetica, sans-serif;color: #000000\"><strong>Inf- 3B<\/strong><\/span><\/p>\n<\/td>\n<td style=\"border-color: #050000;width: 94.4998%;height: 43px;text-align: center\" valign=\"top\">\n<p style=\"text-align: center\"><span style=\"color: #000000\"><strong><span style=\"font-family: arial, helvetica, sans-serif;font-size: 14pt\">Carolina Gonz\u00e1lez<\/span><\/strong><\/span><\/p>\n<\/td>\n<\/tr>\n<tr style=\"height: 56px\">\n<td style=\"border-color: #050000;width: 35.7677%;height: 56px;text-align: center\">\n<p style=\"text-align: center\"><span style=\"font-size: 14pt;font-family: arial, helvetica, sans-serif;color: #000000\"><strong>Inf- 4A<\/strong><\/span><\/p>\n<\/td>\n<td style=\"border-color: #050000;width: 94.4998%;height: 56px;text-align: center\" valign=\"top\">\n<p style=\"text-align: center\"><span style=\"color: #000000;font-family: arial, helvetica, sans-serif;font-size: 14pt\"><strong><span style=\"font-size: 14pt\"><span style=\"font-size: 14pt;font-family: arial, helvetica, sans-serif\">M. Isabel Puche<\/span><\/span><\/strong><\/span><\/p>\n<\/td>\n<\/tr>\n<tr style=\"height: 56px\">\n<td style=\"border-color: #050000;width: 35.7677%;height: 56px;text-align: center\">\n<p style=\"text-align: center\"><span style=\"font-size: 14pt;font-family: arial, helvetica, sans-serif;color: #000000\"><strong>Inf- 4B<\/strong><\/span><\/p>\n<\/td>\n<td style=\"border-color: #050000;width: 94.4998%;height: 56px;text-align: center\" valign=\"top\"><strong><span style=\"color: #000000\"><span style=\"color: #000000;font-family: arial, helvetica, sans-serif\"><span style=\"font-size: 18.6667px\">Mariele<\/span><\/span><\/span><\/strong><\/td>\n<\/tr>\n<tr style=\"height: 56px\">\n<td style=\"border-color: #050000;width: 35.7677%;height: 56px;text-align: center\">\n<p style=\"text-align: center\"><span style=\"color: #000000;font-family: arial, helvetica, sans-serif;font-size: 14pt\"><strong>Inf- 5A<\/strong><\/span><\/p>\n<\/td>\n<td style=\"border-color: #050000;width: 94.4998%;height: 56px;text-align: center\" valign=\"top\">\n<p style=\"text-align: center\"><span style=\"color: #000000;font-family: arial, helvetica, sans-serif;font-size: 14pt\"><strong><span style=\"font-size: 14pt\"> Bel\u00e9n Ramallo<\/span><\/strong><\/span><\/p>\n<\/td>\n<\/tr>\n<tr style=\"height: 56px\">\n<td style=\"border-color: #050000;width: 35.7677%;height: 56px;text-align: center\">\n<p style=\"text-align: center\"><span style=\"color: #000000;font-family: arial, helvetica, sans-serif;font-size: 14pt\"><strong>Inf- 5B<\/strong><\/span><\/p>\n<\/td>\n<td style=\"border-color: #050000;width: 94.4998%;height: 56px;text-align: center\" valign=\"top\">\n<p style=\"text-align: center\"><span style=\"color: #000000;font-size: 14pt;font-family: arial, helvetica, sans-serif\"><strong><span style=\"font-size: 14pt\">Ana Beatriz Cintas<\/span><\/strong><\/span><\/p>\n<\/td>\n<\/tr>\n<tr style=\"height: 56px\">\n<td style=\"border-color: #050000;width: 35.7677%;height: 56px;text-align: center\"><span style=\"font-size: 14pt;color: #000000;font-family: arial, helvetica, sans-serif\"><strong>Apoyo<\/strong><\/span><\/td>\n<td style=\"border-color: #050000;width: 94.4998%;height: 56px;text-align: center\" valign=\"top\"><span style=\"color: #000000;font-family: arial, helvetica, sans-serif;font-size: 14pt\"><strong>Estefan\u00eda Lozano<\/strong><\/span><\/td>\n<\/tr>\n<tr style=\"height: 24px\">\n<td style=\"border-color: #050000;width: 35.7677%;height: 24px;text-align: center\"><span style=\"color: #000080;font-family: arial, helvetica, sans-serif;font-size: 14pt\"><strong>EDUCACI\u00d3N&nbsp;<\/strong><\/span><\/td>\n<td style=\"border-color: #050000;width: 94.4998%;height: 24px;text-align: center\" valign=\"top\"><span style=\"color: #000080;font-family: arial, helvetica, sans-serif;font-size: 14pt\"><strong>PRIMARIA<\/strong><\/span><\/td>\n<\/tr>\n<tr style=\"height: 56px\">\n<td style=\"border-color: #050000;width: 26.4484%;height: 797px;text-align: center\" rowspan=\"18\"><span style=\"color: #000080;font-size: 14pt\"><strong>Tutor\u00edas de Primaria<\/strong><\/span><\/td>\n<td style=\"border-color: #050000;width: 35.7677%;height: 56px;text-align: center\" valign=\"top\">\n<p style=\"text-align: center\"><span style=\"color: #000000\"><strong><span style=\"font-family: arial, helvetica, sans-serif;font-size: 14pt\">1\u00ba-A<\/span><\/strong><\/span><\/p>\n<\/td>\n<td style=\"border-color: #050000;width: 94.4998%;height: 56px;text-align: center\" valign=\"top\">\n<p style=\"text-align: center\"><span style=\"color: #000000;font-size: 14pt;font-family: arial, helvetica, sans-serif\"><strong><span style=\"font-size: 14pt\"><span style=\"font-family: arial, helvetica, sans-serif;font-size: 14pt\"><span style=\"font-family: arial, helvetica, sans-serif\">Adela O\u00f1a<\/span><\/span><\/span><\/strong><\/span><\/p>\n<\/td>\n<\/tr>\n<tr style=\"height: 56px\">\n<td style=\"border-color: #050000;width: 35.7677%;height: 56px;text-align: center\" valign=\"top\">\n<p style=\"text-align: center\"><span style=\"color: #000000\"><strong><span style=\"font-family: arial, helvetica, sans-serif;font-size: 14pt\">1\u00ba-B<\/span><\/strong><\/span><\/p>\n<\/td>\n<td style=\"border-color: #050000;width: 94.4998%;height: 56px;text-align: center\" valign=\"top\">\n<p style=\"text-align: center\"><span style=\"color: #000000\"><strong><span style=\"font-size: 14pt;font-family: arial, helvetica, sans-serif\"><span style=\"font-family: arial, helvetica, sans-serif;font-size: 14pt\">Raquel Mu\u00f1oz<\/span><\/span><\/strong><\/span><\/p>\n<\/td>\n<\/tr>\n<tr style=\"height: 56px\">\n<td style=\"border-color: #050000;width: 35.7677%;height: 56px;text-align: center\" valign=\"top\">\n<p style=\"text-align: center\"><span style=\"color: #000000\"><strong><span style=\"font-family: arial, helvetica, sans-serif;font-size: 14pt\">2\u00ba-A<\/span><\/strong><\/span><\/p>\n<\/td>\n<td style=\"border-color: #050000;width: 94.4998%;height: 56px;text-align: center\" valign=\"top\">\n<p style=\"text-align: center\"><span style=\"color: #000000;font-size: 14pt;font-family: arial, helvetica, sans-serif\"><strong>Ana M\u00aa Chicano<\/strong><\/span><\/p>\n<\/td>\n<\/tr>\n<tr style=\"height: 56px\">\n<td style=\"border-color: #050000;width: 35.7677%;height: 56px;text-align: center\" valign=\"top\">\n<p style=\"text-align: center\"><span style=\"color: #000000\"><strong><span style=\"font-family: arial, helvetica, sans-serif;font-size: 14pt\">2\u00ba-B<\/span><\/strong><\/span><\/p>\n<\/td>\n<td style=\"border-color: #050000;width: 94.4998%;height: 56px;text-align: center\" valign=\"top\">\n<p style=\"text-align: center\"><span style=\"color: #000000\"><strong><span style=\"font-size: 14pt;font-family: arial, helvetica, sans-serif\">Maribel Santos<\/span><\/strong><\/span><\/p>\n<\/td>\n<\/tr>\n<tr style=\"height: 24px\">\n<td style=\"border-color: #050000;width: 35.7677%;height: 24px;text-align: center\" valign=\"top\"><span style=\"font-size: 14pt\"><strong><span style=\"color: #000080\">SEGUNDO<\/span><\/strong><\/span><\/td>\n<td style=\"border-color: #050000;width: 94.4998%;height: 24px;text-align: center\" valign=\"top\"><span style=\"font-size: 14pt\"><strong><span style=\"color: #000080\">CICLO<\/span><\/strong><\/span><\/td>\n<\/tr>\n<tr style=\"height: 56px\">\n<td style=\"border-color: #050000;width: 35.7677%;height: 56px;text-align: center\" valign=\"top\">\n<p style=\"text-align: center\"><strong><span style=\"color: #000000;font-family: arial, helvetica, sans-serif;font-size: 14pt\">3\u00ba-A<\/span><\/strong><\/p>\n<\/td>\n<td style=\"border-color: #050000;width: 94.4998%;height: 56px;text-align: center\" valign=\"top\">\n<p style=\"text-align: center\"><span style=\"color: #000000\"><strong><span style=\"font-size: 14pt\"><span style=\"font-family: arial, helvetica, sans-serif\">Cristina Mart\u00edn<\/span><\/span><\/strong><\/span><\/p>\n<\/td>\n<\/tr>\n<tr style=\"height: 56px\">\n<td style=\"border-color: #050000;width: 35.7677%;height: 56px;text-align: center\" valign=\"top\">\n<p style=\"text-align: center\"><strong><span style=\"color: #000000;font-family: arial, helvetica, sans-serif;font-size: 14pt\">3\u00ba-B<\/span><\/strong><\/p>\n<\/td>\n<td style=\"border-color: #050000;width: 94.4998%;height: 56px;text-align: center\" valign=\"top\">\n<p style=\"text-align: center\"><span style=\"color: #000000\"><strong><span style=\"font-size: 14pt\"><span style=\"font-family: arial, helvetica, sans-serif;font-size: 14pt\">Mar\u00eda Trujillo&nbsp;<\/span><\/span><\/strong><\/span><\/p>\n<\/td>\n<\/tr>\n<tr style=\"height: 56px\">\n<td style=\"border-color: #050000;width: 35.7677%;height: 56px;text-align: center\" valign=\"top\">\n<p style=\"text-align: center\"><strong><span style=\"color: #000000;font-family: arial, helvetica, sans-serif;font-size: 14pt\">4\u00ba-A<\/span><\/strong><\/p>\n<\/td>\n<td style=\"border-color: #050000;width: 94.4998%;height: 56px;text-align: center\" valign=\"top\"><span style=\"color: #000000\"><strong><span style=\"font-size: 14pt\"><span style=\"font-family: arial, helvetica, sans-serif;font-size: 14pt\">Roc\u00edo Carro<\/span><\/span><\/strong><\/span><\/td>\n<td style=\"border-color: #050000;width: 94.4998%;height: 56px;text-align: center\" valign=\"top\">\n<p style=\"text-align: center\">&nbsp;<\/p>\n<\/td>\n<\/tr>\n<tr style=\"height: 56px\">\n<td style=\"border-color: #050000;width: 35.7677%;height: 56px;text-align: center\" valign=\"top\">\n<p style=\"text-align: center\"><strong><span style=\"color: #000000;font-family: arial, helvetica, sans-serif;font-size: 14pt\">4\u00ba-B<\/span><\/strong><\/p>\n<\/td>\n<td style=\"border-color: #050000;width: 94.4998%;height: 56px;text-align: center\" valign=\"top\"><span style=\"color: #000000\"><strong><span style=\"font-size: 14pt\"><span style=\"font-family: arial, helvetica, sans-serif;font-size: 14pt\">M\u00aa Asunci\u00f3n Mart\u00ednez&nbsp;<\/span><\/span><\/strong><\/span><\/td>\n<\/tr>\n<tr style=\"height: 32px\">\n<td style=\"border-color: #050000;width: 35.7677%;height: 32px;text-align: center\" valign=\"top\"><strong><span style=\"color: #000000;font-family: arial, helvetica, sans-serif;font-size: 14pt\">4\u00ba-C<\/span><\/strong><\/td>\n<td style=\"border-color: #050000;width: 94.4998%;height: 32px;text-align: center\" valign=\"top\"><span style=\"color: #000000\"><strong><span style=\"font-family: arial, helvetica, sans-serif;font-size: 14pt\"><span style=\"font-size: 14pt\"><span style=\"font-family: arial, helvetica, sans-serif\">M\u00aa. Julia Gil<\/span><\/span><\/span><\/strong><\/span><\/td>\n<\/tr>\n<tr style=\"height: 24px\">\n<td style=\"border-color: #050000;width: 35.7677%;height: 24px;text-align: center\" valign=\"top\"><span style=\"color: #333399;font-size: 14pt\"><strong>TERCER<\/strong><\/span><\/td>\n<td style=\"border-color: #050000;width: 94.4998%;height: 24px;text-align: center\" valign=\"top\"><span style=\"color: #333399;font-size: 14pt\"><strong>CICLO<\/strong><\/span><\/td>\n<\/tr>\n<tr style=\"height: 56px\">\n<td style=\"border-color: #050000;width: 35.7677%;height: 56px;text-align: center\" valign=\"top\">\n<p style=\"text-align: center\"><strong><span style=\"color: #000000;font-family: arial, helvetica, sans-serif;font-size: 14pt\">5\u00ba-A<\/span><\/strong><\/p>\n<\/td>\n<td style=\"border-color: #050000;width: 94.4998%;height: 56px;text-align: center\" valign=\"top\">\n<p style=\"text-align: center\"><strong><span style=\"color: #000000;font-family: arial, helvetica, sans-serif;font-size: 14pt\"><span style=\"color: #000000;font-size: 14pt\">M\u00aa del Mar Rold\u00e1n<\/span><\/span><\/strong><\/p>\n<\/td>\n<\/tr>\n<tr style=\"height: 56px\">\n<td style=\"border-color: #050000;width: 35.7677%;height: 56px;text-align: center\" valign=\"top\">\n<p style=\"text-align: center\"><strong><span style=\"color: #000000;font-family: arial, helvetica, sans-serif;font-size: 14pt\">5\u00ba-B<\/span><\/strong><\/p>\n<\/td>\n<td style=\"border-color: #050000;width: 94.4998%;height: 56px;text-align: center\" valign=\"top\">\n<p style=\"text-align: center\"><strong><span style=\"color: #000000;font-family: arial, helvetica, sans-serif;font-size: 14pt\"><span style=\"color: #000000;font-size: 14pt\">Raquel Mart\u00ednez<\/span><\/span><\/strong><\/p>\n<\/td>\n<\/tr>\n<tr style=\"height: 56px\">\n<td style=\"border-color: #050000;width: 35.7677%;height: 56px;text-align: center\" valign=\"top\">\n<p style=\"text-align: center\"><strong><span style=\"color: #000000;font-family: arial, helvetica, sans-serif;font-size: 14pt\">6\u00ba-A<\/span><\/strong><\/p>\n<\/td>\n<td style=\"border-color: #050000;width: 94.4998%;height: 56px;text-align: center\" valign=\"top\"><span style=\"color: #000000\"><strong><span style=\"font-size: 14pt\"><span style=\"font-family: arial, helvetica, sans-serif\">M\u00aa Jos\u00e9 Palma<\/span><\/span><\/strong><\/span><\/td>\n<\/tr>\n<tr style=\"height: 56px\">\n<td style=\"border-color: #050000;width: 35.7677%;height: 56px;text-align: center\" valign=\"top\">\n<p style=\"text-align: center\"><strong><span style=\"color: #000000;font-family: arial, helvetica, sans-serif;font-size: 14pt\">6\u00ba-B<\/span><\/strong><\/p>\n<\/td>\n<td style=\"border-color: #050000;width: 94.4998%;height: 56px;text-align: center\" valign=\"top\"><span style=\"color: #000000\"><strong><span style=\"font-size: 14pt\">Luc\u00eda Robles<\/span><\/strong><\/span><\/td>\n<\/tr>\n<tr style=\"height: 10px\">\n<td style=\"border-color: #050000;width: 35.7677%;height: 10px;text-align: center\" valign=\"top\"><strong><span style=\"color: #000000;font-size: 14pt\">Apoyo Primaria<\/span><\/strong><\/td>\n<td style=\"border-color: #050000;width: 94.4998%;height: 10px;text-align: center\" valign=\"top\"><strong><span style=\"font-size: 14pt;font-family: arial, helvetica, sans-serif;color: #000000\">&nbsp;&#8212;<\/span><\/strong><\/td>\n<\/tr>\n<tr style=\"height: 10px\">\n<td style=\"border-color: #050000;width: 35.7677%;height: 10px;text-align: center\" valign=\"top\">&nbsp;<\/td>\n<td style=\"border-color: #050000;width: 94.4998%;height: 10px;text-align: center\" valign=\"top\">&nbsp;<\/td>\n<\/tr>\n<tr style=\"height: 12px\">\n<td style=\"border-color: #050000;width: 35.7677%;height: 12px;text-align: center\" valign=\"top\">&nbsp;<\/td>\n<td style=\"border-color: #050000;width: 94.4998%;height: 12px;text-align: center\" valign=\"top\">&nbsp;<\/td>\n<\/tr>\n<tr style=\"height: 56px\">\n<td style=\"border-color: #050000;width: 26.4484%;height: 460.475px;text-align: center\" rowspan=\"11\"><span style=\"color: #000080;font-size: 14pt\"><strong>Especialidades<\/strong><\/span><\/td>\n<td style=\"border-color: #050000;width: 35.7677%;height: 112px;text-align: center\" rowspan=\"2\">\n<p style=\"text-align: center\"><strong><span style=\"color: #000000;font-size: 14pt\">Ingl\u00e9s<\/span><\/strong><\/p>\n<\/td>\n<td style=\"border-color: #050000;width: 94.4998%;height: 56px;text-align: center\" valign=\"top\">\n<p style=\"text-align: center\"><strong><span style=\"color: #000000\"><span style=\"font-size: 18.6667px\">Tais Reyes<\/span><\/span><\/strong><\/p>\n<p style=\"text-align: center\"><span style=\"font-size: 14pt;color: #000000\">(Primer&nbsp; y segundo ciclo)<\/span><\/p>\n<\/td>\n<\/tr>\n<tr style=\"height: 56px\">\n<td style=\"border-color: #050000;width: 94.4998%;height: 56px;text-align: center\" valign=\"top\">\n<p style=\"text-align: center\"><strong><span style=\"color: #000000;font-size: 14pt\">Yolanda Palomo<\/span><\/strong><\/p>\n<p style=\"text-align: center\"><span style=\"font-size: 14pt;color: #000000\">(Segundo y Tercer Ciclo)<\/span><\/p>\n<\/td>\n<\/tr>\n<tr style=\"height: 56px\">\n<td style=\"border-color: #050000;width: 35.7677%;height: 56px;text-align: center\" valign=\"top\">\n<p style=\"text-align: center\"><strong><span style=\"color: #000000;font-size: 14pt\">Franc\u00e9s<\/span><\/strong><\/p>\n<\/td>\n<td style=\"border-color: #050000;width: 94.4998%;height: 56px;text-align: center\" valign=\"top\">\n<p style=\"text-align: center\"><strong><span style=\"color: #000000\"><span style=\"font-size: 18.6667px\">Raquel Mart\u00ednez<\/span><\/span><\/strong><\/p>\n<\/td>\n<\/tr>\n<tr style=\"height: 56px\">\n<td style=\"border-color: #050000;width: 35.7677%;height: 112px;text-align: center\" rowspan=\"2\" valign=\"top\">&nbsp;<\/p>\n<p style=\"text-align: center\"><strong><span style=\"color: #000000;font-size: 14pt\">Ed. F\u00edsica<br \/>\n<\/span><\/strong><\/p>\n<\/td>\n<td style=\"border-color: #050000;width: 94.4998%;height: 56px;text-align: center\" valign=\"top\">\n<p style=\"text-align: center\"><strong><span style=\"color: #000000;font-size: 14pt\">Jos\u00e9 Antonio Campos<br \/>\n<\/span><\/strong><\/p>\n<\/td>\n<\/tr>\n<tr style=\"height: 56px\">\n<td style=\"border-color: #050000;width: 94.4998%;height: 56px;text-align: center\" valign=\"top\">\n<p style=\"text-align: center\"><strong><span style=\"font-size: 14pt;color: #000000\">Luc\u00eda Robles<\/span><\/strong><\/p>\n<\/td>\n<\/tr>\n<tr style=\"height: 56px\">\n<td style=\"border-color: #050000;width: 35.7677%;height: 56px;text-align: center\" valign=\"top\">\n<p style=\"text-align: center\"><strong><span style=\"color: #000000;font-size: 14pt\">M\u00fasica<\/span><\/strong><\/p>\n<\/td>\n<td style=\"border-color: #050000;width: 94.4998%;height: 56px;text-align: center\" valign=\"top\">\n<p style=\"text-align: center\"><strong><span style=\"font-size: 14pt;color: #000000\"><span style=\"font-family: arial, helvetica, sans-serif\">Inmaculada \u00c1lvarez<\/span><\/span><\/strong><\/p>\n<\/td>\n<\/tr>\n<tr style=\"height: 56px\">\n<td style=\"border-color: #050000;width: 35.7677%;height: 56px;text-align: center\">\n<p style=\"text-align: center\"><strong><span style=\"color: #000000;font-family: arial, helvetica, sans-serif\"><span style=\"font-size: 14pt\">P.&nbsp;<\/span><span style=\"font-size: 18.6667px\">Terap\u00e9utica<\/span><\/span><\/strong><\/p>\n<\/td>\n<td style=\"border-color: #050000;width: 94.4998%;height: 56px;text-align: center\">\n<p style=\"text-align: center\"><strong><span style=\"font-size: 14pt;color: #000000\">Raquel Romero&nbsp;<\/span><\/strong><\/p>\n<\/td>\n<\/tr>\n<tr style=\"height: 56px\">\n<td style=\"border-color: #050000;width: 35.7677%;height: 56px;text-align: center\">\n<p style=\"text-align: center\"><strong><span style=\"color: #000000;font-size: 14pt\">Audici\u00f3n y Lenguaje<\/span><\/strong><\/p>\n<\/td>\n<td style=\"border-color: #050000;width: 94.4998%;height: 56px;text-align: center\">\n<p style=\"text-align: center\"><strong><span style=\"color: #000000;font-size: 14pt\">Margarita<\/span><\/strong><\/p>\n<\/td>\n<\/tr>\n<tr style=\"height: 56px\">\n<td style=\"border-color: #050000;width: 35.7677%;height: 122px;text-align: center\" rowspan=\"3\">\n<p style=\"text-align: center\"><strong><span style=\"color: #000000;font-size: 14pt\">Religi\u00f3n Cat\u00f3lica&nbsp;<\/span><\/strong><\/p>\n<\/td>\n<td style=\"border-color: #050000;width: 94.4998%;height: 56px;text-align: center\" valign=\"top\">\n<p style=\"text-align: center\"><strong><span style=\"color: #000000;font-size: 14pt\">Pedro J. Bonilla<\/span><\/strong><\/p>\n<\/td>\n<\/tr>\n<tr style=\"height: 56px\">\n<td style=\"border-color: #050000;width: 94.4998%;height: 56px;text-align: center\" valign=\"top\">\n<p style=\"text-align: center\"><strong><span style=\"color: #000000;font-size: 14pt\">Gloria Plata<\/span><\/strong><\/p>\n<\/td>\n<\/tr>\n<tr style=\"height: 10px\">\n<td style=\"border-color: #050000;width: 94.4998%;height: 10px;text-align: center\" valign=\"top\"><strong><span style=\"font-family: arial, helvetica, sans-serif;font-size: 14pt;color: #000000\">M\u00aa Jos\u00e9 G\u00f3mez<\/span><\/strong><\/td>\n<\/tr>\n<\/tbody>\n<\/table>\n<div id=\"_mcePaste\" style=\"width: 1px;height: 1px;overflow: hidden\">&nbsp;<\/div>\n","protected":false},"excerpt":{"rendered":"<p>&nbsp; CLAUSTRO DEL PROFESORADO Curso 2024\/25 Directora del CEIP M\u00aa. Gracia C\u00f3rdoba Jefe de estudios Raquel Romero&nbsp; Secretaria M\u00aa Jos\u00e9 Palma Tutor\u00edas de Infantil Inf- 3A Adriana del Moral Inf- 3B Carolina Gonz\u00e1lez Inf- 4A M. Isabel Puche Inf- 4B Mariele Inf-&#46;&#46;&#46;<\/p>\n","protected":false},"author":2825,"featured_media":0,"parent":0,"menu_order":0,"comment_status":"closed","ping_status":"closed","template":"","meta":{"ngg_post_thumbnail":0,"footnotes":"","_mc_calendar":[]},"aioseo_notices":[],"_links":{"self":[{"href":"https:\/\/blogsaverroes.juntadeandalucia.es\/ceipjosefinaaldecoa\/wp-json\/wp\/v2\/pages\/18304"}],"collection":[{"href":"https:\/\/blogsaverroes.juntadeandalucia.es\/ceipjosefinaaldecoa\/wp-json\/wp\/v2\/pages"}],"about":[{"href":"https:\/\/blogsaverroes.juntadeandalucia.es\/ceipjosefinaaldecoa\/wp-json\/wp\/v2\/types\/page"}],"author":[{"embeddable":true,"href":"https:\/\/blogsaverroes.juntadeandalucia.es\/ceipjosefinaaldecoa\/wp-json\/wp\/v2\/users\/2825"}],"replies":[{"embeddable":true,"href":"https:\/\/blogsaverroes.juntadeandalucia.es\/ceipjosefinaaldecoa\/wp-json\/wp\/v2\/comments?post=18304"}],"version-history":[{"count":6,"href":"https:\/\/blogsaverroes.juntadeandalucia.es\/ceipjosefinaaldecoa\/wp-json\/wp\/v2\/pages\/18304\/revisions"}],"predecessor-version":[{"id":18311,"href":"https:\/\/blogsaverroes.juntadeandalucia.es\/ceipjosefinaaldecoa\/wp-json\/wp\/v2\/pages\/18304\/revisions\/18311"}],"wp:attachment":[{"href":"https:\/\/blogsaverroes.juntadeandalucia.es\/ceipjosefinaaldecoa\/wp-json\/wp\/v2\/media?parent=18304"}],"curies":[{"name":"wp","href":"https:\/\/api.w.org\/{rel}","templated":true}]}}