{"id":198,"date":"2015-03-17T09:55:36","date_gmt":"2015-03-17T09:55:36","guid":{"rendered":"http:\/\/blogsaverroes.juntadeandalucia.es\/pre\/ceip\/?page_id=198"},"modified":"2024-04-26T23:15:08","modified_gmt":"2024-04-26T23:15:08","slug":"que-es-el-ampa","status":"publish","type":"page","link":"https:\/\/blogsaverroes.juntadeandalucia.es\/ceipjosefinaaldecoa\/que-es-el-ampa\/","title":{"rendered":"\u00bfQu\u00e9 es el AMPA?"},"content":{"rendered":"<p style=\"text-align: justify\"><a href=\"http:\/\/blogsaverroes.juntadeandalucia.es\/ceipjosefinaaldecoa\/files\/2015\/03\/familia.png\"><img loading=\"lazy\" decoding=\"async\" class=\"aligncenter wp-image-243 size-medium\" src=\"http:\/\/blogsaverroes.juntadeandalucia.es\/ceipjosefinaaldecoa\/files\/2015\/03\/familia-300x193.png\" alt=\"\" width=\"300\" height=\"193\" srcset=\"https:\/\/blogsaverroes.juntadeandalucia.es\/ceipjosefinaaldecoa\/files\/2015\/03\/familia-300x193.png 300w, https:\/\/blogsaverroes.juntadeandalucia.es\/ceipjosefinaaldecoa\/files\/2015\/03\/familia-1024x661.png 1024w, https:\/\/blogsaverroes.juntadeandalucia.es\/ceipjosefinaaldecoa\/files\/2015\/03\/familia.png 1280w\" sizes=\"(max-width: 300px) 100vw, 300px\" \/><\/a><span style=\"color: #000000;font-size: 14pt\">El <strong>AMPA <\/strong>es una asociaci\u00f3n sin \u00e1nimo de lucro que formada por los padres y madres de todo el alumnado del Colegio.<\/span><\/p>\n<p style=\"text-align: justify\"><span style=\"color: #000000;font-size: 14pt\">Es un punto de encuentro y de trabajo independiente, abierto y plural.<\/span><\/p>\n<p style=\"text-align: justify\"><span style=\"color: #000000;font-size: 14pt\">Desde el AMPA podemos contribuir a la mejora de la calidad de la educaci\u00f3n, la convivencia del centro y de las instalaciones.<\/span><\/p>\n<h3 style=\"text-align: justify\"><span style=\"color: #000000;font-size: 14pt\">\u00bfPor qu\u00e9 es importante vuestra participaci\u00f3n?<\/span><\/h3>\n<p style=\"text-align: justify\"><span style=\"color: #000000;font-size: 14pt\">En el colegio existen espacios de participaci\u00f3n, siendo el AMPA BENATORRE&nbsp;el \u00fanico espacio de participaci\u00f3n aut\u00f3nomo de padres y madres. El AMPA es importante porque:<\/span><\/p>\n<ul style=\"text-align: justify\">\n<li><span style=\"color: #000000;font-size: 14pt\">Somos corresponsables de la educaci\u00f3n que nuestros hijos\/as reciben en el colegio.<\/span><\/li>\n<li><span style=\"color: #000000;font-size: 14pt\">Es un espacio para aportar iniciativas y trabajar con la direcci\u00f3n del Centro, sin depender de esta.<\/span><\/li>\n<\/ul>\n<h3 style=\"text-align: justify\"><span style=\"color: #000000;font-size: 14pt\">\u00bfC\u00f3mo puedes participar?<\/span><\/h3>\n<p style=\"text-align: justify\"><span style=\"color: #000000;font-size: 14pt\">Participar en el<strong> AMPA BENATORRE<\/strong> es muy f\u00e1cil y cada uno decide el nivel de implicaci\u00f3n.<\/span><\/p>\n<ul style=\"text-align: justify\">\n<li><span style=\"color: #000000;font-size: 14pt\">Podemos asociarnos en cualquier momento, aunque se entrega a las familias una ficha de inscripci\u00f3n con la matr\u00edcula en la que se indica la cuota anual por cada familia (la cuota es por familia no por ni\u00f1o\/a)<\/span><\/li>\n<li><span style=\"color: #000000;font-size: 14pt\">Podemos tambi\u00e9n participar a trav\u00e9s de las asambleas, incorpor\u00e1ndote a las reuniones&nbsp;abiertas que se convoquen.<\/span><\/li>\n<li><span style=\"color: #000000;font-size: 14pt\">Podemos colaborar en los diferentes grupos de trabajo o&nbsp;en actividades puntuales que se organizan desde el AMPA a lo largo del curso.<\/span><\/li>\n<li><span style=\"color: #000000;font-size: 14pt\">Podemos proponer iniciativas, plantear temas de debate, organizar actividades, etc., &nbsp;dirigi\u00e9ndote a cualquier miembro de la junta directiva o a trav\u00e9s del blog.<\/span><\/li>\n<\/ul>\n<p style=\"text-align: justify\"><span style=\"color: #000000;font-size: 14pt\">Como ves, hay muchas formas de participar y es muy importante que m\u00e1s padres y madres pasemos a la participa-ACCI\u00d3N,&nbsp;&nbsp;de forma activa y colectiva.<\/span><\/p>\n<h3 style=\"text-align: justify\"><span style=\"color: #000000;font-size: 14pt\">\u00bfPara qu\u00e9 sirve?<\/span><\/h3>\n<ul style=\"text-align: justify\">\n<li><span style=\"color: #000000;font-size: 14pt\">Para defender y velar por el derecho a una educaci\u00f3n de calidad, democr\u00e1tica, atendiendo a las necesidades de todos los ni\u00f1os\/as &nbsp;y cr\u00edtica.<\/span><\/li>\n<li><span style=\"color: #000000;font-size: 14pt\">Para promover la participaci\u00f3n de padres y madres en la vida del centro, defendiendo los intereses del alumnado y de toda la comunidad educativa.<\/span><\/li>\n<li><span style=\"color: #000000;font-size: 14pt\">Para buscar soluciones de forma colectiva a temas relacionados con la ense\u00f1anza y educaci\u00f3n de nuestros hijos\/as.<\/span><\/li>\n<li><span style=\"color: #000000;font-size: 14pt\">Para crear espacios de encuentro y trabajo en el resto de la comunidad educativa y con el entorno.<\/span><\/li>\n<li><span style=\"color: #000000;font-size: 14pt\">Para crear espacios de reflexi\u00f3n y participaci\u00f3n compartida sobre la educaci\u00f3n de nuestros hijos\/as<\/span><br \/>\n<span style=\"color: #000000;font-size: 14pt\">Para participar en la gesti\u00f3n del colegio.<\/span><\/li>\n<\/ul>\n<h3 style=\"text-align: justify\"><span style=\"color: #000000;font-size: 14pt\">\u00bfC\u00f3mo se financia?<\/span><\/h3>\n<p style=\"text-align: justify\"><span style=\"color: #000000;font-size: 14pt\">El AMPA BENATORRE se financia a trav\u00e9s de las cuotas de socios\/as.<\/span><br \/>\n<span style=\"color: #000000;font-size: 14pt\">La cuota de socios\/as es el \u00fanico pago que realizan las familias y que gestiona el AMPA para el beneficio exclusivo de la comunidad educativa y en definitiva de la educaci\u00f3n que reciben nuestros hijos\/as en el centro.<\/span><\/p>\n<p style=\"text-align: justify\"><strong><span style=\"color: #000000;font-size: 14pt\">Por ello, os invitamos a haceros soci@s y os animamos a participar en el propio AMPA BENATORRE y de todas las acciones que se realizan desde \u00e9l, para que realmente se reflejen las inquietudes de todas las familias del centro.<\/span><\/strong><\/p>\n<p><span style=\"color: #000000;font-size: 14pt\">Nuestra oficina del centro permanece abierta los <strong>Jueves de 9 a 9:30 horas.<\/strong><\/span><\/p>\n<p><span style=\"font-size: 14pt\"><span style=\"text-decoration: underline\">Datos de Contacto<\/span>:<\/span><\/p>\n<p><span style=\"font-size: 14pt\"><strong>Email:<\/strong> <span style=\"color: #0000ff\">josefinaaldecoaampa@gmail.com<\/span><\/span><\/p>\n<p style=\"text-align: justify\"><strong><span style=\"color: #000000;font-size: 14pt\">Tel\u00e9fono del Ampa: 661632424, en horario de ma\u00f1ana de 9 a 14 horas. Tambi\u00e9n por whasap.<\/span><\/strong><\/p>\n<p style=\"text-align: center\"><strong><span style=\"color: #000000;font-size: 14pt\">WEB AMPA BENATORRE<\/span><\/strong><\/p>\n<p style=\"text-align: center\"><a href=\"https:\/\/ampabenatorre.org\/\" target=\"_blank\" rel=\"attachment noopener wp-att-17649\"><img loading=\"lazy\" decoding=\"async\" class=\"aligncenter wp-image-17649\" src=\"https:\/\/blogsaverroes.juntadeandalucia.es\/ceipjosefinaaldecoa\/files\/2024\/04\/WEB-AMPA.jpg\" alt=\"\" width=\"798\" height=\"585\" srcset=\"https:\/\/blogsaverroes.juntadeandalucia.es\/ceipjosefinaaldecoa\/files\/2024\/04\/WEB-AMPA.jpg 1277w, https:\/\/blogsaverroes.juntadeandalucia.es\/ceipjosefinaaldecoa\/files\/2024\/04\/WEB-AMPA-300x220.jpg 300w, https:\/\/blogsaverroes.juntadeandalucia.es\/ceipjosefinaaldecoa\/files\/2024\/04\/WEB-AMPA-1024x751.jpg 1024w, https:\/\/blogsaverroes.juntadeandalucia.es\/ceipjosefinaaldecoa\/files\/2024\/04\/WEB-AMPA-768x564.jpg 768w\" sizes=\"(max-width: 798px) 100vw, 798px\" \/><\/a><\/p>\n<p>&nbsp;<\/p>\n<p>&nbsp;<\/p>\n<p style=\"text-align: center\"><span style=\"color: #000000\"><strong>PERFIL FACEBOOK AMPA BENATORRE<\/strong><\/span><\/p>\n<p style=\"text-align: center\"><a href=\"https:\/\/www.facebook.com\/ampa.benatorre\" target=\"_blank\" rel=\"noopener noreferrer\"><img loading=\"lazy\" decoding=\"async\" class=\"aligncenter wp-image-13849\" src=\"https:\/\/blogsaverroes.juntadeandalucia.es\/ceipjosefinaaldecoa\/files\/2020\/05\/Actualidad_288735933_130132455_1024x576.jpg\" alt=\"\" width=\"282\" height=\"159\" srcset=\"https:\/\/blogsaverroes.juntadeandalucia.es\/ceipjosefinaaldecoa\/files\/2020\/05\/Actualidad_288735933_130132455_1024x576.jpg 1024w, https:\/\/blogsaverroes.juntadeandalucia.es\/ceipjosefinaaldecoa\/files\/2020\/05\/Actualidad_288735933_130132455_1024x576-300x169.jpg 300w, https:\/\/blogsaverroes.juntadeandalucia.es\/ceipjosefinaaldecoa\/files\/2020\/05\/Actualidad_288735933_130132455_1024x576-768x432.jpg 768w, https:\/\/blogsaverroes.juntadeandalucia.es\/ceipjosefinaaldecoa\/files\/2020\/05\/Actualidad_288735933_130132455_1024x576-24x14.jpg 24w, https:\/\/blogsaverroes.juntadeandalucia.es\/ceipjosefinaaldecoa\/files\/2020\/05\/Actualidad_288735933_130132455_1024x576-36x20.jpg 36w, https:\/\/blogsaverroes.juntadeandalucia.es\/ceipjosefinaaldecoa\/files\/2020\/05\/Actualidad_288735933_130132455_1024x576-48x27.jpg 48w\" sizes=\"(max-width: 282px) 100vw, 282px\" \/><\/a><\/p>\n<p style=\"text-align: center\"><img loading=\"lazy\" decoding=\"async\" class=\"aligncenter size-full wp-image-14481\" src=\"https:\/\/blogsaverroes.juntadeandalucia.es\/ceipjosefinaaldecoa\/files\/2021\/05\/AMPA-BENATORRE.png\" alt=\"\" width=\"673\" height=\"950\" srcset=\"https:\/\/blogsaverroes.juntadeandalucia.es\/ceipjosefinaaldecoa\/files\/2021\/05\/AMPA-BENATORRE.png 673w, https:\/\/blogsaverroes.juntadeandalucia.es\/ceipjosefinaaldecoa\/files\/2021\/05\/AMPA-BENATORRE-213x300.png 213w\" sizes=\"(max-width: 673px) 100vw, 673px\" \/><\/p>\n<p><a href=\"https:\/\/blogsaverroes.juntadeandalucia.es\/ceipjosefinaaldecoa\/files\/2021\/05\/AMPABENATORRE_02.pdf\" target=\"_blank\" rel=\"noopener noreferrer\">FLYER AMPA BENATORRE<\/a> (PDF)<\/p>\n","protected":false},"excerpt":{"rendered":"<p>El AMPA es una asociaci\u00f3n sin \u00e1nimo de lucro que formada por los padres y madres de todo el alumnado del Colegio. Es un punto de encuentro y de trabajo independiente, abierto y plural. Desde el AMPA podemos contribuir a la mejora&#46;&#46;&#46;<\/p>\n","protected":false},"author":1,"featured_media":0,"parent":0,"menu_order":0,"comment_status":"open","ping_status":"open","template":"page-templates\/child-menu.php","meta":{"ngg_post_thumbnail":0,"footnotes":"","_mc_calendar":[]},"aioseo_notices":[],"_links":{"self":[{"href":"https:\/\/blogsaverroes.juntadeandalucia.es\/ceipjosefinaaldecoa\/wp-json\/wp\/v2\/pages\/198"}],"collection":[{"href":"https:\/\/blogsaverroes.juntadeandalucia.es\/ceipjosefinaaldecoa\/wp-json\/wp\/v2\/pages"}],"about":[{"href":"https:\/\/blogsaverroes.juntadeandalucia.es\/ceipjosefinaaldecoa\/wp-json\/wp\/v2\/types\/page"}],"author":[{"embeddable":true,"href":"https:\/\/blogsaverroes.juntadeandalucia.es\/ceipjosefinaaldecoa\/wp-json\/wp\/v2\/users\/1"}],"replies":[{"embeddable":true,"href":"https:\/\/blogsaverroes.juntadeandalucia.es\/ceipjosefinaaldecoa\/wp-json\/wp\/v2\/comments?post=198"}],"version-history":[{"count":7,"href":"https:\/\/blogsaverroes.juntadeandalucia.es\/ceipjosefinaaldecoa\/wp-json\/wp\/v2\/pages\/198\/revisions"}],"predecessor-version":[{"id":17650,"href":"https:\/\/blogsaverroes.juntadeandalucia.es\/ceipjosefinaaldecoa\/wp-json\/wp\/v2\/pages\/198\/revisions\/17650"}],"wp:attachment":[{"href":"https:\/\/blogsaverroes.juntadeandalucia.es\/ceipjosefinaaldecoa\/wp-json\/wp\/v2\/media?parent=198"}],"curies":[{"name":"wp","href":"https:\/\/api.w.org\/{rel}","templated":true}]}}