{"id":200,"date":"2015-03-17T10:04:24","date_gmt":"2015-03-17T10:04:24","guid":{"rendered":"http:\/\/blogsaverroes.juntadeandalucia.es\/pre\/ceip\/?page_id=200"},"modified":"2025-10-30T03:01:12","modified_gmt":"2025-10-30T03:01:12","slug":"ampa-benatorre","status":"publish","type":"page","link":"https:\/\/blogsaverroes.juntadeandalucia.es\/ceipjosefinaaldecoa\/ampa-benatorre\/","title":{"rendered":"AMPA BENATORRE"},"content":{"rendered":"<p style=\"text-align: center\"><span style=\"color: #000000\"><strong><span style=\"font-size: 24pt\">AMPA BENATORRE<\/span><\/strong><\/span><\/p>\n<p style=\"text-align: center\"><span style=\"font-size: 18pt;color: #000000\"><strong>Asociaci\u00f3n de madres y padres del CEIP Josefina Aldecoa<\/strong>&nbsp;<\/span><\/p>\n<p style=\"text-align: center\"><a href=\"https:\/\/ampabenatorre.org\/\" target=\"_blank\" rel=\"attachment noopener wp-att-18564\"><img loading=\"lazy\" decoding=\"async\" class=\"aligncenter wp-image-18564 size-full\" src=\"https:\/\/blogsaverroes.juntadeandalucia.es\/ceipjosefinaaldecoa\/files\/2025\/03\/flyer-cuadrado.jpeg\" alt=\"\" width=\"512\" height=\"512\" srcset=\"https:\/\/blogsaverroes.juntadeandalucia.es\/ceipjosefinaaldecoa\/files\/2025\/03\/flyer-cuadrado.jpeg 512w, https:\/\/blogsaverroes.juntadeandalucia.es\/ceipjosefinaaldecoa\/files\/2025\/03\/flyer-cuadrado-300x300.jpeg 300w, https:\/\/blogsaverroes.juntadeandalucia.es\/ceipjosefinaaldecoa\/files\/2025\/03\/flyer-cuadrado-150x150.jpeg 150w, https:\/\/blogsaverroes.juntadeandalucia.es\/ceipjosefinaaldecoa\/files\/2025\/03\/flyer-cuadrado-80x80.jpeg 80w, https:\/\/blogsaverroes.juntadeandalucia.es\/ceipjosefinaaldecoa\/files\/2025\/03\/flyer-cuadrado-320x320.jpeg 320w\" sizes=\"(max-width: 512px) 100vw, 512px\" \/><\/a><\/p>\n<p style=\"text-align: center\"><span style=\"color: #000000;font-size: 12pt\"><strong>WEB AMPA BENATORRE: <a href=\"https:\/\/ampabenatorre.org\/\" target=\"_blank\" rel=\"noopener\">https:\/\/ampabenatorre.org\/<\/a><\/strong><\/span><\/p>\n<p style=\"text-align: justify\"><span style=\"font-size: 14pt;color: #000000\">EL AMPA BENATORRE est\u00e1 formada por familias del alumnado de nuestro colegio.&nbsp;<\/span><\/p>\n<p style=\"text-align: justify\"><span style=\"font-size: 14pt;color: #000000\">Los que formamos parte del AMPA, pensamos que tenemos la suerte de vivir en un pa\u00eds que tiene un sistema educativo que da un lugar a las familias en la toma decisiones que tienen que ver con la gesti\u00f3n de los centros donde nuestro hij@s se forman.<\/span><\/p>\n<p style=\"text-align: justify\"><span style=\"font-size: 14pt;color: #000000\">Por ello, os invitamos a haceros soci@s para este curso y os animamos a participar en el propio AMPA y de todas las acciones que se realizan desde \u00e9l, para que realmente se reflejen las inquietudes de todas las familias del centro.<\/span><\/p>\n<p style=\"text-align: justify\"><span style=\"font-size: 14pt;color: #000000\">Os resumimos brevemente algunas de las actividades que hemos realizado los pasados cursos, para que teng\u00e1is una idea de la utilidad de nuestro AMPA:<\/span><\/p>\n<p style=\"text-align: justify\"><span style=\"font-size: 14pt;color: #000000\">1. Venimos representando a los padres y madres en el Consejo Escolar y con el Equipo Directivo, as\u00ed como en otros estamentos de la comunidad educativa (comit\u00e9 de ecoescuela, el ayuntamiento, delegaci\u00f3n de educaci\u00f3n, plataforma de AMPAs del municipio, etc.).<\/span><\/p>\n<p style=\"text-align: justify\"><span style=\"font-size: 14pt;color: #000000\">2. Colaboramos en distintas actividades que el centro organiza y en las que el AMPA coordina y dinamiza la participaci\u00f3n de las familias, como degustaciones y concurso gastron\u00f3micos, la preparaci\u00f3n del \u201cDesayuno Andaluz\u201d con motivo del d\u00eda de Andaluc\u00eda, la colaboraci\u00f3n en la Semana Cultural del CEIP Josefina Aldecoa, el arreglo de jardines, la decoraci\u00f3n de los patios, la participaci\u00f3n en las Olimpiadas Playeras, la decoraci\u00f3n y actividades navide\u00f1as as\u00ed como el recibimiento a sus majestades los reyes magos que nos visitan cada a\u00f1o, etc.<\/span><\/p>\n<p style=\"text-align: justify\"><span style=\"font-size: 14pt;color: #000000\">3. Hemos realizado en el centro INVERSIONES que son necesarias y que no se puede ejecutar por falta de presupuesto asignado para ello, como el acondicionamiento del pasillo en el m\u00f3dulo de educaci\u00f3n infantil, para evitar que entrara el agua y el fr\u00edo, la instalaci\u00f3n de TOLDOS en la entrada del colegio de Calle Calima, la compra del escenario para las actuaciones que se realizan en distintos momentos en el cole, y el cambio de suelos en los ba\u00f1os de infantil y del comedor, puesta en marcha de la radio del cole y montaje del laboratorio.<\/span><\/p>\n<p style=\"text-align: justify\"><span style=\"font-size: 14pt;color: #000000\">4. Pusimos en marcha una recogida de firmas para demandar de delegaci\u00f3n que en nuestro colegio se instale un comedor donde se cocine diariamente, pues el de l\u00ednea fr\u00eda que existe en la actualidad pensamos que no es la mejor opci\u00f3n para nuestros hijos e hijas. Actualmente contamos con un equipo que sigue trabajando para conseguir mejorar la alimentaci\u00f3n de nuestr@s hij@s.<\/span><\/p>\n<p style=\"text-align: justify\"><span style=\"font-size: 14pt;color: #000000\">5. Cada a\u00f1o, organizamos, nuestra ya famosa Fiesta Fin de Curso, que adem\u00e1s de permitirnos pasar un buen rato de convivencia, nos permite recaudar fondos para estas inversiones.<\/span><\/p>\n<p style=\"text-align: justify\"><span style=\"font-size: 14pt;color: #000000\">6. Puesta en marcha del aula de mediod\u00eda.<\/span><\/p>\n<p style=\"text-align: justify\"><span style=\"font-size: 14pt;color: #000000\">7. Decoraci\u00f3n de las escaleras de cole con vinilos, compra de bancos y mesas para los patios y las zonas abiertas.<\/span><\/p>\n<p style=\"text-align: justify\"><span style=\"font-size: 14pt;color: #000000\">8. Puesta en marcha de encuentros con las familias, organizando jornadas de convivencia en el centro, en el que un viernes al mes compartimos una tarde divertida en familia.<\/span><\/p>\n<p style=\"text-align: justify\"><span style=\"font-size: 14pt;color: #000000\">9. Iniciativas de recogida de basura en las playas, conocimiento de nuestro ecosistema, visitas al entorno y concienciaci\u00f3n en una vida m\u00e1s sostenible y respetuosa con el Medio Ambiente.<\/span><\/p>\n<p style=\"text-align: justify\"><span style=\"font-size: 14pt;color: #000000\">Este a\u00f1o queremos que muchos y muchas de vosotras os anim\u00e9is a participar, pues cuantos m\u00e1s seamos m\u00e1s proyectos podremos llevar a cabo.<\/span><\/p>\n<p style=\"text-align: justify\"><span style=\"font-size: 14pt;color: #000000\">Pero para todo ello <strong>se necesitan manos y mentes pensantes, adem\u00e1s de recursos econ\u00f3micos<\/strong>. Nuestra cuota anual es de s\u00f3lo<strong> 26 euros por familia<\/strong>, independientemente del n\u00famero de hij@s que teng\u00e1is en el centro. <\/span><\/p>\n<p style=\"text-align: justify\"><span style=\"font-size: 14pt;color: #000000\">Pod\u00e9is asociaros comunic\u00e1ndolo y pagando la cuota en nuestra oficina ubicada en el centro junto al comedor y tambi\u00e9n mediante transferencia bancaria, a nuestra cuenta en Unicaja: <\/span><\/p>\n<p style=\"text-align: justify\"><span style=\"font-size: 14pt;color: #000000\"><strong>N\u00ba de cuenta<\/strong> AMPA BENATORRE: &nbsp;<strong>ES98 0049 1426 9924 1011 4249<\/strong><\/span><\/p>\n<p style=\"text-align: justify\"><span style=\"font-size: 14pt;color: #000000\">Si hac\u00e9is una transferencia, deb\u00e9is mandar un email a: josefinaaldecoaampa@gmail.com indicando el nombre y apellidos de vuestros hij@s y el curso en el que est\u00e1n para poderos a\u00f1adir a nuestra base de datos. <\/span><\/p>\n<p style=\"text-align: justify\"><span style=\"font-size: 14pt;color: #000000\">Para cualquier duda os atenderemos en el <strong>n\u00famero de tel\u00e9fono<\/strong> del AMPA: <strong>661632424<\/strong>, en horario de ma\u00f1ana de 9 a 14 horas. <strong>Tambi\u00e9n por whatsapp<\/strong>.<\/span><\/p>\n<p style=\"text-align: justify\"><span style=\"font-size: 14pt;color: #000000\">Si lo prefer\u00eds, pod\u00e9is dejarnos vuestros datos bancarios y os pasaremos un recibo con la cuota:<\/span><br \/>\n<span style=\"color: #000000\"><em><span style=\"font-size: 14pt\">Nombre titular de la cuenta:<\/span><\/em><\/span><br \/>\n<span style=\"color: #000000\"><em><span style=\"font-size: 14pt\">IBAN de la cuenta:<\/span><\/em><\/span><br \/>\n<span style=\"color: #000000\"><em><span style=\"font-size: 14pt\">Nombre y curso del ni\u00f1@\/s:<\/span><\/em><\/span><br \/>\n<span style=\"color: #000000\"><em><span style=\"font-size: 14pt\">Tel\u00e9fono de contacto:<\/span><\/em><\/span><br \/>\n<span style=\"color: #000000\"><em><span style=\"font-size: 14pt\">Firma:<\/span><\/em><\/span><\/p>\n<p style=\"text-align: center\"><span style=\"color: #000000\"><strong><span style=\"font-size: 20pt\">NECESITAMOS MUCHAS MANOS, MUCHAS IDEAS Y MUCHAS GANAS DE<\/span><\/strong><\/span><br \/>\n<span style=\"color: #000000\"><strong><span style=\"font-size: 20pt\">TRABAJAR PARA MEJORAR LA EDUCACI\u00d3N DE NUESTROS HIJ@S.<\/span><\/strong><\/span><br \/>\n<span style=\"color: #000000\"><strong><span style=\"font-size: 20pt\">\u00a1\u00a1\u00a1 OS ESPERAMOS !!!<\/span><\/strong><\/span><\/p>\n<p style=\"text-align: center\"><span style=\"color: #000000;font-size: 20pt\"><strong>WEB AMPA BENATORRE: <a href=\"https:\/\/ampabenatorre.org\/\" target=\"_blank\" rel=\"noopener\">https:\/\/ampabenatorre.org\/<\/a><\/strong><\/span><\/p>\n<p style=\"text-align: center\"><a href=\"https:\/\/ampabenatorre.org\/\" target=\"_blank\" rel=\"attachment noopener wp-att-17649\"><img loading=\"lazy\" decoding=\"async\" class=\"aligncenter wp-image-17649\" src=\"https:\/\/blogsaverroes.juntadeandalucia.es\/ceipjosefinaaldecoa\/files\/2024\/04\/WEB-AMPA.jpg\" alt=\"\" width=\"798\" height=\"585\" srcset=\"https:\/\/blogsaverroes.juntadeandalucia.es\/ceipjosefinaaldecoa\/files\/2024\/04\/WEB-AMPA.jpg 1277w, https:\/\/blogsaverroes.juntadeandalucia.es\/ceipjosefinaaldecoa\/files\/2024\/04\/WEB-AMPA-300x220.jpg 300w, https:\/\/blogsaverroes.juntadeandalucia.es\/ceipjosefinaaldecoa\/files\/2024\/04\/WEB-AMPA-1024x751.jpg 1024w, https:\/\/blogsaverroes.juntadeandalucia.es\/ceipjosefinaaldecoa\/files\/2024\/04\/WEB-AMPA-768x564.jpg 768w\" sizes=\"(max-width: 798px) 100vw, 798px\" \/><\/a><\/p>\n<p>&nbsp;<br \/>\n&nbsp;<\/p>\n<p style=\"text-align: center\"><strong>PERFIL FACEBOOK AMPA BENATORRE<\/strong><a href=\"https:\/\/www.facebook.com\/ampa.benatorre\" target=\"_blank\" rel=\"noopener noreferrer\"><img loading=\"lazy\" decoding=\"async\" class=\"aligncenter wp-image-13849\" src=\"https:\/\/blogsaverroes.juntadeandalucia.es\/ceipjosefinaaldecoa\/files\/2020\/05\/Actualidad_288735933_130132455_1024x576.jpg\" alt=\"\" width=\"307\" height=\"173\" srcset=\"https:\/\/blogsaverroes.juntadeandalucia.es\/ceipjosefinaaldecoa\/files\/2020\/05\/Actualidad_288735933_130132455_1024x576.jpg 1024w, https:\/\/blogsaverroes.juntadeandalucia.es\/ceipjosefinaaldecoa\/files\/2020\/05\/Actualidad_288735933_130132455_1024x576-300x169.jpg 300w, https:\/\/blogsaverroes.juntadeandalucia.es\/ceipjosefinaaldecoa\/files\/2020\/05\/Actualidad_288735933_130132455_1024x576-768x432.jpg 768w, https:\/\/blogsaverroes.juntadeandalucia.es\/ceipjosefinaaldecoa\/files\/2020\/05\/Actualidad_288735933_130132455_1024x576-24x14.jpg 24w, https:\/\/blogsaverroes.juntadeandalucia.es\/ceipjosefinaaldecoa\/files\/2020\/05\/Actualidad_288735933_130132455_1024x576-36x20.jpg 36w, https:\/\/blogsaverroes.juntadeandalucia.es\/ceipjosefinaaldecoa\/files\/2020\/05\/Actualidad_288735933_130132455_1024x576-48x27.jpg 48w\" sizes=\"(max-width: 307px) 100vw, 307px\" \/><\/a><\/p>\n<p style=\"text-align: center\">&nbsp;<\/p>\n<p style=\"text-align: center\"><a href=\"https:\/\/blogsaverroes.juntadeandalucia.es\/ceipjosefinaaldecoa\/ampa-benatorre\/flyer-cuadrado\/\" rel=\"attachment wp-att-18564\"><img loading=\"lazy\" decoding=\"async\" class=\"aligncenter wp-image-18564\" src=\"https:\/\/blogsaverroes.juntadeandalucia.es\/ceipjosefinaaldecoa\/files\/2025\/03\/flyer-cuadrado.jpeg\" alt=\"\" width=\"610\" height=\"610\" srcset=\"https:\/\/blogsaverroes.juntadeandalucia.es\/ceipjosefinaaldecoa\/files\/2025\/03\/flyer-cuadrado.jpeg 512w, https:\/\/blogsaverroes.juntadeandalucia.es\/ceipjosefinaaldecoa\/files\/2025\/03\/flyer-cuadrado-300x300.jpeg 300w, https:\/\/blogsaverroes.juntadeandalucia.es\/ceipjosefinaaldecoa\/files\/2025\/03\/flyer-cuadrado-150x150.jpeg 150w, https:\/\/blogsaverroes.juntadeandalucia.es\/ceipjosefinaaldecoa\/files\/2025\/03\/flyer-cuadrado-80x80.jpeg 80w, https:\/\/blogsaverroes.juntadeandalucia.es\/ceipjosefinaaldecoa\/files\/2025\/03\/flyer-cuadrado-320x320.jpeg 320w\" sizes=\"(max-width: 610px) 100vw, 610px\" \/><\/a><\/p>\n","protected":false},"excerpt":{"rendered":"<p>AMPA BENATORRE Asociaci\u00f3n de madres y padres del CEIP Josefina Aldecoa&nbsp; WEB AMPA BENATORRE: https:\/\/ampabenatorre.org\/ EL AMPA BENATORRE est\u00e1 formada por familias del alumnado de nuestro colegio.&nbsp; Los que formamos parte del AMPA, pensamos que tenemos la suerte de vivir en un&#46;&#46;&#46;<\/p>\n","protected":false},"author":1,"featured_media":0,"parent":0,"menu_order":0,"comment_status":"open","ping_status":"open","template":"page-templates\/child-menu.php","meta":{"ngg_post_thumbnail":0,"footnotes":"","_mc_calendar":[]},"aioseo_notices":[],"_links":{"self":[{"href":"https:\/\/blogsaverroes.juntadeandalucia.es\/ceipjosefinaaldecoa\/wp-json\/wp\/v2\/pages\/200"}],"collection":[{"href":"https:\/\/blogsaverroes.juntadeandalucia.es\/ceipjosefinaaldecoa\/wp-json\/wp\/v2\/pages"}],"about":[{"href":"https:\/\/blogsaverroes.juntadeandalucia.es\/ceipjosefinaaldecoa\/wp-json\/wp\/v2\/types\/page"}],"author":[{"embeddable":true,"href":"https:\/\/blogsaverroes.juntadeandalucia.es\/ceipjosefinaaldecoa\/wp-json\/wp\/v2\/users\/1"}],"replies":[{"embeddable":true,"href":"https:\/\/blogsaverroes.juntadeandalucia.es\/ceipjosefinaaldecoa\/wp-json\/wp\/v2\/comments?post=200"}],"version-history":[{"count":16,"href":"https:\/\/blogsaverroes.juntadeandalucia.es\/ceipjosefinaaldecoa\/wp-json\/wp\/v2\/pages\/200\/revisions"}],"predecessor-version":[{"id":18895,"href":"https:\/\/blogsaverroes.juntadeandalucia.es\/ceipjosefinaaldecoa\/wp-json\/wp\/v2\/pages\/200\/revisions\/18895"}],"wp:attachment":[{"href":"https:\/\/blogsaverroes.juntadeandalucia.es\/ceipjosefinaaldecoa\/wp-json\/wp\/v2\/media?parent=200"}],"curies":[{"name":"wp","href":"https:\/\/api.w.org\/{rel}","templated":true}]}}