{"id":436,"date":"2015-03-20T07:08:17","date_gmt":"2015-03-20T07:08:17","guid":{"rendered":"http:\/\/blogsaverroes.juntadeandalucia.es\/pre\/ceip\/?page_id=436"},"modified":"2020-03-19T03:26:04","modified_gmt":"2020-03-19T03:26:04","slug":"ed-primaria-3o-ciclo","status":"publish","type":"page","link":"https:\/\/blogsaverroes.juntadeandalucia.es\/ceipjosefinaaldecoa\/ed-primaria-3o-ciclo\/","title":{"rendered":"Ed. Primaria. 3\u00ba ciclo"},"content":{"rendered":"<div id=\"p_p_id_ABACO_WEB_WAR_abacoportlet_INSTANCE_1Q6EwL0wntKi_\" class=\"portlet-boundary portlet-boundary_ABACO_WEB_WAR_abacoportlet_ portlet-static portlet-static-end \">\n<section id=\"portlet_ABACO_WEB_WAR_abacoportlet_INSTANCE_1Q6EwL0wntKi\" class=\"portlet\">\n<div class=\"portlet-content\">\n<div class=\" portlet-content-container\">\n<div class=\"portlet-body\">\n<div class=\"contenido_portlet \">\n<div class=\"portlet_web\">\n<div class=\"detalle web\">\n<div class=\"contenido_detalle\">\n<section class=\"cuerpo detalle_html\">\n<div class=\"inner_cuerpo\">\n<p style=\"text-align: center\"><a href=\"https:\/\/blogsaverroes.juntadeandalucia.es\/ceipjosefinaaldecoa\/ed-primaria-3o-ciclo\/cache_2411432676\/\" rel=\"attachment wp-att-13431\"><img loading=\"lazy\" decoding=\"async\" class=\"aligncenter size-full wp-image-13431\" src=\"https:\/\/blogsaverroes.juntadeandalucia.es\/ceipjosefinaaldecoa\/files\/2020\/03\/cache_2411432676.jpg\" alt=\"\" width=\"700\" height=\"266\" srcset=\"https:\/\/blogsaverroes.juntadeandalucia.es\/ceipjosefinaaldecoa\/files\/2020\/03\/cache_2411432676.jpg 700w, https:\/\/blogsaverroes.juntadeandalucia.es\/ceipjosefinaaldecoa\/files\/2020\/03\/cache_2411432676-300x114.jpg 300w, https:\/\/blogsaverroes.juntadeandalucia.es\/ceipjosefinaaldecoa\/files\/2020\/03\/cache_2411432676-24x9.jpg 24w, https:\/\/blogsaverroes.juntadeandalucia.es\/ceipjosefinaaldecoa\/files\/2020\/03\/cache_2411432676-36x14.jpg 36w, https:\/\/blogsaverroes.juntadeandalucia.es\/ceipjosefinaaldecoa\/files\/2020\/03\/cache_2411432676-48x18.jpg 48w\" sizes=\"(max-width: 700px) 100vw, 700px\" \/><\/a><\/p>\n<p style=\"text-align: justify\"><span style=\"color: #000000\">La escolarizaci\u00f3n de los ni\u00f1os y las ni\u00f1as es obligatoria a partir de los 6 a\u00f1os, por lo que deben incorporarse a la escuela independientemente de que hayan cursado o no alguno de los cursos de Educaci\u00f3n Infantil. La educaci\u00f3n b\u00e1sica u obligatoria se extiende a nivel del Estado hasta los 16 a\u00f1os y est\u00e1 formada por dos etapas: Educaci\u00f3n Primaria y Educaci\u00f3n Secundaria Obligatoria.<\/span><\/p>\n<p style=\"text-align: justify\"><span style=\"color: #000000\">La Educaci\u00f3n Primaria es una etapa obligatoria y gratuita y comprende seis cursos acad\u00e9micos, desde los 6 hasta los 12 a\u00f1os. Su curr\u00edculo est\u00e1 organizado en tres ciclos de dos a\u00f1os cada uno:<\/span><\/p>\n<ul style=\"text-align: justify\">\n<li><span style=\"color: #000000\">Primer ciclo: de 6 a 8 a\u00f1os.<\/span><\/li>\n<li><span style=\"color: #000000\">Segundo ciclo: de 8 a 10 a\u00f1os.<\/span><\/li>\n<li><strong><span style=\"color: #000000\">Tercer ciclo: de 10 a 12 a\u00f1os.<\/span><\/strong><\/li>\n<\/ul>\n<p style=\"text-align: justify\"><span style=\"color: #000000\">La finalidad de la Educaci\u00f3n Primaria es proporcionar a todos los alumnos y alumnas una educaci\u00f3n que permita afianzar su bienestar y su desarrollo personal, adquirir la capacidad de ejercer el pensamiento cr\u00edtico, las nociones b\u00e1sicas de nuestra cultura y las habilidades relativas a la expresi\u00f3n y comprensi\u00f3n oral, la lectura, la escritura y el c\u00e1lculo, as\u00ed como desarrollar habilidades sociales y de convivencia, de igualdad de g\u00e9nero, h\u00e1bitos de trabajo y estudio, el sentido art\u00edstico, la creatividad y la afectividad, todo ello, con el fin de garantizar una formaci\u00f3n integral que contribuya al pleno desarrollo de la personalidad y a prepararlos para cursar con aprovechamiento la Educaci\u00f3n Secundaria Obligatoria.<\/span><\/p>\n<\/div>\n<\/section>\n<\/div>\n<\/div>\n<\/div>\n<\/div>\n<\/div>\n<\/div>\n<\/div>\n<\/section>\n<\/div>\n<div id=\"p_p_id_ABACO_DOCUMENTOS_WAR_abacoportlet_INSTANCE_AxPTyXJ3PSF2_\" class=\"portlet-boundary portlet-boundary_ABACO_DOCUMENTOS_WAR_abacoportlet_ portlet-static portlet-static-end portlet-borderless \">\n<div class=\"portlet-borderless-container\">\n<div class=\"portlet-body\">\n<div class=\"contenido_portlet \">\n<div class=\"portlet_documentos\">\n<div class=\"document-list\">\n<div class=\"documentos\"><a href=\"https:\/\/blogsaverroes.juntadeandalucia.es\/ceipjosefinaaldecoa\/files\/2020\/03\/textocompleto.pdf\" target=\"_blank\" rel=\"attachment noopener wp-att-13427 noreferrer\">Ense\u00f1anzas de Ed. Primaria en Andaluc\u00eda<\/a><\/div>\n<\/div>\n<\/div>\n<\/div>\n<\/div>\n<\/div>\n<\/div>\n<p><a title=\"Orden 17\/03\/2015\" href=\"http:\/\/www.adideandalucia.es\/normas\/ordenes\/Orden17marzo2015CurriculoPrimaria.pdf\" target=\"_blank\" rel=\"noopener noreferrer\">&nbsp;Orden de 17 de marzo de 2015<\/a>, por la que se desarrolla el curr\u00edculo correspondiente a la educaci\u00f3n Primaria en Andaluc\u00eda<\/p>\n","protected":false},"excerpt":{"rendered":"<p>La escolarizaci\u00f3n de los ni\u00f1os y las ni\u00f1as es obligatoria a partir de los 6 a\u00f1os, por lo que deben incorporarse a la escuela independientemente de que hayan cursado o no alguno de los cursos de Educaci\u00f3n Infantil. La educaci\u00f3n b\u00e1sica u&#46;&#46;&#46;<\/p>\n","protected":false},"author":1,"featured_media":0,"parent":0,"menu_order":0,"comment_status":"open","ping_status":"open","template":"page-templates\/child-menu.php","meta":{"ngg_post_thumbnail":0,"footnotes":"","_mc_calendar":[]},"aioseo_notices":[],"_links":{"self":[{"href":"https:\/\/blogsaverroes.juntadeandalucia.es\/ceipjosefinaaldecoa\/wp-json\/wp\/v2\/pages\/436"}],"collection":[{"href":"https:\/\/blogsaverroes.juntadeandalucia.es\/ceipjosefinaaldecoa\/wp-json\/wp\/v2\/pages"}],"about":[{"href":"https:\/\/blogsaverroes.juntadeandalucia.es\/ceipjosefinaaldecoa\/wp-json\/wp\/v2\/types\/page"}],"author":[{"embeddable":true,"href":"https:\/\/blogsaverroes.juntadeandalucia.es\/ceipjosefinaaldecoa\/wp-json\/wp\/v2\/users\/1"}],"replies":[{"embeddable":true,"href":"https:\/\/blogsaverroes.juntadeandalucia.es\/ceipjosefinaaldecoa\/wp-json\/wp\/v2\/comments?post=436"}],"version-history":[{"count":6,"href":"https:\/\/blogsaverroes.juntadeandalucia.es\/ceipjosefinaaldecoa\/wp-json\/wp\/v2\/pages\/436\/revisions"}],"predecessor-version":[{"id":13432,"href":"https:\/\/blogsaverroes.juntadeandalucia.es\/ceipjosefinaaldecoa\/wp-json\/wp\/v2\/pages\/436\/revisions\/13432"}],"wp:attachment":[{"href":"https:\/\/blogsaverroes.juntadeandalucia.es\/ceipjosefinaaldecoa\/wp-json\/wp\/v2\/media?parent=436"}],"curies":[{"name":"wp","href":"https:\/\/api.w.org\/{rel}","templated":true}]}}