{"id":44,"date":"2015-03-13T08:42:15","date_gmt":"2015-03-13T08:42:15","guid":{"rendered":"http:\/\/blogsaverroes.juntadeandalucia.es\/pre\/ceip\/?page_id=44"},"modified":"2020-03-05T18:59:37","modified_gmt":"2020-03-05T18:59:37","slug":"planes-y-proyectos","status":"publish","type":"page","link":"https:\/\/blogsaverroes.juntadeandalucia.es\/ceipjosefinaaldecoa\/planes-y-proyectos\/","title":{"rendered":"Planes y Programas"},"content":{"rendered":"<p><img loading=\"lazy\" decoding=\"async\" class=\"alignnone size-medium wp-image-1667\" src=\"http:\/\/blogsaverroes.juntadeandalucia.es\/ceipjosefinaaldecoa\/files\/2015\/03\/planes-300x150.png\" alt=\"planes\" width=\"300\" height=\"150\" srcset=\"https:\/\/blogsaverroes.juntadeandalucia.es\/ceipjosefinaaldecoa\/files\/2015\/03\/planes-300x150.png 300w, https:\/\/blogsaverroes.juntadeandalucia.es\/ceipjosefinaaldecoa\/files\/2015\/03\/planes.png 640w\" sizes=\"(max-width: 300px) 100vw, 300px\" \/><\/p>\n<p>Cada centro personaliza y adapta su Proyecto Educativo adhiri\u00e9ndose a diferentes <strong>Planes y Programas<\/strong> promovidos desde la Consejer\u00eda de Educaci\u00f3n, Cultura y Deporte. As\u00ed tambi\u00e9n contamos con proyectos propios del centro que contribuyen a la formaci\u00f3n integral del alumnado.<\/p>\n<p>Este apartado enlaza con cada uno de ellos, en donde se podr\u00e1 encontrar una informaci\u00f3n m\u00e1s amplia de la descripci\u00f3n, finalidades, actividades, coordinador\/a, etc. de estos Planes y Programas desarrollados por el centro. A continuaci\u00f3n se muestran algunos de ellos:<\/p>\n<ul>\n<li><a href=\"https:\/\/blogsaverroes.juntadeandalucia.es\/ceipjosefinaaldecoa\/programa-ecoescuela\/\" target=\"_blank\" rel=\"noopener noreferrer\">Programa Ecoescuela<\/a><\/li>\n<li><strong><a href=\"https:\/\/blogsaverroes.juntadeandalucia.es\/ceipjosefinaaldecoa\/planes-y-proyectos\/proyecto-bilingue\/\" target=\"_blank\" rel=\"noopener noreferrer\">Proyecto Biling\u00fce<\/a>.<\/strong><\/li>\n<li><a href=\"https:\/\/blogsaverroes.juntadeandalucia.es\/ceipjosefinaaldecoa\/prodig\/\" target=\"_blank\" rel=\"noopener noreferrer\">Programa PRODIG<\/a><\/li>\n<li><a href=\"https:\/\/blogsaverroes.juntadeandalucia.es\/ceipjosefinaaldecoa\/biblioteca-escolar\/\" target=\"_blank\" rel=\"noopener noreferrer\">Biblioteca escolar<\/a><\/li>\n<li><a href=\"https:\/\/blogsaverroes.juntadeandalucia.es\/ceipjosefinaaldecoa\/plan-de-igualdad-entre-hombres-y-mujeres\/\" target=\"_blank\" rel=\"noopener noreferrer\"><strong>Plan de igualdad.<\/strong><\/a><\/li>\n<li><a href=\"https:\/\/blogsaverroes.juntadeandalucia.es\/ceipjosefinaaldecoa\/planes-y-proyectos\/proyecto-flamenco-20162017\/\" target=\"_blank\" rel=\"noopener noreferrer\">Proyecto FLAMENCO-Patrimonio<\/a><\/li>\n<li><a href=\"https:\/\/blogsaverroes.juntadeandalucia.es\/ceipjosefinaaldecoa\/creciendo-en-salud\/\" target=\"_blank\" rel=\"noopener noreferrer\">Creciendo en salud<\/a><\/li>\n<li><a href=\"https:\/\/blogsaverroes.juntadeandalucia.es\/ceipjosefinaaldecoa\/camino-escolar\/\" target=\"_blank\" rel=\"noopener noreferrer\">Camino escolar<\/a><\/li>\n<li><a href=\"https:\/\/blogsaverroes.juntadeandalucia.es\/ceipjosefinaaldecoa\/proyecto-escuela-espacio-de-paz\/\" target=\"_blank\" rel=\"noopener noreferrer\"><strong>Escuela espacio de paz.<\/strong><\/a><\/li>\n<li><a href=\"https:\/\/blogsaverroes.juntadeandalucia.es\/ceipjosefinaaldecoa\/proyecto-leeduca\/\" target=\"_blank\" rel=\"noopener noreferrer\">Proyecto LEEDUCA<\/a><\/li>\n<\/ul>\n","protected":false},"excerpt":{"rendered":"<p>Cada centro personaliza y adapta su Proyecto Educativo adhiri\u00e9ndose a diferentes Planes y Programas promovidos desde la Consejer\u00eda de Educaci\u00f3n, Cultura y Deporte. As\u00ed tambi\u00e9n contamos con proyectos propios del centro que contribuyen a la formaci\u00f3n integral del alumnado. Este apartado enlaza&#46;&#46;&#46;<\/p>\n","protected":false},"author":1,"featured_media":0,"parent":0,"menu_order":0,"comment_status":"open","ping_status":"closed","template":"page-templates\/child-menu.php","meta":{"ngg_post_thumbnail":0,"footnotes":"","_mc_calendar":[]},"aioseo_notices":[],"_links":{"self":[{"href":"https:\/\/blogsaverroes.juntadeandalucia.es\/ceipjosefinaaldecoa\/wp-json\/wp\/v2\/pages\/44"}],"collection":[{"href":"https:\/\/blogsaverroes.juntadeandalucia.es\/ceipjosefinaaldecoa\/wp-json\/wp\/v2\/pages"}],"about":[{"href":"https:\/\/blogsaverroes.juntadeandalucia.es\/ceipjosefinaaldecoa\/wp-json\/wp\/v2\/types\/page"}],"author":[{"embeddable":true,"href":"https:\/\/blogsaverroes.juntadeandalucia.es\/ceipjosefinaaldecoa\/wp-json\/wp\/v2\/users\/1"}],"replies":[{"embeddable":true,"href":"https:\/\/blogsaverroes.juntadeandalucia.es\/ceipjosefinaaldecoa\/wp-json\/wp\/v2\/comments?post=44"}],"version-history":[{"count":8,"href":"https:\/\/blogsaverroes.juntadeandalucia.es\/ceipjosefinaaldecoa\/wp-json\/wp\/v2\/pages\/44\/revisions"}],"predecessor-version":[{"id":13323,"href":"https:\/\/blogsaverroes.juntadeandalucia.es\/ceipjosefinaaldecoa\/wp-json\/wp\/v2\/pages\/44\/revisions\/13323"}],"wp:attachment":[{"href":"https:\/\/blogsaverroes.juntadeandalucia.es\/ceipjosefinaaldecoa\/wp-json\/wp\/v2\/media?parent=44"}],"curies":[{"name":"wp","href":"https:\/\/api.w.org\/{rel}","templated":true}]}}