{"id":49,"date":"2016-02-13T08:47:05","date_gmt":"2016-02-13T08:47:05","guid":{"rendered":"http:\/\/blogsaverroes.juntadeandalucia.es\/pre\/ceip\/?page_id=49"},"modified":"2018-04-13T09:21:42","modified_gmt":"2018-04-13T09:21:42","slug":"plan-centro","status":"publish","type":"page","link":"https:\/\/blogsaverroes.juntadeandalucia.es\/ceipjosefinaaldecoa\/plan-centro\/","title":{"rendered":"Plan de Centro"},"content":{"rendered":"<p><img loading=\"lazy\" decoding=\"async\" class=\"alignnone wp-image-1662\" src=\"http:\/\/blogsaverroes.juntadeandalucia.es\/ceipjosefinaaldecoa\/files\/2015\/03\/proyecto-300x266.png\" alt=\"proyecto\" width=\"223\" height=\"198\" srcset=\"https:\/\/blogsaverroes.juntadeandalucia.es\/ceipjosefinaaldecoa\/files\/2015\/03\/proyecto-300x266.png 300w, https:\/\/blogsaverroes.juntadeandalucia.es\/ceipjosefinaaldecoa\/files\/2015\/03\/proyecto.png 640w\" sizes=\"(max-width: 223px) 100vw, 223px\" \/><\/p>\n<p style=\"text-align: justify\"><span style=\"color: #000000;font-size: 14pt\">Un centro se define en gran medida por su <strong>Plan de Centro<\/strong>. En \u00e9l se plasma el modelo educativo y la concreci\u00f3n de la normativa que un centro realiza respecto a las ense\u00f1anzas que imparte. Aspectos tales como las finales educativas, objetivos, atenci\u00f3n a la diversidad, etc.<\/span><\/p>\n<p style=\"text-align: justify\"><span style=\"color: #000000;font-size: 14pt\">Que la web de un centro informe de su Plan de Centro es una apuesta clara por la <strong>transparencia<\/strong>.<\/span><\/p>\n<ul>\n<li><span style=\"font-size: 18pt\"><a href=\"https:\/\/www.dropbox.com\/s\/1lr0hkkbeess1zs\/ROC%20JOSEFINA%20%20NUEVO.pdf?dl=0\" target=\"_blank\" rel=\"noopener\">Reglamento de Organizaci\u00f3n del Centro<\/a> <span style=\"font-size: 20pt\"><strong>R.O.C <\/strong><\/span>(Actualizado)<\/span><\/li>\n<li><span style=\"font-size: 18pt\"><a href=\"https:\/\/www.dropbox.com\/s\/qay5k7qlqurf5k4\/PLAN%20ATENCI%C3%93N%20A%20LA%20DIVERSIDAD%202017-18.pdf?dl=0\" target=\"_blank\" rel=\"noopener\">Plan a la diversidad<\/a>&nbsp;(Actualizado)<\/span><\/li>\n<li><span style=\"font-size: 18pt\"><a href=\"https:\/\/www.dropbox.com\/s\/z88dxncfydhaijd\/PROYECTO%20EDUCATIVO%20J%20A17-18%20sin%20MODIFICArdoc.pdf?dl=0\" target=\"_blank\" rel=\"noopener\">Proyecto Educativo<\/a> (En revisi\u00f3n)<\/span><\/li>\n<li><span style=\"font-size: 18pt\"><a href=\"https:\/\/www.dropbox.com\/s\/hosbt8er6258xdf\/Plan%20de%20Accion%20Tutoial%20Josefina%20Aldecoa.pdf?dl=0\" target=\"_blank\" rel=\"noopener\">Plan de Acci\u00f3n Tutorial <\/a>(En revisi\u00f3n)<\/span><\/li>\n<li><span style=\"font-size: 18pt\"><a href=\"https:\/\/www.dropbox.com\/s\/alpefi7n8eyhcug\/PROYECTO%20GESTION%20JOSEFINA%20ALDECOA%20sin%20modificar.pdf?dl=0\" target=\"_blank\" rel=\"noopener\">Gesti\u00f3n Econ\u00f3mica <\/a>( En revisi\u00f3n)<\/span><\/li>\n<\/ul>\n<p><img loading=\"lazy\" decoding=\"async\" class=\"irc_mi i_LEbB7rym88-pQOPx8XEepE aligncenter\" src=\"https:\/\/pbs.twimg.com\/profile_images\/1474124681\/actualizando.jpg\" alt=\"\" width=\"368\" height=\"355\"><\/p>\n<p style=\"text-align: justify\"><span style=\"font-size: 14pt;color: #ffffff\">En este espacio mostramos tanto los aspectos esenciales del Proyecto:<\/span><\/p>\n<p><span style=\"color: #ffffff\"><strong><span style=\"font-size: 16pt\">\u00cdNDICE<\/span><\/strong><\/span><\/p>\n<p><span style=\"color: #ffffff\"><strong><span style=\"font-size: 16pt\">Proyecto_Educativo_de_Centro<\/span><\/strong><\/span><\/p>\n<p><span style=\"color: #ffffff\"><strong><span style=\"font-size: 16pt\">Proyecto_Gestion_Econ\u00f3mica<\/span><\/strong><\/span><\/p>\n<p><span style=\"color: #ffffff\"><strong><span style=\"font-size: 16pt\">ROF_Josefina Aldecoa<\/span><\/strong><\/span><\/p>\n","protected":false},"excerpt":{"rendered":"<p>Un centro se define en gran medida por su Plan de Centro. En \u00e9l se plasma el modelo educativo y la concreci\u00f3n de la normativa que un centro realiza respecto a las ense\u00f1anzas que imparte. Aspectos tales como las finales educativas, objetivos,&#46;&#46;&#46;<\/p>\n","protected":false},"author":1,"featured_media":0,"parent":0,"menu_order":0,"comment_status":"open","ping_status":"open","template":"page-templates\/child-menu.php","meta":{"ngg_post_thumbnail":0,"footnotes":"","_mc_calendar":[]},"aioseo_notices":[],"_links":{"self":[{"href":"https:\/\/blogsaverroes.juntadeandalucia.es\/ceipjosefinaaldecoa\/wp-json\/wp\/v2\/pages\/49"}],"collection":[{"href":"https:\/\/blogsaverroes.juntadeandalucia.es\/ceipjosefinaaldecoa\/wp-json\/wp\/v2\/pages"}],"about":[{"href":"https:\/\/blogsaverroes.juntadeandalucia.es\/ceipjosefinaaldecoa\/wp-json\/wp\/v2\/types\/page"}],"author":[{"embeddable":true,"href":"https:\/\/blogsaverroes.juntadeandalucia.es\/ceipjosefinaaldecoa\/wp-json\/wp\/v2\/users\/1"}],"replies":[{"embeddable":true,"href":"https:\/\/blogsaverroes.juntadeandalucia.es\/ceipjosefinaaldecoa\/wp-json\/wp\/v2\/comments?post=49"}],"version-history":[{"count":17,"href":"https:\/\/blogsaverroes.juntadeandalucia.es\/ceipjosefinaaldecoa\/wp-json\/wp\/v2\/pages\/49\/revisions"}],"predecessor-version":[{"id":8910,"href":"https:\/\/blogsaverroes.juntadeandalucia.es\/ceipjosefinaaldecoa\/wp-json\/wp\/v2\/pages\/49\/revisions\/8910"}],"wp:attachment":[{"href":"https:\/\/blogsaverroes.juntadeandalucia.es\/ceipjosefinaaldecoa\/wp-json\/wp\/v2\/media?parent=49"}],"curies":[{"name":"wp","href":"https:\/\/api.w.org\/{rel}","templated":true}]}}