{"id":77,"date":"2016-01-01T06:54:56","date_gmt":"2016-01-01T06:54:56","guid":{"rendered":"http:\/\/blogsaverroes.juntadeandalucia.es\/pre\/ceip\/?page_id=77"},"modified":"2024-04-10T23:57:30","modified_gmt":"2024-04-10T23:57:30","slug":"secretaria","status":"publish","type":"page","link":"https:\/\/blogsaverroes.juntadeandalucia.es\/ceipjosefinaaldecoa\/secretaria\/","title":{"rendered":"Secretar\u00eda"},"content":{"rendered":"<p style=\"text-align: center\"><img loading=\"lazy\" decoding=\"async\" class=\"aligncenter wp-image-14718\" src=\"https:\/\/blogsaverroes.juntadeandalucia.es\/ceipjosefinaaldecoa\/files\/2021\/09\/secretaria-y-administracion-slider_1-1-1024x461.png\" alt=\"\" width=\"713\" height=\"321\" srcset=\"https:\/\/blogsaverroes.juntadeandalucia.es\/ceipjosefinaaldecoa\/files\/2021\/09\/secretaria-y-administracion-slider_1-1-1024x461.png 1024w, https:\/\/blogsaverroes.juntadeandalucia.es\/ceipjosefinaaldecoa\/files\/2021\/09\/secretaria-y-administracion-slider_1-1-300x135.png 300w, https:\/\/blogsaverroes.juntadeandalucia.es\/ceipjosefinaaldecoa\/files\/2021\/09\/secretaria-y-administracion-slider_1-1-768x346.png 768w, https:\/\/blogsaverroes.juntadeandalucia.es\/ceipjosefinaaldecoa\/files\/2021\/09\/secretaria-y-administracion-slider_1-1-1536x691.png 1536w, https:\/\/blogsaverroes.juntadeandalucia.es\/ceipjosefinaaldecoa\/files\/2021\/09\/secretaria-y-administracion-slider_1-1.png 1600w\" sizes=\"(max-width: 713px) 100vw, 713px\" \/><\/p>\n<p><span style=\"color: #000000;font-size: 18pt\">La secretar\u00eda del Centro permanecer\u00e1 abierta de <strong>Lunes a Viernes <span style=\"font-size: 12pt\">(NO en periodos vacacionales)<\/span><\/strong>:&nbsp;<\/span><\/p>\n<p><span style=\"color: #000000;font-size: 18pt\">Horario de <strong>9:15 a 10:30 h.<\/strong><\/span><\/p>\n<p><span style=\"color: #000000;font-size: 18pt\">Telf. Secretar\u00eda:<strong> 951 29 43 72<\/strong><\/span><\/p>\n<p><span style=\"color: #000000;font-size: 18pt\">Correo electr\u00f3nico de SECRETAR\u00cdA: <strong><span style=\"color: #000000\"><span style=\"color: #0000ff\">29009417.secretaria.edu@juntadeandalucia.es<\/span><\/span><\/strong><\/span><\/p>\n<h2><span style=\"font-size: 16pt\">Para tr\u00e1mites con fechas establecidas<\/span> <span style=\"font-size: 12pt\">(Admisi\u00f3n, Matriculaci\u00f3n, <strong>solicitudes de bonificaci\u00f3n<\/strong>&#8230;)<\/span> <span style=\"font-size: 16pt\">la gesti\u00f3n se realizar\u00e1 a trav\u00e9s de la <a href=\"https:\/\/www.juntadeandalucia.es\/educacion\/secretariavirtual\/\" target=\"_blank\" rel=\"noopener noreferrer\">Secretar\u00eda Virtual de los centros<\/a>:&nbsp;<\/span><\/h2>\n<p style=\"text-align: center\"><a href=\"https:\/\/www.juntadeandalucia.es\/educacion\/secretariavirtual\/\" target=\"_blank\" rel=\"noopener noreferrer\"><img loading=\"lazy\" decoding=\"async\" class=\"alignnone\" src=\"https:\/\/www.juntadeandalucia.es\/educacion\/secretariavirtual\/images\/logo_secretaria_virtual.svg\" alt=\"Secretar\u00eda Virtual\" width=\"833\" height=\"189\"><\/a><\/p>\n<h2>&nbsp;<\/h2>\n<h2><span style=\"color: #000000\">Documentos de inter\u00e9s para las familias ( imprimir y rellenar):<\/span><\/h2>\n<div id=\"remositorycontainer\">\n<h4><span style=\"text-decoration: underline\"><span style=\"color: #000000;font-size: 18pt;text-decoration: underline\">Justificaciones de asistencia, puntualidad y salida en horario escolar:<\/span><\/span><\/h4>\n<\/div>\n<div id=\"remositoryfilelisthead\">\n<p><span style=\"color: #000000\"><span style=\"text-decoration: underline\">Archivos<\/span>:<\/span><\/p>\n<\/div>\n<div class=\"remositoryfileblock\">\n<ul>\n<li><span style=\"font-size: 16pt\"><a href=\"https:\/\/www.dropbox.com\/s\/sjjc2kp7iuqporh\/Justificante%20de%20ausencias%5B1%5D.pdf?dl=0\" target=\"_blank\" rel=\"noopener noreferrer\">Justificaci\u00f3n ausencias del alumnado<\/a><\/span><\/li>\n<\/ul>\n<\/div>\n<ul>\n<li><span style=\"font-size: 16pt\"><a href=\"https:\/\/www.dropbox.com\/s\/pfrcfxlva6ovvr0\/Justificante%20puntualidad%5B1%5D.pdf?dl=0\" target=\"_blank\" rel=\"noopener noreferrer\">Justificaci\u00f3n Falta de Puntualidad<\/a><\/span><\/li>\n<li><span style=\"font-size: 16pt\"><a href=\"https:\/\/www.dropbox.com\/s\/yw0cgvjxk3zx270\/AUTORIZACI%C3%93N%20DE%20SALIDA%5B1%5D.pdf?dl=0\" target=\"_blank\" rel=\"noopener noreferrer\">Autorizaci\u00f3n Salida en horario lectivo<\/a><a href=\"http:\/\/www.juntadeandalucia.es\/averroes\/%7E29009417\/index.php?option=com_remository&amp;Itemid=106&amp;func=fileinfo&amp;id=1\"><br \/>\n<\/a><\/span><\/li>\n<\/ul>\n<p>&nbsp;<\/p>\n<p><span style=\"font-size: 20pt\"><span style=\"text-decoration: underline\"><strong>Impresos para Matriculaci\u00f3n<\/strong><\/span>:<\/span><\/p>\n<ul class=\"listado\">\n<li class=\"item\">\n<p class=\"title icopdf\"><span style=\"font-size: 14pt\"><a title=\"Pulse para visualizar el documento:&nbsp;ANEXO IV\" href=\"https:\/\/www.juntadeandalucia.es\/educacion\/portals\/delegate\/content\/d26442b2-4b4a-433a-9c1e-e1790a29f781\/ANEXO%20IV\" target=\"_blank\" rel=\"noopener noreferrer\">ANEXO IV:&nbsp;<\/a><a title=\"Pulse para visualizar el documento:&nbsp;ANEXO IV\" href=\"https:\/\/www.juntadeandalucia.es\/educacion\/portals\/delegate\/content\/d26442b2-4b4a-433a-9c1e-e1790a29f781\/ANEXO%20IV\" target=\"_blank\" rel=\"noopener noreferrer\">Matr\u00edcula en segundo ciclo de Educaci\u00f3n Infantil<\/a><\/span><\/p>\n<\/li>\n<li class=\"item\">\n<p class=\"title icopdf\"><span style=\"font-size: 14pt\"><a title=\"Pulse para visualizar el documento:&nbsp;ANEXO V\" href=\"https:\/\/www.juntadeandalucia.es\/educacion\/portals\/delegate\/content\/55fad88e-7bb3-40e3-bbe4-198107487345\/ANEXO%20V\" target=\"_blank\" rel=\"noopener noreferrer\">ANEXO V:&nbsp;<\/a><a title=\"Pulse para visualizar el documento:&nbsp;ANEXO V\" href=\"https:\/\/www.juntadeandalucia.es\/educacion\/portals\/delegate\/content\/55fad88e-7bb3-40e3-bbe4-198107487345\/ANEXO%20V\" target=\"_blank\" rel=\"noopener noreferrer\">Matr\u00edcula en Educaci\u00f3n Primaria<\/a><\/span><\/p>\n<\/li>\n<\/ul>\n<p><strong><span style=\"font-size: 18pt;color: #000000\"><span style=\"text-decoration: underline\"><span class=\"portlet-title-text\">Impresos para solicitar <\/span>Servicios Complementarios<\/span>:<\/span><\/strong><\/p>\n<div class=\"portlet-content\">\n<div class=\" portlet-content-container\">\n<div class=\"portlet-body\">\n<div class=\"contenido_portlet \">\n<div class=\"portlet_documentos\">\n<div class=\"document-list\">\n<div class=\"documentos\">\n<ul class=\"listado\">\n<li class=\"item\">\n<p class=\"title icopdf\"><span style=\"font-size: 14pt\"><a title=\"Pulse para visualizar el documento:&nbsp;Anexo II.- Servicio de Aula Matinal, Comedor Escolar y actividades Extraescolares\" href=\"https:\/\/www.juntadeandalucia.es\/educacion\/portals\/delegate\/content\/6c4342f7-1581-4c26-bc7e-2e49b4b64cee\/Anexo%20II.-%20Servicio%20de%20Aula%20Matinal,%20Comedor%20Escolar%20y%20actividades%20Extraescolares\" target=\"_blank\" rel=\"noopener noreferrer\">Anexo II.- Servicio de Aula Matinal, Comedor Escolar y actividades Extraescolares.<\/a><\/span><span style=\"font-size: 14pt\"> (En sobre de matr\u00edcula de junio y durante el curso)<\/span><\/p>\n<\/li>\n<li class=\"item\">\n<p class=\"title icopdf\"><span style=\"font-size: 14pt\"><a title=\"Pulse para visualizar el documento:&nbsp;Anexo V.- Gratuidad\/bonificaci\u00f3n del precio p\u00fablico por los servicios complementarios de Aula Matinal, Comedor Escolar y Actividades Extraescolares\" href=\"https:\/\/www.juntadeandalucia.es\/educacion\/portals\/delegate\/content\/fcc8b9c5-53ad-46ca-9098-80d7b3c81097\/Anexo%20V.-%20Gratuidad\/bonificaci%C3%B3n%20del%20precio%20p%C3%BAblico%20por%20los%20servicios%20complementarios%20de%20Aula%20Matinal,%20Comedor%20Escolar%20y%20Actividades%20Extraescolares\" target=\"_blank\" rel=\"noopener noreferrer\">Anexo V.- Gratuidad\/bonificaci\u00f3n del precio p\u00fablico por los servicios complementarios de Aula Matinal, Comedor Escolar y Actividades Extraescolares<\/a><\/span><span style=\"font-size: 14pt\">&nbsp;(Periodo solicitud&nbsp; del 1 al 7 de septiembre)<\/span><\/p>\n<\/li>\n<\/ul>\n<\/div>\n<\/div>\n<\/div>\n<\/div>\n<\/div>\n<\/div>\n<\/div>\n<ul>\n<li><a href=\"https:\/\/blogsaverroes.juntadeandalucia.es\/ceipjosefinaaldecoa\/files\/2021\/09\/solicitud_baja_paf.pdf\">SOLICITUD BAJA SERVICIOS COMPLEMENTARIOS<\/a><\/li>\n<\/ul>\n<p><span style=\"font-size: 18pt\"><strong><span style=\"color: #000000\"><span style=\"text-decoration: underline\">SERVICIO DE TRANSPORTE ESCOLAR<\/span>:<\/span><\/strong><\/span><\/p>\n<ul>\n<li><span style=\"font-size: 14pt\"><strong><a href=\"https:\/\/blogsaverroes.juntadeandalucia.es\/ceipjosefinaaldecoa\/files\/2021\/06\/Anexo-III-Solicitud-Transporte-Escolar.pdf\" target=\"_blank\" rel=\"noopener noreferrer\">Anexo-III-Solicitud-Transporte-Escolar<\/a><\/strong><\/span><\/li>\n<\/ul>\n<p><a href=\"https:\/\/blogsaverroes.juntadeandalucia.es\/ceipjosefinaaldecoa\/files\/2021\/05\/PARADASEMPRESADETRANSPORTEVALLENIZA1.pdf\" target=\"_blank\" rel=\"noopener noreferrer\">Paradas Autob\u00fas&nbsp;<\/a><\/p>\n<p>&nbsp;<\/p>\n","protected":false},"excerpt":{"rendered":"<p>La secretar\u00eda del Centro permanecer\u00e1 abierta de Lunes a Viernes (NO en periodos vacacionales):&nbsp; Horario de 9:15 a 10:30 h. Telf. Secretar\u00eda: 951 29 43 72 Correo electr\u00f3nico de SECRETAR\u00cdA: 29009417.secretaria.edu@juntadeandalucia.es Para tr\u00e1mites con fechas establecidas (Admisi\u00f3n, Matriculaci\u00f3n, solicitudes de bonificaci\u00f3n&#8230;) la&#46;&#46;&#46;<\/p>\n","protected":false},"author":1,"featured_media":0,"parent":0,"menu_order":0,"comment_status":"open","ping_status":"open","template":"page-templates\/child-menu.php","meta":{"ngg_post_thumbnail":0,"footnotes":"","_mc_calendar":[]},"aioseo_notices":[],"_links":{"self":[{"href":"https:\/\/blogsaverroes.juntadeandalucia.es\/ceipjosefinaaldecoa\/wp-json\/wp\/v2\/pages\/77"}],"collection":[{"href":"https:\/\/blogsaverroes.juntadeandalucia.es\/ceipjosefinaaldecoa\/wp-json\/wp\/v2\/pages"}],"about":[{"href":"https:\/\/blogsaverroes.juntadeandalucia.es\/ceipjosefinaaldecoa\/wp-json\/wp\/v2\/types\/page"}],"author":[{"embeddable":true,"href":"https:\/\/blogsaverroes.juntadeandalucia.es\/ceipjosefinaaldecoa\/wp-json\/wp\/v2\/users\/1"}],"replies":[{"embeddable":true,"href":"https:\/\/blogsaverroes.juntadeandalucia.es\/ceipjosefinaaldecoa\/wp-json\/wp\/v2\/comments?post=77"}],"version-history":[{"count":18,"href":"https:\/\/blogsaverroes.juntadeandalucia.es\/ceipjosefinaaldecoa\/wp-json\/wp\/v2\/pages\/77\/revisions"}],"predecessor-version":[{"id":17593,"href":"https:\/\/blogsaverroes.juntadeandalucia.es\/ceipjosefinaaldecoa\/wp-json\/wp\/v2\/pages\/77\/revisions\/17593"}],"wp:attachment":[{"href":"https:\/\/blogsaverroes.juntadeandalucia.es\/ceipjosefinaaldecoa\/wp-json\/wp\/v2\/media?parent=77"}],"curies":[{"name":"wp","href":"https:\/\/api.w.org\/{rel}","templated":true}]}}