{"id":80,"date":"2015-03-16T06:57:36","date_gmt":"2015-03-16T06:57:36","guid":{"rendered":"http:\/\/blogsaverroes.juntadeandalucia.es\/pre\/ceip\/?page_id=80"},"modified":"2024-05-30T08:58:12","modified_gmt":"2024-05-30T08:58:12","slug":"servicios-complementarios","status":"publish","type":"page","link":"https:\/\/blogsaverroes.juntadeandalucia.es\/ceipjosefinaaldecoa\/servicios-complementarios\/","title":{"rendered":"Servicios Complementarios"},"content":{"rendered":"<p style=\"text-align: justify\"><span style=\"color: #000000\">Los servicios conexos a la ense\u00f1anza son de gran relevancia para la conciliaci\u00f3n de la vida laboral y familiar, por tanto, los servicios complementarios de <strong>aula matinal, comedor escolar y actividades extraescolares<\/strong> se han ido manteniendo dentro del Sistema P\u00fablico Educativo Andaluz desde su implantaci\u00f3n.<\/span><br \/>\n<span style=\"color: #000000\">La Consejer\u00eda de Educaci\u00f3n persigue que los centros docentes, m\u00e1s all\u00e1 de la jornada lectiva tradicional, sean capaces de ofrecer al alumnado y sus familias una oferta de jornada escolar completa, de forma que encuentren en sus centros las actividades que necesitan para completar su formaci\u00f3n y para utilizar de una manera educativa su tiempo libre.<\/span><\/p>\n<p><span style=\"color: #000000\">Asimismo, con el fin de hacer efectivo el principio de igualdad en el ejercicio del derecho a la educaci\u00f3n, se facilita el desplazamiento del alumnado a los centros docentes con el servicio complementario de <strong>transporte escolar.<\/strong><\/span><\/p>\n<ul>\n<li class=\"fittexted_for_page_title\"><span style=\"font-size: 20pt\"><strong><a href=\"https:\/\/blogsaverroes.juntadeandalucia.es\/ceipjosefinaaldecoa\/aula-matinal\/\" target=\"_blank\" rel=\"noopener noreferrer\">AULA MATINAL<\/a><\/strong><\/span><\/li>\n<li>\n<h1 class=\"fittexted_for_page_title\"><a href=\"https:\/\/blogsaverroes.juntadeandalucia.es\/ceipjosefinaaldecoa\/comedor-escolar-2\/\" target=\"_blank\" rel=\"noopener noreferrer\">COMEDOR ESCOLAR<\/a><\/h1>\n<\/li>\n<li class=\"fittexted_for_page_title\"><span style=\"font-size: 22pt\"><strong><a href=\"https:\/\/blogsaverroes.juntadeandalucia.es\/ceipjosefinaaldecoa\/?attachment_id=17715\" target=\"_blank\" rel=\"noopener\">Actividades Extraescolares Curso 2024-25 (PDF)<\/a><\/strong><\/span><\/li>\n<li class=\"fittexted_for_page_title\"><span style=\"font-size: 20pt\">TRANSPORTE ESCOLAR<\/span><\/li>\n<\/ul>\n","protected":false},"excerpt":{"rendered":"<p>Los servicios conexos a la ense\u00f1anza son de gran relevancia para la conciliaci\u00f3n de la vida laboral y familiar, por tanto, los servicios complementarios de aula matinal, comedor escolar y actividades extraescolares se han ido manteniendo dentro del Sistema P\u00fablico Educativo Andaluz&#46;&#46;&#46;<\/p>\n","protected":false},"author":1,"featured_media":0,"parent":0,"menu_order":0,"comment_status":"open","ping_status":"open","template":"page-templates\/child-menu.php","meta":{"ngg_post_thumbnail":0,"footnotes":"","_mc_calendar":[]},"aioseo_notices":[],"_links":{"self":[{"href":"https:\/\/blogsaverroes.juntadeandalucia.es\/ceipjosefinaaldecoa\/wp-json\/wp\/v2\/pages\/80"}],"collection":[{"href":"https:\/\/blogsaverroes.juntadeandalucia.es\/ceipjosefinaaldecoa\/wp-json\/wp\/v2\/pages"}],"about":[{"href":"https:\/\/blogsaverroes.juntadeandalucia.es\/ceipjosefinaaldecoa\/wp-json\/wp\/v2\/types\/page"}],"author":[{"embeddable":true,"href":"https:\/\/blogsaverroes.juntadeandalucia.es\/ceipjosefinaaldecoa\/wp-json\/wp\/v2\/users\/1"}],"replies":[{"embeddable":true,"href":"https:\/\/blogsaverroes.juntadeandalucia.es\/ceipjosefinaaldecoa\/wp-json\/wp\/v2\/comments?post=80"}],"version-history":[{"count":6,"href":"https:\/\/blogsaverroes.juntadeandalucia.es\/ceipjosefinaaldecoa\/wp-json\/wp\/v2\/pages\/80\/revisions"}],"predecessor-version":[{"id":17722,"href":"https:\/\/blogsaverroes.juntadeandalucia.es\/ceipjosefinaaldecoa\/wp-json\/wp\/v2\/pages\/80\/revisions\/17722"}],"wp:attachment":[{"href":"https:\/\/blogsaverroes.juntadeandalucia.es\/ceipjosefinaaldecoa\/wp-json\/wp\/v2\/media?parent=80"}],"curies":[{"name":"wp","href":"https:\/\/api.w.org\/{rel}","templated":true}]}}