{"id":8124,"date":"2017-09-04T20:21:57","date_gmt":"2017-09-04T20:21:57","guid":{"rendered":"http:\/\/blogsaverroes.juntadeandalucia.es\/ceipjosefinaaldecoa\/?page_id=8124"},"modified":"2017-09-04T23:39:42","modified_gmt":"2017-09-04T23:39:42","slug":"actividades-extraescolares-curso-1718","status":"publish","type":"page","link":"https:\/\/blogsaverroes.juntadeandalucia.es\/ceipjosefinaaldecoa\/servicios-complementarios\/actividades-extraescolares-curso-1718\/","title":{"rendered":"ACTIVIDADES EXTRAESCOLARES &#8211; CURSO 17\/18"},"content":{"rendered":"<p style=\"text-align: center\"><span style=\"color: #000000\"><strong><span style=\"font-size: 18pt\">HORARIO DE ACTIVIDADES EXTRAESCOLARES<\/span><\/strong><\/span><\/p>\n<p style=\"text-align: center\"><span style=\"color: #000000\"><strong><span style=\"font-size: 18pt\">CURSO 2017 \u2013 2018<\/span><\/strong><\/span><\/p>\n<table class=\"aligncenter\" style=\"border: 5px solid #000000;width: 732px;height: 932px\" cellspacing=\"2\" cellpadding=\"2\" border=\"5\">\n<tbody>\n<tr style=\"border-color: #050000\">\n<td style=\"border-color: #050000;width: 712.333px\" colspan=\"3\" valign=\"top\"><span style=\"color: #000000\"><strong>&nbsp;<span style=\"font-size: 16pt\">&nbsp;&nbsp;&nbsp;&nbsp;&nbsp;&nbsp;&nbsp;&nbsp;&nbsp;&nbsp;&nbsp;&nbsp;&nbsp;&nbsp;&nbsp;&nbsp;&nbsp;&nbsp;&nbsp;&nbsp;&nbsp;&nbsp;&nbsp;&nbsp;&nbsp;&nbsp;&nbsp;&nbsp;&nbsp;&nbsp;&nbsp;&nbsp;&nbsp;&nbsp;&nbsp; Actividades Extraescolares<\/span><\/strong><span style=\"font-size: 16pt\"><strong>&nbsp;&nbsp; <\/strong><\/span><\/span><\/p>\n<p><span style=\"color: #000000\"><strong><span style=\"font-size: 16pt\">&nbsp;&nbsp;&nbsp;&nbsp;&nbsp;&nbsp;&nbsp;&nbsp;&nbsp;&nbsp;&nbsp;&nbsp;&nbsp;&nbsp;&nbsp;&nbsp;&nbsp;&nbsp;&nbsp;&nbsp;&nbsp;&nbsp;&nbsp;&nbsp;&nbsp;&nbsp;&nbsp;&nbsp;&nbsp;&nbsp;&nbsp;&nbsp;&nbsp;&nbsp;&nbsp;&nbsp;&nbsp;&nbsp;&nbsp;&nbsp;&nbsp;&nbsp;&nbsp;&nbsp;&nbsp;&nbsp;&nbsp;&nbsp;&nbsp;&nbsp;&nbsp;&nbsp;&nbsp;&nbsp; Curso 17\/18<\/span><br \/>\n<\/strong><\/span><\/td>\n<\/tr>\n<tr style=\"border-color: #050000\">\n<td style=\"border-color: #050000;width: 209.75px\" valign=\"top\">\n<p style=\"text-align: center\"><span style=\"color: #000000\"><strong>HORARIO<\/strong><\/span><\/p>\n<\/td>\n<td style=\"border-color: #050000;width: 245.983px\" valign=\"top\">\n<p style=\"text-align: center\"><span style=\"color: #000000\"><strong>LUNES y MI\u00c9RCOLES<\/strong><\/span><\/p>\n<\/td>\n<td style=\"border-color: #050000;width: 241.267px\">\n<p style=\"text-align: center\"><span style=\"color: #000000\"><strong>MARTES y JUEVES<\/strong><\/span><\/p>\n<\/td>\n<\/tr>\n<tr style=\"border-color: #050000\">\n<td style=\"border-color: #050000;width: 209.75px;text-align: center\" rowspan=\"5\">\n<p style=\"text-align: center\"><span style=\"color: #000000\"><strong>16:00 a 17:00 horas<\/strong><\/span><\/p>\n<\/td>\n<td style=\"border-color: #050000;width: 245.983px\">\n<p style=\"text-align: center\"><span style=\"color: #000000\"><strong>INGL\u00c9S Primaria<br \/>\n<\/strong><\/span><\/p>\n<\/td>\n<td style=\"border-color: #050000;width: 241.267px\" valign=\"top\">\n<p style=\"text-align: center\"><span style=\"color: #000000\"><strong>INGL\u00c9S Infantil<br \/>\n<\/strong><\/span><\/p>\n<\/td>\n<\/tr>\n<tr style=\"border-color: #050000\">\n<td style=\"border-color: #050000;width: 245.983px\">\n<p style=\"text-align: center\"><span style=\"color: #000000\"><strong>&nbsp;CREAR Y COCINAR &nbsp;(Manualidades y cocina) <\/strong><\/span><\/p>\n<p style=\"text-align: center\"><span style=\"color: #000000\"><strong>Infantil y 1\u00ba y 2\u00ba Primaria<\/strong><\/span><\/p>\n<\/td>\n<td style=\"border-color: #050000;width: 241.267px\">\n<p style=\"text-align: center\"><span style=\"color: #000000\"><strong>DEPORTE-BABY<\/strong><\/span><\/p>\n<p style=\"text-align: center\"><span style=\"color: #000000\"><strong>Infantil<\/strong><strong>&nbsp;<\/strong><\/span><\/p>\n<\/td>\n<\/tr>\n<tr style=\"border-color: #050000\">\n<td style=\"border-color: #050000;width: 245.983px\">\n<p style=\"text-align: center\"><span style=\"color: #000000\"><strong>BAILE MODERNO <\/strong><\/span><\/p>\n<p style=\"text-align: center\"><span style=\"color: #000000\"><strong>(Todas las edades)<br \/>\n<\/strong><\/span><\/p>\n<\/td>\n<td style=\"border-color: #050000;width: 241.267px\" valign=\"top\">\n<p style=\"text-align: center\"><span style=\"color: #000000\"><strong>FLAMENCO<\/strong><\/span><\/p>\n<div><span style=\"color: #000000\">&nbsp; &nbsp; &nbsp; &nbsp; &nbsp; &nbsp; &nbsp; &nbsp;&nbsp;<strong>Infantil y Primaria<\/strong><\/span><\/div>\n<\/td>\n<\/tr>\n<tr style=\"border-color: #050000\">\n<td style=\"border-color: #050000;width: 245.983px\">\n<p style=\"text-align: center\"><span style=\"color: #000000\"><strong>BALONCESTO<\/strong><\/span><\/p>\n<p style=\"text-align: center\"><span style=\"color: #000000\"><strong>Primaria<\/strong><\/span><\/p>\n<\/td>\n<td style=\"border-color: #050000;width: 241.267px\"><span style=\"color: #000000\"><strong>&nbsp; &nbsp; &nbsp; &nbsp; &nbsp; &nbsp; &nbsp; &nbsp; &nbsp; &nbsp; FUTBOL<\/strong><strong>&nbsp; &nbsp; &nbsp; &nbsp; &nbsp; &nbsp; &nbsp; &nbsp; &nbsp; &nbsp;&nbsp;&nbsp;&nbsp;&nbsp;&nbsp;&nbsp;&nbsp;&nbsp;&nbsp;&nbsp;&nbsp;&nbsp;&nbsp;&nbsp;&nbsp;&nbsp; Primaria<\/strong><\/span><\/td>\n<\/tr>\n<tr style=\"border-color: #050000\">\n<td style=\"border-color: #050000;width: 245.983px\"><strong>&nbsp;&nbsp;&nbsp;&nbsp;&nbsp;&nbsp;&nbsp;&nbsp;&nbsp;&nbsp;&nbsp;&nbsp;&nbsp;&nbsp;&nbsp;&nbsp;&nbsp;&nbsp;&nbsp;&nbsp;&nbsp;&nbsp;&nbsp;&nbsp; &#8212;&#8211;<\/strong><\/td>\n<td style=\"border-color: #050000;width: 241.267px\" valign=\"top\">\n<p style=\"text-align: center\"><span style=\"color: #000000\"><strong>APOYO ESCOALAR<\/strong><\/span><\/p>\n<p style=\"text-align: center\"><span style=\"color: #000000\"><strong>Primaria<\/strong><\/span><\/p>\n<p style=\"text-align: center\">&nbsp;<\/p>\n<p style=\"text-align: center\"><span style=\"color: #000000\"><strong>TALLER MASTERCHEF (Manualidades y cocina)&nbsp; Primaria<\/strong><\/span><\/p>\n<\/td>\n<\/tr>\n<tr style=\"border-color: #050000\">\n<td style=\"border-color: #050000;width: 209.75px\">\n<p style=\"text-align: center\"><span style=\"color: #000000\"><strong>17:00 a 18:00 horas<\/strong><strong><br \/>\n<\/strong><\/span><\/p>\n<\/td>\n<td style=\"border-color: #050000;width: 245.983px\">\n<p style=\"text-align: center\"><strong><span style=\"font-size: 14pt\">MULTIDEPORTE<\/span><\/strong><\/p>\n<p style=\"text-align: center\"><span style=\"font-size: 12pt\"><strong>Primaria<\/strong><\/span><\/p>\n<\/td>\n<td style=\"border-color: #050000;width: 241.267px\" valign=\"top\"><span style=\"color: #000000\">&nbsp;&nbsp;&nbsp;&nbsp;&nbsp;&nbsp;&nbsp;&nbsp;&nbsp;&nbsp;&nbsp;&nbsp;&nbsp;&nbsp; <span style=\"font-size: 14pt\"><strong>VOLLEYBALL<\/strong><\/span><\/span><\/p>\n<p><span style=\"color: #000000\"><strong>&nbsp;&nbsp;&nbsp;&nbsp;&nbsp;&nbsp;&nbsp;&nbsp;&nbsp;&nbsp;&nbsp;&nbsp;<span style=\"font-size: 14pt\">&nbsp;&nbsp;&nbsp;<span style=\"font-size: 12pt\">&nbsp; Primaria<\/span><\/span><\/strong><\/span><\/td>\n<\/tr>\n<\/tbody>\n<\/table>\n<p style=\"text-align: justify\">&nbsp;<\/p>\n<p style=\"text-align: justify\"><span style=\"font-size: 14pt;color: #000000\"><span style=\"text-decoration: underline\">Notas<\/span>:<\/span><\/p>\n<p style=\"text-align: justify\"><span style=\"font-size: 14pt;color: #000000\">* Las edades y cursos son orientativos, al objeto de formar grupos lo m\u00e1s homog\u00e9neos posibles.<\/span><\/p>\n<p style=\"text-align: justify\"><span style=\"font-size: 14pt;color: #000000\">* El horario y grupos podr\u00e1n sufrir alguna modificaci\u00f3n en funci\u00f3n de los alumnos\/as inscritos en cada actividad. El m\u00ednimo de alumnos\/as para que funcione una actividad es de 10.<\/span><\/p>\n<p style=\"text-align: justify\"><span style=\"font-size: 14pt;color: #000000\">* El pago se realizar\u00e1 mediante transferencia bancaria o en met\u00e1lico la segunda semana del mes en que se realiza la actividad<\/span><\/p>\n<p style=\"text-align: justify\"><span style=\"font-size: 14pt;color: #000000\">* Informar a las familias del plan SYGA que este plan no cubre la gratuidad de las actividades extraescolares.<\/span><\/p>\n<p style=\"text-align: justify\"><span style=\"font-size: 14pt;color: #000000\">* <strong>Se recomienda confirmar las actividades en septiembre antes del comienzo de las mismas mediante whatsapp (616138899)<\/strong><\/span><\/p>\n<p style=\"text-align: justify\"><span style=\"font-size: 14pt;color: #000000\">* Para cualquier informaci\u00f3n, consulta, aclaraci\u00f3n, etc. sobre las actividades extraescolares contactar con la empresa en el n\u00famero de tel\u00e9fono 616138899 (Adela).<\/span><\/p>\n<p style=\"text-align: center\"><span style=\"font-size: 14pt;color: #000000\"><strong>PLAZO DE SOLICITUD DE BONIFICACIONES: DEL 1 AL 7 DE SEPTIEMBRE<\/strong><\/span><\/p>\n<p style=\"text-align: center\"><span style=\"font-size: 14pt;color: #000000\"><strong>ADEPAU GESTI\u00d3N EDUCATIVA 2005 SL<\/strong><\/span><\/p>\n","protected":false},"excerpt":{"rendered":"<p>HORARIO DE ACTIVIDADES EXTRAESCOLARES CURSO 2017 \u2013 2018 &nbsp;&nbsp;&nbsp;&nbsp;&nbsp;&nbsp;&nbsp;&nbsp;&nbsp;&nbsp;&nbsp;&nbsp;&nbsp;&nbsp;&nbsp;&nbsp;&nbsp;&nbsp;&nbsp;&nbsp;&nbsp;&nbsp;&nbsp;&nbsp;&nbsp;&nbsp;&nbsp;&nbsp;&nbsp;&nbsp;&nbsp;&nbsp;&nbsp;&nbsp;&nbsp;&nbsp; Actividades Extraescolares&nbsp;&nbsp; &nbsp;&nbsp;&nbsp;&nbsp;&nbsp;&nbsp;&nbsp;&nbsp;&nbsp;&nbsp;&nbsp;&nbsp;&nbsp;&nbsp;&nbsp;&nbsp;&nbsp;&nbsp;&nbsp;&nbsp;&nbsp;&nbsp;&nbsp;&nbsp;&nbsp;&nbsp;&nbsp;&nbsp;&nbsp;&nbsp;&nbsp;&nbsp;&nbsp;&nbsp;&nbsp;&nbsp;&nbsp;&nbsp;&nbsp;&nbsp;&nbsp;&nbsp;&nbsp;&nbsp;&nbsp;&nbsp;&nbsp;&nbsp;&nbsp;&nbsp;&nbsp;&nbsp;&nbsp;&nbsp; Curso 17\/18 HORARIO LUNES y MI\u00c9RCOLES MARTES y JUEVES 16:00 a 17:00 horas INGL\u00c9S Primaria INGL\u00c9S Infantil &nbsp;CREAR Y COCINAR &nbsp;(Manualidades y cocina) Infantil y 1\u00ba y 2\u00ba Primaria DEPORTE-BABY&#46;&#46;&#46;<\/p>\n","protected":false},"author":2825,"featured_media":0,"parent":80,"menu_order":0,"comment_status":"closed","ping_status":"closed","template":"","meta":{"ngg_post_thumbnail":0,"footnotes":"","_mc_calendar":[]},"aioseo_notices":[],"_links":{"self":[{"href":"https:\/\/blogsaverroes.juntadeandalucia.es\/ceipjosefinaaldecoa\/wp-json\/wp\/v2\/pages\/8124"}],"collection":[{"href":"https:\/\/blogsaverroes.juntadeandalucia.es\/ceipjosefinaaldecoa\/wp-json\/wp\/v2\/pages"}],"about":[{"href":"https:\/\/blogsaverroes.juntadeandalucia.es\/ceipjosefinaaldecoa\/wp-json\/wp\/v2\/types\/page"}],"author":[{"embeddable":true,"href":"https:\/\/blogsaverroes.juntadeandalucia.es\/ceipjosefinaaldecoa\/wp-json\/wp\/v2\/users\/2825"}],"replies":[{"embeddable":true,"href":"https:\/\/blogsaverroes.juntadeandalucia.es\/ceipjosefinaaldecoa\/wp-json\/wp\/v2\/comments?post=8124"}],"version-history":[{"count":1,"href":"https:\/\/blogsaverroes.juntadeandalucia.es\/ceipjosefinaaldecoa\/wp-json\/wp\/v2\/pages\/8124\/revisions"}],"predecessor-version":[{"id":8125,"href":"https:\/\/blogsaverroes.juntadeandalucia.es\/ceipjosefinaaldecoa\/wp-json\/wp\/v2\/pages\/8124\/revisions\/8125"}],"up":[{"embeddable":true,"href":"https:\/\/blogsaverroes.juntadeandalucia.es\/ceipjosefinaaldecoa\/wp-json\/wp\/v2\/pages\/80"}],"wp:attachment":[{"href":"https:\/\/blogsaverroes.juntadeandalucia.es\/ceipjosefinaaldecoa\/wp-json\/wp\/v2\/media?parent=8124"}],"curies":[{"name":"wp","href":"https:\/\/api.w.org\/{rel}","templated":true}]}}