{"id":8235,"date":"2016-10-27T20:32:20","date_gmt":"2016-10-27T20:32:20","guid":{"rendered":"http:\/\/blogsaverroes.juntadeandalucia.es\/ceipjosefinaaldecoa\/?page_id=8235"},"modified":"2018-04-01T23:26:07","modified_gmt":"2018-04-01T23:26:07","slug":"proyecto-flamenco-20162017","status":"publish","type":"page","link":"https:\/\/blogsaverroes.juntadeandalucia.es\/ceipjosefinaaldecoa\/planes-y-proyectos\/proyecto-flamenco-20162017\/","title":{"rendered":"Proyecto Flamenco"},"content":{"rendered":"<p style=\"text-align: center\"><img loading=\"lazy\" decoding=\"async\" class=\"\" src=\"https:\/\/blogsaverroes.juntadeandalucia.es\/ceipjosefinaaldecoa\/files\/2016\/10\/entrada.png\" width=\"363\" height=\"464\"><\/p>\n<p style=\"text-align: justify\"><span style=\"color: #000000\">Desde hace varios cursos, nuestro centro ha estado trabajando el Flamenco transversalmente en el Curr\u00edculo. Con posterioridad, y a partir del curso 16\/17, la Consejer\u00eda de Educaci\u00f3n ha introducido, dentro del Programa \u00abVIvir y Sentir el Patrimonio\u00bb, una vertiente del Proyecto espec\u00edficamente de Flamenco. <\/span><\/p>\n<p style=\"text-align: justify\"><span style=\"color: #000000\">La inclusi\u00f3n en este programa y oficialidad del mismo hace que desde el curso 16\/17 participemos formalmente en el mencionado programa, aunque ya lo hemos estado haciendo durante cursos atr\u00e1s. Ha sido una demanda de muchos docentes andaluces que han trabajado el Flamenco dentro del curr\u00edculo desde hace a\u00f1os, lo que ha propiciado, junto con la declaraci\u00f3n del Flamenco como Patrimonio Inmaterial de la Humanidad, que se reconozca oficialmente la aportaci\u00f3n del mismo al Curr\u00edculo educativo.<\/span><\/p>\n<p><strong>Curso 16\/17:&nbsp;<\/strong><a href=\"https:\/\/blogsaverroes.juntadeandalucia.es\/ceipjosefinaaldecoa\/planes-y-proyectos\/proyecto-flamenco-20162017\/hoy-toca-flamenco-curso-1617\/\" target=\"_blank\" rel=\"noopener\"><strong>\u00abHOY TOCA FLAMENCO\u00bb&nbsp;<\/strong><strong>Sentir y vivir el Flamenco en el CEIP Josefina Aldecoa.<\/strong><\/a><\/p>\n<p><strong>Curso 17\/18:&nbsp;<\/strong><span style=\"font-size: 14pt\"><a href=\"http:\/\/flamencoaldecoa.blogspot.com.es\/\" target=\"_blank\" rel=\"noopener\"><strong>\u00a1Por alegr\u00edas!<\/strong><\/a><\/span><\/p>\n","protected":false},"excerpt":{"rendered":"<p>Desde hace varios cursos, nuestro centro ha estado trabajando el Flamenco transversalmente en el Curr\u00edculo. Con posterioridad, y a partir del curso 16\/17, la Consejer\u00eda de Educaci\u00f3n ha introducido, dentro del Programa \u00abVIvir y Sentir el Patrimonio\u00bb, una vertiente del Proyecto espec\u00edficamente&#46;&#46;&#46;<\/p>\n","protected":false},"author":2825,"featured_media":0,"parent":44,"menu_order":0,"comment_status":"closed","ping_status":"closed","template":"","meta":{"ngg_post_thumbnail":0,"footnotes":"","_mc_calendar":[]},"aioseo_notices":[],"_links":{"self":[{"href":"https:\/\/blogsaverroes.juntadeandalucia.es\/ceipjosefinaaldecoa\/wp-json\/wp\/v2\/pages\/8235"}],"collection":[{"href":"https:\/\/blogsaverroes.juntadeandalucia.es\/ceipjosefinaaldecoa\/wp-json\/wp\/v2\/pages"}],"about":[{"href":"https:\/\/blogsaverroes.juntadeandalucia.es\/ceipjosefinaaldecoa\/wp-json\/wp\/v2\/types\/page"}],"author":[{"embeddable":true,"href":"https:\/\/blogsaverroes.juntadeandalucia.es\/ceipjosefinaaldecoa\/wp-json\/wp\/v2\/users\/2825"}],"replies":[{"embeddable":true,"href":"https:\/\/blogsaverroes.juntadeandalucia.es\/ceipjosefinaaldecoa\/wp-json\/wp\/v2\/comments?post=8235"}],"version-history":[{"count":11,"href":"https:\/\/blogsaverroes.juntadeandalucia.es\/ceipjosefinaaldecoa\/wp-json\/wp\/v2\/pages\/8235\/revisions"}],"predecessor-version":[{"id":8713,"href":"https:\/\/blogsaverroes.juntadeandalucia.es\/ceipjosefinaaldecoa\/wp-json\/wp\/v2\/pages\/8235\/revisions\/8713"}],"up":[{"embeddable":true,"href":"https:\/\/blogsaverroes.juntadeandalucia.es\/ceipjosefinaaldecoa\/wp-json\/wp\/v2\/pages\/44"}],"wp:attachment":[{"href":"https:\/\/blogsaverroes.juntadeandalucia.es\/ceipjosefinaaldecoa\/wp-json\/wp\/v2\/media?parent=8235"}],"curies":[{"name":"wp","href":"https:\/\/api.w.org\/{rel}","templated":true}]}}