{"id":9041,"date":"2017-02-27T20:58:12","date_gmt":"2017-02-27T20:58:12","guid":{"rendered":"http:\/\/blogsaverroes.juntadeandalucia.es\/ceipjosefinaaldecoa\/?page_id=9041"},"modified":"2025-06-26T06:58:29","modified_gmt":"2025-06-26T06:58:29","slug":"proyecto-bilingue","status":"publish","type":"page","link":"https:\/\/blogsaverroes.juntadeandalucia.es\/ceipjosefinaaldecoa\/planes-y-proyectos\/proyecto-bilingue\/","title":{"rendered":"Proyecto Biling\u00fce"},"content":{"rendered":"<p style=\"text-align: center\"><img loading=\"lazy\" decoding=\"async\" class=\"alignnone\" src=\"https:\/\/blogsaverroes.juntadeandalucia.es\/ceipjosefinaaldecoa\/files\/2015\/05\/sello_bilinge_color1.jpg\" alt=\"Centro_Biling\u00c3\u00bce\" width=\"275\" height=\"299\"> <span style=\"font-size: 72pt\">&amp;&nbsp;<\/span> &nbsp;<span style=\"font-size: 72pt\"><a href=\"https:\/\/www.juntadeandalucia.es\/educacion\/portals\/web\/plurilinguismo\" target=\"_blank\" rel=\"noopener noreferrer\"><img loading=\"lazy\" decoding=\"async\" class=\"alignnone wp-image-13956 size-full\" src=\"https:\/\/blogsaverroes.juntadeandalucia.es\/ceipjosefinaaldecoa\/files\/2020\/06\/Plurilinguismo.png\" alt=\"\" width=\"328\" height=\"154\" srcset=\"https:\/\/blogsaverroes.juntadeandalucia.es\/ceipjosefinaaldecoa\/files\/2020\/06\/Plurilinguismo.png 328w, https:\/\/blogsaverroes.juntadeandalucia.es\/ceipjosefinaaldecoa\/files\/2020\/06\/Plurilinguismo-300x141.png 300w, https:\/\/blogsaverroes.juntadeandalucia.es\/ceipjosefinaaldecoa\/files\/2020\/06\/Plurilinguismo-24x11.png 24w, https:\/\/blogsaverroes.juntadeandalucia.es\/ceipjosefinaaldecoa\/files\/2020\/06\/Plurilinguismo-36x17.png 36w, https:\/\/blogsaverroes.juntadeandalucia.es\/ceipjosefinaaldecoa\/files\/2020\/06\/Plurilinguismo-48x23.png 48w\" sizes=\"(max-width: 328px) 100vw, 328px\" \/><\/a><\/span><\/p>\n<p style=\"text-align: right\"><span style=\"color: #000000\"><span style=\"font-size: 14pt\"><strong>Coordinadora Biling\u00fce:<\/strong><\/span><span style=\"font-size: 14pt\"><strong>&nbsp;<\/strong><\/span><span style=\"font-size: 14pt\"><strong>M\u00aa Jos\u00e9 Palma<\/strong><\/span><\/span><\/p>\n<p style=\"text-align: justify\"><span style=\"color: #000000\">Hoy en d\u00eda, nuestra sociedad ha experimentado muchos cambios, pasando a ser internacional, multicultural y pluriling\u00fce. Es por ello que la escuela, como parte integrante, debe adaptar a los ciudadanos y ciudadanas del futuro, a los ni\u00f1os y ni\u00f1as que componen la sociedad, a participar plenamente en ella.<\/span><\/p>\n<p style=\"text-align: justify\"><span style=\"color: #000000\">Nuestro pa\u00eds, como miembro de la Uni\u00f3n Europea, est\u00e1 comprometido en el fomento del conocimiento de otras lenguas comunitarias, tal como se recoge en uno de los objetivos de la Estrategia de Lisboa. Por su parte, el Consejo de Europa en el Marco de Referencia Com\u00fan Europeo para el aprendizaje de lenguas extranjeras, establece directrices tanto para el aprendizaje de lenguas como para la valoraci\u00f3n de la competencia en las diferentes lenguas de un hablante.<\/span><\/p>\n<p style=\"text-align: justify\"><span style=\"color: #000000\"><strong>Por todo ello, el C.E.I.P. Josefina Aldecoa forma parte de la red de centros biling\u00fces de la Junta de Andaluc\u00eda.<\/strong><\/span><\/p>\n<p style=\"text-align: justify\"><span style=\"color: #000000\">La base fundamental de una ense\u00f1anza biling\u00fce es que el idioma no es un objetivo en s\u00ed, sino un veh\u00edculo de transmisi\u00f3n de conocimientos y sensibilidades. Una educaci\u00f3n biling\u00fce ayudar\u00e1 al ni\u00f1o a desarrollar destrezas de comunicaci\u00f3n en los diferentes idiomas, no solo hacia su cultura sino tambi\u00e9n hacia otras. La ense\u00f1anza y utilizaci\u00f3n de una lengua diferente a la materna ayuda a que las culturas se comprendan, se aprecien y se respeten. Es por esto que desde el punto de vista comunicativo, el cambio de lengua supone cambiar de visi\u00f3n de la realidad.<\/span><\/p>\n<p style=\"text-align: justify\"><span style=\"color: #000000\"><strong>La&nbsp;inmersi\u00f3n en un idioma extranjero<\/strong>&nbsp;debe tener lugar a edades tempranas. El programa de sensibilizaci\u00f3n ling\u00fc\u00edstica de nuestro centro comienza a los 3 a\u00f1os y abarca toda la etapa de Educaci\u00f3n Infantil. En Primaria, el Curr\u00edculo Integrado de las Lenguas lo forman varias \u00e1reas en&nbsp;<strong>L2 (Ingl\u00e9s)<\/strong>; estas son&nbsp;<strong>Natural&nbsp;and&nbsp;Social Sciences,&nbsp;Music&nbsp;<\/strong>and<strong>&nbsp;Physical Education.<\/strong><\/span><\/p>\n<p style=\"text-align: justify\"><span style=\"color: #000000\">Este curso contamos con una auxiliar de conversaci\u00f3n de procedencia americana: Maria Jordan Isabella. Su permanencia en el centro ser\u00e1 de catorce horas semanales en Educaci\u00f3n Primaria.<\/span><\/p>\n<p style=\"text-align: justify\"><span style=\"color: #000000\">&nbsp;La ense\u00f1anza del \u00e1rea de Franc\u00e9s se implementa en los cursos de 5\u00ba y 6\u00ba de Primaria.<\/span><\/p>\n<p style=\"text-align: justify\"><span style=\"color: #000000\">Este ambicioso Proyecto va unido al compromiso y esfuerzo por parte de tod@s. Un trabajo en equipo, acompa\u00f1ado de dedicaci\u00f3n y empat\u00eda. El mejor camino.<\/span><\/p>\n<p style=\"text-align: right\"><span style=\"color: #000000\"><span style=\"text-decoration: underline;font-size: 14pt\"><strong>Coordinadora Biling\u00fce:<\/strong><\/span><span style=\"font-size: 14pt\"><strong> M\u00aa Jos\u00e9 Palma<\/strong><\/span><\/span><\/p>\n<p>&nbsp;<\/p>\n<p><span style=\"font-size: 20pt\"><a href=\"https:\/\/blogsaverroes.juntadeandalucia.es\/ceipjosefinaaldecoa\/category\/proyectos-educativos\/bilinguismo\/\" target=\"_blank\" rel=\"noopener noreferrer\"><strong>NUESTRAS NOTICIAS<\/strong> SOBRE PLURILING\u00dcISMO EN LA WEB (Clic Aqu\u00ed)<\/a><\/span><\/p>\n<p><span style=\"font-size: 72pt\"><a href=\"https:\/\/www.juntadeandalucia.es\/educacion\/portals\/web\/plurilinguismo\" target=\"_blank\" rel=\"noopener noreferrer\"><img loading=\"lazy\" decoding=\"async\" class=\"alignnone wp-image-13956 size-full\" src=\"https:\/\/blogsaverroes.juntadeandalucia.es\/ceipjosefinaaldecoa\/files\/2020\/06\/Plurilinguismo.png\" alt=\"\" width=\"328\" height=\"154\" srcset=\"https:\/\/blogsaverroes.juntadeandalucia.es\/ceipjosefinaaldecoa\/files\/2020\/06\/Plurilinguismo.png 328w, https:\/\/blogsaverroes.juntadeandalucia.es\/ceipjosefinaaldecoa\/files\/2020\/06\/Plurilinguismo-300x141.png 300w, https:\/\/blogsaverroes.juntadeandalucia.es\/ceipjosefinaaldecoa\/files\/2020\/06\/Plurilinguismo-24x11.png 24w, https:\/\/blogsaverroes.juntadeandalucia.es\/ceipjosefinaaldecoa\/files\/2020\/06\/Plurilinguismo-36x17.png 36w, https:\/\/blogsaverroes.juntadeandalucia.es\/ceipjosefinaaldecoa\/files\/2020\/06\/Plurilinguismo-48x23.png 48w\" sizes=\"(max-width: 328px) 100vw, 328px\" \/><\/a><\/span><\/p>\n<p style=\"text-align: center\"><span style=\"font-size: 16pt\"><strong>INFORMACI\u00d3N PARA AUXILIARES DE CONVERSACI\u00d3N \/&nbsp;<\/strong><span style=\"color: #3366ff\"><strong>INFORMATION SHEET FOR LANGUAGE ASSISTANT<\/strong><\/span><\/span><\/p>\n<p style=\"text-align: center\"><a href=\"https:\/\/blogsaverroes.juntadeandalucia.es\/ceipjosefinaaldecoa\/auxiliar-de-conversacion\/\" target=\"_blank\" rel=\"noopener noreferrer\"><img loading=\"lazy\" decoding=\"async\" class=\"aligncenter wp-image-15213 size-full\" src=\"https:\/\/blogsaverroes.juntadeandalucia.es\/ceipjosefinaaldecoa\/files\/2022\/04\/logo3.jpg\" alt=\"\" width=\"300\" height=\"300\" srcset=\"https:\/\/blogsaverroes.juntadeandalucia.es\/ceipjosefinaaldecoa\/files\/2022\/04\/logo3.jpg 300w, https:\/\/blogsaverroes.juntadeandalucia.es\/ceipjosefinaaldecoa\/files\/2022\/04\/logo3-150x150.jpg 150w, https:\/\/blogsaverroes.juntadeandalucia.es\/ceipjosefinaaldecoa\/files\/2022\/04\/logo3-80x80.jpg 80w\" sizes=\"(max-width: 300px) 100vw, 300px\" \/><\/a><\/p>\n","protected":false},"excerpt":{"rendered":"<p>&amp;&nbsp; &nbsp; Coordinadora Biling\u00fce:&nbsp;M\u00aa Jos\u00e9 Palma Hoy en d\u00eda, nuestra sociedad ha experimentado muchos cambios, pasando a ser internacional, multicultural y pluriling\u00fce. Es por ello que la escuela, como parte integrante, debe adaptar a los ciudadanos y ciudadanas del futuro, a los&#46;&#46;&#46;<\/p>\n","protected":false},"author":2825,"featured_media":0,"parent":44,"menu_order":0,"comment_status":"closed","ping_status":"closed","template":"","meta":{"ngg_post_thumbnail":0,"footnotes":"","_mc_calendar":[]},"aioseo_notices":[],"_links":{"self":[{"href":"https:\/\/blogsaverroes.juntadeandalucia.es\/ceipjosefinaaldecoa\/wp-json\/wp\/v2\/pages\/9041"}],"collection":[{"href":"https:\/\/blogsaverroes.juntadeandalucia.es\/ceipjosefinaaldecoa\/wp-json\/wp\/v2\/pages"}],"about":[{"href":"https:\/\/blogsaverroes.juntadeandalucia.es\/ceipjosefinaaldecoa\/wp-json\/wp\/v2\/types\/page"}],"author":[{"embeddable":true,"href":"https:\/\/blogsaverroes.juntadeandalucia.es\/ceipjosefinaaldecoa\/wp-json\/wp\/v2\/users\/2825"}],"replies":[{"embeddable":true,"href":"https:\/\/blogsaverroes.juntadeandalucia.es\/ceipjosefinaaldecoa\/wp-json\/wp\/v2\/comments?post=9041"}],"version-history":[{"count":16,"href":"https:\/\/blogsaverroes.juntadeandalucia.es\/ceipjosefinaaldecoa\/wp-json\/wp\/v2\/pages\/9041\/revisions"}],"predecessor-version":[{"id":18784,"href":"https:\/\/blogsaverroes.juntadeandalucia.es\/ceipjosefinaaldecoa\/wp-json\/wp\/v2\/pages\/9041\/revisions\/18784"}],"up":[{"embeddable":true,"href":"https:\/\/blogsaverroes.juntadeandalucia.es\/ceipjosefinaaldecoa\/wp-json\/wp\/v2\/pages\/44"}],"wp:attachment":[{"href":"https:\/\/blogsaverroes.juntadeandalucia.es\/ceipjosefinaaldecoa\/wp-json\/wp\/v2\/media?parent=9041"}],"curies":[{"name":"wp","href":"https:\/\/api.w.org\/{rel}","templated":true}]}}