{"id":2430,"date":"2021-11-06T18:20:01","date_gmt":"2021-11-06T18:20:01","guid":{"rendered":"https:\/\/blogsaverroes.juntadeandalucia.es\/ceipjosefinapascual\/?page_id=2430"},"modified":"2021-11-24T19:29:48","modified_gmt":"2021-11-24T19:29:48","slug":"comunica","status":"publish","type":"page","link":"https:\/\/blogsaverroes.juntadeandalucia.es\/ceipjosefinapascual\/comunica\/","title":{"rendered":"COMUNICA"},"content":{"rendered":"<p>&nbsp;<\/p>\n<p>PLAN DE BIBLIOTECA, PLAN DE LECTURA Y PROGRAMA COMUNICA<br \/>\n1. OBJETIVOS<\/p>\n<p>PROGRAMA COMUNICA<br \/>\n&#8211; Participaci\u00f3n en el Programa Comunica, para el desarrollo de la competencia ling\u00fc\u00edstica, en cuatro<br \/>\napartados:<br \/>\no Oralidad, fundamentalmente a partir de asambleas y trabajo sobre cuentos en infantil, a\u00f1adiendo proyecto<br \/>\n\u00c1rbol de los Autores y club de Lectura a partir del primer ciclo y debate en el tercer ciclo.<br \/>\no Escritura funcional, a trav\u00e9s del trabajo sistem\u00e1tico de descripciones, dictados\u2026 y estableciendo normas<br \/>\ncomunes para el uso de cuadernos.<br \/>\no Escritura creativa a trav\u00e9s de cuentos, poes\u00edas, c\u00f3mic y trabajo con distintos tipos de texto.<br \/>\no Comunica-Familias, que ofrecer\u00e1 sugerencias a las familias para realizar actividades educativas y participar<br \/>\nde la vida del centro.<\/p>\n<p>2. TEMPORALIZACI\u00d3N<br \/>\n&#8211; Primer trimestre:<br \/>\no Concurso para elegir la mascota de la Biblioteca<br \/>\no Selecci\u00f3n de alumnado ayudante de Biblioteca<br \/>\no Revisi\u00f3n de pruebas de eficacia lectora y realizaci\u00f3n de prueba del primer trimestre<br \/>\no Encuesta de h\u00e1bitos lectores a las familias.<br \/>\no Actividades de animaci\u00f3n a la lectura: inicio de clubs de lectura y lect\u00f3metro, \u00e1rbol de los autores, recetas y<br \/>\nhechizos de miedo, recital digital dedicado a Rafael Alberti para el d\u00eda de la Lectura, tarjetas y cuentos de<br \/>\nNavidad\u2026<br \/>\no Difusi\u00f3n de actividades realizadas por los alumnos a trav\u00e9s de la Biblioteca Digital (blog, p\u00e1gina web,<br \/>\nFacebook)<br \/>\n&#8211; Segundo trimestre:<br \/>\no Actividades de animaci\u00f3n a la lectura: \u00e1rbol de los autores, d\u00eda de la Paz, d\u00eda de Andaluc\u00eda, libro viajero,<br \/>\nclubs de lectura y lect\u00f3metro\u2026<br \/>\no Pruebas de eficacia lectora 2\u00ba trimestre<br \/>\n&#8211; Tercer trimestre<br \/>\no Actividades culturales y de animaci\u00f3n a la lectura relacionadas con el D\u00eda del Libro (Feria de Cuentos,<br \/>\nencuentros con escritores\u2026)<br \/>\no Pruebas de eficacia lectora tercer trimestre; valoraci\u00f3n de resultados<br \/>\no Homenaje literario a Carmen Gil<\/p>\n","protected":false},"excerpt":{"rendered":"<p>&nbsp; PLAN DE BIBLIOTECA, PLAN DE LECTURA Y PROGRAMA COMUNICA 1. OBJETIVOS PROGRAMA COMUNICA &#8211; Participaci\u00f3n en el Programa Comunica, para el desarrollo de la&hellip;<\/p>\n","protected":false},"author":12036,"featured_media":0,"parent":0,"menu_order":0,"comment_status":"closed","ping_status":"closed","template":"","meta":{"ngg_post_thumbnail":0,"footnotes":"","_mc_calendar":[]},"aioseo_notices":[],"_links":{"self":[{"href":"https:\/\/blogsaverroes.juntadeandalucia.es\/ceipjosefinapascual\/wp-json\/wp\/v2\/pages\/2430"}],"collection":[{"href":"https:\/\/blogsaverroes.juntadeandalucia.es\/ceipjosefinapascual\/wp-json\/wp\/v2\/pages"}],"about":[{"href":"https:\/\/blogsaverroes.juntadeandalucia.es\/ceipjosefinapascual\/wp-json\/wp\/v2\/types\/page"}],"author":[{"embeddable":true,"href":"https:\/\/blogsaverroes.juntadeandalucia.es\/ceipjosefinapascual\/wp-json\/wp\/v2\/users\/12036"}],"replies":[{"embeddable":true,"href":"https:\/\/blogsaverroes.juntadeandalucia.es\/ceipjosefinapascual\/wp-json\/wp\/v2\/comments?post=2430"}],"version-history":[{"count":2,"href":"https:\/\/blogsaverroes.juntadeandalucia.es\/ceipjosefinapascual\/wp-json\/wp\/v2\/pages\/2430\/revisions"}],"predecessor-version":[{"id":2460,"href":"https:\/\/blogsaverroes.juntadeandalucia.es\/ceipjosefinapascual\/wp-json\/wp\/v2\/pages\/2430\/revisions\/2460"}],"wp:attachment":[{"href":"https:\/\/blogsaverroes.juntadeandalucia.es\/ceipjosefinapascual\/wp-json\/wp\/v2\/media?parent=2430"}],"curies":[{"name":"wp","href":"https:\/\/api.w.org\/{rel}","templated":true}]}}