{"id":2447,"date":"2021-11-06T18:26:49","date_gmt":"2021-11-06T18:26:49","guid":{"rendered":"https:\/\/blogsaverroes.juntadeandalucia.es\/ceipjosefinapascual\/?page_id=2447"},"modified":"2021-11-24T19:38:19","modified_gmt":"2021-11-24T19:38:19","slug":"tde","status":"publish","type":"page","link":"https:\/\/blogsaverroes.juntadeandalucia.es\/ceipjosefinapascual\/tde\/","title":{"rendered":"TDE"},"content":{"rendered":"<p>PLAN DE TRANSFORMACI\u00d3N DIGITAL EDUCATIVA (TDE)<br \/>\n1. Normativa<br \/>\nEste plan surge con el objeto de unificar criterios para poner en marcha las actuaciones que conduzcan a<br \/>\nla consecuci\u00f3n de la transformaci\u00f3n digital educativa basada en la participaci\u00f3n de todos los centros, la<br \/>\ncoordinaci\u00f3n de las actuaciones, la disponibilidad de recursos y herramientas que faciliten la toma de<br \/>\ndecisiones y su implementaci\u00f3n en el quehacer diario de los centros.<br \/>\nLa Direcci\u00f3n General de Formaci\u00f3n del Profesorado e Innovaci\u00f3n Educativa, en uso de las competencias<br \/>\nque le confiere el Decreto 579\/2019, de 15 de octubre, modifica el Decreto 102\/2019 de febrero, por el que<br \/>\nse establece la estructura org\u00e1nica de la Consejer\u00eda de Educaci\u00f3n y Deporte y procede a dictar la siguiente:<br \/>\nINSTRUCCI\u00d3N DE 31 DE JULIO, DE LA DIRECCI\u00d3N GENERAL DE FORMACI\u00d3N DEL PROFESORADO E INNOVACI\u00d3N<br \/>\nEDUCATIVA, SOBRE MEDIDAS DE TRANSFORMACI\u00d3N DIGITAL EDUCATIVA EN LOS CENTROS.<br \/>\n2. Justificaci\u00f3n<br \/>\nEl concepto de transformaci\u00f3n digital educativa (TDE) incluye el conjunto de actuaciones orientadas a la<br \/>\nmejora y modernizaci\u00f3n de los procesos, los procedimientos, los h\u00e1bitos y comportamientos de las<br \/>\norganizaciones educativas y de las personas que, haciendo uso de las tecnolog\u00edas digitales, mejoren su<br \/>\ncapacidad de hacer frente a los retos de la sociedad actual. Todo ello redundar\u00e1 en la mejora de un<br \/>\naprendizaje competencial, en la mejora de la experiencia, de los resultados de aprendizaje y en un refuerzo<br \/>\nde la equidad, a cuyo servicio se supedita dicha transformaci\u00f3n, encuadrada dentro de los Marcos de<br \/>\nReferencia Europeos relativos a la competencia digital (DigCompOrg, DigCompEdu y DigComp).<br \/>\nLa TDE se pone en marcha en el curso 2020\/21 con car\u00e1cter universal, en todos los centros docentes que<br \/>\nimpartan ense\u00f1anzas no universitarias. El Programa para la Innovaci\u00f3n P1 del \u00e1mbito digital (PRODIG)<br \/>\nconcluye por tanto en el curso 2019\/20.<br \/>\nAsimismo, la convocatoria de Proyectos de centros TIC y el Plan Escuela TIC 2.0, quedan englobados<br \/>\nen el proceso de transformaci\u00f3n digital educativa.<br \/>\n3. \u00c1mbitos de Actuaci\u00f3n<br \/>\nEsta transformaci\u00f3n digital, encuadrada dentro de los Marcos de Referencia Europeos relativos a la<br \/>\ncompetencia digital (DigCompOrg, DigCompEdu y DigComp). engloba tres \u00e1mbitos de actuaci\u00f3n:<br \/>\n\u25cf Organizaci\u00f3n y gesti\u00f3n de los centros docentes.<br \/>\n\u25cf Procesos de ense\u00f1anza-aprendizaje.<br \/>\n\u25cf Informaci\u00f3n y comunicaci\u00f3n, tanto interna como externa.<br \/>\n4. Recursos para el impulso de la TDE en el centro<br \/>\n4.1. Plan de Actuaci\u00f3n Digital (PAD).<br \/>\na) El Plan de Actuaci\u00f3n Digital tendr\u00e1 como referente y objetivo general la mejora en los tres \u00e1mbitos de actuaci\u00f3n de<br \/>\nla Transformaci\u00f3n Digital Educativa (organizaci\u00f3n y gesti\u00f3n del centro, procesos de ense\u00f1anza-aprendizaje e informaci\u00f3n<br \/>\ny comunicaci\u00f3n), que toman a su vez como referente el Marco Europeo de Competencia Digital para Organizaciones<br \/>\nEducativas, DigCompOrg.<br \/>\nb) El Plan de Actuaci\u00f3n Digital se elaborar\u00e1 a trav\u00e9s de un formulario que proporcionar\u00e1 el sistema de informaci\u00f3n<br \/>\nS\u00e9neca, que permite su cumplimentaci\u00f3n guiada, obteni\u00e9ndose como resultado un documento en el que aparecer\u00e1n por<br \/>\ncada \u00e1mbito: las l\u00edneas de actuaci\u00f3n, las tareas en las que se concretan, la temporalizaci\u00f3n, los grupos<br \/>\nresponsables\/participantes y la evaluaci\u00f3n prevista.<br \/>\nLos recursos materiales de los que dispone el centro quedan reflejados en el formulario anteriormente citado<br \/>\ndentro del PAD.<br \/>\nc) La cumplimentaci\u00f3n de este formulario se realizar\u00e1 durante los primeros quince d\u00edas del mes de octubre de cada<br \/>\ncurso escolar.<br \/>\n4.2. R\u00fabrica TDE del nivel de competencia digital del centro.<br \/>\nPreviamente a la cumplimentaci\u00f3n del formulario del PAD, el equipo directivo deber\u00e1 proceder a la autoevaluaci\u00f3n<br \/>\nde la competencia digital del centro mediante la cumplimentaci\u00f3n de la r\u00fabrica implementada en el sistema de<br \/>\ninformaci\u00f3n S\u00e9neca, antes del 30 de septiembre. Esta r\u00fabrica est\u00e1 organizada por \u00e1mbitos y es de f\u00e1cil<br \/>\ncumplimentaci\u00f3n. Una vez completada, se puede obtener el Informe de R\u00fabrica, que muestra las preguntas, las<br \/>\nopciones seleccionadas y un feedback espec\u00edfico; esta informaci\u00f3n aparece igualmente en el formulario del PAD,<br \/>\norientando su cumplimentaci\u00f3n.<br \/>\n4.3. Test de Competencia Digital Docente (CDD).<br \/>\nImplementado en el sistema de informaci\u00f3n S\u00e9neca, permite al profesorado realizar este test basado en el Marco<br \/>\nDigCompEdu desde su perfil personal, y obtener un Informe Individual con la valoraci\u00f3n global de su nivel competencial<br \/>\n(A1-C2), por las \u00e1reas de este Marco y con relaci\u00f3n al resto de componentes del claustro, y devuelve un detallado<br \/>\nfeedback.<br \/>\nAsimismo, se genera el Informe de Centro, siempre que m\u00e1s del 20% del profesorado del centro lo haya<br \/>\ncompletado, a fin de mostrar resultados que sean representativos. Este Informe de Centro ofrece el nivel competencial<br \/>\ndel claustro tanto globalmente como por \u00e1reas y puede ser solicitado por cualquier miembro del mismo. En caso de que<br \/>\nse solicite con perfil direcci\u00f3n o coordinaci\u00f3n incluir\u00e1, adem\u00e1s, relaciones nominales del profesorado que no ha accedido<br \/>\nal test, del que lo ha iniciado y del que lo ha concluido.<br \/>\nEl Informe Individual ser\u00e1 de utilidad para avanzar en las competencias profesionales docentes<br \/>\nrelacionadas con el \u00e1mbito digital, permitiendo planificar una formaci\u00f3n personal que atienda al nivel de<br \/>\npartida de cada docente.<br \/>\nEl Informe de Centro complementa a la R\u00fabrica para establecer de manera realista el Plan de Actuaci\u00f3n<br \/>\nDigital, del cual emanar\u00e1 el Plan de Formaci\u00f3n que responda a las necesidades de cada centro.<br \/>\nDurante el curso, el test puede cumplimentarse en dos ocasiones, siendo recomendable hacerlo al<br \/>\nprincipio y al final de cada curso escolar (del 1 de septiembre al 30 de septiembre, y del 1 de mayo hasta el 30<br \/>\nde junio).<br \/>\n4.4. Plan de Formaci\u00f3n.<br \/>\nEn el cuarto punto del apartado cuarto de la Instrucci\u00f3n 10\/2020, de 15 de junio de la Direcci\u00f3n General<br \/>\nde Ordenaci\u00f3n y Evaluaci\u00f3n Educativa se establece que el Plan de Formaci\u00f3n del Profesorado del centro que<br \/>\nse defina al inicio del curso recoger\u00e1 aquellas iniciativas que el centro considere pertinentes, especialmente<br \/>\nen el \u00e1mbito de la formaci\u00f3n en competencia digital, de la formaci\u00f3n en estrategias de atenci\u00f3n a la<br \/>\ndiversidad, de la formaci\u00f3n en metodolog\u00edas de ense\u00f1anza a distancia, en su caso, y de la formaci\u00f3n en las<br \/>\nhabilidades necesarias para la atenci\u00f3n emocional del alumnado.<br \/>\nEs conveniente contemplar esta formaci\u00f3n desde la perspectiva del aprendizaje mixto (Blended<br \/>\nLearning), incrementando la presencia de entornos digitales de aprendizaje, uso de herramientas digitales y<br \/>\nfuncionalidades de S\u00e9neca\/Pasen, as\u00ed como en los procedimientos que contribuyan al desarrollo de la<br \/>\nautonom\u00eda del alumnado en su proceso de aprendizaje (competencia Aprender a aprender), que favorezcan<br \/>\nla transici\u00f3n a un contexto de cese de la actividad no presencial en caso necesario.<br \/>\nDeber\u00e1 priorizarse la modalidad de Formaci\u00f3n en Centro con caracter\u00edsticas h\u00edbridas (presencial y<br \/>\nonline) y atender a los resultados del test CDD para la formaci\u00f3n individual.<br \/>\nTras la realizaci\u00f3n del test CDD se establecer\u00e1 el plan de formaci\u00f3n y de actuaci\u00f3n en el centro. Las<br \/>\npropuestas quedar\u00e1n recogidas en el Plan de mejora de cada curso.<br \/>\n4.5. Plan de Contingencia.<br \/>\nLas Instrucciones de 6 de julio de 2020, de la Viceconsejer\u00eda de Educaci\u00f3n y Deporte, relativas a la<br \/>\norganizaci\u00f3n de los centros docentes para el curso escolar 2020\/21, motivada por la crisis sanitaria del<br \/>\nCOVID-19, se\u00f1alan en el primer apartado de la Instrucci\u00f3n quinta que \u201cLos centros docentes elaborar\u00e1n un<br \/>\nProtocolo de actuaci\u00f3n COVID-19 para que los procesos de ense\u00f1anza aprendizaje se desarrollen con<br \/>\nseguridad durante el curso escolar 2020\/2021, teniendo en cuenta lo establecido en la presente Instrucci\u00f3n y<br \/>\nlo que determine la autoridad sanitaria en cada momento, adaptado al contexto espec\u00edfico del centro\u201d.<br \/>\nAsimismo, en el segundo apartado de la misma Instrucci\u00f3n se alude a que \u201cEl protocolo contemplar\u00e1 las<br \/>\nsiguientes situaciones:<br \/>\na) Situaci\u00f3n de docencia presencial, ajustada al protocolo de actuaci\u00f3n espec\u00edfico.<br \/>\nb) Situaci\u00f3n excepcional con docencia telem\u00e1tica.<br \/>\nPara la elaboraci\u00f3n de este documento se pueden utilizar los aspectos concretos recogidos en el PAD. Estos<br \/>\naspectos aparecen ya en la R\u00fabrica TDE, en la que se muestran resaltados aquellos que resulten de especial utilidad para<br \/>\nsu incorporaci\u00f3n al Plan de Contingencia.<br \/>\n4.6. Plataformas de Aula Virtual.<br \/>\nLa plataforma educativa Moodle Centros alojada en los servidores centrales de la Consejer\u00eda de<br \/>\nEducaci\u00f3n y Deporte estar\u00e1 a disposici\u00f3n de todos los centros docentes p\u00fablicos de Andaluc\u00eda para facilitar el<br \/>\nentorno digital de aprendizaje durante el curso 2020\/21.<br \/>\nEl centro para el curso 2020\/2021 demand\u00f3 en su plan de F.P la disponibilidad de acceder al Aula Virtual<br \/>\ny la formaci\u00f3n necesaria para el manejo de la plataforma.<br \/>\nComo complemento a esta actuaci\u00f3n, se informar\u00e1 a los centros sobre el despliegue de plataformas<br \/>\nexternas de proveedores como Google y Microsoft.<br \/>\n4.7. Recursos educativos digitales.<br \/>\nPara facilitar la creaci\u00f3n y uso de recursos educativos digitales los centros tienen a su disposici\u00f3n el<br \/>\nespacio web e-Aprendizaje:<br \/>\n(https:\/\/www.juntadeandalucia.es\/educacion\/eaprendizaje).<br \/>\n4.8. Presencia en Internet.<br \/>\nConforme a lo establecido en el programa de acogida previsto en las Instrucciones de 15 de junio de 2020, de la<br \/>\nDirecci\u00f3n General de Ordenaci\u00f3n y Evaluaci\u00f3n Educativa, relativas a las medidas educativas a adoptar en el inicio del<br \/>\ncurso 2020\/21, los centros deben disponer de un espacio web donde centralizar toda la informaci\u00f3n necesaria para la<br \/>\ncomunidad educativa, especialmente la referente a las medidas de prevenci\u00f3n, vigilancia y seguridad que se hayan<br \/>\nestablecido.<br \/>\nPara ello, los centros disponen del servicio Blogsaverroes:<br \/>\n(https:\/\/blogsaverroes.juntadeandalucia.es), que permite la creaci\u00f3n de blogs educativos y espacios de<br \/>\ncentro.<br \/>\nEl centro cuenta con blogs relacionados con los diferentes planes y programas.<br \/>\n5. Coordinaci\u00f3n, participaci\u00f3n y reconocimiento<br \/>\n5.1. Coordinaci\u00f3n.<br \/>\nLa direcci\u00f3n de cada centro designar\u00e1 a un miembro del Claustro de profesorado como coordinador o<br \/>\ncoordinadora del proceso de transformaci\u00f3n digital cuyas funciones ser\u00e1n las siguientes:<br \/>\na) Dinamizar el proceso de transformaci\u00f3n.<br \/>\nb) Servir de enlace entre los diferentes sectores de la comunidad educativa y los Servicios Centrales.<br \/>\nc) Facilitar la mentor\u00eda interna y el aprendizaje horizontal.<br \/>\nd) Difundir los Marcos de Referencia de la Competencia Digital y las herramientas para la TDE implementadas en el<br \/>\nsistema de informaci\u00f3n S\u00e9neca.<br \/>\ne) Difundir los logros del centro, actuando como Community Manager.<br \/>\nf) Garantizar que se tienen en cuenta aspectos inclusivos en el proceso de TDE.<br \/>\ng) Ejercer el liderazgo delegado para la realizaci\u00f3n de las anteriores funciones.<br \/>\nEl horario lectivo semanal dedicado al desempe\u00f1o de las funciones de coordinaci\u00f3n en los colegios de<br \/>\nPrimaria (CEPR y CPR) y CEIP: Entre 6 y 17 unidades: 2 horas de dedicaci\u00f3n semanales.<br \/>\nSe podr\u00e1 formar un Equipo de Coordinaci\u00f3n que dispondr\u00e1 del horario no lectivo regular para la<br \/>\ndedicaci\u00f3n al desempe\u00f1o de sus funciones seg\u00fan sus necesidades y posibilidades.<br \/>\n5.2. Reconocimiento.<br \/>\nLa certificaci\u00f3n se obtendr\u00e1 siempre que se cumpla un m\u00ednimo de seis meses de participaci\u00f3n (ya sea en el mismo<br \/>\ncentro o en diferentes en el caso del profesorado sustituto), y se haya participado activamente ejecutando lo decidido<br \/>\nen el Plan de Actuaci\u00f3n Digital, en la Formaci\u00f3n prevista y realizado el Test de Competencia Digital Docente.<br \/>\n6. Infraestructuras tecnol\u00f3gicas.<br \/>\nEn el momento de elaboraci\u00f3n del TDE correspondiente al curso 2020\/2021 el centro se encuentra a la<br \/>\nespera de dotaci\u00f3n de infraestructura tecnol\u00f3gica, ya que en el mes de junio se dieron de baja todos los<br \/>\nequipos obsoletos que constitu\u00edan pr\u00e1cticamente la totalidad de los asignados para el trabajo del alumnado.<br \/>\nEste equipamiento ha sido demandado no solo para el trabajo en el centro sino tambi\u00e9n con objeto de<br \/>\nreducir la brecha digital con entrega en pr\u00e9stamo al alumnado en riesgo de exclusi\u00f3n digital y al profesorado<br \/>\nque lo necesite, garantizando asimismo la conectividad que posibilite la continuidad del proceso educativo<br \/>\nonline<\/p>\n","protected":false},"excerpt":{"rendered":"<p>PLAN DE TRANSFORMACI\u00d3N DIGITAL EDUCATIVA (TDE) 1. Normativa Este plan surge con el objeto de unificar criterios para poner en marcha las actuaciones que conduzcan&hellip;<\/p>\n","protected":false},"author":12036,"featured_media":0,"parent":0,"menu_order":0,"comment_status":"closed","ping_status":"closed","template":"","meta":{"ngg_post_thumbnail":0,"footnotes":"","_mc_calendar":[]},"aioseo_notices":[],"_links":{"self":[{"href":"https:\/\/blogsaverroes.juntadeandalucia.es\/ceipjosefinapascual\/wp-json\/wp\/v2\/pages\/2447"}],"collection":[{"href":"https:\/\/blogsaverroes.juntadeandalucia.es\/ceipjosefinapascual\/wp-json\/wp\/v2\/pages"}],"about":[{"href":"https:\/\/blogsaverroes.juntadeandalucia.es\/ceipjosefinapascual\/wp-json\/wp\/v2\/types\/page"}],"author":[{"embeddable":true,"href":"https:\/\/blogsaverroes.juntadeandalucia.es\/ceipjosefinapascual\/wp-json\/wp\/v2\/users\/12036"}],"replies":[{"embeddable":true,"href":"https:\/\/blogsaverroes.juntadeandalucia.es\/ceipjosefinapascual\/wp-json\/wp\/v2\/comments?post=2447"}],"version-history":[{"count":2,"href":"https:\/\/blogsaverroes.juntadeandalucia.es\/ceipjosefinapascual\/wp-json\/wp\/v2\/pages\/2447\/revisions"}],"predecessor-version":[{"id":2465,"href":"https:\/\/blogsaverroes.juntadeandalucia.es\/ceipjosefinapascual\/wp-json\/wp\/v2\/pages\/2447\/revisions\/2465"}],"wp:attachment":[{"href":"https:\/\/blogsaverroes.juntadeandalucia.es\/ceipjosefinapascual\/wp-json\/wp\/v2\/media?parent=2447"}],"curies":[{"name":"wp","href":"https:\/\/api.w.org\/{rel}","templated":true}]}}