{"id":99,"date":"2015-03-16T07:22:54","date_gmt":"2015-03-16T07:22:54","guid":{"rendered":"http:\/\/blogsaverroes.juntadeandalucia.es\/pre\/ceip\/?page_id=99"},"modified":"2021-11-06T17:22:46","modified_gmt":"2021-11-06T17:22:46","slug":"comedor-escolar","status":"publish","type":"page","link":"https:\/\/blogsaverroes.juntadeandalucia.es\/ceipjosefinapascual\/comedor-escolar\/","title":{"rendered":"Comedor escolar"},"content":{"rendered":"<h4>Nuestro Comedor Escolar<\/h4>\n<p>Los comedores escolares son un servicio complementario que resulta de gran utilidad a padres y madres para ayudarles a conciliar la vida laboral y familiar. Tienen una duraci\u00f3n de hasta dos horas desde que acaba la jornada escolar de la ma\u00f1ana (de 14.00 a 16.00 horas). En nuestro centro, contamos con comedor de <strong>gesti\u00f3n propia<\/strong>, donde los cocineros preparan la comida diariamente.<\/p>\n<p>Los comedores son adem\u00e1s una pieza importante&nbsp;en todas las medidas dirigidas a mejorar los h\u00e1bitos alimenticios de los ni\u00f1os y ni\u00f1as y prevenir problemas de salud como la obesidad.<\/p>\n<p>Los comedores escolares de los centros p\u00fablicos andaluces promueven una alimentaci\u00f3n saludable que est\u00e1 supervisada por nutricionistas y que, entre otros aspectos, se caracteriza por:<\/p>\n<p>Una mayor proporci\u00f3n de verdura en los men\u00fas<\/p>\n<p>Fruta fresca como postre al menos cuatro d\u00edas a la semana<\/p>\n<p>Uso de aceite de oliva virgen extra<\/p>\n<p>M\u00e1s pescado que carne, que debe ser magra<\/p>\n<p>Prohibici\u00f3n de los alimentos precocinados y limitaci\u00f3n de los fritos<\/p>\n<p>Apuesta por la dieta mediterr\u00e1nea y los productos ecol\u00f3gicos<\/p>\n<p>Men\u00fa para el mes de noviembre<\/p>\n<p><a href=\"https:\/\/blogsaverroes.juntadeandalucia.es\/ceipjosefinapascual\/files\/2021\/11\/20210910_101115-scaled.jpg\"><img loading=\"lazy\" decoding=\"async\" class=\"alignnone size-medium wp-image-2401\" src=\"https:\/\/blogsaverroes.juntadeandalucia.es\/ceipjosefinapascual\/files\/2021\/11\/20210910_101115-300x160.jpg\" alt=\"\" width=\"300\" height=\"160\" srcset=\"https:\/\/blogsaverroes.juntadeandalucia.es\/ceipjosefinapascual\/files\/2021\/11\/20210910_101115-300x160.jpg 300w, https:\/\/blogsaverroes.juntadeandalucia.es\/ceipjosefinapascual\/files\/2021\/11\/20210910_101115-1024x545.jpg 1024w, https:\/\/blogsaverroes.juntadeandalucia.es\/ceipjosefinapascual\/files\/2021\/11\/20210910_101115-768x409.jpg 768w, https:\/\/blogsaverroes.juntadeandalucia.es\/ceipjosefinapascual\/files\/2021\/11\/20210910_101115-1536x818.jpg 1536w, https:\/\/blogsaverroes.juntadeandalucia.es\/ceipjosefinapascual\/files\/2021\/11\/20210910_101115-2048x1091.jpg 2048w, https:\/\/blogsaverroes.juntadeandalucia.es\/ceipjosefinapascual\/files\/2021\/11\/20210910_101115-scaled.jpg 1600w\" sizes=\"(max-width: 300px) 100vw, 300px\" \/><\/a><\/p>\n<p>&nbsp;<\/p>\n<p>&nbsp;<\/p>\n","protected":false},"excerpt":{"rendered":"<p>Nuestro Comedor Escolar Los comedores escolares son un servicio complementario que resulta de gran utilidad a padres y madres para ayudarles a conciliar la vida&hellip;<\/p>\n","protected":false},"author":1,"featured_media":0,"parent":0,"menu_order":0,"comment_status":"closed","ping_status":"open","template":"","meta":{"ngg_post_thumbnail":0,"footnotes":"","_mc_calendar":[]},"aioseo_notices":[],"_links":{"self":[{"href":"https:\/\/blogsaverroes.juntadeandalucia.es\/ceipjosefinapascual\/wp-json\/wp\/v2\/pages\/99"}],"collection":[{"href":"https:\/\/blogsaverroes.juntadeandalucia.es\/ceipjosefinapascual\/wp-json\/wp\/v2\/pages"}],"about":[{"href":"https:\/\/blogsaverroes.juntadeandalucia.es\/ceipjosefinapascual\/wp-json\/wp\/v2\/types\/page"}],"author":[{"embeddable":true,"href":"https:\/\/blogsaverroes.juntadeandalucia.es\/ceipjosefinapascual\/wp-json\/wp\/v2\/users\/1"}],"replies":[{"embeddable":true,"href":"https:\/\/blogsaverroes.juntadeandalucia.es\/ceipjosefinapascual\/wp-json\/wp\/v2\/comments?post=99"}],"version-history":[{"count":6,"href":"https:\/\/blogsaverroes.juntadeandalucia.es\/ceipjosefinapascual\/wp-json\/wp\/v2\/pages\/99\/revisions"}],"predecessor-version":[{"id":2402,"href":"https:\/\/blogsaverroes.juntadeandalucia.es\/ceipjosefinapascual\/wp-json\/wp\/v2\/pages\/99\/revisions\/2402"}],"wp:attachment":[{"href":"https:\/\/blogsaverroes.juntadeandalucia.es\/ceipjosefinapascual\/wp-json\/wp\/v2\/media?parent=99"}],"curies":[{"name":"wp","href":"https:\/\/api.w.org\/{rel}","templated":true}]}}