{"id":141,"date":"2015-03-17T07:13:24","date_gmt":"2015-03-17T07:13:24","guid":{"rendered":"http:\/\/blogsaverroes.juntadeandalucia.es\/pre\/ceip\/?page_id=141"},"modified":"2020-03-02T17:05:52","modified_gmt":"2020-03-02T16:05:52","slug":"escolarizacion","status":"publish","type":"page","link":"https:\/\/blogsaverroes.juntadeandalucia.es\/ceipjosegillopez\/escolarizacion\/","title":{"rendered":"Escolarizaci\u00f3n"},"content":{"rendered":"<p><a href=\"http:\/\/blogsaverroes.juntadeandalucia.es\/ceipjosegillopez\/files\/2015\/03\/escolarizaci\u00f3n.jpeg\"><img loading=\"lazy\" decoding=\"async\" class=\"alignnone wp-image-2214 size-full\" src=\"http:\/\/blogsaverroes.juntadeandalucia.es\/ceipjosegillopez\/files\/2015\/03\/escolarizaci\u00f3n.jpeg\" width=\"289\" height=\"174\" srcset=\"https:\/\/blogsaverroes.juntadeandalucia.es\/ceipjosegillopez\/files\/2015\/03\/escolarizaci\u00f3n.jpeg 289w, https:\/\/blogsaverroes.juntadeandalucia.es\/ceipjosegillopez\/files\/2015\/03\/escolarizaci\u00f3n-24x14.jpeg 24w, https:\/\/blogsaverroes.juntadeandalucia.es\/ceipjosegillopez\/files\/2015\/03\/escolarizaci\u00f3n-36x22.jpeg 36w, https:\/\/blogsaverroes.juntadeandalucia.es\/ceipjosegillopez\/files\/2015\/03\/escolarizaci\u00f3n-48x29.jpeg 48w\" sizes=\"(max-width: 289px) 100vw, 289px\" \/><\/a><\/p>\n<p>En el siguiente enlace obtendr\u00e1 cuanta informaci\u00f3n sea de utilidad para las familias a la hora de de iniciar el proceso de escolarizaci\u00f3n: plazos, documentos, normativa, enlaces, etc.<\/p>\n<p><a title=\"Portal escolarizaci\u00f3n\" href=\"http:\/\/www.juntadeandalucia.es\/educacion\/webportal\/web\/portal-escolarizacion\/infantil-primaria-eso-bachillerato\" target=\"_blank\" rel=\"noopener noreferrer\">Enlace al portal de escolarizaci\u00f3n.<\/a><\/p>\n<p><a href=\"http:\/\/portals.ced.junta-andalucia.es\/educacion\/portals\/delegate\/content\/93daa437-2846-4bbd-9eee-2f2ce80ad156\/Instrucciones%20admisi%C3%B3n%202020\">Normativa<\/a>&nbsp;sobre el proceso de escolarizaci\u00f3n.<\/p>\n","protected":false},"excerpt":{"rendered":"<p>En el siguiente enlace obtendr\u00e1 cuanta informaci\u00f3n sea de utilidad para las familias a la hora de de iniciar el proceso de escolarizaci\u00f3n: plazos, documentos, normativa, enlaces, etc. Enlace al portal de escolarizaci\u00f3n. Normativa&nbsp;sobre&#46;&#46;&#46;<\/p>\n","protected":false},"author":1,"featured_media":0,"parent":0,"menu_order":0,"comment_status":"open","ping_status":"open","template":"","meta":{"ngg_post_thumbnail":0,"footnotes":"","_mc_calendar":[]},"aioseo_notices":[],"_links":{"self":[{"href":"https:\/\/blogsaverroes.juntadeandalucia.es\/ceipjosegillopez\/wp-json\/wp\/v2\/pages\/141"}],"collection":[{"href":"https:\/\/blogsaverroes.juntadeandalucia.es\/ceipjosegillopez\/wp-json\/wp\/v2\/pages"}],"about":[{"href":"https:\/\/blogsaverroes.juntadeandalucia.es\/ceipjosegillopez\/wp-json\/wp\/v2\/types\/page"}],"author":[{"embeddable":true,"href":"https:\/\/blogsaverroes.juntadeandalucia.es\/ceipjosegillopez\/wp-json\/wp\/v2\/users\/1"}],"replies":[{"embeddable":true,"href":"https:\/\/blogsaverroes.juntadeandalucia.es\/ceipjosegillopez\/wp-json\/wp\/v2\/comments?post=141"}],"version-history":[{"count":8,"href":"https:\/\/blogsaverroes.juntadeandalucia.es\/ceipjosegillopez\/wp-json\/wp\/v2\/pages\/141\/revisions"}],"predecessor-version":[{"id":2325,"href":"https:\/\/blogsaverroes.juntadeandalucia.es\/ceipjosegillopez\/wp-json\/wp\/v2\/pages\/141\/revisions\/2325"}],"wp:attachment":[{"href":"https:\/\/blogsaverroes.juntadeandalucia.es\/ceipjosegillopez\/wp-json\/wp\/v2\/media?parent=141"}],"curies":[{"name":"wp","href":"https:\/\/api.w.org\/{rel}","templated":true}]}}