{"id":1725,"date":"2015-05-21T19:52:41","date_gmt":"2015-05-21T19:52:41","guid":{"rendered":"http:\/\/blogsaverroes.juntadeandalucia.es\/ceipjosegillopez\/?page_id=1725"},"modified":"2017-02-21T13:22:20","modified_gmt":"2017-02-21T12:22:20","slug":"informacion","status":"publish","type":"page","link":"https:\/\/blogsaverroes.juntadeandalucia.es\/ceipjosegillopez\/informacion\/","title":{"rendered":"Informaci\u00f3n"},"content":{"rendered":"<table style=\"height: 302px\" width=\"637\">\n<tbody>\n<tr>\n<td style=\"background-color: #732c7c\">\n<h5 align=\"justify\"><span style=\"color: #ffffff\"><strong>Charla-coloquio sobre Acoso Escolar el pr\u00f3ximo Lunes 20 de Febrero . Biblioteca del colegio.<\/strong><\/span><\/h5>\n<h5 align=\"justify\"><span style=\"color: #ffffff\"><strong>Promociona: AMPA Santa Ana<br \/>\n<\/strong><\/span><\/h5>\n<\/td>\n<\/tr>\n<tr>\n<td style=\"text-align: left\"><\/td>\n<\/tr>\n<tr>\n<td style=\"text-align: left\"><\/td>\n<\/tr>\n<tr>\n<td style=\"text-align: left\">Jueves 23 de Febrero celebraci\u00f3n del <strong>d\u00eda de Andaluc\u00eda.<\/strong><\/td>\n<\/tr>\n<tr>\n<td style=\"text-align: left\"><\/td>\n<\/tr>\n<tr>\n<td style=\"text-align: left\">Viernes 24 de Febrero actividades de <strong>Carnaval.<\/strong><\/td>\n<\/tr>\n<tr>\n<td style=\"text-align: left\"><\/td>\n<\/tr>\n<tr>\n<td style=\"text-align: left\">Del 27 de febrero al 5 de Marzo: S<strong>emana Blanca<\/strong><\/td>\n<\/tr>\n<tr>\n<td><\/td>\n<\/tr>\n<tr>\n<td><\/td>\n<\/tr>\n<tr>\n<td><\/td>\n<\/tr>\n<tr>\n<td><\/td>\n<\/tr>\n<\/tbody>\n<\/table>\n","protected":false},"excerpt":{"rendered":"<p>Charla-coloquio sobre Acoso Escolar el pr\u00f3ximo Lunes 20 de Febrero . Biblioteca del colegio. Promociona: AMPA Santa Ana Jueves 23 de Febrero celebraci\u00f3n del d\u00eda de Andaluc\u00eda. Viernes 24 de Febrero actividades de Carnaval.&#46;&#46;&#46;<\/p>\n","protected":false},"author":1,"featured_media":0,"parent":0,"menu_order":0,"comment_status":"open","ping_status":"closed","template":"","meta":{"ngg_post_thumbnail":0,"footnotes":"","_mc_calendar":[]},"aioseo_notices":[],"_links":{"self":[{"href":"https:\/\/blogsaverroes.juntadeandalucia.es\/ceipjosegillopez\/wp-json\/wp\/v2\/pages\/1725"}],"collection":[{"href":"https:\/\/blogsaverroes.juntadeandalucia.es\/ceipjosegillopez\/wp-json\/wp\/v2\/pages"}],"about":[{"href":"https:\/\/blogsaverroes.juntadeandalucia.es\/ceipjosegillopez\/wp-json\/wp\/v2\/types\/page"}],"author":[{"embeddable":true,"href":"https:\/\/blogsaverroes.juntadeandalucia.es\/ceipjosegillopez\/wp-json\/wp\/v2\/users\/1"}],"replies":[{"embeddable":true,"href":"https:\/\/blogsaverroes.juntadeandalucia.es\/ceipjosegillopez\/wp-json\/wp\/v2\/comments?post=1725"}],"version-history":[{"count":4,"href":"https:\/\/blogsaverroes.juntadeandalucia.es\/ceipjosegillopez\/wp-json\/wp\/v2\/pages\/1725\/revisions"}],"predecessor-version":[{"id":2190,"href":"https:\/\/blogsaverroes.juntadeandalucia.es\/ceipjosegillopez\/wp-json\/wp\/v2\/pages\/1725\/revisions\/2190"}],"wp:attachment":[{"href":"https:\/\/blogsaverroes.juntadeandalucia.es\/ceipjosegillopez\/wp-json\/wp\/v2\/media?parent=1725"}],"curies":[{"name":"wp","href":"https:\/\/api.w.org\/{rel}","templated":true}]}}