{"id":2,"date":"2014-08-25T11:09:05","date_gmt":"2014-08-25T11:09:05","guid":{"rendered":"http:\/\/blogsaverroes.juntadeandalucia.es\/igge\/?page_id=2"},"modified":"2017-02-20T13:37:08","modified_gmt":"2017-02-20T12:37:08","slug":"pagina-ejemplo","status":"publish","type":"page","link":"https:\/\/blogsaverroes.juntadeandalucia.es\/ceipjosegillopez\/pagina-ejemplo\/","title":{"rendered":"P\u00e1gina de la Comunidad Educativa"},"content":{"rendered":"<p>Esta p\u00e1gina est\u00e1 dise\u00f1ada para que cualquier persona relacionada con nuestro Centro o nuestro pueblo,\u00a0 pueda dejar su mensaje o su oferta para ser compartida.<\/p>\n<p>Esto es un ejemplo. Podr\u00eda ser algo como esto:<\/p>\n<blockquote><p>\u00a1Hola! Soy pintor y ofrezco mis servicios a la Comunidad Educativa del CEIP Jos\u00e9 Gil L\u00f3pez. Trabajo r\u00e1pido. Buen acabado y precios superecon\u00f3micos, y este es mi blog&#8230;.<\/p><\/blockquote>\n<p>&#8230;o algo as\u00ed:<\/p>\n<blockquote><p>Soy Ana y me ofrezco al cuidado de ni\u00f1os o personas mayores. Experiencia y profesionalidad. Mi tel\u00e9fono&#8230;..<\/p><\/blockquote>\n<p>&nbsp;<\/p>\n","protected":false},"excerpt":{"rendered":"<p>Esta p\u00e1gina est\u00e1 dise\u00f1ada para que cualquier persona relacionada con nuestro Centro o nuestro pueblo,\u00a0 pueda dejar su mensaje o su oferta para ser compartida. Esto es un ejemplo. Podr\u00eda ser algo como esto:&#46;&#46;&#46;<\/p>\n","protected":false},"author":1,"featured_media":0,"parent":0,"menu_order":0,"comment_status":"open","ping_status":"open","template":"","meta":{"ngg_post_thumbnail":0,"footnotes":"","_mc_calendar":[]},"aioseo_notices":[],"_links":{"self":[{"href":"https:\/\/blogsaverroes.juntadeandalucia.es\/ceipjosegillopez\/wp-json\/wp\/v2\/pages\/2"}],"collection":[{"href":"https:\/\/blogsaverroes.juntadeandalucia.es\/ceipjosegillopez\/wp-json\/wp\/v2\/pages"}],"about":[{"href":"https:\/\/blogsaverroes.juntadeandalucia.es\/ceipjosegillopez\/wp-json\/wp\/v2\/types\/page"}],"author":[{"embeddable":true,"href":"https:\/\/blogsaverroes.juntadeandalucia.es\/ceipjosegillopez\/wp-json\/wp\/v2\/users\/1"}],"replies":[{"embeddable":true,"href":"https:\/\/blogsaverroes.juntadeandalucia.es\/ceipjosegillopez\/wp-json\/wp\/v2\/comments?post=2"}],"version-history":[{"count":3,"href":"https:\/\/blogsaverroes.juntadeandalucia.es\/ceipjosegillopez\/wp-json\/wp\/v2\/pages\/2\/revisions"}],"predecessor-version":[{"id":2172,"href":"https:\/\/blogsaverroes.juntadeandalucia.es\/ceipjosegillopez\/wp-json\/wp\/v2\/pages\/2\/revisions\/2172"}],"wp:attachment":[{"href":"https:\/\/blogsaverroes.juntadeandalucia.es\/ceipjosegillopez\/wp-json\/wp\/v2\/media?parent=2"}],"curies":[{"name":"wp","href":"https:\/\/api.w.org\/{rel}","templated":true}]}}