{"id":35,"date":"2015-03-13T08:21:43","date_gmt":"2015-03-13T08:21:43","guid":{"rendered":"http:\/\/blogsaverroes.juntadeandalucia.es\/pre\/ceip\/?page_id=35"},"modified":"2022-03-16T13:46:56","modified_gmt":"2022-03-16T12:46:56","slug":"el-centro-2","status":"publish","type":"page","link":"https:\/\/blogsaverroes.juntadeandalucia.es\/ceipjosegillopez\/el-centro-2\/","title":{"rendered":"C.E.I.P. JOS\u00c9 GIL L\u00d3PEZ (ALGARROBO) M\u00c1LAGA"},"content":{"rendered":"<p><a href=\"http:\/\/portals.ced.junta-andalucia.es\/educacion\/portals\/web\/escolarizacion\">ESCOLARIZACI\u00d3N 2021\/2022<\/a><\/p>\n<p>&nbsp;<\/p>\n<p><a href=\"http:\/\/blogsaverroes.juntadeandalucia.es\/ceipjosegillopez\/files\/2015\/03\/lightbox_algarrobo-espania.jpg\"><img loading=\"lazy\" decoding=\"async\" class=\"wp-image-2235 aligncenter\" src=\"http:\/\/blogsaverroes.juntadeandalucia.es\/ceipjosegillopez\/files\/2015\/03\/lightbox_algarrobo-espania-300x225.jpg\" alt=\"\" width=\"269\" height=\"202\" srcset=\"https:\/\/blogsaverroes.juntadeandalucia.es\/ceipjosegillopez\/files\/2015\/03\/lightbox_algarrobo-espania-300x225.jpg 300w, https:\/\/blogsaverroes.juntadeandalucia.es\/ceipjosegillopez\/files\/2015\/03\/lightbox_algarrobo-espania-768x576.jpg 768w, https:\/\/blogsaverroes.juntadeandalucia.es\/ceipjosegillopez\/files\/2015\/03\/lightbox_algarrobo-espania-24x18.jpg 24w, https:\/\/blogsaverroes.juntadeandalucia.es\/ceipjosegillopez\/files\/2015\/03\/lightbox_algarrobo-espania-36x27.jpg 36w, https:\/\/blogsaverroes.juntadeandalucia.es\/ceipjosegillopez\/files\/2015\/03\/lightbox_algarrobo-espania-48x36.jpg 48w, https:\/\/blogsaverroes.juntadeandalucia.es\/ceipjosegillopez\/files\/2015\/03\/lightbox_algarrobo-espania.jpg 800w\" sizes=\"(max-width: 269px) 100vw, 269px\" \/><\/a><a href=\"http:\/\/blogsaverroes.juntadeandalucia.es\/ceipjosegillopez\/files\/2015\/03\/algarrobo-8.jpg\"><img loading=\"lazy\" decoding=\"async\" class=\"alignnone wp-image-2238\" src=\"http:\/\/blogsaverroes.juntadeandalucia.es\/ceipjosegillopez\/files\/2015\/03\/algarrobo-8-300x200.jpg\" alt=\"\" width=\"267\" height=\"178\" srcset=\"https:\/\/blogsaverroes.juntadeandalucia.es\/ceipjosegillopez\/files\/2015\/03\/algarrobo-8-300x200.jpg 300w, https:\/\/blogsaverroes.juntadeandalucia.es\/ceipjosegillopez\/files\/2015\/03\/algarrobo-8-24x16.jpg 24w, https:\/\/blogsaverroes.juntadeandalucia.es\/ceipjosegillopez\/files\/2015\/03\/algarrobo-8-36x24.jpg 36w, https:\/\/blogsaverroes.juntadeandalucia.es\/ceipjosegillopez\/files\/2015\/03\/algarrobo-8-48x32.jpg 48w, https:\/\/blogsaverroes.juntadeandalucia.es\/ceipjosegillopez\/files\/2015\/03\/algarrobo-8.jpg 720w\" sizes=\"(max-width: 267px) 100vw, 267px\" \/><\/a><a href=\"https:\/\/www.google.com\/search?q=colegio%20de%20Algarrobo&amp;rlz=1C1GCEA_enES953ES953&amp;oq=colegio+de+Algarrobo&amp;aqs=chrome..69i57j0i22i30l9.5404j0j15&amp;sourceid=chrome&amp;ie=UTF-8&amp;tbs=lf:1,lf_ui:2&amp;tbm=lcl&amp;sxsrf=APq-WBt3pUaNP2QUd-M4ZXx3d9Fgxw0p1g:1647431911537&amp;rflfq=1&amp;num=10&amp;rldimm=16649600811367704076&amp;lqi=ChRjb2xlZ2lvIGRlIEFsZ2Fycm9ib1ocIhRjb2xlZ2lvIGRlIGFsZ2Fycm9ibyoECAMQAJIBBnNjaG9vbJoBI0NoWkRTVWhOTUc5blMwVkpRMEZuU1VOTExYQjZPVk5CRUFFqgEPEAEqCyIHY29sZWdpbygO&amp;ved=2ahUKEwjlwYOPysr2AhWrzIUKHQzkC10QvS56BAgNEDM&amp;rlst=f#rlfi=hd:;si:,36.76442056283757,-4.035604324328614;mv:[[36.7754081,-4.0359139],[36.7461371,-4.0476738]]\"><img loading=\"lazy\" decoding=\"async\" class=\"size-full wp-image-2234 alignright\" src=\"http:\/\/blogsaverroes.juntadeandalucia.es\/ceipjosegillopez\/files\/2015\/03\/image.jpg\" alt=\"\" width=\"266\" height=\"200\" srcset=\"https:\/\/blogsaverroes.juntadeandalucia.es\/ceipjosegillopez\/files\/2015\/03\/image.jpg 266w, https:\/\/blogsaverroes.juntadeandalucia.es\/ceipjosegillopez\/files\/2015\/03\/image-24x18.jpg 24w, https:\/\/blogsaverroes.juntadeandalucia.es\/ceipjosegillopez\/files\/2015\/03\/image-36x27.jpg 36w, https:\/\/blogsaverroes.juntadeandalucia.es\/ceipjosegillopez\/files\/2015\/03\/image-48x36.jpg 48w\" sizes=\"(max-width: 266px) 100vw, 266px\" \/><\/a><\/p>\n<p>&nbsp;<\/p>\n<p>C.E.I.P. Jos\u00e9 Gil L\u00f3pez 29000165<\/p>\n<p><strong>direcci\u00f3n:<\/strong> &nbsp;Calle del Rio S\/N. C\u00f3digo Postal: 29750 Algarrobo (M\u00e1laga)<\/p>\n<p><a href=\"https:\/\/www.google.com\/search?q=colegio%20de%20Algarrobo&amp;rlz=1C1GCEA_enES953ES953&amp;oq=colegio+de+Algarrobo&amp;aqs=chrome..69i57j0i22i30l9.5404j0j15&amp;sourceid=chrome&amp;ie=UTF-8&amp;tbs=lf:1,lf_ui:2&amp;tbm=lcl&amp;sxsrf=APq-WBt3pUaNP2QUd-M4ZXx3d9Fgxw0p1g:1647431911537&amp;rflfq=1&amp;num=10&amp;rldimm=16649600811367704076&amp;lqi=ChRjb2xlZ2lvIGRlIEFsZ2Fycm9ib1ocIhRjb2xlZ2lvIGRlIGFsZ2Fycm9ibyoECAMQAJIBBnNjaG9vbJoBI0NoWkRTVWhOTUc5blMwVkpRMEZuU1VOTExYQjZPVk5CRUFFqgEPEAEqCyIHY29sZWdpbygO&amp;ved=2ahUKEwjlwYOPysr2AhWrzIUKHQzkC10QvS56BAgNEDM&amp;rlst=f#rlfi=hd:;si:,36.76442056283757,-4.035604324328614;mv:[[36.7754081,-4.0359139],[36.7461371,-4.0476738]]\">B\u00daSQUEDA GOOGLE MAP AQU\u00cd<\/a><\/p>\n<p>&nbsp;<\/p>\n<p>&nbsp;<\/p>\n<p><strong>Tel\u00e9fono \/ FAX: 951289591\/951289593<\/strong><br \/>\n<strong>Email:<\/strong> 29000165.edu@juntadeandalucia.es<\/p>\n<h4><strong>Horarios<\/strong><\/h4>\n<p>Aula Matinal: de 07:30 a 09:00 horas<\/p>\n<p>Actividades lectivas: 09:00 a 14:00 horas<\/p>\n<p>Tutor\u00edas: Lunes de 16:00 a 17:00 horas<\/p>\n<p>Actividades extraescolares: de Lunes a Jueves de 16:00 a 18:00 horas<\/p>\n<p>Plan de Acompa\u00f1amiento: Martes y Jueves de 16:00 a 18:00 horas<\/p>\n<h4><strong>Oferta educativa<\/strong><\/h4>\n<p>Centro de 2\u00ba ciclo de Educaci\u00f3n Infantil y&nbsp; Educaci\u00f3n Primaria<\/p>\n<h4>Instalaciones<\/h4>\n<p><a href=\"http:\/\/blogsaverroes.juntadeandalucia.es\/ceipjosegillopez\/files\/2015\/03\/colegio-fachada-molino-1.jpg\"><img loading=\"lazy\" decoding=\"async\" class=\"size-full wp-image-2233 aligncenter\" src=\"http:\/\/blogsaverroes.juntadeandalucia.es\/ceipjosegillopez\/files\/2015\/03\/colegio-fachada-molino-1.jpg\" alt=\"\" width=\"200\" height=\"150\" srcset=\"https:\/\/blogsaverroes.juntadeandalucia.es\/ceipjosegillopez\/files\/2015\/03\/colegio-fachada-molino-1.jpg 200w, https:\/\/blogsaverroes.juntadeandalucia.es\/ceipjosegillopez\/files\/2015\/03\/colegio-fachada-molino-1-24x18.jpg 24w, https:\/\/blogsaverroes.juntadeandalucia.es\/ceipjosegillopez\/files\/2015\/03\/colegio-fachada-molino-1-36x27.jpg 36w, https:\/\/blogsaverroes.juntadeandalucia.es\/ceipjosegillopez\/files\/2015\/03\/colegio-fachada-molino-1-48x36.jpg 48w\" sizes=\"(max-width: 200px) 100vw, 200px\" \/><\/a><a href=\"http:\/\/blogsaverroes.juntadeandalucia.es\/ceipjosegillopez\/files\/2015\/05\/Imagen-003.jpg\"><img loading=\"lazy\" decoding=\"async\" class=\"size-medium wp-image-2119 aligncenter\" src=\"http:\/\/blogsaverroes.juntadeandalucia.es\/ceipjosegillopez\/files\/2015\/05\/Imagen-003-300x225.jpg\" alt=\"\" width=\"300\" height=\"225\" srcset=\"https:\/\/blogsaverroes.juntadeandalucia.es\/ceipjosegillopez\/files\/2015\/05\/Imagen-003-300x225.jpg 300w, https:\/\/blogsaverroes.juntadeandalucia.es\/ceipjosegillopez\/files\/2015\/05\/Imagen-003-1024x768.jpg 1024w, https:\/\/blogsaverroes.juntadeandalucia.es\/ceipjosegillopez\/files\/2015\/05\/Imagen-003-24x18.jpg 24w, https:\/\/blogsaverroes.juntadeandalucia.es\/ceipjosegillopez\/files\/2015\/05\/Imagen-003-36x27.jpg 36w, https:\/\/blogsaverroes.juntadeandalucia.es\/ceipjosegillopez\/files\/2015\/05\/Imagen-003-48x36.jpg 48w\" sizes=\"(max-width: 300px) 100vw, 300px\" \/><\/a><a href=\"http:\/\/blogsaverroes.juntadeandalucia.es\/ceipjosegillopez\/files\/2015\/03\/pension-algarrobena.jpg\"><img loading=\"lazy\" decoding=\"async\" class=\"size-medium wp-image-2236 aligncenter\" src=\"http:\/\/blogsaverroes.juntadeandalucia.es\/ceipjosegillopez\/files\/2015\/03\/pension-algarrobena-300x199.jpg\" alt=\"\" width=\"300\" height=\"199\" srcset=\"https:\/\/blogsaverroes.juntadeandalucia.es\/ceipjosegillopez\/files\/2015\/03\/pension-algarrobena-300x199.jpg 300w, https:\/\/blogsaverroes.juntadeandalucia.es\/ceipjosegillopez\/files\/2015\/03\/pension-algarrobena-24x16.jpg 24w, https:\/\/blogsaverroes.juntadeandalucia.es\/ceipjosegillopez\/files\/2015\/03\/pension-algarrobena-36x24.jpg 36w, https:\/\/blogsaverroes.juntadeandalucia.es\/ceipjosegillopez\/files\/2015\/03\/pension-algarrobena-48x32.jpg 48w, https:\/\/blogsaverroes.juntadeandalucia.es\/ceipjosegillopez\/files\/2015\/03\/pension-algarrobena.jpg 550w\" sizes=\"(max-width: 300px) 100vw, 300px\" \/><\/a><a href=\"http:\/\/blogsaverroes.juntadeandalucia.es\/ceipjosegillopez\/files\/2015\/03\/image.jpg\"><img loading=\"lazy\" decoding=\"async\" class=\"size-medium wp-image-2234 aligncenter\" src=\"http:\/\/blogsaverroes.juntadeandalucia.es\/ceipjosegillopez\/files\/2015\/03\/image.jpg\" alt=\"\" width=\"266\" height=\"200\" srcset=\"https:\/\/blogsaverroes.juntadeandalucia.es\/ceipjosegillopez\/files\/2015\/03\/image.jpg 266w, https:\/\/blogsaverroes.juntadeandalucia.es\/ceipjosegillopez\/files\/2015\/03\/image-24x18.jpg 24w, https:\/\/blogsaverroes.juntadeandalucia.es\/ceipjosegillopez\/files\/2015\/03\/image-36x27.jpg 36w, https:\/\/blogsaverroes.juntadeandalucia.es\/ceipjosegillopez\/files\/2015\/03\/image-48x36.jpg 48w\" sizes=\"(max-width: 266px) 100vw, 266px\" \/><\/a><a href=\"https:\/\/blogsaverroes.juntadeandalucia.es\/ceipjosegillopez\/files\/2022\/03\/ASCENSOR.jpeg\"><img loading=\"lazy\" decoding=\"async\" class=\"size-medium wp-image-2529 alignright\" src=\"https:\/\/blogsaverroes.juntadeandalucia.es\/ceipjosegillopez\/files\/2022\/03\/ASCENSOR-135x300.jpeg\" alt=\"\" width=\"135\" height=\"300\" srcset=\"https:\/\/blogsaverroes.juntadeandalucia.es\/ceipjosegillopez\/files\/2022\/03\/ASCENSOR-135x300.jpeg 135w, https:\/\/blogsaverroes.juntadeandalucia.es\/ceipjosegillopez\/files\/2022\/03\/ASCENSOR-461x1024.jpeg 461w, https:\/\/blogsaverroes.juntadeandalucia.es\/ceipjosegillopez\/files\/2022\/03\/ASCENSOR-768x1707.jpeg 768w, https:\/\/blogsaverroes.juntadeandalucia.es\/ceipjosegillopez\/files\/2022\/03\/ASCENSOR-691x1536.jpeg 691w, https:\/\/blogsaverroes.juntadeandalucia.es\/ceipjosegillopez\/files\/2022\/03\/ASCENSOR.jpeg 720w\" sizes=\"(max-width: 135px) 100vw, 135px\" \/><\/a><a href=\"https:\/\/blogsaverroes.juntadeandalucia.es\/ceipjosegillopez\/files\/2022\/03\/ENTRADAS-AULAS.jpeg\"><img loading=\"lazy\" decoding=\"async\" class=\"size-medium wp-image-2530 alignright\" src=\"https:\/\/blogsaverroes.juntadeandalucia.es\/ceipjosegillopez\/files\/2022\/03\/ENTRADAS-AULAS-135x300.jpeg\" alt=\"\" width=\"135\" height=\"300\" srcset=\"https:\/\/blogsaverroes.juntadeandalucia.es\/ceipjosegillopez\/files\/2022\/03\/ENTRADAS-AULAS-135x300.jpeg 135w, https:\/\/blogsaverroes.juntadeandalucia.es\/ceipjosegillopez\/files\/2022\/03\/ENTRADAS-AULAS-461x1024.jpeg 461w, https:\/\/blogsaverroes.juntadeandalucia.es\/ceipjosegillopez\/files\/2022\/03\/ENTRADAS-AULAS-768x1707.jpeg 768w, https:\/\/blogsaverroes.juntadeandalucia.es\/ceipjosegillopez\/files\/2022\/03\/ENTRADAS-AULAS-691x1536.jpeg 691w, https:\/\/blogsaverroes.juntadeandalucia.es\/ceipjosegillopez\/files\/2022\/03\/ENTRADAS-AULAS.jpeg 720w\" sizes=\"(max-width: 135px) 100vw, 135px\" \/><\/a><a href=\"https:\/\/blogsaverroes.juntadeandalucia.es\/ceipjosegillopez\/files\/2022\/03\/ESCALERAS.jpeg\"><img loading=\"lazy\" decoding=\"async\" class=\"size-medium wp-image-2531 alignright\" src=\"https:\/\/blogsaverroes.juntadeandalucia.es\/ceipjosegillopez\/files\/2022\/03\/ESCALERAS-135x300.jpeg\" alt=\"\" width=\"135\" height=\"300\" srcset=\"https:\/\/blogsaverroes.juntadeandalucia.es\/ceipjosegillopez\/files\/2022\/03\/ESCALERAS-135x300.jpeg 135w, https:\/\/blogsaverroes.juntadeandalucia.es\/ceipjosegillopez\/files\/2022\/03\/ESCALERAS-461x1024.jpeg 461w, https:\/\/blogsaverroes.juntadeandalucia.es\/ceipjosegillopez\/files\/2022\/03\/ESCALERAS-768x1707.jpeg 768w, https:\/\/blogsaverroes.juntadeandalucia.es\/ceipjosegillopez\/files\/2022\/03\/ESCALERAS-691x1536.jpeg 691w, https:\/\/blogsaverroes.juntadeandalucia.es\/ceipjosegillopez\/files\/2022\/03\/ESCALERAS.jpeg 720w\" sizes=\"(max-width: 135px) 100vw, 135px\" \/><\/a><a href=\"https:\/\/blogsaverroes.juntadeandalucia.es\/ceipjosegillopez\/files\/2022\/03\/GIMNASIO.jpeg\"><img loading=\"lazy\" decoding=\"async\" class=\"size-medium wp-image-2532 alignright\" src=\"https:\/\/blogsaverroes.juntadeandalucia.es\/ceipjosegillopez\/files\/2022\/03\/GIMNASIO-135x300.jpeg\" alt=\"\" width=\"135\" height=\"300\" srcset=\"https:\/\/blogsaverroes.juntadeandalucia.es\/ceipjosegillopez\/files\/2022\/03\/GIMNASIO-135x300.jpeg 135w, https:\/\/blogsaverroes.juntadeandalucia.es\/ceipjosegillopez\/files\/2022\/03\/GIMNASIO-461x1024.jpeg 461w, https:\/\/blogsaverroes.juntadeandalucia.es\/ceipjosegillopez\/files\/2022\/03\/GIMNASIO-768x1707.jpeg 768w, https:\/\/blogsaverroes.juntadeandalucia.es\/ceipjosegillopez\/files\/2022\/03\/GIMNASIO-691x1536.jpeg 691w, https:\/\/blogsaverroes.juntadeandalucia.es\/ceipjosegillopez\/files\/2022\/03\/GIMNASIO.jpeg 720w\" sizes=\"(max-width: 135px) 100vw, 135px\" \/><\/a><a href=\"https:\/\/blogsaverroes.juntadeandalucia.es\/ceipjosegillopez\/files\/2022\/03\/SALA-DE-PROFESORES.jpeg\"><img loading=\"lazy\" decoding=\"async\" class=\"size-medium wp-image-2535 aligncenter\" src=\"https:\/\/blogsaverroes.juntadeandalucia.es\/ceipjosegillopez\/files\/2022\/03\/SALA-DE-PROFESORES-300x135.jpeg\" alt=\"\" width=\"300\" height=\"135\" srcset=\"https:\/\/blogsaverroes.juntadeandalucia.es\/ceipjosegillopez\/files\/2022\/03\/SALA-DE-PROFESORES-300x135.jpeg 300w, https:\/\/blogsaverroes.juntadeandalucia.es\/ceipjosegillopez\/files\/2022\/03\/SALA-DE-PROFESORES-1024x461.jpeg 1024w, https:\/\/blogsaverroes.juntadeandalucia.es\/ceipjosegillopez\/files\/2022\/03\/SALA-DE-PROFESORES-768x346.jpeg 768w, https:\/\/blogsaverroes.juntadeandalucia.es\/ceipjosegillopez\/files\/2022\/03\/SALA-DE-PROFESORES-1536x691.jpeg 1536w, https:\/\/blogsaverroes.juntadeandalucia.es\/ceipjosegillopez\/files\/2022\/03\/SALA-DE-PROFESORES.jpeg 1600w\" sizes=\"(max-width: 300px) 100vw, 300px\" \/><\/a><a href=\"https:\/\/blogsaverroes.juntadeandalucia.es\/ceipjosegillopez\/files\/2022\/03\/PATIO-INFANTIL.jpeg\"><img loading=\"lazy\" decoding=\"async\" class=\"size-medium wp-image-2534 aligncenter\" src=\"https:\/\/blogsaverroes.juntadeandalucia.es\/ceipjosegillopez\/files\/2022\/03\/PATIO-INFANTIL-300x135.jpeg\" alt=\"\" width=\"300\" height=\"135\" srcset=\"https:\/\/blogsaverroes.juntadeandalucia.es\/ceipjosegillopez\/files\/2022\/03\/PATIO-INFANTIL-300x135.jpeg 300w, https:\/\/blogsaverroes.juntadeandalucia.es\/ceipjosegillopez\/files\/2022\/03\/PATIO-INFANTIL-1024x461.jpeg 1024w, https:\/\/blogsaverroes.juntadeandalucia.es\/ceipjosegillopez\/files\/2022\/03\/PATIO-INFANTIL-768x346.jpeg 768w, https:\/\/blogsaverroes.juntadeandalucia.es\/ceipjosegillopez\/files\/2022\/03\/PATIO-INFANTIL-1536x691.jpeg 1536w, https:\/\/blogsaverroes.juntadeandalucia.es\/ceipjosegillopez\/files\/2022\/03\/PATIO-INFANTIL.jpeg 1600w\" sizes=\"(max-width: 300px) 100vw, 300px\" \/><\/a><a href=\"https:\/\/blogsaverroes.juntadeandalucia.es\/ceipjosegillopez\/files\/2022\/03\/PATIO-COLE.jpeg\"><img loading=\"lazy\" decoding=\"async\" class=\"size-medium wp-image-2533 aligncenter\" src=\"https:\/\/blogsaverroes.juntadeandalucia.es\/ceipjosegillopez\/files\/2022\/03\/PATIO-COLE-300x135.jpeg\" alt=\"\" width=\"300\" height=\"135\" srcset=\"https:\/\/blogsaverroes.juntadeandalucia.es\/ceipjosegillopez\/files\/2022\/03\/PATIO-COLE-300x135.jpeg 300w, https:\/\/blogsaverroes.juntadeandalucia.es\/ceipjosegillopez\/files\/2022\/03\/PATIO-COLE-1024x461.jpeg 1024w, https:\/\/blogsaverroes.juntadeandalucia.es\/ceipjosegillopez\/files\/2022\/03\/PATIO-COLE-768x346.jpeg 768w, https:\/\/blogsaverroes.juntadeandalucia.es\/ceipjosegillopez\/files\/2022\/03\/PATIO-COLE-1536x691.jpeg 1536w, https:\/\/blogsaverroes.juntadeandalucia.es\/ceipjosegillopez\/files\/2022\/03\/PATIO-COLE.jpeg 1600w\" sizes=\"(max-width: 300px) 100vw, 300px\" \/><\/a><a href=\"https:\/\/blogsaverroes.juntadeandalucia.es\/ceipjosegillopez\/files\/2022\/03\/SECRETAR\u00cdA.jpeg\"><img loading=\"lazy\" decoding=\"async\" class=\"size-medium wp-image-2536 aligncenter\" src=\"https:\/\/blogsaverroes.juntadeandalucia.es\/ceipjosegillopez\/files\/2022\/03\/SECRETAR\u00cdA-300x135.jpeg\" alt=\"\" width=\"300\" height=\"135\" srcset=\"https:\/\/blogsaverroes.juntadeandalucia.es\/ceipjosegillopez\/files\/2022\/03\/SECRETAR\u00cdA-300x135.jpeg 300w, https:\/\/blogsaverroes.juntadeandalucia.es\/ceipjosegillopez\/files\/2022\/03\/SECRETAR\u00cdA-1024x461.jpeg 1024w, https:\/\/blogsaverroes.juntadeandalucia.es\/ceipjosegillopez\/files\/2022\/03\/SECRETAR\u00cdA-768x346.jpeg 768w, https:\/\/blogsaverroes.juntadeandalucia.es\/ceipjosegillopez\/files\/2022\/03\/SECRETAR\u00cdA-1536x691.jpeg 1536w, https:\/\/blogsaverroes.juntadeandalucia.es\/ceipjosegillopez\/files\/2022\/03\/SECRETAR\u00cdA.jpeg 1600w\" sizes=\"(max-width: 300px) 100vw, 300px\" \/><\/a><\/p>\n","protected":false},"excerpt":{"rendered":"<p>ESCOLARIZACI\u00d3N 2021\/2022 &nbsp; &nbsp; C.E.I.P. Jos\u00e9 Gil L\u00f3pez 29000165 direcci\u00f3n: &nbsp;Calle del Rio S\/N. C\u00f3digo Postal: 29750 Algarrobo (M\u00e1laga) B\u00daSQUEDA GOOGLE MAP AQU\u00cd &nbsp; &nbsp; Tel\u00e9fono \/ FAX: 951289591\/951289593 Email: 29000165.edu@juntadeandalucia.es Horarios Aula Matinal:&#46;&#46;&#46;<\/p>\n","protected":false},"author":1,"featured_media":0,"parent":0,"menu_order":0,"comment_status":"open","ping_status":"open","template":"","meta":{"ngg_post_thumbnail":0,"footnotes":"","_mc_calendar":[]},"aioseo_notices":[],"_links":{"self":[{"href":"https:\/\/blogsaverroes.juntadeandalucia.es\/ceipjosegillopez\/wp-json\/wp\/v2\/pages\/35"}],"collection":[{"href":"https:\/\/blogsaverroes.juntadeandalucia.es\/ceipjosegillopez\/wp-json\/wp\/v2\/pages"}],"about":[{"href":"https:\/\/blogsaverroes.juntadeandalucia.es\/ceipjosegillopez\/wp-json\/wp\/v2\/types\/page"}],"author":[{"embeddable":true,"href":"https:\/\/blogsaverroes.juntadeandalucia.es\/ceipjosegillopez\/wp-json\/wp\/v2\/users\/1"}],"replies":[{"embeddable":true,"href":"https:\/\/blogsaverroes.juntadeandalucia.es\/ceipjosegillopez\/wp-json\/wp\/v2\/comments?post=35"}],"version-history":[{"count":36,"href":"https:\/\/blogsaverroes.juntadeandalucia.es\/ceipjosegillopez\/wp-json\/wp\/v2\/pages\/35\/revisions"}],"predecessor-version":[{"id":2080,"href":"https:\/\/blogsaverroes.juntadeandalucia.es\/ceipjosegillopez\/wp-json\/wp\/v2\/pages\/35\/revisions\/2080"}],"wp:attachment":[{"href":"https:\/\/blogsaverroes.juntadeandalucia.es\/ceipjosegillopez\/wp-json\/wp\/v2\/media?parent=35"}],"curies":[{"name":"wp","href":"https:\/\/api.w.org\/{rel}","templated":true}]}}