{"id":432,"date":"2015-03-20T07:07:25","date_gmt":"2015-03-20T07:07:25","guid":{"rendered":"http:\/\/blogsaverroes.juntadeandalucia.es\/pre\/ceip\/?page_id=432"},"modified":"2022-03-10T10:12:17","modified_gmt":"2022-03-10T09:12:17","slug":"ed-primaria-2o-ciclo","status":"publish","type":"page","link":"https:\/\/blogsaverroes.juntadeandalucia.es\/ceipjosegillopez\/ed-primaria-2o-ciclo\/","title":{"rendered":"Ed. Primaria. 2\u00ba ciclo"},"content":{"rendered":"<p><img loading=\"lazy\" decoding=\"async\" class=\"alignnone size-medium wp-image-1616\" src=\"http:\/\/blogsaverroes.juntadeandalucia.es\/ceipjosegillopez\/files\/2015\/03\/educacion2-300x255.jpg\" alt=\"educacion2\" width=\"300\" height=\"255\" srcset=\"https:\/\/blogsaverroes.juntadeandalucia.es\/ceipjosegillopez\/files\/2015\/03\/educacion2-300x255.jpg 300w, https:\/\/blogsaverroes.juntadeandalucia.es\/ceipjosegillopez\/files\/2015\/03\/educacion2.jpg 640w\" sizes=\"(max-width: 300px) 100vw, 300px\" \/><\/p>\n<p>&nbsp;<\/p>\n<p><a title=\"Orden 17\/03\/2015\" href=\"http:\/\/www.adideandalucia.es\/normas\/ordenes\/Orden17marzo2015CurriculoPrimaria.pdf\" target=\"_blank\" rel=\"noopener noreferrer\">&nbsp;Orden de 17 de marzo de 2015<\/a>, por la que se desarrolla el curr\u00edculo correspondiente a la educaci\u00f3n Primaria en Andaluc\u00eda)<\/p>\n<div style=\"text-align: center\">\n<div style=\"margin: 8px 0px 4px\">&nbsp;<\/div>\n<div style=\"text-align: center\">\n<div style=\"margin: 8px 0px 4px\"><a href=\"https:\/\/issuu.com\/josegillopez\/docs\/programacion_3_ciclo_21-22\">PROGRAMACI\u00d3N 2\u00ba Ciclo 2021\/22<\/a><\/div>\n<\/div>\n<p>&nbsp;<\/p>\n<\/div>\n","protected":false},"excerpt":{"rendered":"<p>&nbsp; &nbsp;Orden de 17 de marzo de 2015, por la que se desarrolla el curr\u00edculo correspondiente a la educaci\u00f3n Primaria en Andaluc\u00eda) &nbsp; PROGRAMACI\u00d3N 2\u00ba Ciclo 2021\/22 &nbsp;<\/p>\n","protected":false},"author":1,"featured_media":0,"parent":0,"menu_order":0,"comment_status":"open","ping_status":"open","template":"","meta":{"ngg_post_thumbnail":0,"footnotes":"","_mc_calendar":[]},"aioseo_notices":[],"_links":{"self":[{"href":"https:\/\/blogsaverroes.juntadeandalucia.es\/ceipjosegillopez\/wp-json\/wp\/v2\/pages\/432"}],"collection":[{"href":"https:\/\/blogsaverroes.juntadeandalucia.es\/ceipjosegillopez\/wp-json\/wp\/v2\/pages"}],"about":[{"href":"https:\/\/blogsaverroes.juntadeandalucia.es\/ceipjosegillopez\/wp-json\/wp\/v2\/types\/page"}],"author":[{"embeddable":true,"href":"https:\/\/blogsaverroes.juntadeandalucia.es\/ceipjosegillopez\/wp-json\/wp\/v2\/users\/1"}],"replies":[{"embeddable":true,"href":"https:\/\/blogsaverroes.juntadeandalucia.es\/ceipjosegillopez\/wp-json\/wp\/v2\/comments?post=432"}],"version-history":[{"count":16,"href":"https:\/\/blogsaverroes.juntadeandalucia.es\/ceipjosegillopez\/wp-json\/wp\/v2\/pages\/432\/revisions"}],"predecessor-version":[{"id":2516,"href":"https:\/\/blogsaverroes.juntadeandalucia.es\/ceipjosegillopez\/wp-json\/wp\/v2\/pages\/432\/revisions\/2516"}],"wp:attachment":[{"href":"https:\/\/blogsaverroes.juntadeandalucia.es\/ceipjosegillopez\/wp-json\/wp\/v2\/media?parent=432"}],"curies":[{"name":"wp","href":"https:\/\/api.w.org\/{rel}","templated":true}]}}