{"id":49,"date":"2015-03-13T08:47:05","date_gmt":"2015-03-13T08:47:05","guid":{"rendered":"http:\/\/blogsaverroes.juntadeandalucia.es\/pre\/ceip\/?page_id=49"},"modified":"2023-02-06T09:49:02","modified_gmt":"2023-02-06T08:49:02","slug":"proyecto-educativo","status":"publish","type":"page","link":"https:\/\/blogsaverroes.juntadeandalucia.es\/ceipjosegillopez\/proyecto-educativo\/","title":{"rendered":"PLAN DE CENTRO"},"content":{"rendered":"<p style=\"text-align: center\">PROYECTO EDUCATIVO<\/p>\n<div data-url=\"https:\/\/issuu.com\/josegillopez\/docs\/proyecto_educativo_22-23\" style=\"width: 500px; height: 354px;\" class=\"issuuembed\"><\/div>\n<p><script type=\"text\/javascript\" src=\"\/\/e.issuu.com\/embed.js\" async=\"true\"><\/script><\/p>\n<div>\n<p>ANEXOS AL PROGRAMA EDUCATIVO:<\/p>\n<ul>\n<li><a href=\"https:\/\/issuu.com\/josegillopez\/docs\/plan_autoprotecci_n_22-23\">PLAN DE AUTOPROTECCI\u00d3N<\/a><\/li>\n<li><a href=\"https:\/\/es.calameo.com\/read\/00608955075d76f9da0b9\">AULA DE CONVIVENCIA<\/a><\/li>\n<li><a href=\"https:\/\/issuu.com\/josegillopez\/docs\/plan_de_ateci_n_a_la_diversidad_21-22\">PLAN DE ATENCI\u00d3N A LA DIVERSIDAD<\/a><\/li>\n<li><a href=\"https:\/\/issuu.com\/josegillopez\/docs\/plan_eoe_nerja_algarrobo_21-22\">PLAN DE ACTUACI\u00d3N DEL EOE<\/a><\/li>\n<li><a href=\"https:\/\/issuu.com\/josegillopez\/docs\/instrucciones_proa_curso_2022_2023_f_\">INSTRUCCIONES PROA<\/a><\/li>\n<li><a href=\"https:\/\/issuu.com\/josegillopez\/docs\/instrucciones_pale_2022_2023_f_\">PROGRAMACI\u00d3N PALE<\/a><\/li>\n<li><a href=\"https:\/\/issuu.com\/josegillopez\/docs\/proa_programacion_2021-2022_8af6b588f4590b\">PROGRAMA PROA 21-22<\/a><\/li>\n<li><a href=\"https:\/\/es.calameo.com\/read\/006089550df671ac8535d\">INSTRUCCIONES MEMORIA HIST\u00d3RICA<\/a><\/li>\n<li><a href=\"https:\/\/es.calameo.com\/read\/0060895509701b17c58da\">INSTRUCCIONES D\u00cdA DEL FLAMENCO<\/a><\/li>\n<li><a href=\"https:\/\/issuu.com\/josegillopez\/docs\/pr2_distribuci_n_horario_primaria_2022-2023_cumpli\">DISTRIBUCI\u00d3N HORARIA<\/a><\/li>\n<li><a href=\"https:\/\/issuu.com\/josegillopez\/docs\/distribuci_n_horaria_asignaturas\">DISTRIBUCI\u00d3N ASIGNATURAS<\/a><\/li>\n<li><a href=\"https:\/\/issuu.com\/josegillopez\/docs\/plan_de_biblioteca_2022-2023\">PLAN DE BIBLIOTECA<\/a><\/li>\n<li><a href=\"https:\/\/www.calameo.com\/read\/0004314446bfc378e1405\">PROCEDIMIENTO DE RECLAMACI\u00d3N DE CALIFICACIONES<\/a><\/li>\n<li><a href=\"https:\/\/issuu.com\/johnnymalaga\/docs\/plan_20de_20actuaci_c3_b3n_20digital\">PLAN DE ACTUACI\u00d3N DIGITAL<\/a>\n<p align=\"justify\"><a href=\"https:\/\/sites.google.com\/u\/0\/d\/1rETCRCgl78Dp2nX-2nKV1uHoeBgmGQfX\/p\/1mZ63ixzrGagd-Cgq6UdN90qLFMxAP6bg\/preview\"><span style=\"color: #000009\"><span style=\"font-size: medium\"><span lang=\"es-ES\"><b>ACTUACIONES DEL PLAN DE IGUALDAD<\/b><\/span><\/span><\/span><\/a><\/p>\n<\/li>\n<li>PROGRAMACIONES:<\/li>\n<li>&#8211;<a href=\"https:\/\/issuu.com\/josegillopez\/docs\/programaci_n_ciclo_infantil_22-23\"> EDUCACI\u00d3N INFANTIL<\/a><\/li>\n<li>&#8211; <a href=\"https:\/\/issuu.com\/josegillopez\/docs\/programacion_primer_ciclo\">1\u00ba CICLO<\/a><\/li>\n<li><a href=\"https:\/\/issuu.com\/josegillopez\/docs\/programaci_n_2_ciclo_22-23_5352_\">&#8211; 2\u00ba CICLO<\/a><\/li>\n<li>&#8211; <a href=\"https:\/\/issuu.com\/josegillopez\/docs\/programacion_3_ciclo_2022.23.1\">3\u00ba CICLO<\/a><\/li>\n<\/ul>\n<\/div>\n<div style=\"text-align: center\">\n<div style=\"margin: 8px 0px 4px\">&nbsp;<\/div>\n<p>PROYECTO DE GESTI\u00d3N 2022-23<\/p>\n<div style=\"margin: 4px 0px 8px\">\n<div data-url=\"https:\/\/issuu.com\/johnnymalaga\/docs\/proyecto_de_gesti_n2020-21\" style=\"width: 500px; height: 354px;\" class=\"issuuembed\"><\/div>\n<p><script type=\"text\/javascript\" src=\"\/\/e.issuu.com\/embed.js\" async=\"true\"><\/script><\/p>\n<p>ANEXOS:<\/p>\n<ul>\n<li style=\"text-align: left\"><a href=\"https:\/\/es.calameo.com\/read\/0060895506d7d554e9604\">PROGRAMA DE GRATUIDAD<\/a><\/li>\n<\/ul>\n<p>R.O.F. (REGLAMENTO ORG\u00c1NICO Y DE FUNCIONAMIENTO)<\/p>\n<div data-url=\"https:\/\/issuu.com\/josegillopez\/docs\/rof_reformado_1_e3d5e2b5485314\" style=\"width: 500px; height: 354px;\" class=\"issuuembed\"><\/div>\n<p><script type=\"text\/javascript\" src=\"\/\/e.issuu.com\/embed.js\" async=\"true\"><\/script><\/p>\n<\/div>\n<\/div>\n<div style=\"text-align: center\">\n<div style=\"margin: 4px 0px 8px\">\n<p><strong>ANEXOS<\/strong><\/p>\n<ul>\n<li>\n<p class=\"western\" lang=\"es-ES\" align=\"justify\"><a href=\"https:\/\/issuu.com\/josegillopez\/docs\/plan_autoprotecci_n_22-23\">Plan de autoprotecci\u00f3n.<\/a><b> <\/b><\/p>\n<\/li>\n<li>\n<p class=\"western\" lang=\"es-ES\" align=\"justify\"><a href=\"https:\/\/issuu.com\/johnnymalaga\/docs\/plan_de_actuaci_n_orientaci_n_eoe\"><span style=\"color: #000009\"><span style=\"font-family: Arial\"><span style=\"font-size: medium\"><b>Plan de actuaci\u00f3n del EOE.<\/b><\/span><\/span><\/span><\/a><\/p>\n<\/li>\n<li>\n<p class=\"western\" lang=\"es-ES\" align=\"justify\"><a href=\"https:\/\/es.calameo.com\/read\/006089550df671ac8535d\"><span style=\"color: #000009\"><span style=\"font-size: medium\"><span lang=\"es-ES\"><b>Instrucciones d\u00eda de Memoria Hist\u00f3rica<\/b><\/span><\/span><\/span><\/a><\/p>\n<\/li>\n<li>\n<p class=\"western\" lang=\"es-ES\" align=\"justify\"><a href=\"https:\/\/issuu.com\/johnnymalaga\/docs\/plan_20de_20actuaci_c3_b3n_20digital\"><span style=\"color: #000009\"><span style=\"font-family: Arial\"><span style=\"font-size: medium\"><b>Plan de actuaci\u00f3n digital<\/b><\/span><\/span><\/span><\/a><\/p>\n<\/li>\n<li>\n<p class=\"western\" lang=\"es-ES\" align=\"justify\"><a href=\"https:\/\/issuu.com\/johnnymalaga\/docs\/2._2020201020_20instruccion_d_c3_ad_caae33fe3b517a\"><span style=\"color: #000009\"><span style=\"font-family: Arial\"><span style=\"font-size: medium\"><b>Instrucciones d\u00eda del flamenco<\/b><\/span><\/span><\/span><\/a><\/p>\n<\/li>\n<li style=\"text-align: left\"><a href=\"http:\/\/Plan de Biblioteca\">Plan de Biblioteca<\/a><\/li>\n<\/ul>\n<\/div>\n<\/div>\n","protected":false},"excerpt":{"rendered":"<p>PROYECTO EDUCATIVO ANEXOS AL PROGRAMA EDUCATIVO: PLAN DE AUTOPROTECCI\u00d3N AULA DE CONVIVENCIA PLAN DE ATENCI\u00d3N A LA DIVERSIDAD PLAN DE ACTUACI\u00d3N DEL EOE INSTRUCCIONES PROA PROGRAMACI\u00d3N PALE PROGRAMA PROA 21-22 INSTRUCCIONES MEMORIA HIST\u00d3RICA INSTRUCCIONES&#46;&#46;&#46;<\/p>\n","protected":false},"author":1,"featured_media":0,"parent":0,"menu_order":0,"comment_status":"open","ping_status":"open","template":"","meta":{"ngg_post_thumbnail":0,"footnotes":"","_mc_calendar":[]},"aioseo_notices":[],"_links":{"self":[{"href":"https:\/\/blogsaverroes.juntadeandalucia.es\/ceipjosegillopez\/wp-json\/wp\/v2\/pages\/49"}],"collection":[{"href":"https:\/\/blogsaverroes.juntadeandalucia.es\/ceipjosegillopez\/wp-json\/wp\/v2\/pages"}],"about":[{"href":"https:\/\/blogsaverroes.juntadeandalucia.es\/ceipjosegillopez\/wp-json\/wp\/v2\/types\/page"}],"author":[{"embeddable":true,"href":"https:\/\/blogsaverroes.juntadeandalucia.es\/ceipjosegillopez\/wp-json\/wp\/v2\/users\/1"}],"replies":[{"embeddable":true,"href":"https:\/\/blogsaverroes.juntadeandalucia.es\/ceipjosegillopez\/wp-json\/wp\/v2\/comments?post=49"}],"version-history":[{"count":51,"href":"https:\/\/blogsaverroes.juntadeandalucia.es\/ceipjosegillopez\/wp-json\/wp\/v2\/pages\/49\/revisions"}],"predecessor-version":[{"id":2577,"href":"https:\/\/blogsaverroes.juntadeandalucia.es\/ceipjosegillopez\/wp-json\/wp\/v2\/pages\/49\/revisions\/2577"}],"wp:attachment":[{"href":"https:\/\/blogsaverroes.juntadeandalucia.es\/ceipjosegillopez\/wp-json\/wp\/v2\/media?parent=49"}],"curies":[{"name":"wp","href":"https:\/\/api.w.org\/{rel}","templated":true}]}}