{"id":872,"date":"2015-03-16T12:50:42","date_gmt":"2015-03-16T12:50:42","guid":{"rendered":"http:\/\/blogsaverroes.juntadeandalucia.es\/pre\/ceip\/?page_id=120"},"modified":"2022-04-20T09:24:53","modified_gmt":"2022-04-20T07:24:53","slug":"contactar","status":"publish","type":"page","link":"https:\/\/blogsaverroes.juntadeandalucia.es\/ceipjosegillopez\/contactar\/","title":{"rendered":"Contactar"},"content":{"rendered":"<p>Si desea contactar con nosotros, lo puede hacer a trav\u00e9s de IPasen o bien a trav\u00e9s del tel\u00e9fono del centro:<\/p>\n<p>951 28 95 91<\/p>\n","protected":false},"excerpt":{"rendered":"<p>Si desea contactar con nosotros, lo puede hacer a trav\u00e9s de IPasen o bien a trav\u00e9s del tel\u00e9fono del centro: 951 28 95 91<\/p>\n","protected":false},"author":1,"featured_media":0,"parent":0,"menu_order":0,"comment_status":"open","ping_status":"open","template":"","meta":{"ngg_post_thumbnail":0,"footnotes":"","_mc_calendar":[]},"aioseo_notices":[],"_links":{"self":[{"href":"https:\/\/blogsaverroes.juntadeandalucia.es\/ceipjosegillopez\/wp-json\/wp\/v2\/pages\/872"}],"collection":[{"href":"https:\/\/blogsaverroes.juntadeandalucia.es\/ceipjosegillopez\/wp-json\/wp\/v2\/pages"}],"about":[{"href":"https:\/\/blogsaverroes.juntadeandalucia.es\/ceipjosegillopez\/wp-json\/wp\/v2\/types\/page"}],"author":[{"embeddable":true,"href":"https:\/\/blogsaverroes.juntadeandalucia.es\/ceipjosegillopez\/wp-json\/wp\/v2\/users\/1"}],"replies":[{"embeddable":true,"href":"https:\/\/blogsaverroes.juntadeandalucia.es\/ceipjosegillopez\/wp-json\/wp\/v2\/comments?post=872"}],"version-history":[{"count":10,"href":"https:\/\/blogsaverroes.juntadeandalucia.es\/ceipjosegillopez\/wp-json\/wp\/v2\/pages\/872\/revisions"}],"predecessor-version":[{"id":2560,"href":"https:\/\/blogsaverroes.juntadeandalucia.es\/ceipjosegillopez\/wp-json\/wp\/v2\/pages\/872\/revisions\/2560"}],"wp:attachment":[{"href":"https:\/\/blogsaverroes.juntadeandalucia.es\/ceipjosegillopez\/wp-json\/wp\/v2\/media?parent=872"}],"curies":[{"name":"wp","href":"https:\/\/api.w.org\/{rel}","templated":true}]}}