{"id":439,"date":"2020-03-04T13:24:44","date_gmt":"2020-03-04T12:24:44","guid":{"rendered":"http:\/\/blogsaverroes.juntadeandalucia.es\/pre\/nuevoies2v2\/?page_id=439"},"modified":"2025-04-10T16:05:26","modified_gmt":"2025-04-10T15:05:26","slug":"suscripcion","status":"publish","type":"page","link":"https:\/\/blogsaverroes.juntadeandalucia.es\/ceipjosehurtado\/suscripcion\/","title":{"rendered":"Quiero inscribirme"},"content":{"rendered":"<p style=\"text-align: justify\">As\u00f3ciate al AMPA La Caleta para proponer y llevar a cabo tus proyectos en el Colegio. Tambi\u00e9n podr\u00e1s beneficiarte de descuentos en algunas actividades que se organizan en el colegio.<\/p>\n<p style=\"text-align: justify\">Si quieres formar parte de Asociaci\u00f3n de Madres y Padres de colegio, s\u00f3lo tienes que ingresar <strong>20 \u20ac anuales por familia<\/strong> (no por hijo en el colegio), en el n\u00ba de cuenta de Openbank: <strong>ES58 0073 0100 5505 0607&nbsp;6108<\/strong>, poniendo en el concepto el nombre de tu hijo y el curso. Deja una copia del justificante de ingreso en la secretar\u00eda del Colegio, en el buz\u00f3n de la AMPA situado junto al tabl\u00f3n de anuncios de la misma o env\u00eda un email a <a href=\"mailto:ampajosehurtado@gmail.com\">ampajosehurtado@gmail.com<\/a><\/p>\n<p style=\"text-align: justify\"><strong>La cuota es por familia<\/strong>, no por cada alumn@ en el Colegio.<\/p>\n<p style=\"text-align: justify\">Gracias por unirte y participar, el AMPA es labor de todos.<\/p>\n","protected":false},"excerpt":{"rendered":"<p>As\u00f3ciate al AMPA La Caleta para proponer y llevar a cabo tus proyectos en el Colegio. Tambi\u00e9n podr\u00e1s beneficiarte de descuentos en algunas actividades que se organizan en el colegio. Si quieres formar parte de Asociaci\u00f3n de Madres y Padres de colegio, s\u00f3lo tienes que ingresar 20 \u20ac anuales por familia (no por hijo en &hellip; <\/p>\n<p class=\"link-more\"><a href=\"https:\/\/blogsaverroes.juntadeandalucia.es\/ceipjosehurtado\/suscripcion\/\" class=\"more-link\">Continuar leyendo<span class=\"screen-reader-text\"> &#8220;Quiero inscribirme&#8221;<\/span><\/a><\/p>\n","protected":false},"author":15506,"featured_media":0,"parent":0,"menu_order":0,"comment_status":"closed","ping_status":"closed","template":"","meta":{"ngg_post_thumbnail":0,"footnotes":""},"aioseo_notices":[],"_links":{"self":[{"href":"https:\/\/blogsaverroes.juntadeandalucia.es\/ceipjosehurtado\/wp-json\/wp\/v2\/pages\/439"}],"collection":[{"href":"https:\/\/blogsaverroes.juntadeandalucia.es\/ceipjosehurtado\/wp-json\/wp\/v2\/pages"}],"about":[{"href":"https:\/\/blogsaverroes.juntadeandalucia.es\/ceipjosehurtado\/wp-json\/wp\/v2\/types\/page"}],"author":[{"embeddable":true,"href":"https:\/\/blogsaverroes.juntadeandalucia.es\/ceipjosehurtado\/wp-json\/wp\/v2\/users\/15506"}],"replies":[{"embeddable":true,"href":"https:\/\/blogsaverroes.juntadeandalucia.es\/ceipjosehurtado\/wp-json\/wp\/v2\/comments?post=439"}],"version-history":[{"count":6,"href":"https:\/\/blogsaverroes.juntadeandalucia.es\/ceipjosehurtado\/wp-json\/wp\/v2\/pages\/439\/revisions"}],"predecessor-version":[{"id":1412,"href":"https:\/\/blogsaverroes.juntadeandalucia.es\/ceipjosehurtado\/wp-json\/wp\/v2\/pages\/439\/revisions\/1412"}],"wp:attachment":[{"href":"https:\/\/blogsaverroes.juntadeandalucia.es\/ceipjosehurtado\/wp-json\/wp\/v2\/media?parent=439"}],"curies":[{"name":"wp","href":"https:\/\/api.w.org\/{rel}","templated":true}]}}