{"id":44,"date":"2020-01-10T09:48:31","date_gmt":"2020-01-10T08:48:31","guid":{"rendered":"http:\/\/blogsaverroes.juntadeandalucia.es\/pre\/nuevoies2v2\/?page_id=44"},"modified":"2025-04-10T15:49:21","modified_gmt":"2025-04-10T14:49:21","slug":"inicio","status":"publish","type":"page","link":"https:\/\/blogsaverroes.juntadeandalucia.es\/ceipjosehurtado\/","title":{"rendered":"Bienvenidos a la WEB del CEIP Jos\u00e9 Hurtado."},"content":{"rendered":"<p style=\"text-align: justify\">Despl\u00e1zate hacia abajo para ver las noticias m\u00e1s recientes, nuestra historia y nuestro peri\u00f3dico.<\/p>\n<p style=\"text-align: justify\">Navega sobre los men\u00fas superiores para que se desplieguen.<\/p>\n<p style=\"text-align: justify\">Pincha sobre el logo o el nombre del centro en la parte superior de cada p\u00e1gina para volver al inicio.<\/p>\n","protected":false},"excerpt":{"rendered":"<p>Despl\u00e1zate hacia abajo para ver las noticias m\u00e1s recientes, nuestra historia y nuestro peri\u00f3dico. Navega sobre los men\u00fas superiores para que se desplieguen. Pincha sobre el logo o el nombre del centro en la parte superior de cada p\u00e1gina para volver al inicio.<\/p>\n","protected":false},"author":15506,"featured_media":0,"parent":0,"menu_order":0,"comment_status":"closed","ping_status":"closed","template":"","meta":{"ngg_post_thumbnail":0,"footnotes":""},"aioseo_notices":[],"_links":{"self":[{"href":"https:\/\/blogsaverroes.juntadeandalucia.es\/ceipjosehurtado\/wp-json\/wp\/v2\/pages\/44"}],"collection":[{"href":"https:\/\/blogsaverroes.juntadeandalucia.es\/ceipjosehurtado\/wp-json\/wp\/v2\/pages"}],"about":[{"href":"https:\/\/blogsaverroes.juntadeandalucia.es\/ceipjosehurtado\/wp-json\/wp\/v2\/types\/page"}],"author":[{"embeddable":true,"href":"https:\/\/blogsaverroes.juntadeandalucia.es\/ceipjosehurtado\/wp-json\/wp\/v2\/users\/15506"}],"replies":[{"embeddable":true,"href":"https:\/\/blogsaverroes.juntadeandalucia.es\/ceipjosehurtado\/wp-json\/wp\/v2\/comments?post=44"}],"version-history":[{"count":12,"href":"https:\/\/blogsaverroes.juntadeandalucia.es\/ceipjosehurtado\/wp-json\/wp\/v2\/pages\/44\/revisions"}],"predecessor-version":[{"id":1402,"href":"https:\/\/blogsaverroes.juntadeandalucia.es\/ceipjosehurtado\/wp-json\/wp\/v2\/pages\/44\/revisions\/1402"}],"wp:attachment":[{"href":"https:\/\/blogsaverroes.juntadeandalucia.es\/ceipjosehurtado\/wp-json\/wp\/v2\/media?parent=44"}],"curies":[{"name":"wp","href":"https:\/\/api.w.org\/{rel}","templated":true}]}}